{"id":4806,"date":"2021-09-09T06:11:08","date_gmt":"2021-09-09T04:11:08","guid":{"rendered":"https:\/\/agora.xtec.cat\/ceipbellpuig\/?page_id=4806"},"modified":"2024-09-13T13:40:41","modified_gmt":"2024-09-13T11:40:41","slug":"autoritzacions","status":"publish","type":"page","link":"https:\/\/agora.xtec.cat\/ceipbellpuig\/lescola\/autoritzacions\/","title":{"rendered":"Autoritzacions"},"content":{"rendered":"<ul>\n<li><a href=\"https:\/\/documents.espai.educacio.gencat.cat\/FormularisModels\/CentresGestioAdministrativa\/A819.pdf\" target=\"_blank\" rel=\"noopener\">Declaraci\u00f3 responsable Infantil<\/a><\/li>\n<li><a href=\"https:\/\/documents.espai.educacio.gencat.cat\/FormularisModels\/CentresGestioAdministrativa\/A818.pdf\" target=\"_blank\" rel=\"noopener\">Declaraci\u00f3 responsable Prim\u00e0ria<\/a><\/li>\n<\/ul>\n<p>DIGITAL-INTERNET SEGURA<\/p>\n<ul>\n<li><a href=\"https:\/\/agora.xtec.cat\/ceipbellpuig\/wp-content\/uploads\/usu1575\/2024\/09\/Autoritzacio-us-imatge-24-25.pdf\" target=\"_blank\" rel=\"noopener\">Autoritzaci\u00f3 relativa als alumnes menors de 14 anys: \u00fas d&#8217;imatges, publicaci\u00f3 de dades de car\u00e0cter personal i de material que elaboren.<\/a><\/li>\n<li><a href=\"https:\/\/agora.xtec.cat\/ceipbellpuig\/wp-content\/uploads\/usu1575\/2024\/09\/A253.-Recursos-digitals-24-25.pdf\" target=\"_blank\" rel=\"noopener\">Autoritzaci\u00f3 relativa als alumnes menors de 14 anys: \u00fas de serveis i recursos digitals a internet per treballar a l&#8217;aula.<\/a><\/li>\n<li><a href=\"https:\/\/drive.google.com\/file\/d\/1FJavKxwMWpfl7YPUYzo3wWSgPTID9s0d\/view?usp=sharing\" target=\"_blank\" rel=\"noopener\">Creaci\u00f3 de compte GSUITE<\/a><\/li>\n<li><a href=\"https:\/\/drive.google.com\/file\/d\/1Uw8gFZY3lb2Xdn_3SZm4nWmB4Aaam2yZ\/view?usp=sharing\" target=\"_blank\" rel=\"noopener\">Canvi de CONTRASENYA<\/a> (Per mesures de seguretat, tot l\u2019alumnat de prim\u00e0ria ha de canviar la CONTRASENYA del seu compte amb domini @escolabellpuig.cat, cada inici de curs)<\/li>\n<\/ul>\n<p>AUTORITZACIONS D&#8217;ESCOLA<\/p>\n<ul>\n<li><a href=\"https:\/\/drive.google.com\/file\/d\/1RYTxsY98g0qjwNeTF04RASRVbphHZylM\/view?usp=sharing\" target=\"_blank\" rel=\"noopener\">Marxar amb els germans grans<\/a><\/li>\n<li><a href=\"https:\/\/drive.google.com\/file\/d\/1xm-YQMmZr6Lu2UwJS0zj_31jhdcyDpEN\/view?usp=sharing\" target=\"_blank\" rel=\"noopener\">Medicaments<\/a><\/li>\n<li><a href=\"https:\/\/drive.google.com\/file\/d\/1rXKvABGzIgMzE3X8QmYBiRGZZRHb4mJX\/view?usp=sharing\" target=\"_blank\" rel=\"noopener\">Dades banc\u00e0ries<\/a><\/li>\n<li><a href=\"https:\/\/drive.google.com\/file\/d\/1X-VAvjyAQ0m7ZcRmhfdR52leNijZ51D4\/view?usp=sharing\" target=\"_blank\" rel=\"noopener\">Paracetamol<\/a><\/li>\n<li><a href=\"https:\/\/agora.xtec.cat\/ceipbellpuig\/wp-content\/uploads\/usu1575\/2024\/09\/Recollida-alumne-DNI-modificat.pdf\" target=\"_blank\" rel=\"noopener\">Persones autoritzades amb DNI per recollir el meu fill\/a<\/a><\/li>\n<li><a href=\"https:\/\/drive.google.com\/file\/d\/1xcmxiPi2jdbQ7tzklaUQlcBiFVHqWlJl\/view?usp=sharing\" target=\"_blank\" rel=\"noopener\">Sortides al voltant de l&#8217;escola<\/a><\/li>\n<li><a href=\"https:\/\/drive.google.com\/file\/d\/1hHjnPWVoh8AUGsX7ncf-9bjr8FcrvRwb\/view?usp=sharing\" target=\"_blank\" rel=\"noopener\">Fitxa protocol emerg\u00e8ncia m\u00e8dica<\/a><\/li>\n<\/ul>\n<p>NOTIFICACIONS<\/p>\n<ul>\n<li><a href=\"https:\/\/drive.google.com\/file\/d\/14HFS5dUUTYrz5MJTquQz6GxBuWtzbxGE\/view?usp=sharing\" target=\"_blank\" rel=\"noopener\">Notificaci\u00f3 NO ASSIST\u00c8NCIA<\/a><\/li>\n<\/ul>\n","protected":false},"excerpt":{"rendered":"<p>Declaraci\u00f3 responsable Infantil Declaraci\u00f3 responsable Prim\u00e0ria DIGITAL-INTERNET SEGURA Autoritzaci\u00f3 relativa als alumnes menors de 14 anys: \u00fas d&#8217;imatges, publicaci\u00f3 de dades de car\u00e0cter personal i de material que elaboren. Autoritzaci\u00f3 relativa als alumnes menors de 14 anys: \u00fas de serveis i recursos digitals a internet per treballar a l&#8217;aula. Creaci\u00f3 de compte GSUITE Canvi de [&hellip;]<\/p>\n","protected":false},"author":1,"featured_media":0,"parent":22,"menu_order":3,"comment_status":"closed","ping_status":"closed","template":"page-templates\/side-menu.php","meta":{"_bbp_topic_count":0,"_bbp_reply_count":0,"_bbp_total_topic_count":0,"_bbp_total_reply_count":0,"_bbp_voice_count":0,"_bbp_anonymous_reply_count":0,"_bbp_topic_count_hidden":0,"_bbp_reply_count_hidden":0,"_bbp_forum_subforum_count":0,"site-sidebar-layout":"default","site-content-layout":"","ast-site-content-layout":"","site-content-style":"default","site-sidebar-style":"default","ast-global-header-display":"","ast-banner-title-visibility":"","ast-main-header-display":"","ast-hfb-above-header-display":"","ast-hfb-below-header-display":"","ast-hfb-mobile-header-display":"","site-post-title":"","ast-breadcrumbs-content":"","ast-featured-img":"","footer-sml-layout":"","theme-transparent-header-meta":"","adv-header-id-meta":"","stick-header-meta":"","header-above-stick-meta":"","header-main-stick-meta":"","header-below-stick-meta":"","astra-migrate-meta-layouts":"default","ast-page-background-enabled":"default","ast-page-background-meta":{"desktop":{"background-color":"var(--ast-global-color-4)","background-image":"","background-repeat":"repeat","background-position":"center center","background-size":"auto","background-attachment":"scroll","background-type":"","background-media":"","overlay-type":"","overlay-color":"","overlay-opacity":"","overlay-gradient":""},"tablet":{"background-color":"","background-image":"","background-repeat":"repeat","background-position":"center center","background-size":"auto","background-attachment":"scroll","background-type":"","background-media":"","overlay-type":"","overlay-color":"","overlay-opacity":"","overlay-gradient":""},"mobile":{"background-color":"","background-image":"","background-repeat":"repeat","background-position":"center center","background-size":"auto","background-attachment":"scroll","background-type":"","background-media":"","overlay-type":"","overlay-color":"","overlay-opacity":"","overlay-gradient":""}},"ast-content-background-meta":{"desktop":{"background-color":"var(--ast-global-color-5)","background-image":"","background-repeat":"repeat","background-position":"center center","background-size":"auto","background-attachment":"scroll","background-type":"","background-media":"","overlay-type":"","overlay-color":"","overlay-opacity":"","overlay-gradient":""},"tablet":{"background-color":"var(--ast-global-color-5)","background-image":"","background-repeat":"repeat","background-position":"center center","background-size":"auto","background-attachment":"scroll","background-type":"","background-media":"","overlay-type":"","overlay-color":"","overlay-opacity":"","overlay-gradient":""},"mobile":{"background-color":"var(--ast-global-color-5)","background-image":"","background-repeat":"repeat","background-position":"center center","background-size":"auto","background-attachment":"scroll","background-type":"","background-media":"","overlay-type":"","overlay-color":"","overlay-opacity":"","overlay-gradient":""}},"footnotes":""},"class_list":["post-4806","page","type-page","status-publish","hentry"],"post_mailing_queue_ids":[],"_links":{"self":[{"href":"https:\/\/agora.xtec.cat\/ceipbellpuig\/wp-json\/wp\/v2\/pages\/4806","targetHints":{"allow":["GET"]}}],"collection":[{"href":"https:\/\/agora.xtec.cat\/ceipbellpuig\/wp-json\/wp\/v2\/pages"}],"about":[{"href":"https:\/\/agora.xtec.cat\/ceipbellpuig\/wp-json\/wp\/v2\/types\/page"}],"author":[{"embeddable":true,"href":"https:\/\/agora.xtec.cat\/ceipbellpuig\/wp-json\/wp\/v2\/users\/1"}],"replies":[{"embeddable":true,"href":"https:\/\/agora.xtec.cat\/ceipbellpuig\/wp-json\/wp\/v2\/comments?post=4806"}],"version-history":[{"count":7,"href":"https:\/\/agora.xtec.cat\/ceipbellpuig\/wp-json\/wp\/v2\/pages\/4806\/revisions"}],"predecessor-version":[{"id":6885,"href":"https:\/\/agora.xtec.cat\/ceipbellpuig\/wp-json\/wp\/v2\/pages\/4806\/revisions\/6885"}],"up":[{"embeddable":true,"href":"https:\/\/agora.xtec.cat\/ceipbellpuig\/wp-json\/wp\/v2\/pages\/22"}],"wp:attachment":[{"href":"https:\/\/agora.xtec.cat\/ceipbellpuig\/wp-json\/wp\/v2\/media?parent=4806"}],"curies":[{"name":"wp","href":"https:\/\/api.w.org\/{rel}","templated":true}]}}