{"id":3153,"date":"2020-02-25T12:20:39","date_gmt":"2020-02-25T11:20:39","guid":{"rendered":"http:\/\/agora.xtec.cat\/ceipbellpuig\/?page_id=3153"},"modified":"2024-02-26T13:57:48","modified_gmt":"2024-02-26T12:57:48","slug":"professorat","status":"publish","type":"page","link":"https:\/\/agora.xtec.cat\/ceipbellpuig\/lescola\/professorat\/","title":{"rendered":"Professorat"},"content":{"rendered":"<table style=\"border-collapse: collapse; width: 100%; height: 509px;\">\n<tbody>\n<tr style=\"height: 56px;\">\n<td style=\"width: 20%; text-align: center; height: 14px;\"><strong>INFANTIL<\/strong><\/td>\n<td style=\"width: 20%; text-align: center; height: 14px;\"><strong>CICLE INICIAL<\/strong><\/td>\n<td style=\"width: 20%; text-align: center; height: 14px;\"><strong>CICLE MITJ\u00c0<\/strong><\/td>\n<td style=\"width: 20%; text-align: center; height: 14px;\"><strong>CICLE SUPERIOR<\/strong><\/td>\n<td style=\"width: 20%; text-align: center; height: 14px;\"><strong>ESPECIALITATS<\/strong><\/td>\n<\/tr>\n<tr style=\"height: 327px;\">\n<td style=\"width: 20%; height: 327px;\">I3: Roser Morera<\/p>\n<p>I4: Eli Dalmau<\/p>\n<p>I5: Marta Roca<\/p>\n<p>&nbsp;<\/p>\n<p>&nbsp;<\/p>\n<p>&nbsp;<\/p>\n<p>&nbsp;<\/p>\n<p>&nbsp;<\/p>\n<p>&nbsp;<\/p>\n<p>&nbsp;<\/p>\n<p>&nbsp;<\/td>\n<td style=\"width: 20%; height: 327px;\">1r: Paula D\u00edez<\/p>\n<p>2n Alba Dachs<\/p>\n<p>&nbsp;<\/p>\n<p>&nbsp;<\/p>\n<p>&nbsp;<\/p>\n<p>&nbsp;<\/p>\n<p>&nbsp;<\/p>\n<p>&nbsp;<\/p>\n<p>&nbsp;<\/p>\n<p>&nbsp;<\/p>\n<p>&nbsp;<\/td>\n<td style=\"width: 20%; height: 327px;\">3r: Alba D\u00edaz<\/p>\n<p>4t: N\u00faria Montmany<\/p>\n<p>&nbsp;<\/p>\n<p>&nbsp;<\/p>\n<p>&nbsp;<\/p>\n<p>&nbsp;<\/p>\n<p>&nbsp;<\/p>\n<p>&nbsp;<\/p>\n<p>&nbsp;<\/p>\n<p>&nbsp;<\/p>\n<p>&nbsp;<\/td>\n<td style=\"width: 20%; height: 327px;\">5\u00e8: Laia Ges<\/p>\n<p>6\u00e8: Marta Ylla-Catal\u00e0<\/p>\n<p>&nbsp;<\/p>\n<p>&nbsp;<\/p>\n<p>&nbsp;<\/p>\n<p>&nbsp;<\/p>\n<p>&nbsp;<\/p>\n<p>&nbsp;<\/p>\n<p>&nbsp;<\/p>\n<p>&nbsp;<\/td>\n<td style=\"width: 20%; height: 327px;\">TEI: Gemma Pla<\/p>\n<p>MESI: Anna Sol\u00e0<\/p>\n<p>Angl\u00e8s: Marta Santamaria i Clara Seguranyes<\/p>\n<p>M\u00fasica: N\u00faria Freixanet<\/p>\n<p>Ed. F\u00edsica: Dani Hernandez i Manel Ballaster<\/p>\n<p>Vetlladora: L\u00eddia Tany\u00e0 i Mariona Vilalta<\/p>\n<p>&nbsp;<\/td>\n<\/tr>\n<tr style=\"height: 96px;\">\n<td style=\"width: 20%; height: 10px;\"><strong>EQUIP DIRECTIU:<\/strong><\/td>\n<td style=\"width: 20%; height: 10px;\"><\/td>\n<td style=\"width: 20%; height: 10px;\"><\/td>\n<td style=\"width: 20%; height: 10px;\"><\/td>\n<td style=\"width: 20%; height: 10px;\"><\/td>\n<\/tr>\n<tr style=\"height: 158px;\">\n<td style=\"width: 20%; height: 158px;\">Direcci\u00f3:<\/p>\n<p>Filo Presegu\u00e9<\/td>\n<td style=\"width: 20%; height: 158px;\">Cap d&#8217;estudis:<\/p>\n<p>Eva Casals<\/td>\n<td style=\"width: 20%; height: 158px;\">Secretaria:<\/p>\n<p>Alba Dachs<\/td>\n<td style=\"width: 20%; height: 158px;\"><\/td>\n<td style=\"width: 20%; height: 158px;\"><\/td>\n<\/tr>\n<\/tbody>\n<\/table>\n<p>&nbsp;<\/p>\n<p><a href=\"https:\/\/agora.xtec.cat\/ceipbellpuig\/wp-content\/uploads\/usu1575\/2024\/02\/7797d15e-06ed-4d8f-9ebd-448c7732bcb6.jpg\"><img loading=\"lazy\" decoding=\"async\" class=\"wp-image-6635 aligncenter\" src=\"https:\/\/agora.xtec.cat\/ceipbellpuig\/wp-content\/uploads\/usu1575\/2024\/02\/7797d15e-06ed-4d8f-9ebd-448c7732bcb6-1024x496.jpg\" alt=\"\" width=\"664\" height=\"321\" srcset=\"https:\/\/agora.xtec.cat\/ceipbellpuig\/wp-content\/uploads\/usu1575\/2024\/02\/7797d15e-06ed-4d8f-9ebd-448c7732bcb6-1024x496.jpg 1024w, https:\/\/agora.xtec.cat\/ceipbellpuig\/wp-content\/uploads\/usu1575\/2024\/02\/7797d15e-06ed-4d8f-9ebd-448c7732bcb6-300x145.jpg 300w, https:\/\/agora.xtec.cat\/ceipbellpuig\/wp-content\/uploads\/usu1575\/2024\/02\/7797d15e-06ed-4d8f-9ebd-448c7732bcb6-768x372.jpg 768w, https:\/\/agora.xtec.cat\/ceipbellpuig\/wp-content\/uploads\/usu1575\/2024\/02\/7797d15e-06ed-4d8f-9ebd-448c7732bcb6-1536x743.jpg 1536w, https:\/\/agora.xtec.cat\/ceipbellpuig\/wp-content\/uploads\/usu1575\/2024\/02\/7797d15e-06ed-4d8f-9ebd-448c7732bcb6.jpg 2000w\" sizes=\"auto, (max-width: 664px) 100vw, 664px\" \/><\/a><\/p>\n<p>&nbsp;<\/p>\n","protected":false},"excerpt":{"rendered":"<p>INFANTIL CICLE INICIAL CICLE MITJ\u00c0 CICLE SUPERIOR ESPECIALITATS I3: Roser Morera I4: Eli Dalmau I5: Marta Roca &nbsp; &nbsp; &nbsp; &nbsp; &nbsp; &nbsp; &nbsp; &nbsp; 1r: Paula D\u00edez 2n Alba Dachs &nbsp; &nbsp; &nbsp; &nbsp; &nbsp; &nbsp; &nbsp; &nbsp; &nbsp; 3r: Alba D\u00edaz 4t: N\u00faria Montmany &nbsp; &nbsp; &nbsp; &nbsp; &nbsp; &nbsp; &nbsp; &nbsp; &nbsp; [&hellip;]<\/p>\n","protected":false},"author":1,"featured_media":0,"parent":22,"menu_order":6,"comment_status":"closed","ping_status":"closed","template":"page-templates\/side-menu.php","meta":{"_bbp_topic_count":0,"_bbp_reply_count":0,"_bbp_total_topic_count":0,"_bbp_total_reply_count":0,"_bbp_voice_count":0,"_bbp_anonymous_reply_count":0,"_bbp_topic_count_hidden":0,"_bbp_reply_count_hidden":0,"_bbp_forum_subforum_count":0,"site-sidebar-layout":"default","site-content-layout":"","ast-site-content-layout":"","site-content-style":"default","site-sidebar-style":"default","ast-global-header-display":"","ast-banner-title-visibility":"","ast-main-header-display":"","ast-hfb-above-header-display":"","ast-hfb-below-header-display":"","ast-hfb-mobile-header-display":"","site-post-title":"","ast-breadcrumbs-content":"","ast-featured-img":"","footer-sml-layout":"","theme-transparent-header-meta":"","adv-header-id-meta":"","stick-header-meta":"","header-above-stick-meta":"","header-main-stick-meta":"","header-below-stick-meta":"","astra-migrate-meta-layouts":"default","ast-page-background-enabled":"default","ast-page-background-meta":{"desktop":{"background-color":"var(--ast-global-color-4)","background-image":"","background-repeat":"repeat","background-position":"center center","background-size":"auto","background-attachment":"scroll","background-type":"","background-media":"","overlay-type":"","overlay-color":"","overlay-opacity":"","overlay-gradient":""},"tablet":{"background-color":"","background-image":"","background-repeat":"repeat","background-position":"center center","background-size":"auto","background-attachment":"scroll","background-type":"","background-media":"","overlay-type":"","overlay-color":"","overlay-opacity":"","overlay-gradient":""},"mobile":{"background-color":"","background-image":"","background-repeat":"repeat","background-position":"center center","background-size":"auto","background-attachment":"scroll","background-type":"","background-media":"","overlay-type":"","overlay-color":"","overlay-opacity":"","overlay-gradient":""}},"ast-content-background-meta":{"desktop":{"background-color":"var(--ast-global-color-5)","background-image":"","background-repeat":"repeat","background-position":"center center","background-size":"auto","background-attachment":"scroll","background-type":"","background-media":"","overlay-type":"","overlay-color":"","overlay-opacity":"","overlay-gradient":""},"tablet":{"background-color":"var(--ast-global-color-5)","background-image":"","background-repeat":"repeat","background-position":"center center","background-size":"auto","background-attachment":"scroll","background-type":"","background-media":"","overlay-type":"","overlay-color":"","overlay-opacity":"","overlay-gradient":""},"mobile":{"background-color":"var(--ast-global-color-5)","background-image":"","background-repeat":"repeat","background-position":"center center","background-size":"auto","background-attachment":"scroll","background-type":"","background-media":"","overlay-type":"","overlay-color":"","overlay-opacity":"","overlay-gradient":""}},"footnotes":""},"class_list":["post-3153","page","type-page","status-publish","hentry"],"post_mailing_queue_ids":[],"_links":{"self":[{"href":"https:\/\/agora.xtec.cat\/ceipbellpuig\/wp-json\/wp\/v2\/pages\/3153","targetHints":{"allow":["GET"]}}],"collection":[{"href":"https:\/\/agora.xtec.cat\/ceipbellpuig\/wp-json\/wp\/v2\/pages"}],"about":[{"href":"https:\/\/agora.xtec.cat\/ceipbellpuig\/wp-json\/wp\/v2\/types\/page"}],"author":[{"embeddable":true,"href":"https:\/\/agora.xtec.cat\/ceipbellpuig\/wp-json\/wp\/v2\/users\/1"}],"replies":[{"embeddable":true,"href":"https:\/\/agora.xtec.cat\/ceipbellpuig\/wp-json\/wp\/v2\/comments?post=3153"}],"version-history":[{"count":6,"href":"https:\/\/agora.xtec.cat\/ceipbellpuig\/wp-json\/wp\/v2\/pages\/3153\/revisions"}],"predecessor-version":[{"id":6637,"href":"https:\/\/agora.xtec.cat\/ceipbellpuig\/wp-json\/wp\/v2\/pages\/3153\/revisions\/6637"}],"up":[{"embeddable":true,"href":"https:\/\/agora.xtec.cat\/ceipbellpuig\/wp-json\/wp\/v2\/pages\/22"}],"wp:attachment":[{"href":"https:\/\/agora.xtec.cat\/ceipbellpuig\/wp-json\/wp\/v2\/media?parent=3153"}],"curies":[{"name":"wp","href":"https:\/\/api.w.org\/{rel}","templated":true}]}}