{"id":3106,"date":"2020-02-17T13:52:16","date_gmt":"2020-02-17T12:52:16","guid":{"rendered":"http:\/\/agora.xtec.cat\/ceipbellpuig\/?page_id=3106"},"modified":"2025-07-22T17:59:15","modified_gmt":"2025-07-22T15:59:15","slug":"documents-de-centre","status":"publish","type":"page","link":"https:\/\/agora.xtec.cat\/ceipbellpuig\/projecte-educatiu\/documents-de-centre\/","title":{"rendered":"Documents de centre"},"content":{"rendered":"<h4>ELS DOCUMENTS DEL CENTRE ELS PODEU CONSULTAR EN ELS ENLLA\u00c7OS SEG\u00dcENTS:<\/h4>\n<ul>\n<li><a href=\"https:\/\/drive.google.com\/file\/d\/1dM4dsII6lLlY6Na4Uo43jo0cRjxO3bXL\/view?usp=sharing\" target=\"_blank\" rel=\"noopener\">NOFC (Actualitzat 24-25)<\/a><\/li>\n<li><a href=\"https:\/\/drive.google.com\/file\/d\/1ygg6IrlBalIdQtRFDdocBRXEB9QfVyW2\/view?usp=sharing\" target=\"_blank\" rel=\"noopener\">CARTA DE COMPROMIS <\/a><a href=\"https:\/\/drive.google.com\/file\/d\/1dM4dsII6lLlY6Na4Uo43jo0cRjxO3bXL\/view?usp=sharing\" target=\"_blank\" rel=\"noopener\">(Actualitzat 23-24)<\/a><\/li>\n<li><a href=\"http:\/\/agora.xtec.cat\/ceipbellpuig\/wp-content\/uploads\/usu1575\/2017\/03\/PLA-DE-NEU-16-17.pdf\">PLA DE NEU<\/a><\/li>\n<li><a href=\"http:\/\/agora.xtec.cat\/ceipbellpuig\/wp-content\/uploads\/usu1575\/2017\/03\/CRITERIS-DAVALUACIO-CEIP-BELLPUIG.pdf\">CRITERIS D&#8217;AVALUACI\u00d3<\/a><\/li>\n<li><a href=\"http:\/\/agora.xtec.cat\/ceipbellpuig\/wp-content\/uploads\/usu1575\/2017\/03\/APRENENTATGE-LECTOESCRIPTURA11-12.pdf\">APRENENTATGE DE LA LECTURA I L&#8217;ESCRIPTURA<\/a><\/li>\n<li><a href=\"http:\/\/agora.xtec.cat\/ceipbellpuig\/wp-content\/uploads\/usu1575\/2017\/03\/PLA-DACCI\u00d3-TUTORIAL-Escola-Bellpuig.pdf\">PLA D&#8217;ACCI\u00d3 TUTORIAL\u00a0<\/a><\/li>\n<li><a href=\"https:\/\/drive.google.com\/file\/d\/12nL9Gr_6ECyCcfu2yQNHQzyONkoiBBW-\/view?usp=sharing\" target=\"_blank\" rel=\"noopener\">PEC\u00a0 (Actualitzat 24-25)<\/a><\/li>\n<li><a href=\"https:\/\/agora.xtec.cat\/ceipbellpuig\/wp-content\/uploads\/usu1575\/2021\/02\/PROJECTE-D\u2019APRENENTATGE-COOPERATIU.pdf\">APRENENTATGE COOPERATIU<\/a><\/li>\n<li><a href=\"https:\/\/agora.xtec.cat\/ceipbellpuig\/wp-content\/uploads\/usu1575\/2021\/02\/PL-GENER.docx.pdf\" target=\"_blank\" rel=\"noopener noreferrer\">PROJECTE LING\u00dc\u00cdSTIC<\/a><\/li>\n<li><a href=\"https:\/\/sites.google.com\/xtec.cat\/escola-bellpuig\/part-estrat%C3%A8gica\" target=\"_blank\" rel=\"noopener\">EDC (Estrat\u00e8gia Digital de Centre)<\/a><\/li>\n<li><a href=\"https:\/\/drive.google.com\/file\/d\/1K4IxMxb5ye69T02qRphRa4d7k4F6MEHG\/view?usp=sharing\">PROJECTE DE COEDUCACI\u00d3\u00a0<\/a><\/li>\n<li><a href=\"https:\/\/drive.google.com\/file\/d\/1IqtZohwUJVvvj4GfXsRs1y5TOUqEfLv2\/view?usp=sharing\" target=\"_blank\" rel=\"noopener\">PROJECTE DE CONVIV\u00c8NCIA<\/a><\/li>\n<li><a href=\"https:\/\/drive.google.com\/file\/d\/1mEcA8n0mXAahmRqXdQCWN4-ijU5y_kjN\/view?usp=sharing\" target=\"_blank\" rel=\"noopener\">PLA DE COMUNICACI\u00d3<\/a><\/li>\n<\/ul>\n","protected":false},"excerpt":{"rendered":"<p>ELS DOCUMENTS DEL CENTRE ELS PODEU CONSULTAR EN ELS ENLLA\u00c7OS SEG\u00dcENTS: NOFC (Actualitzat 24-25) CARTA DE COMPROMIS (Actualitzat 23-24) PLA DE NEU CRITERIS D&#8217;AVALUACI\u00d3 APRENENTATGE DE LA LECTURA I L&#8217;ESCRIPTURA PLA D&#8217;ACCI\u00d3 TUTORIAL\u00a0 PEC\u00a0 (Actualitzat 24-25) APRENENTATGE COOPERATIU PROJECTE LING\u00dc\u00cdSTIC EDC (Estrat\u00e8gia Digital de Centre) PROJECTE DE COEDUCACI\u00d3\u00a0 PROJECTE DE CONVIV\u00c8NCIA PLA DE COMUNICACI\u00d3<\/p>\n","protected":false},"author":1,"featured_media":0,"parent":64,"menu_order":0,"comment_status":"closed","ping_status":"closed","template":"page-templates\/side-menu.php","meta":{"_bbp_topic_count":0,"_bbp_reply_count":0,"_bbp_total_topic_count":0,"_bbp_total_reply_count":0,"_bbp_voice_count":0,"_bbp_anonymous_reply_count":0,"_bbp_topic_count_hidden":0,"_bbp_reply_count_hidden":0,"_bbp_forum_subforum_count":0,"site-sidebar-layout":"default","site-content-layout":"","ast-site-content-layout":"","site-content-style":"default","site-sidebar-style":"default","ast-global-header-display":"","ast-banner-title-visibility":"","ast-main-header-display":"","ast-hfb-above-header-display":"","ast-hfb-below-header-display":"","ast-hfb-mobile-header-display":"","site-post-title":"","ast-breadcrumbs-content":"","ast-featured-img":"","footer-sml-layout":"","theme-transparent-header-meta":"","adv-header-id-meta":"","stick-header-meta":"","header-above-stick-meta":"","header-main-stick-meta":"","header-below-stick-meta":"","astra-migrate-meta-layouts":"default","ast-page-background-enabled":"default","ast-page-background-meta":{"desktop":{"background-color":"var(--ast-global-color-4)","background-image":"","background-repeat":"repeat","background-position":"center center","background-size":"auto","background-attachment":"scroll","background-type":"","background-media":"","overlay-type":"","overlay-color":"","overlay-opacity":"","overlay-gradient":""},"tablet":{"background-color":"","background-image":"","background-repeat":"repeat","background-position":"center center","background-size":"auto","background-attachment":"scroll","background-type":"","background-media":"","overlay-type":"","overlay-color":"","overlay-opacity":"","overlay-gradient":""},"mobile":{"background-color":"","background-image":"","background-repeat":"repeat","background-position":"center center","background-size":"auto","background-attachment":"scroll","background-type":"","background-media":"","overlay-type":"","overlay-color":"","overlay-opacity":"","overlay-gradient":""}},"ast-content-background-meta":{"desktop":{"background-color":"var(--ast-global-color-5)","background-image":"","background-repeat":"repeat","background-position":"center center","background-size":"auto","background-attachment":"scroll","background-type":"","background-media":"","overlay-type":"","overlay-color":"","overlay-opacity":"","overlay-gradient":""},"tablet":{"background-color":"var(--ast-global-color-5)","background-image":"","background-repeat":"repeat","background-position":"center center","background-size":"auto","background-attachment":"scroll","background-type":"","background-media":"","overlay-type":"","overlay-color":"","overlay-opacity":"","overlay-gradient":""},"mobile":{"background-color":"var(--ast-global-color-5)","background-image":"","background-repeat":"repeat","background-position":"center center","background-size":"auto","background-attachment":"scroll","background-type":"","background-media":"","overlay-type":"","overlay-color":"","overlay-opacity":"","overlay-gradient":""}},"footnotes":""},"class_list":["post-3106","page","type-page","status-publish","hentry"],"post_mailing_queue_ids":[],"_links":{"self":[{"href":"https:\/\/agora.xtec.cat\/ceipbellpuig\/wp-json\/wp\/v2\/pages\/3106","targetHints":{"allow":["GET"]}}],"collection":[{"href":"https:\/\/agora.xtec.cat\/ceipbellpuig\/wp-json\/wp\/v2\/pages"}],"about":[{"href":"https:\/\/agora.xtec.cat\/ceipbellpuig\/wp-json\/wp\/v2\/types\/page"}],"author":[{"embeddable":true,"href":"https:\/\/agora.xtec.cat\/ceipbellpuig\/wp-json\/wp\/v2\/users\/1"}],"replies":[{"embeddable":true,"href":"https:\/\/agora.xtec.cat\/ceipbellpuig\/wp-json\/wp\/v2\/comments?post=3106"}],"version-history":[{"count":6,"href":"https:\/\/agora.xtec.cat\/ceipbellpuig\/wp-json\/wp\/v2\/pages\/3106\/revisions"}],"predecessor-version":[{"id":7248,"href":"https:\/\/agora.xtec.cat\/ceipbellpuig\/wp-json\/wp\/v2\/pages\/3106\/revisions\/7248"}],"up":[{"embeddable":true,"href":"https:\/\/agora.xtec.cat\/ceipbellpuig\/wp-json\/wp\/v2\/pages\/64"}],"wp:attachment":[{"href":"https:\/\/agora.xtec.cat\/ceipbellpuig\/wp-json\/wp\/v2\/media?parent=3106"}],"curies":[{"name":"wp","href":"https:\/\/api.w.org\/{rel}","templated":true}]}}