{"id":535,"date":"2017-07-07T10:24:37","date_gmt":"2017-07-07T08:24:37","guid":{"rendered":"http:\/\/agora.xtec.cat\/ceipbeatbonaventura\/?page_id=535"},"modified":"2025-09-03T13:38:56","modified_gmt":"2025-09-03T11:38:56","slug":"menjador-escolar","status":"publish","type":"page","link":"https:\/\/agora.xtec.cat\/ceipbeatbonaventura\/families\/menjador-escolar\/","title":{"rendered":"Menjador escolar"},"content":{"rendered":"<div>\n<div dir=\"ltr\" data-smartmail=\"gmail_signature\">\n<div dir=\"ltr\">\n<div dir=\"ltr\">\n<div>\n<p><a href=\"https:\/\/drive.google.com\/file\/d\/1oFGhLYIqU69CTKKmHVPMqHWrZ1pWx_uG\/view?usp=sharing\" target=\"_blank\" rel=\"noopener\">Informaci\u00f3 menjador com a casa\u00a0<\/a><\/p>\n<p>Podeu trobar m\u00e9s informaci\u00f3 a la p\u00e0gina web de l&#8217;AFA:<\/p>\n<p><a href=\"https:\/\/ampabeatriudoms.wordpress.com\/menjador-escolar\/\" target=\"_blank\" rel=\"noopener\">https:\/\/ampabeatriudoms.wordpress.com\/menjador-escolar\/<\/a><\/p>\n<\/div>\n<\/div>\n<\/div>\n<\/div>\n<\/div>\n<div>\n<div dir=\"ltr\" data-smartmail=\"gmail_signature\">\n<div dir=\"ltr\">\n<div><\/div>\n<\/div>\n<\/div>\n<\/div>\n","protected":false},"excerpt":{"rendered":"<p><a href=\"https:\/\/drive.google.com\/file\/d\/1oFGhLYIqU69CTKKmHVPMqHWrZ1pWx_uG\/view?usp=sharing\" target=\"_blank\" rel=\"noopener\">Informaci\u00f3 menjador com a casa\u00a0<\/a><br \/>\nPodeu trobar m\u00e9s informaci\u00f3 a la p\u00e0gina web de l&#8217;AFA:<br \/>\n<a href=\"https:\/\/ampabeatriudoms.wordpress.com\/menjador-escolar\/\" target=\"_blank\" rel=\"noopener\">https:\/\/ampabeatriudoms.wordpress.com\/menjador-escolar\/<\/a><\/p>\n","protected":false},"author":1,"featured_media":0,"parent":531,"menu_order":40,"comment_status":"closed","ping_status":"closed","template":"page-templates\/side-menu.php","meta":{"_bbp_topic_count":0,"_bbp_reply_count":0,"_bbp_total_topic_count":0,"_bbp_total_reply_count":0,"_bbp_voice_count":0,"_bbp_anonymous_reply_count":0,"_bbp_topic_count_hidden":0,"_bbp_reply_count_hidden":0,"_bbp_forum_subforum_count":0,"footnotes":""},"class_list":["post-535","page","type-page","status-publish","hentry"],"post_mailing_queue_ids":[],"_links":{"self":[{"href":"https:\/\/agora.xtec.cat\/ceipbeatbonaventura\/wp-json\/wp\/v2\/pages\/535","targetHints":{"allow":["GET"]}}],"collection":[{"href":"https:\/\/agora.xtec.cat\/ceipbeatbonaventura\/wp-json\/wp\/v2\/pages"}],"about":[{"href":"https:\/\/agora.xtec.cat\/ceipbeatbonaventura\/wp-json\/wp\/v2\/types\/page"}],"author":[{"embeddable":true,"href":"https:\/\/agora.xtec.cat\/ceipbeatbonaventura\/wp-json\/wp\/v2\/users\/1"}],"replies":[{"embeddable":true,"href":"https:\/\/agora.xtec.cat\/ceipbeatbonaventura\/wp-json\/wp\/v2\/comments?post=535"}],"version-history":[{"count":6,"href":"https:\/\/agora.xtec.cat\/ceipbeatbonaventura\/wp-json\/wp\/v2\/pages\/535\/revisions"}],"predecessor-version":[{"id":8445,"href":"https:\/\/agora.xtec.cat\/ceipbeatbonaventura\/wp-json\/wp\/v2\/pages\/535\/revisions\/8445"}],"up":[{"embeddable":true,"href":"https:\/\/agora.xtec.cat\/ceipbeatbonaventura\/wp-json\/wp\/v2\/pages\/531"}],"wp:attachment":[{"href":"https:\/\/agora.xtec.cat\/ceipbeatbonaventura\/wp-json\/wp\/v2\/media?parent=535"}],"curies":[{"name":"wp","href":"https:\/\/api.w.org\/{rel}","templated":true}]}}