{"id":3532,"date":"2020-01-31T15:49:10","date_gmt":"2020-01-31T14:49:10","guid":{"rendered":"http:\/\/agora.xtec.cat\/ceipbeatbonaventura\/?page_id=3532"},"modified":"2024-07-05T12:03:40","modified_gmt":"2024-07-05T10:03:40","slug":"transparencia","status":"publish","type":"page","link":"https:\/\/agora.xtec.cat\/ceipbeatbonaventura\/lescola\/transparencia\/","title":{"rendered":"Transpar\u00e8ncia"},"content":{"rendered":"<h6><span style=\"color: #333333;\">En compliment de la normativa de transpar\u00e8ncia de les administracions p\u00fabliques, l&#8217;escola Beat Bonaventura fa p\u00fablics els seg\u00fcents documents:<\/span><\/h6>\n<ul>\n<li><a href=\"https:\/\/drive.google.com\/file\/d\/1eYGI9Volt5e9Q0ql8A_cg-EY1-8PUUmw\/view?usp=sharing\" target=\"_blank\" rel=\"noopener\">Acords Consell Escolar. Juliol 2024<\/a><\/li>\n<li><a href=\"https:\/\/drive.google.com\/file\/d\/1Y7B3y9_hoDhWGVZpblKSEfWY8voOgbdm\/view?usp=sharing\" target=\"_blank\" rel=\"noopener\">Acords Consell Escolar. Octubre 2023<\/a><\/li>\n<\/ul>\n<p>&nbsp;<\/p>\n<ul>\n<li><a href=\"https:\/\/drive.google.com\/file\/d\/1iWRSuN66xH1JbOPQ3PDdts5Ltle_kwE1\/view?usp=sharing\" target=\"_blank\" rel=\"noopener noreferrer\">Acords del Consell Escolar. Juny i setembre 2020<\/a><\/li>\n<li><a href=\"https:\/\/drive.google.com\/file\/d\/1LRJ4TeDb3wikgdsrjGYDjBFXtdYCKnsM\/view?usp=sharing\" target=\"_blank\" rel=\"noopener noreferrer\">Pressupost del centre<\/a><\/li>\n<li><a href=\"https:\/\/drive.google.com\/file\/d\/1WhjTr0C0oCwXqmwOKaxqmFaPbXWJXq-u\/view?usp=sharing\" target=\"_blank\" rel=\"noopener noreferrer\">Estat pressupost 28\/01\/2020<\/a><\/li>\n<li><a href=\"https:\/\/drive.google.com\/file\/d\/196au8K8dmLRzkYlJUkAfNgMYcBIVYojv\/view?usp=sharing\" target=\"_blank\" rel=\"noopener noreferrer\">Convenis<\/a><\/li>\n<li><a href=\"https:\/\/drive.google.com\/file\/d\/1G4skVvjwAJL6DpVlaa_SZPIssYgwG7ML\/view?usp=sharing\" target=\"_blank\" rel=\"noopener noreferrer\">Estructura organitzativa interna<\/a><\/li>\n<\/ul>\n","protected":false},"excerpt":{"rendered":"<p>En compliment de la normativa de transpar\u00e8ncia de les administracions p\u00fabliques, l&#8217;escola Beat Bonaventura fa p\u00fablics els seg\u00fcents documents:<\/p>\n<ul>\n<li><a href=\"https:\/\/drive.google.com\/file\/d\/1eYGI9Volt5e9Q0ql8A_cg-EY1-8PUUmw\/view?usp=sharing\" target=\"_blank\" rel=\"noopener\">Acords Consell Escolar. Juliol 2024<\/a><\/li>\n<li><a href=\"https:\/\/drive.google.com\/file\/d\/1Y7B3y9_hoDhWGVZpblKSEfWY8voOgbdm\/view?usp=sharing\" target=\"_blank\" rel=\"noopener\">Acords Consell Escolar. Octubre 2023<\/a><\/li>\n<\/ul>\n<p>&nbsp;<\/p>\n<ul>\n<li><a href=\"https:\/\/drive.google.com\/file\/d\/1iWRSuN66xH1JbOPQ3PDdts5Ltle_kwE1\/view?usp=sharing\" target=\"_blank\" rel=\"noopener noreferrer\">Acords del Consell Escolar. Juny i setembre 2020<\/a><\/li>\n<li><a href=\"https:\/\/drive.google.com\/file\/d\/1LRJ4TeDb3wikgdsrjGYDjBFXtdYCKnsM\/view?usp=sharing\"&hellip;  <a href=\"https:\/\/agora.xtec.cat\/ceipbeatbonaventura\/lescola\/transparencia\/\" title=\"Read Transpar\u00e8ncia\">Llegeix m\u00e9s\u00bb<\/a><br \/>\n","protected":false},"author":1,"featured_media":0,"parent":22,"menu_order":0,"comment_status":"closed","ping_status":"closed","template":"page-templates\/side-menu.php","meta":{"_bbp_topic_count":0,"_bbp_reply_count":0,"_bbp_total_topic_count":0,"_bbp_total_reply_count":0,"_bbp_voice_count":0,"_bbp_anonymous_reply_count":0,"_bbp_topic_count_hidden":0,"_bbp_reply_count_hidden":0,"_bbp_forum_subforum_count":0,"footnotes":""},"class_list":["post-3532","page","type-page","status-publish","hentry"],"post_mailing_queue_ids":[],"_links":{"self":[{"href":"https:\/\/agora.xtec.cat\/ceipbeatbonaventura\/wp-json\/wp\/v2\/pages\/3532","targetHints":{"allow":["GET"]}}],"collection":[{"href":"https:\/\/agora.xtec.cat\/ceipbeatbonaventura\/wp-json\/wp\/v2\/pages"}],"about":[{"href":"https:\/\/agora.xtec.cat\/ceipbeatbonaventura\/wp-json\/wp\/v2\/types\/page"}],"author":[{"embeddable":true,"href":"https:\/\/agora.xtec.cat\/ceipbeatbonaventura\/wp-json\/wp\/v2\/users\/1"}],"replies":[{"embeddable":true,"href":"https:\/\/agora.xtec.cat\/ceipbeatbonaventura\/wp-json\/wp\/v2\/comments?post=3532"}],"version-history":[{"count":7,"href":"https:\/\/agora.xtec.cat\/ceipbeatbonaventura\/wp-json\/wp\/v2\/pages\/3532\/revisions"}],"predecessor-version":[{"id":7626,"href":"https:\/\/agora.xtec.cat\/ceipbeatbonaventura\/wp-json\/wp\/v2\/pages\/3532\/revisions\/7626"}],"up":[{"embeddable":true,"href":"https:\/\/agora.xtec.cat\/ceipbeatbonaventura\/wp-json\/wp\/v2\/pages\/22"}],"wp:attachment":[{"href":"https:\/\/agora.xtec.cat\/ceipbeatbonaventura\/wp-json\/wp\/v2\/media?parent=3532"}],"curies":[{"name":"wp","href":"https:\/\/api.w.org\/{rel}","templated":true}]}}