{"id":9733,"date":"2025-12-11T15:39:14","date_gmt":"2025-12-11T14:39:14","guid":{"rendered":"https:\/\/agora.xtec.cat\/ceipbarceloimatas\/?page_id=9733"},"modified":"2025-12-11T16:21:23","modified_gmt":"2025-12-11T15:21:23","slug":"pmoe-proa","status":"publish","type":"page","link":"https:\/\/agora.xtec.cat\/ceipbarceloimatas\/pmoe-proa\/","title":{"rendered":"PMOE &#8211; PROA+"},"content":{"rendered":"\n<p class=\"has-text-align-left\">La nostra escola participa del Pla de Millora d&#8217;Oportunitats Educatives (PMOE &#8211; PROA+ 2024-2028).<\/p>\n\n\n\n<p class=\"has-text-align-left\">La finalitat del programa PMOE PROA+ \u00e9s millorar l&#8217;equitat en l&#8217;acc\u00e9s a oportunitats educatives i l&#8217;\u00e8xit escolar de tot l&#8217;alumnat, enfortint els centres educatius\u00a0amb m\u00e9s complexitat del Servei d&#8217;Educaci\u00f3 de Catalunya. Aix\u00ed, aquests centres disposaran dels recursos necessaris per compensar les necessitats i desigualtats educatives de l&#8217;alumnat i les seves fam\u00edlies.<\/p>\n\n\n\n<p class=\"has-text-align-left\">Mitjan\u00e7ant el disseny d&#8217;un pla estrat\u00e8gic de millora, el centre desplega un conjunt d&#8217;activitats palanca (iniciatives educatives per dinamitzar una transformaci\u00f3 global en un centre educatiu), m\u00e9s enll\u00e0 d&#8217;abordar aspectes concrets mitjan\u00e7ant l&#8217;assignaci\u00f3 econ\u00f2mica als centres educatius seleccionats per a la seva aplicaci\u00f3, aix\u00ed com l&#8217;acompanyament per part de la Inspecci\u00f3 d&#8217;Educaci\u00f3 i de les persones referents del Programa als territoris.<\/p>\n\n\n\n<p class=\"has-text-align-left\">En aquest <a href=\"https:\/\/educacio.gencat.cat\/ca\/departament\/linies-estrategiques\/equitat-educativa\/pla-millora-oportunitats-educatives\/index.html\">enlla\u00e7<\/a> hi podeu trobar m\u00e9s informaci\u00f3.<\/p>\n\n\n\n<figure class=\"wp-block-image aligncenter\"><img loading=\"lazy\" decoding=\"async\" width=\"567\" height=\"38\" src=\"https:\/\/agora.xtec.cat\/ceipbarceloimatas\/wp-content\/uploads\/usu1324\/2025\/12\/Logos.png\" alt=\"\" class=\"wp-image-9735\" srcset=\"https:\/\/agora.xtec.cat\/ceipbarceloimatas\/wp-content\/uploads\/usu1324\/2025\/12\/Logos.png 567w, https:\/\/agora.xtec.cat\/ceipbarceloimatas\/wp-content\/uploads\/usu1324\/2025\/12\/Logos-300x20.png 300w\" sizes=\"auto, (max-width: 567px) 100vw, 567px\" \/><\/figure>\n","protected":false},"excerpt":{"rendered":"<p>La nostra escola participa del Pla de Millora d&#8217;Oportunitats Educatives (PMOE &#8211; PROA+ 2024-2028). La finalitat del programa PMOE PROA+ [&hellip;]<\/p>\n","protected":false},"author":1,"featured_media":0,"parent":0,"menu_order":0,"comment_status":"closed","ping_status":"close","template":"","meta":{"_bbp_topic_count":0,"_bbp_reply_count":0,"_bbp_total_topic_count":0,"_bbp_total_reply_count":0,"_bbp_voice_count":0,"_bbp_anonymous_reply_count":0,"_bbp_topic_count_hidden":0,"_bbp_reply_count_hidden":0,"_bbp_forum_subforum_count":0,"site-sidebar-layout":"default","site-content-layout":"","ast-site-content-layout":"default","site-content-style":"default","site-sidebar-style":"default","ast-global-header-display":"","ast-banner-title-visibility":"","ast-main-header-display":"","ast-hfb-above-header-display":"","ast-hfb-below-header-display":"","ast-hfb-mobile-header-display":"","site-post-title":"","ast-breadcrumbs-content":"","ast-featured-img":"","footer-sml-layout":"","theme-transparent-header-meta":"","adv-header-id-meta":"","stick-header-meta":"","header-above-stick-meta":"","header-main-stick-meta":"","header-below-stick-meta":"","astra-migrate-meta-layouts":"set","ast-page-background-enabled":"default","ast-page-background-meta":{"desktop":{"background-color":"var(--ast-global-color-4)","background-image":"","background-repeat":"repeat","background-position":"center center","background-size":"auto","background-attachment":"scroll","background-type":"","background-media":"","overlay-type":"","overlay-color":"","overlay-opacity":"","overlay-gradient":""},"tablet":{"background-color":"","background-image":"","background-repeat":"repeat","background-position":"center center","background-size":"auto","background-attachment":"scroll","background-type":"","background-media":"","overlay-type":"","overlay-color":"","overlay-opacity":"","overlay-gradient":""},"mobile":{"background-color":"","background-image":"","background-repeat":"repeat","background-position":"center center","background-size":"auto","background-attachment":"scroll","background-type":"","background-media":"","overlay-type":"","overlay-color":"","overlay-opacity":"","overlay-gradient":""}},"ast-content-background-meta":{"desktop":{"background-color":"var(--ast-global-color-5)","background-image":"","background-repeat":"repeat","background-position":"center center","background-size":"auto","background-attachment":"scroll","background-type":"","background-media":"","overlay-type":"","overlay-color":"","overlay-opacity":"","overlay-gradient":""},"tablet":{"background-color":"var(--ast-global-color-5)","background-image":"","background-repeat":"repeat","background-position":"center center","background-size":"auto","background-attachment":"scroll","background-type":"","background-media":"","overlay-type":"","overlay-color":"","overlay-opacity":"","overlay-gradient":""},"mobile":{"background-color":"var(--ast-global-color-5)","background-image":"","background-repeat":"repeat","background-position":"center center","background-size":"auto","background-attachment":"scroll","background-type":"","background-media":"","overlay-type":"","overlay-color":"","overlay-opacity":"","overlay-gradient":""}},"footnotes":""},"class_list":["post-9733","page","type-page","status-publish","hentry"],"post_mailing_queue_ids":[],"_links":{"self":[{"href":"https:\/\/agora.xtec.cat\/ceipbarceloimatas\/wp-json\/wp\/v2\/pages\/9733","targetHints":{"allow":["GET"]}}],"collection":[{"href":"https:\/\/agora.xtec.cat\/ceipbarceloimatas\/wp-json\/wp\/v2\/pages"}],"about":[{"href":"https:\/\/agora.xtec.cat\/ceipbarceloimatas\/wp-json\/wp\/v2\/types\/page"}],"author":[{"embeddable":true,"href":"https:\/\/agora.xtec.cat\/ceipbarceloimatas\/wp-json\/wp\/v2\/users\/1"}],"replies":[{"embeddable":true,"href":"https:\/\/agora.xtec.cat\/ceipbarceloimatas\/wp-json\/wp\/v2\/comments?post=9733"}],"version-history":[{"count":5,"href":"https:\/\/agora.xtec.cat\/ceipbarceloimatas\/wp-json\/wp\/v2\/pages\/9733\/revisions"}],"predecessor-version":[{"id":9743,"href":"https:\/\/agora.xtec.cat\/ceipbarceloimatas\/wp-json\/wp\/v2\/pages\/9733\/revisions\/9743"}],"wp:attachment":[{"href":"https:\/\/agora.xtec.cat\/ceipbarceloimatas\/wp-json\/wp\/v2\/media?parent=9733"}],"curies":[{"name":"wp","href":"https:\/\/api.w.org\/{rel}","templated":true}]}}