{"id":9201,"date":"2025-02-24T15:34:48","date_gmt":"2025-02-24T14:34:48","guid":{"rendered":"https:\/\/agora.xtec.cat\/ceipbarceloimatas\/?page_id=9201"},"modified":"2025-10-01T16:28:17","modified_gmt":"2025-10-01T14:28:17","slug":"revista-la-xerraire","status":"publish","type":"page","link":"https:\/\/agora.xtec.cat\/ceipbarceloimatas\/seccions-2\/revista-la-xerraire\/","title":{"rendered":"Revista &#8220;La Xerraire&#8221;"},"content":{"rendered":"<div dir=\"auto\" style=\"text-align: left;\"><strong>La Xerraire 2025<\/strong><\/div>\n<div dir=\"auto\"><\/div>\n<div dir=\"auto\">Un any m\u00e9s arriba La Xerraire, la revista digital de la nostra escola, feta amb molta il\u00b7lusi\u00f3 i ganes de compartir tot all\u00f2 que vivim plegats.<\/div>\n<div dir=\"auto\"><\/div>\n<div dir=\"auto\">P\u00e0gina rere p\u00e0gina hi trobareu hist\u00f2ries, projectes, records i moments especials que reflecteixen la vida del dia a dia a l\u2019escola. \u00c9s la nostra manera de donar veu als alumnes i de mostrar la creativitat i l\u2019energia que ens envolta.<\/div>\n<div dir=\"auto\"><\/div>\n<div dir=\"auto\">Us convidem a llegir-la, a descobrir-la i a gaudir-la tant com nosaltres hem gaudit preparant-la.\u00a0<img decoding=\"async\" class=\"an1\" draggable=\"false\" src=\"https:\/\/fonts.gstatic.com\/s\/e\/notoemoji\/16.0\/1f4ab\/32.png\" alt=\"\ud83d\udcab\" data-emoji=\"\ud83d\udcab\" aria-label=\"\ud83d\udcab\" \/><\/div>\n<div dir=\"auto\"><\/div>\n<div dir=\"auto\">Benvinguts a La Xerraire 2025!<\/div>\n<p style=\"text-align: center;\"><iframe loading=\"lazy\" src=\"https:\/\/drive.google.com\/file\/d\/1tctbBkO1vlZyvqFgz3k4LRwCvtl6_VJM\/preview\" width=\"640\" height=\"800\"><\/iframe><\/p>\n<p style=\"text-align: center;\"><strong>Publicacions antigues<\/strong><\/p>\n<p>A continuaci\u00f3, us posem a l&#8217;abast publicacions anteriors i d&#8217;altres recopilades per l&#8217;Arxiu Municipal de Palafrugell.<\/p>\n<p style=\"text-align: center;\"><iframe style=\"width: 90%; height: 800px; border: 0;\" src=\"https:\/\/drive.google.com\/embeddedfolderview?id=1SrPHX5h8Io8ix1lZQDzk5wP6Dh2bWorO#grid\"><\/iframe><\/p>\n","protected":false},"excerpt":{"rendered":"<p>La Xerraire 2025 Un any m\u00e9s arriba La Xerraire, la revista digital de la nostra escola, feta amb molta il\u00b7lusi\u00f3 [&hellip;]<\/p>\n","protected":false},"author":8,"featured_media":0,"parent":9094,"menu_order":0,"comment_status":"closed","ping_status":"closed","template":"","meta":{"_bbp_topic_count":0,"_bbp_reply_count":0,"_bbp_total_topic_count":0,"_bbp_total_reply_count":0,"_bbp_voice_count":0,"_bbp_anonymous_reply_count":0,"_bbp_topic_count_hidden":0,"_bbp_reply_count_hidden":0,"_bbp_forum_subforum_count":0,"site-sidebar-layout":"no-sidebar","site-content-layout":"","ast-site-content-layout":"default","site-content-style":"default","site-sidebar-style":"default","ast-global-header-display":"","ast-banner-title-visibility":"","ast-main-header-display":"","ast-hfb-above-header-display":"","ast-hfb-below-header-display":"","ast-hfb-mobile-header-display":"","site-post-title":"","ast-breadcrumbs-content":"","ast-featured-img":"","footer-sml-layout":"","theme-transparent-header-meta":"","adv-header-id-meta":"","stick-header-meta":"","header-above-stick-meta":"","header-main-stick-meta":"","header-below-stick-meta":"","astra-migrate-meta-layouts":"set","ast-page-background-enabled":"default","ast-page-background-meta":{"desktop":{"background-color":"var(--ast-global-color-4)","background-image":"","background-repeat":"repeat","background-position":"center center","background-size":"auto","background-attachment":"scroll","background-type":"","background-media":"","overlay-type":"","overlay-color":"","overlay-opacity":"","overlay-gradient":""},"tablet":{"background-color":"","background-image":"","background-repeat":"repeat","background-position":"center center","background-size":"auto","background-attachment":"scroll","background-type":"","background-media":"","overlay-type":"","overlay-color":"","overlay-opacity":"","overlay-gradient":""},"mobile":{"background-color":"","background-image":"","background-repeat":"repeat","background-position":"center center","background-size":"auto","background-attachment":"scroll","background-type":"","background-media":"","overlay-type":"","overlay-color":"","overlay-opacity":"","overlay-gradient":""}},"ast-content-background-meta":{"desktop":{"background-color":"var(--ast-global-color-5)","background-image":"","background-repeat":"repeat","background-position":"center center","background-size":"auto","background-attachment":"scroll","background-type":"","background-media":"","overlay-type":"","overlay-color":"","overlay-opacity":"","overlay-gradient":""},"tablet":{"background-color":"var(--ast-global-color-5)","background-image":"","background-repeat":"repeat","background-position":"center center","background-size":"auto","background-attachment":"scroll","background-type":"","background-media":"","overlay-type":"","overlay-color":"","overlay-opacity":"","overlay-gradient":""},"mobile":{"background-color":"var(--ast-global-color-5)","background-image":"","background-repeat":"repeat","background-position":"center center","background-size":"auto","background-attachment":"scroll","background-type":"","background-media":"","overlay-type":"","overlay-color":"","overlay-opacity":"","overlay-gradient":""}},"footnotes":""},"class_list":["post-9201","page","type-page","status-publish","hentry"],"post_mailing_queue_ids":[],"_links":{"self":[{"href":"https:\/\/agora.xtec.cat\/ceipbarceloimatas\/wp-json\/wp\/v2\/pages\/9201","targetHints":{"allow":["GET"]}}],"collection":[{"href":"https:\/\/agora.xtec.cat\/ceipbarceloimatas\/wp-json\/wp\/v2\/pages"}],"about":[{"href":"https:\/\/agora.xtec.cat\/ceipbarceloimatas\/wp-json\/wp\/v2\/types\/page"}],"author":[{"embeddable":true,"href":"https:\/\/agora.xtec.cat\/ceipbarceloimatas\/wp-json\/wp\/v2\/users\/8"}],"replies":[{"embeddable":true,"href":"https:\/\/agora.xtec.cat\/ceipbarceloimatas\/wp-json\/wp\/v2\/comments?post=9201"}],"version-history":[{"count":6,"href":"https:\/\/agora.xtec.cat\/ceipbarceloimatas\/wp-json\/wp\/v2\/pages\/9201\/revisions"}],"predecessor-version":[{"id":9615,"href":"https:\/\/agora.xtec.cat\/ceipbarceloimatas\/wp-json\/wp\/v2\/pages\/9201\/revisions\/9615"}],"up":[{"embeddable":true,"href":"https:\/\/agora.xtec.cat\/ceipbarceloimatas\/wp-json\/wp\/v2\/pages\/9094"}],"wp:attachment":[{"href":"https:\/\/agora.xtec.cat\/ceipbarceloimatas\/wp-json\/wp\/v2\/media?parent=9201"}],"curies":[{"name":"wp","href":"https:\/\/api.w.org\/{rel}","templated":true}]}}