{"id":9116,"date":"2025-02-19T13:18:10","date_gmt":"2025-02-19T12:18:10","guid":{"rendered":"https:\/\/agora.xtec.cat\/ceipbarceloimatas\/?page_id=9116"},"modified":"2026-04-07T09:46:36","modified_gmt":"2026-04-07T07:46:36","slug":"menjador","status":"publish","type":"page","link":"https:\/\/agora.xtec.cat\/ceipbarceloimatas\/benvinguda\/menjador\/","title":{"rendered":"Menjador escolar"},"content":{"rendered":"\n<p>L&#8217;empresa gestora del menjador escolar \u00e9s SERHS Food.  La gesti\u00f3 del pagament i dels ajuts continua fent-la el Consell Comarcal del Baix Empord\u00e0.<\/p>\n\n\n\n<p>Aquest curs 2025-2026 <strong>\u00e9s obligatori tramitar la sol\u00b7licitud d&#8217;inscripci\u00f3 al servei de menjador<\/strong> (tr\u00e0mit en l\u00ednia al web del Consell Comarcal del Baix Empord\u00e0) ja que la modalitat de <strong>pagament amb tiquets ja no est\u00e0 disponible<\/strong>. El pagament es far\u00e0<strong> <\/strong>a mes ven\u00e7ut en funci\u00f3 de l\u2019assist\u00e8ncia (a partir de 4 dies al mes es cobrar\u00e0 la tarifa d&#8217;alumne fixe).<\/p>\n\n\n\n<div class=\"wp-block-buttons is-layout-flex wp-container-core-buttons-is-layout-1 wp-block-buttons-is-layout-flex\">\n<div class=\"wp-block-button\"><a class=\"wp-block-button__link wp-element-button\" href=\"https:\/\/www.baixemporda.cat\/ca\/arees\/ensenyament\/menjador-escolar\/menjador-escolar-483211\/\">Sol\u00b7licitud menjador 2025-2026<\/a><\/div>\n<\/div>\n\n\n\n<p>En el cas de sol\u00b7licitar el men\u00fa i no fer \u00fas del servei, sense una causa justificada, aquest es cobra igualment. <\/p>\n\n\n\n<p>El retorn dels rebuts amb car\u00e0cter reincident ocasionar\u00e0 la p\u00e8rdua del dret a utilitzar el menjador de forma indefinida. <\/p>\n\n\n\n<p>Les despeses derivades dels rebuts retornats seran assumides per les fam\u00edlies.<\/p>\n\n\n\n<p><\/p>\n\n\n\n<p>MEN\u00da ABRIL<\/p>\n\n\n\n<figure class=\"wp-block-image size-large is-resized\"><a href=\"https:\/\/agora.xtec.cat\/ceipbarceloimatas\/wp-content\/uploads\/usu1324\/2026\/04\/ABRIL_basal.jpg\"><img loading=\"lazy\" decoding=\"async\" width=\"1024\" height=\"724\" src=\"https:\/\/agora.xtec.cat\/ceipbarceloimatas\/wp-content\/uploads\/usu1324\/2026\/04\/ABRIL_basal-1024x724.jpg\" alt=\"\" class=\"wp-image-9906\" style=\"width:1200px;height:auto\" srcset=\"https:\/\/agora.xtec.cat\/ceipbarceloimatas\/wp-content\/uploads\/usu1324\/2026\/04\/ABRIL_basal-1024x724.jpg 1024w, https:\/\/agora.xtec.cat\/ceipbarceloimatas\/wp-content\/uploads\/usu1324\/2026\/04\/ABRIL_basal-300x212.jpg 300w, https:\/\/agora.xtec.cat\/ceipbarceloimatas\/wp-content\/uploads\/usu1324\/2026\/04\/ABRIL_basal-768x543.jpg 768w, https:\/\/agora.xtec.cat\/ceipbarceloimatas\/wp-content\/uploads\/usu1324\/2026\/04\/ABRIL_basal-1536x1086.jpg 1536w, https:\/\/agora.xtec.cat\/ceipbarceloimatas\/wp-content\/uploads\/usu1324\/2026\/04\/ABRIL_basal.jpg 1754w\" sizes=\"auto, (max-width: 1024px) 100vw, 1024px\" \/><\/a><\/figure>\n\n\n\n<figure class=\"wp-block-image size-large\"><a href=\"https:\/\/agora.xtec.cat\/ceipbarceloimatas\/wp-content\/uploads\/usu1324\/2026\/04\/ABRIL_s-carn.jpg\"><img loading=\"lazy\" decoding=\"async\" width=\"1024\" height=\"724\" src=\"https:\/\/agora.xtec.cat\/ceipbarceloimatas\/wp-content\/uploads\/usu1324\/2026\/04\/ABRIL_s-carn-1024x724.jpg\" alt=\"\" class=\"wp-image-9907\" srcset=\"https:\/\/agora.xtec.cat\/ceipbarceloimatas\/wp-content\/uploads\/usu1324\/2026\/04\/ABRIL_s-carn-1024x724.jpg 1024w, https:\/\/agora.xtec.cat\/ceipbarceloimatas\/wp-content\/uploads\/usu1324\/2026\/04\/ABRIL_s-carn-300x212.jpg 300w, https:\/\/agora.xtec.cat\/ceipbarceloimatas\/wp-content\/uploads\/usu1324\/2026\/04\/ABRIL_s-carn-768x543.jpg 768w, https:\/\/agora.xtec.cat\/ceipbarceloimatas\/wp-content\/uploads\/usu1324\/2026\/04\/ABRIL_s-carn-1536x1086.jpg 1536w, https:\/\/agora.xtec.cat\/ceipbarceloimatas\/wp-content\/uploads\/usu1324\/2026\/04\/ABRIL_s-carn.jpg 1754w\" sizes=\"auto, (max-width: 1024px) 100vw, 1024px\" \/><\/a><\/figure>\n\n\n\n<figure class=\"wp-block-image size-large\"><a href=\"https:\/\/agora.xtec.cat\/ceipbarceloimatas\/wp-content\/uploads\/usu1324\/2026\/04\/ABRIL_halal.jpg.jpg\"><img loading=\"lazy\" decoding=\"async\" width=\"1024\" height=\"724\" src=\"https:\/\/agora.xtec.cat\/ceipbarceloimatas\/wp-content\/uploads\/usu1324\/2026\/04\/ABRIL_halal.jpg-1024x724.jpg\" alt=\"\" class=\"wp-image-9908\" srcset=\"https:\/\/agora.xtec.cat\/ceipbarceloimatas\/wp-content\/uploads\/usu1324\/2026\/04\/ABRIL_halal.jpg-1024x724.jpg 1024w, https:\/\/agora.xtec.cat\/ceipbarceloimatas\/wp-content\/uploads\/usu1324\/2026\/04\/ABRIL_halal.jpg-300x212.jpg 300w, https:\/\/agora.xtec.cat\/ceipbarceloimatas\/wp-content\/uploads\/usu1324\/2026\/04\/ABRIL_halal.jpg-768x543.jpg 768w, https:\/\/agora.xtec.cat\/ceipbarceloimatas\/wp-content\/uploads\/usu1324\/2026\/04\/ABRIL_halal.jpg-1536x1086.jpg 1536w, https:\/\/agora.xtec.cat\/ceipbarceloimatas\/wp-content\/uploads\/usu1324\/2026\/04\/ABRIL_halal.jpg.jpg 1754w\" sizes=\"auto, (max-width: 1024px) 100vw, 1024px\" \/><\/a><\/figure>\n\n\n\n<p>Per consultar la resta de men\u00fas (al\u00b7l\u00e8rgies, intoler\u00e0ncies, etc) cal que us registreu a la p\u00e0gina web del <a href=\"https:\/\/iara.serhsfoodeduca.com\" target=\"_blank\" rel=\"noreferrer noopener\">Grup Serhs <\/a>o a l&#8217;aplicaci\u00f3 <strong>SERHS Food Educa<\/strong>. El codi de centre \u00e9s el <strong>50629<\/strong><\/p>\n\n\n\n<p><\/p>\n","protected":false},"excerpt":{"rendered":"<p>L&#8217;empresa gestora del menjador escolar \u00e9s SERHS Food. La gesti\u00f3 del pagament i dels ajuts continua fent-la el Consell Comarcal [&hellip;]<\/p>\n","protected":false},"author":8,"featured_media":0,"parent":1402,"menu_order":0,"comment_status":"closed","ping_status":"close","template":"","meta":{"_bbp_topic_count":0,"_bbp_reply_count":0,"_bbp_total_topic_count":0,"_bbp_total_reply_count":0,"_bbp_voice_count":0,"_bbp_anonymous_reply_count":0,"_bbp_topic_count_hidden":0,"_bbp_reply_count_hidden":0,"_bbp_forum_subforum_count":0,"site-sidebar-layout":"no-sidebar","site-content-layout":"","ast-site-content-layout":"default","site-content-style":"default","site-sidebar-style":"default","ast-global-header-display":"","ast-banner-title-visibility":"","ast-main-header-display":"","ast-hfb-above-header-display":"","ast-hfb-below-header-display":"","ast-hfb-mobile-header-display":"","site-post-title":"","ast-breadcrumbs-content":"","ast-featured-img":"","footer-sml-layout":"","theme-transparent-header-meta":"","adv-header-id-meta":"","stick-header-meta":"","header-above-stick-meta":"","header-main-stick-meta":"","header-below-stick-meta":"","astra-migrate-meta-layouts":"set","ast-page-background-enabled":"default","ast-page-background-meta":{"desktop":{"background-color":"var(--ast-global-color-4)","background-image":"","background-repeat":"repeat","background-position":"center center","background-size":"auto","background-attachment":"scroll","background-type":"","background-media":"","overlay-type":"","overlay-color":"","overlay-opacity":"","overlay-gradient":""},"tablet":{"background-color":"","background-image":"","background-repeat":"repeat","background-position":"center center","background-size":"auto","background-attachment":"scroll","background-type":"","background-media":"","overlay-type":"","overlay-color":"","overlay-opacity":"","overlay-gradient":""},"mobile":{"background-color":"","background-image":"","background-repeat":"repeat","background-position":"center center","background-size":"auto","background-attachment":"scroll","background-type":"","background-media":"","overlay-type":"","overlay-color":"","overlay-opacity":"","overlay-gradient":""}},"ast-content-background-meta":{"desktop":{"background-color":"var(--ast-global-color-5)","background-image":"","background-repeat":"repeat","background-position":"center center","background-size":"auto","background-attachment":"scroll","background-type":"","background-media":"","overlay-type":"","overlay-color":"","overlay-opacity":"","overlay-gradient":""},"tablet":{"background-color":"var(--ast-global-color-5)","background-image":"","background-repeat":"repeat","background-position":"center center","background-size":"auto","background-attachment":"scroll","background-type":"","background-media":"","overlay-type":"","overlay-color":"","overlay-opacity":"","overlay-gradient":""},"mobile":{"background-color":"var(--ast-global-color-5)","background-image":"","background-repeat":"repeat","background-position":"center center","background-size":"auto","background-attachment":"scroll","background-type":"","background-media":"","overlay-type":"","overlay-color":"","overlay-opacity":"","overlay-gradient":""}},"footnotes":""},"class_list":["post-9116","page","type-page","status-publish","hentry"],"post_mailing_queue_ids":[],"_links":{"self":[{"href":"https:\/\/agora.xtec.cat\/ceipbarceloimatas\/wp-json\/wp\/v2\/pages\/9116","targetHints":{"allow":["GET"]}}],"collection":[{"href":"https:\/\/agora.xtec.cat\/ceipbarceloimatas\/wp-json\/wp\/v2\/pages"}],"about":[{"href":"https:\/\/agora.xtec.cat\/ceipbarceloimatas\/wp-json\/wp\/v2\/types\/page"}],"author":[{"embeddable":true,"href":"https:\/\/agora.xtec.cat\/ceipbarceloimatas\/wp-json\/wp\/v2\/users\/8"}],"replies":[{"embeddable":true,"href":"https:\/\/agora.xtec.cat\/ceipbarceloimatas\/wp-json\/wp\/v2\/comments?post=9116"}],"version-history":[{"count":6,"href":"https:\/\/agora.xtec.cat\/ceipbarceloimatas\/wp-json\/wp\/v2\/pages\/9116\/revisions"}],"predecessor-version":[{"id":9909,"href":"https:\/\/agora.xtec.cat\/ceipbarceloimatas\/wp-json\/wp\/v2\/pages\/9116\/revisions\/9909"}],"up":[{"embeddable":true,"href":"https:\/\/agora.xtec.cat\/ceipbarceloimatas\/wp-json\/wp\/v2\/pages\/1402"}],"wp:attachment":[{"href":"https:\/\/agora.xtec.cat\/ceipbarceloimatas\/wp-json\/wp\/v2\/media?parent=9116"}],"curies":[{"name":"wp","href":"https:\/\/api.w.org\/{rel}","templated":true}]}}