{"id":9103,"date":"2025-02-18T11:31:15","date_gmt":"2025-02-18T10:31:15","guid":{"rendered":"https:\/\/agora.xtec.cat\/ceipbarceloimatas\/?page_id=9103"},"modified":"2026-03-03T13:26:59","modified_gmt":"2026-03-03T12:26:59","slug":"galeria-multimedia","status":"publish","type":"page","link":"https:\/\/agora.xtec.cat\/ceipbarceloimatas\/benvinguda\/galeria-multimedia\/","title":{"rendered":"Galeria multim\u00e8dia"},"content":{"rendered":"<p>Des de l&#8217;escola, volem compartir amb les fam\u00edlies les imatges de les activitats i el dia a dia. Per aix\u00f2, disposem d&#8217;aquest<strong> espai restringit on podreu veure les diferents imatges<\/strong>.<\/p>\n<p>Per accedir, necessitareu un <strong>codi que us proporcionar\u00e0 la vostra tutoria<\/strong>. Des d&#8217;aquesta p\u00e0gina, aneu a la galeria que correspongui i introdu\u00efu el codi. Es generar\u00e0 un enlla\u00e7 per anar a la galeria.<\/p>\n<p>Recordeu que les <strong>imatges que penjarem estan condicionades a uns drets d&#8217;imatge i d&#8217;\u00fas<\/strong>. Per tant, la seva visualitzaci\u00f3 i desc\u00e0rrega \u00e9s personal i familiar. <strong>Queda prohibit difondre les imatges fora de la comunitat escolar<\/strong>, utilitzar-les en altres p\u00e0gines o mitjans, aix\u00ed com penjar-les a cap xarxa social<\/p>\n<table class=\" aligncenter\" style=\"border-collapse: collapse; width: 80%;\">\n<tbody>\n<tr>\n<td style=\"width: 33.3333%;\"><a href=\"https:\/\/drive.google.com\/drive\/folders\/1BwAji7aPytsvY8kgyiUg5VxE614Q7kKq?usp=drive_link\"><img loading=\"lazy\" decoding=\"async\" class=\"alignnone wp-image-7601 size-full\" src=\"https:\/\/agora.xtec.cat\/ceipbarceloimatas\/wp-content\/uploads\/usu1324\/2023\/10\/i3.jpg\" alt=\"\" width=\"525\" height=\"525\" srcset=\"https:\/\/agora.xtec.cat\/ceipbarceloimatas\/wp-content\/uploads\/usu1324\/2023\/10\/i3.jpg 525w, https:\/\/agora.xtec.cat\/ceipbarceloimatas\/wp-content\/uploads\/usu1324\/2023\/10\/i3-300x300.jpg 300w, https:\/\/agora.xtec.cat\/ceipbarceloimatas\/wp-content\/uploads\/usu1324\/2023\/10\/i3-150x150.jpg 150w\" sizes=\"auto, (max-width: 525px) 100vw, 525px\" \/><\/a><\/td>\n<td style=\"width: 33.3333%;\"><a href=\"https:\/\/agora.xtec.cat\/ceipbarceloimatas\/fotografies\/fotografies-i4\/\"><img loading=\"lazy\" decoding=\"async\" class=\"alignnone wp-image-7602 size-full\" src=\"https:\/\/agora.xtec.cat\/ceipbarceloimatas\/wp-content\/uploads\/usu1324\/2023\/10\/i-4.jpg\" alt=\"\" width=\"525\" height=\"525\" srcset=\"https:\/\/agora.xtec.cat\/ceipbarceloimatas\/wp-content\/uploads\/usu1324\/2023\/10\/i-4.jpg 525w, https:\/\/agora.xtec.cat\/ceipbarceloimatas\/wp-content\/uploads\/usu1324\/2023\/10\/i-4-300x300.jpg 300w, https:\/\/agora.xtec.cat\/ceipbarceloimatas\/wp-content\/uploads\/usu1324\/2023\/10\/i-4-150x150.jpg 150w\" sizes=\"auto, (max-width: 525px) 100vw, 525px\" \/><\/a><\/td>\n<td style=\"width: 33.3333%;\"><a href=\"https:\/\/agora.xtec.cat\/ceipbarceloimatas\/fotografies\/fotografies-i5\"><img loading=\"lazy\" decoding=\"async\" class=\"alignnone wp-image-7603 size-full\" src=\"https:\/\/agora.xtec.cat\/ceipbarceloimatas\/wp-content\/uploads\/usu1324\/2023\/10\/i-5.jpg\" alt=\"\" width=\"525\" height=\"525\" srcset=\"https:\/\/agora.xtec.cat\/ceipbarceloimatas\/wp-content\/uploads\/usu1324\/2023\/10\/i-5.jpg 525w, https:\/\/agora.xtec.cat\/ceipbarceloimatas\/wp-content\/uploads\/usu1324\/2023\/10\/i-5-300x300.jpg 300w, https:\/\/agora.xtec.cat\/ceipbarceloimatas\/wp-content\/uploads\/usu1324\/2023\/10\/i-5-150x150.jpg 150w\" sizes=\"auto, (max-width: 525px) 100vw, 525px\" \/><\/a><\/td>\n<\/tr>\n<tr>\n<td style=\"width: 33.3333%;\"><a href=\"https:\/\/agora.xtec.cat\/ceipbarceloimatas\/fotografies\/fotografies-1r\/\"><img loading=\"lazy\" decoding=\"async\" class=\"alignnone wp-image-7605 size-full\" src=\"https:\/\/agora.xtec.cat\/ceipbarceloimatas\/wp-content\/uploads\/usu1324\/2023\/10\/1r.jpg\" alt=\"\" width=\"525\" height=\"525\" srcset=\"https:\/\/agora.xtec.cat\/ceipbarceloimatas\/wp-content\/uploads\/usu1324\/2023\/10\/1r.jpg 525w, https:\/\/agora.xtec.cat\/ceipbarceloimatas\/wp-content\/uploads\/usu1324\/2023\/10\/1r-300x300.jpg 300w, https:\/\/agora.xtec.cat\/ceipbarceloimatas\/wp-content\/uploads\/usu1324\/2023\/10\/1r-150x150.jpg 150w\" sizes=\"auto, (max-width: 525px) 100vw, 525px\" \/><\/a><\/td>\n<td style=\"width: 33.3333%;\"><a href=\"https:\/\/agora.xtec.cat\/ceipbarceloimatas\/fotografies\/fotografies-2n\/\"><img loading=\"lazy\" decoding=\"async\" class=\"alignnone wp-image-7608 size-full\" src=\"https:\/\/agora.xtec.cat\/ceipbarceloimatas\/wp-content\/uploads\/usu1324\/2023\/10\/pri2.jpg\" alt=\"\" width=\"525\" height=\"525\" srcset=\"https:\/\/agora.xtec.cat\/ceipbarceloimatas\/wp-content\/uploads\/usu1324\/2023\/10\/pri2.jpg 525w, https:\/\/agora.xtec.cat\/ceipbarceloimatas\/wp-content\/uploads\/usu1324\/2023\/10\/pri2-300x300.jpg 300w, https:\/\/agora.xtec.cat\/ceipbarceloimatas\/wp-content\/uploads\/usu1324\/2023\/10\/pri2-150x150.jpg 150w\" sizes=\"auto, (max-width: 525px) 100vw, 525px\" \/><\/a><\/td>\n<td style=\"width: 33.3333%;\"><a href=\"https:\/\/agora.xtec.cat\/ceipbarceloimatas\/fotografies\/fotografies-3r\/\"><img loading=\"lazy\" decoding=\"async\" class=\"alignnone wp-image-7609 size-full\" src=\"https:\/\/agora.xtec.cat\/ceipbarceloimatas\/wp-content\/uploads\/usu1324\/2023\/10\/pri3.jpg\" alt=\"\" width=\"525\" height=\"525\" srcset=\"https:\/\/agora.xtec.cat\/ceipbarceloimatas\/wp-content\/uploads\/usu1324\/2023\/10\/pri3.jpg 525w, https:\/\/agora.xtec.cat\/ceipbarceloimatas\/wp-content\/uploads\/usu1324\/2023\/10\/pri3-300x300.jpg 300w, https:\/\/agora.xtec.cat\/ceipbarceloimatas\/wp-content\/uploads\/usu1324\/2023\/10\/pri3-150x150.jpg 150w\" sizes=\"auto, (max-width: 525px) 100vw, 525px\" \/><\/a><\/td>\n<\/tr>\n<tr>\n<td style=\"width: 33.3333%;\"><a href=\"https:\/\/agora.xtec.cat\/ceipbarceloimatas\/fotografies\/fotografies-4t\/\"><img loading=\"lazy\" decoding=\"async\" class=\"alignnone wp-image-7610 size-full\" src=\"https:\/\/agora.xtec.cat\/ceipbarceloimatas\/wp-content\/uploads\/usu1324\/2023\/10\/pri4.jpg\" alt=\"\" width=\"525\" height=\"525\" srcset=\"https:\/\/agora.xtec.cat\/ceipbarceloimatas\/wp-content\/uploads\/usu1324\/2023\/10\/pri4.jpg 525w, https:\/\/agora.xtec.cat\/ceipbarceloimatas\/wp-content\/uploads\/usu1324\/2023\/10\/pri4-300x300.jpg 300w, https:\/\/agora.xtec.cat\/ceipbarceloimatas\/wp-content\/uploads\/usu1324\/2023\/10\/pri4-150x150.jpg 150w\" sizes=\"auto, (max-width: 525px) 100vw, 525px\" \/><\/a><\/td>\n<td style=\"width: 33.3333%;\"><a href=\"https:\/\/agora.xtec.cat\/ceipbarceloimatas\/fotografies\/fotografies-5e\/\"><img loading=\"lazy\" decoding=\"async\" class=\"alignnone wp-image-7611 size-full\" src=\"https:\/\/agora.xtec.cat\/ceipbarceloimatas\/wp-content\/uploads\/usu1324\/2023\/10\/pri5.jpg\" alt=\"\" width=\"525\" height=\"525\" srcset=\"https:\/\/agora.xtec.cat\/ceipbarceloimatas\/wp-content\/uploads\/usu1324\/2023\/10\/pri5.jpg 525w, https:\/\/agora.xtec.cat\/ceipbarceloimatas\/wp-content\/uploads\/usu1324\/2023\/10\/pri5-300x300.jpg 300w, https:\/\/agora.xtec.cat\/ceipbarceloimatas\/wp-content\/uploads\/usu1324\/2023\/10\/pri5-150x150.jpg 150w\" sizes=\"auto, (max-width: 525px) 100vw, 525px\" \/><\/a><\/td>\n<td style=\"width: 33.3333%;\"><a href=\"https:\/\/agora.xtec.cat\/ceipbarceloimatas\/fotografies\/fotografies-6e\/\"><img loading=\"lazy\" decoding=\"async\" class=\"alignnone wp-image-7612 size-full\" src=\"https:\/\/agora.xtec.cat\/ceipbarceloimatas\/wp-content\/uploads\/usu1324\/2023\/10\/pri6.jpg\" alt=\"\" width=\"525\" height=\"525\" srcset=\"https:\/\/agora.xtec.cat\/ceipbarceloimatas\/wp-content\/uploads\/usu1324\/2023\/10\/pri6.jpg 525w, https:\/\/agora.xtec.cat\/ceipbarceloimatas\/wp-content\/uploads\/usu1324\/2023\/10\/pri6-300x300.jpg 300w, https:\/\/agora.xtec.cat\/ceipbarceloimatas\/wp-content\/uploads\/usu1324\/2023\/10\/pri6-150x150.jpg 150w\" sizes=\"auto, (max-width: 525px) 100vw, 525px\" \/><\/a><\/td>\n<\/tr>\n<tr>\n<td style=\"width: 33.3333%;\"><\/td>\n<td style=\"width: 33.3333%;\"><a href=\"https:\/\/drive.google.com\/drive\/folders\/1lq_N_RUmNiBpgmGQGS6WbOn7o5H38_Is?usp=drive_link\"><img loading=\"lazy\" decoding=\"async\" class=\"alignnone wp-image-7601 size-full\" src=\"https:\/\/agora.xtec.cat\/ceipbarceloimatas\/wp-content\/uploads\/usu1324\/2026\/03\/siei.png\" alt=\"\" width=\"525\" height=\"525\" \/><\/a><\/td>\n<\/tr>\n<\/tbody>\n<\/table>\n","protected":false},"excerpt":{"rendered":"<p>Des de l&#8217;escola, volem compartir amb les fam\u00edlies les imatges de les activitats i el dia a dia. Per aix\u00f2, [&hellip;]<\/p>\n","protected":false},"author":8,"featured_media":0,"parent":1402,"menu_order":0,"comment_status":"closed","ping_status":"closed","template":"","meta":{"_bbp_topic_count":0,"_bbp_reply_count":0,"_bbp_total_topic_count":0,"_bbp_total_reply_count":0,"_bbp_voice_count":0,"_bbp_anonymous_reply_count":0,"_bbp_topic_count_hidden":0,"_bbp_reply_count_hidden":0,"_bbp_forum_subforum_count":0,"site-sidebar-layout":"no-sidebar","site-content-layout":"","ast-site-content-layout":"default","site-content-style":"default","site-sidebar-style":"default","ast-global-header-display":"","ast-banner-title-visibility":"","ast-main-header-display":"","ast-hfb-above-header-display":"","ast-hfb-below-header-display":"","ast-hfb-mobile-header-display":"","site-post-title":"","ast-breadcrumbs-content":"","ast-featured-img":"","footer-sml-layout":"","theme-transparent-header-meta":"","adv-header-id-meta":"","stick-header-meta":"","header-above-stick-meta":"","header-main-stick-meta":"","header-below-stick-meta":"","astra-migrate-meta-layouts":"set","ast-page-background-enabled":"default","ast-page-background-meta":{"desktop":{"background-color":"var(--ast-global-color-4)","background-image":"","background-repeat":"repeat","background-position":"center center","background-size":"auto","background-attachment":"scroll","background-type":"","background-media":"","overlay-type":"","overlay-color":"","overlay-opacity":"","overlay-gradient":""},"tablet":{"background-color":"","background-image":"","background-repeat":"repeat","background-position":"center center","background-size":"auto","background-attachment":"scroll","background-type":"","background-media":"","overlay-type":"","overlay-color":"","overlay-opacity":"","overlay-gradient":""},"mobile":{"background-color":"","background-image":"","background-repeat":"repeat","background-position":"center center","background-size":"auto","background-attachment":"scroll","background-type":"","background-media":"","overlay-type":"","overlay-color":"","overlay-opacity":"","overlay-gradient":""}},"ast-content-background-meta":{"desktop":{"background-color":"var(--ast-global-color-5)","background-image":"","background-repeat":"repeat","background-position":"center center","background-size":"auto","background-attachment":"scroll","background-type":"","background-media":"","overlay-type":"","overlay-color":"","overlay-opacity":"","overlay-gradient":""},"tablet":{"background-color":"var(--ast-global-color-5)","background-image":"","background-repeat":"repeat","background-position":"center center","background-size":"auto","background-attachment":"scroll","background-type":"","background-media":"","overlay-type":"","overlay-color":"","overlay-opacity":"","overlay-gradient":""},"mobile":{"background-color":"var(--ast-global-color-5)","background-image":"","background-repeat":"repeat","background-position":"center center","background-size":"auto","background-attachment":"scroll","background-type":"","background-media":"","overlay-type":"","overlay-color":"","overlay-opacity":"","overlay-gradient":""}},"footnotes":""},"class_list":["post-9103","page","type-page","status-publish","hentry"],"post_mailing_queue_ids":[],"_links":{"self":[{"href":"https:\/\/agora.xtec.cat\/ceipbarceloimatas\/wp-json\/wp\/v2\/pages\/9103","targetHints":{"allow":["GET"]}}],"collection":[{"href":"https:\/\/agora.xtec.cat\/ceipbarceloimatas\/wp-json\/wp\/v2\/pages"}],"about":[{"href":"https:\/\/agora.xtec.cat\/ceipbarceloimatas\/wp-json\/wp\/v2\/types\/page"}],"author":[{"embeddable":true,"href":"https:\/\/agora.xtec.cat\/ceipbarceloimatas\/wp-json\/wp\/v2\/users\/8"}],"replies":[{"embeddable":true,"href":"https:\/\/agora.xtec.cat\/ceipbarceloimatas\/wp-json\/wp\/v2\/comments?post=9103"}],"version-history":[{"count":5,"href":"https:\/\/agora.xtec.cat\/ceipbarceloimatas\/wp-json\/wp\/v2\/pages\/9103\/revisions"}],"predecessor-version":[{"id":9858,"href":"https:\/\/agora.xtec.cat\/ceipbarceloimatas\/wp-json\/wp\/v2\/pages\/9103\/revisions\/9858"}],"up":[{"embeddable":true,"href":"https:\/\/agora.xtec.cat\/ceipbarceloimatas\/wp-json\/wp\/v2\/pages\/1402"}],"wp:attachment":[{"href":"https:\/\/agora.xtec.cat\/ceipbarceloimatas\/wp-json\/wp\/v2\/media?parent=9103"}],"curies":[{"name":"wp","href":"https:\/\/api.w.org\/{rel}","templated":true}]}}