{"id":8893,"date":"2025-02-06T12:59:30","date_gmt":"2025-02-06T11:59:30","guid":{"rendered":"https:\/\/agora.xtec.cat\/ceipbarceloimatas\/?page_id=8893"},"modified":"2025-02-10T10:49:27","modified_gmt":"2025-02-10T09:49:27","slug":"recursos","status":"publish","type":"page","link":"https:\/\/agora.xtec.cat\/ceipbarceloimatas\/estrategia-digital-del-centre\/recursos\/","title":{"rendered":"Recursos"},"content":{"rendered":"<p>&nbsp;<\/p>\n<h2 style=\"text-align: center;\"><span style=\"font-size: 18pt;\">DOCUMENTACI\u00d3<\/span><\/h2>\n<p>&nbsp;<\/p>\n<table style=\"border-collapse: collapse; width: 100.35%; height: 1028px;\">\n<tbody>\n<tr style=\"height: 462px;\">\n<td style=\"width: 33.3333%; height: 462px;\"><iframe loading=\"lazy\" style=\"border: 0;\" src=\"https:\/\/agora.xtec.cat\/ceipbarceloimatas\/wp-content\/uploads\/usu1324\/2025\/02\/pla-educacio-digital.pdf\" width=\"400\" height=\"400\" frameborder=\"0\" scrolling=\"no\"><\/iframe><a href=\"https:\/\/agora.xtec.cat\/ceipbarceloimatas\/wp-content\/uploads\/usu1324\/2025\/02\/pla-educacio-digital.pdf\">Pla d&#8217;Educaci\u00f2 Digital de Catalunya<\/a><\/td>\n<td style=\"width: 33.3333%; height: 462px;\"><iframe loading=\"lazy\" style=\"border: 0;\" src=\"https:\/\/agora.xtec.cat\/ceipbarceloimatas\/wp-content\/uploads\/usu1324\/2025\/02\/estrategia-digital-centre.pdf\" width=\"400\" height=\"400\" frameborder=\"0\" scrolling=\"no\"><\/iframe><a href=\"https:\/\/agora.xtec.cat\/ceipbarceloimatas\/wp-content\/uploads\/usu1324\/2025\/02\/estrategia-digital-centre.pdf\">Estrat\u00e8gia digital de centre<\/a><\/td>\n<td style=\"width: 33.3333%; height: 462px;\"><iframe loading=\"lazy\" style=\"border: 0;\" src=\"https:\/\/agora.xtec.cat\/ceipbarceloimatas\/wp-content\/uploads\/usu1324\/2025\/02\/orientacions-coordinacio-digital-centre.pdf\" width=\"400\" height=\"400\"><\/iframe><a href=\"https:\/\/agora.xtec.cat\/ceipbarceloimatas\/wp-content\/uploads\/usu1324\/2025\/02\/funcions-comissio-estrategia-digital-centre.pdf\">Orientacions per a la coordinaci\u00f3 digital<\/a><\/td>\n<\/tr>\n<tr style=\"height: 462px;\">\n<td style=\"width: 33.3333%; height: 462px;\"><iframe loading=\"lazy\" style=\"border: 0;\" src=\"https:\/\/agora.xtec.cat\/ceipbarceloimatas\/wp-content\/uploads\/usu1324\/2025\/02\/funcions-comissio-estrategia-digital-centre.pdf\" width=\"400\" height=\"400\"><\/iframe><a href=\"https:\/\/agora.xtec.cat\/ceipbarceloimatas\/wp-content\/uploads\/usu1324\/2025\/02\/funcions-comissio-estrategia-digital-centre.pdf\">Funcions i organitzaci\u00f3 de la comissi\u00f3 d&#8217;estrat\u00e8gia digital de centre<\/a><\/td>\n<td style=\"width: 33.3333%; height: 462px;\"><iframe loading=\"lazy\" style=\"border: 0;\" src=\"https:\/\/agora.xtec.cat\/ceipbarceloimatas\/wp-content\/uploads\/usu1324\/2025\/02\/us-tecnologies-digitals-infantil.pdf\" width=\"400\" height=\"400\"><\/iframe><a href=\"https:\/\/agora.xtec.cat\/ceipbarceloimatas\/wp-content\/uploads\/usu1324\/2025\/02\/us-tecnologies-digitals-infantil.pdf\">L&#8217;\u00fas de les tecnologies digitals a l&#8217;educaci\u00f3 infantil<\/a><\/td>\n<td style=\"width: 33.3333%; height: 462px;\"><iframe loading=\"lazy\" style=\"border: 0;\" src=\"https:\/\/agora.xtec.cat\/ceipbarceloimatas\/wp-content\/uploads\/usu1324\/2025\/02\/orientacions-avaluacio-cda-primaria_compressed.pdf\" width=\"400\" height=\"400\"><\/iframe><a href=\"https:\/\/agora.xtec.cat\/ceipbarceloimatas\/wp-content\/uploads\/usu1324\/2025\/02\/orientacions-avaluacio-cda-primaria_compressed.pdf\">Orientacions per a l&#8217;avaluaci\u00f3 de la compet\u00e8ncia digital de l&#8217;alumnat de prim\u00e0ria<\/a><\/td>\n<\/tr>\n<tr style=\"height: 52px;\">\n<td style=\"width: 33.3333%; height: 52px;\"><iframe loading=\"lazy\" style=\"border: 0;\" src=\"https:\/\/agora.xtec.cat\/ceipbarceloimatas\/wp-content\/uploads\/usu1324\/2025\/02\/orientacions-avaluacio-cda-eso_compressed.pdf\" width=\"400\" height=\"400\"><\/iframe><a href=\"https:\/\/agora.xtec.cat\/ceipbarceloimatas\/wp-content\/uploads\/usu1324\/2025\/02\/orientacions-avaluacio-cda-eso_compressed.pdf\">Orientacions per a l&#8217;avaluaci\u00f3 de la compet\u00e8ncia digital de l&#8217;alumnat de l&#8217;ESO<\/a><\/td>\n<td style=\"width: 33.3333%; height: 52px;\"><iframe loading=\"lazy\" style=\"border: 0;\" src=\"http:\/\/educacio.gencat.cat\/web\/.content\/home\/departament\/publicacions\/monografies\/competencia-digital-docent\/competencia-digital-docent.pdf\" width=\"400\" height=\"400\"><\/iframe><a href=\"http:\/\/educacio.gencat.cat\/web\/.content\/home\/departament\/publicacions\/monografies\/competencia-digital-docent\/competencia-digital-docent.pdf\">Orientacions per a l&#8217;avaluaci\u00f3 de la compet\u00e8ncia digital de l&#8217;alumnat de l&#8217;ESO<\/a><\/td>\n<td style=\"width: 33.3333%; height: 52px;\"><iframe loading=\"lazy\" style=\"border: 0;\" src=\"https:\/\/agora.xtec.cat\/ceipbarceloimatas\/wp-content\/uploads\/usu1324\/2025\/02\/Guia_pla_acollida_digital.pdf\" width=\"400\" height=\"400\"><\/iframe><a href=\"https:\/\/agora.xtec.cat\/ceipbarceloimatas\/wp-content\/uploads\/usu1324\/2025\/02\/Guia_pla_acollida_digital.pdf\">Guia del Pla d&#8217;acollida digital<\/a><\/td>\n<\/tr>\n<tr style=\"height: 52px;\">\n<td style=\"width: 33.3333%; height: 52px;\"><\/td>\n<td style=\"width: 33.3333%; height: 52px;\"><\/td>\n<td style=\"width: 33.3333%; height: 52px;\"><\/td>\n<\/tr>\n<\/tbody>\n<\/table>\n<div class=\"imatges\">\n<h2 style=\"text-align: center;\"><span style=\"font-size: 18pt;\">NODES<\/span><\/h2>\n<table style=\"border-collapse: collapse; width: 100%;\">\n<tbody>\n<tr>\n<td style=\"width: 50%;\"><a href=\"https:\/\/projectes.xtec.cat\/edc\/?_ga=2.54940899.973073927.1619287349-1989046161.1615542216\"><img loading=\"lazy\" decoding=\"async\" class=\"wp-image-8928 aligncenter\" src=\"https:\/\/agora.xtec.cat\/ceipbarceloimatas\/wp-content\/uploads\/usu1324\/2025\/02\/projecte-acceleracio-digita.jpg\" width=\"400\" height=\"400\" srcset=\"https:\/\/agora.xtec.cat\/ceipbarceloimatas\/wp-content\/uploads\/usu1324\/2025\/02\/projecte-acceleracio-digita.jpg 271w, https:\/\/agora.xtec.cat\/ceipbarceloimatas\/wp-content\/uploads\/usu1324\/2025\/02\/projecte-acceleracio-digita-150x150.jpg 150w\" sizes=\"auto, (max-width: 400px) 100vw, 400px\" \/><\/a><\/td>\n<td style=\"width: 50%;\"><a href=\"https:\/\/projectes.xtec.cat\/edc-suport\/\"><img loading=\"lazy\" decoding=\"async\" class=\"size-full wp-image-8942 aligncenter\" src=\"https:\/\/agora.xtec.cat\/ceipbarceloimatas\/wp-content\/uploads\/usu1324\/2025\/02\/estrategia-digital-1.png\" alt=\"\" width=\"400\" height=\"400\" \/><\/a><\/td>\n<\/tr>\n<tr>\n<td style=\"width: 50%;\"><a href=\"https:\/\/projectes.xtec.cat\/xtcd\/\"><img loading=\"lazy\" decoding=\"async\" class=\"size-full wp-image-8950 aligncenter\" src=\"https:\/\/agora.xtec.cat\/ceipbarceloimatas\/wp-content\/uploads\/usu1324\/2025\/02\/Xarxa-territorial.jpeg\" alt=\"\" width=\"400\" height=\"400\" \/><\/a><\/td>\n<td style=\"width: 50%;\"><a href=\"https:\/\/projectes.xtec.cat\/programacioirobotica\/\"><img loading=\"lazy\" decoding=\"async\" class=\"size-full wp-image-8953 aligncenter\" src=\"https:\/\/agora.xtec.cat\/ceipbarceloimatas\/wp-content\/uploads\/usu1324\/2025\/02\/Programacio-i-robotica.png\" alt=\"\" width=\"400\" height=\"400\" \/><\/a><\/td>\n<\/tr>\n<tr>\n<td style=\"width: 50%;\"><a href=\"https:\/\/agora.xtec.cat\/mobilsedu\/\"><img loading=\"lazy\" decoding=\"async\" class=\"size-full wp-image-8955 aligncenter\" src=\"https:\/\/agora.xtec.cat\/ceipbarceloimatas\/wp-content\/uploads\/usu1324\/2025\/02\/pla-de-mobils-edu.png\" alt=\"\" width=\"400\" height=\"400\" srcset=\"https:\/\/agora.xtec.cat\/ceipbarceloimatas\/wp-content\/uploads\/usu1324\/2025\/02\/pla-de-mobils-edu.png 620w, https:\/\/agora.xtec.cat\/ceipbarceloimatas\/wp-content\/uploads\/usu1324\/2025\/02\/pla-de-mobils-edu-300x300.png 300w, https:\/\/agora.xtec.cat\/ceipbarceloimatas\/wp-content\/uploads\/usu1324\/2025\/02\/pla-de-mobils-edu-150x150.png 150w\" sizes=\"auto, (max-width: 400px) 100vw, 400px\" \/><\/a><\/td>\n<td style=\"width: 50%;\"><\/td>\n<\/tr>\n<\/tbody>\n<\/table>\n<h2 style=\"text-align: center;\"><span style=\"font-size: 18pt;\">CANALS YOUTUBE<\/span><\/h2>\n<\/div>\n<table style=\"border-collapse: collapse; width: 100.175%; height: 56px;\">\n<tbody>\n<tr>\n<td style=\"width: 50%;\"><a href=\"https:\/\/www.youtube.com\/channel\/UCLsDWVSYhjFYweT-LFbIbwA\"><img decoding=\"async\" class=\"alignnone size-full wp-image-8961\" src=\"https:\/\/agora.xtec.cat\/ceipbarceloimatas\/wp-content\/uploads\/usu1324\/2025\/02\/Centres-educatius-en-linia.jpg\" alt=\"\" width=\"400\" height=\"&quot;400\" srcset=\"https:\/\/agora.xtec.cat\/ceipbarceloimatas\/wp-content\/uploads\/usu1324\/2025\/02\/Centres-educatius-en-linia.jpg 538w, https:\/\/agora.xtec.cat\/ceipbarceloimatas\/wp-content\/uploads\/usu1324\/2025\/02\/Centres-educatius-en-linia-300x300.jpg 300w, https:\/\/agora.xtec.cat\/ceipbarceloimatas\/wp-content\/uploads\/usu1324\/2025\/02\/Centres-educatius-en-linia-150x150.jpg 150w\" sizes=\"(max-width: 538px) 100vw, 538px\" \/><\/a><br \/>\n<a href=\"https:\/\/www.youtube.com\/channel\/UCLsDWVSYhjFYweT-LFbIbwA\"> Centres en l\u00ednia <\/a><\/td>\n<td style=\"width: 50%;\"><a href=\"https:\/\/www.youtube.com\/@AreaTACaSTdeGirona\"><img loading=\"lazy\" decoding=\"async\" class=\"alignnone size-full wp-image-8963\" src=\"https:\/\/agora.xtec.cat\/ceipbarceloimatas\/wp-content\/uploads\/usu1324\/2025\/02\/TIC.jpg\" alt=\"\" width=\"400\" height=\"400\" srcset=\"https:\/\/agora.xtec.cat\/ceipbarceloimatas\/wp-content\/uploads\/usu1324\/2025\/02\/TIC.jpg 400w, https:\/\/agora.xtec.cat\/ceipbarceloimatas\/wp-content\/uploads\/usu1324\/2025\/02\/TIC-300x300.jpg 300w, https:\/\/agora.xtec.cat\/ceipbarceloimatas\/wp-content\/uploads\/usu1324\/2025\/02\/TIC-150x150.jpg 150w\" sizes=\"auto, (max-width: 400px) 100vw, 400px\" \/><\/a><br \/>\n<a href=\"https:\/\/www.youtube.com\/@AreaTACaSTdeGirona\"> \u00c0rea TIC i Cultura Digital &#8211; ST EDU Girona <\/a><\/td>\n<\/tr>\n<\/tbody>\n<\/table>\n<p style=\"text-align: center;\"><a href=\"https:\/\/www.youtube.com\/watch?v=_-DeWFsra_Q&amp;ab_channel=Centresenl%C3%ADnia\"><span style=\"font-family: helvetica, arial, sans-serif; font-size: 18pt;\"> Orientacions per a l&#8217;avaluacio\u0301 de la CDA a Prima\u0300ria<\/span>\u00a0<\/a><\/p>\n","protected":false},"excerpt":{"rendered":"<p>&nbsp; DOCUMENTACI\u00d3 &nbsp; Pla d&#8217;Educaci\u00f2 Digital de Catalunya Estrat\u00e8gia digital de centre Orientacions per a la coordinaci\u00f3 digital Funcions i [&hellip;]<\/p>\n","protected":false},"author":8,"featured_media":0,"parent":7474,"menu_order":0,"comment_status":"closed","ping_status":"closed","template":"","meta":{"_bbp_topic_count":0,"_bbp_reply_count":0,"_bbp_total_topic_count":0,"_bbp_total_reply_count":0,"_bbp_voice_count":0,"_bbp_anonymous_reply_count":0,"_bbp_topic_count_hidden":0,"_bbp_reply_count_hidden":0,"_bbp_forum_subforum_count":0,"site-sidebar-layout":"default","site-content-layout":"","ast-site-content-layout":"default","site-content-style":"default","site-sidebar-style":"default","ast-global-header-display":"","ast-banner-title-visibility":"","ast-main-header-display":"","ast-hfb-above-header-display":"","ast-hfb-below-header-display":"","ast-hfb-mobile-header-display":"","site-post-title":"","ast-breadcrumbs-content":"","ast-featured-img":"","footer-sml-layout":"","theme-transparent-header-meta":"default","adv-header-id-meta":"","stick-header-meta":"","header-above-stick-meta":"","header-main-stick-meta":"","header-below-stick-meta":"","astra-migrate-meta-layouts":"set","ast-page-background-enabled":"default","ast-page-background-meta":{"desktop":{"background-color":"var(--ast-global-color-4)","background-image":"","background-repeat":"repeat","background-position":"center center","background-size":"auto","background-attachment":"scroll","background-type":"","background-media":"","overlay-type":"","overlay-color":"","overlay-opacity":"","overlay-gradient":""},"tablet":{"background-color":"","background-image":"","background-repeat":"repeat","background-position":"center center","background-size":"auto","background-attachment":"scroll","background-type":"","background-media":"","overlay-type":"","overlay-color":"","overlay-opacity":"","overlay-gradient":""},"mobile":{"background-color":"","background-image":"","background-repeat":"repeat","background-position":"center center","background-size":"auto","background-attachment":"scroll","background-type":"","background-media":"","overlay-type":"","overlay-color":"","overlay-opacity":"","overlay-gradient":""}},"ast-content-background-meta":{"desktop":{"background-color":"var(--ast-global-color-5)","background-image":"","background-repeat":"repeat","background-position":"center center","background-size":"auto","background-attachment":"scroll","background-type":"","background-media":"","overlay-type":"","overlay-color":"","overlay-opacity":"","overlay-gradient":""},"tablet":{"background-color":"var(--ast-global-color-5)","background-image":"","background-repeat":"repeat","background-position":"center center","background-size":"auto","background-attachment":"scroll","background-type":"","background-media":"","overlay-type":"","overlay-color":"","overlay-opacity":"","overlay-gradient":""},"mobile":{"background-color":"var(--ast-global-color-5)","background-image":"","background-repeat":"repeat","background-position":"center center","background-size":"auto","background-attachment":"scroll","background-type":"","background-media":"","overlay-type":"","overlay-color":"","overlay-opacity":"","overlay-gradient":""}},"footnotes":""},"class_list":["post-8893","page","type-page","status-publish","hentry"],"post_mailing_queue_ids":[],"_links":{"self":[{"href":"https:\/\/agora.xtec.cat\/ceipbarceloimatas\/wp-json\/wp\/v2\/pages\/8893","targetHints":{"allow":["GET"]}}],"collection":[{"href":"https:\/\/agora.xtec.cat\/ceipbarceloimatas\/wp-json\/wp\/v2\/pages"}],"about":[{"href":"https:\/\/agora.xtec.cat\/ceipbarceloimatas\/wp-json\/wp\/v2\/types\/page"}],"author":[{"embeddable":true,"href":"https:\/\/agora.xtec.cat\/ceipbarceloimatas\/wp-json\/wp\/v2\/users\/8"}],"replies":[{"embeddable":true,"href":"https:\/\/agora.xtec.cat\/ceipbarceloimatas\/wp-json\/wp\/v2\/comments?post=8893"}],"version-history":[{"count":6,"href":"https:\/\/agora.xtec.cat\/ceipbarceloimatas\/wp-json\/wp\/v2\/pages\/8893\/revisions"}],"predecessor-version":[{"id":8970,"href":"https:\/\/agora.xtec.cat\/ceipbarceloimatas\/wp-json\/wp\/v2\/pages\/8893\/revisions\/8970"}],"up":[{"embeddable":true,"href":"https:\/\/agora.xtec.cat\/ceipbarceloimatas\/wp-json\/wp\/v2\/pages\/7474"}],"wp:attachment":[{"href":"https:\/\/agora.xtec.cat\/ceipbarceloimatas\/wp-json\/wp\/v2\/media?parent=8893"}],"curies":[{"name":"wp","href":"https:\/\/api.w.org\/{rel}","templated":true}]}}