{"id":8283,"date":"2022-09-20T09:30:44","date_gmt":"2022-09-20T07:30:44","guid":{"rendered":"https:\/\/agora.xtec.cat\/ceipbarceloimatas\/?page_id=8283"},"modified":"2025-02-19T13:57:38","modified_gmt":"2025-02-19T12:57:38","slug":"araart","status":"publish","type":"page","link":"https:\/\/agora.xtec.cat\/ceipbarceloimatas\/benvinguda\/araart\/","title":{"rendered":"Projecte araART"},"content":{"rendered":"<p><img loading=\"lazy\" decoding=\"async\" class=\"wp-image-8353 alignnone\" src=\"https:\/\/agora.xtec.cat\/ceipbarceloimatas\/wp-content\/uploads\/usu1324\/2024\/05\/logo-araArt-300x186.png\" alt=\"\" width=\"163\" height=\"101\" srcset=\"https:\/\/agora.xtec.cat\/ceipbarceloimatas\/wp-content\/uploads\/usu1324\/2024\/05\/logo-araArt-300x186.png 300w, https:\/\/agora.xtec.cat\/ceipbarceloimatas\/wp-content\/uploads\/usu1324\/2024\/05\/logo-araArt.png 326w\" sizes=\"auto, (max-width: 163px) 100vw, 163px\" \/><\/p>\n<p>El Departament d\u2019Educaci\u00f3 crea el Programa d&#8217;innovaci\u00f3 pedag\u00f2gica <strong>\u201caraArt\u201d<\/strong> amb la finalitat de fomentar i posar en valor projectes art\u00edstics que es porten a terme en el si d&#8217;un centre d&#8217;educaci\u00f3 infantil, prim\u00e0ria o secund\u00e0ria, en col\u00b7laboraci\u00f3 amb una escola art\u00edstica, un equipament cultural, o institucions, entitats i associacions art\u00edstiques, per promoure l&#8217;equitat i la qualitat del sistema educatiu reflectida en la millora de les capacitats i compet\u00e8ncies de l&#8217;alumnat participant. El programa d\u2019innovaci\u00f3<strong> araArt<\/strong> promou la transformaci\u00f3 dels centres educatius a partir de les arts.<\/p>\n<h5><span style=\"color: #ff0000;\">\u00c0mbits d&#8217;innovaci\u00f3:<\/span><\/h5>\n<ul>\n<li><strong>\u00c0mbit 1:<\/strong> metodologies i recursos per a la millora de l&#8217;ensenyament i aprenentatge<\/li>\n<li><strong>\u00c0mbit 3:<\/strong> relaci\u00f3 i cooperaci\u00f3 amb la comunitat educativa i l&#8217;entorn<\/li>\n<\/ul>\n<h5><span style=\"color: #ff0000;\">\u00c0mbits curriculars:<\/span><\/h5>\n<ul>\n<li>\u00c0mbit art\u00edstic<\/li>\n<li>\u00c0mbit digital<\/li>\n<li>\u00c0mbit ling\u00fc\u00edstic<\/li>\n<li>\u00c0mbit matem\u00e0tic<\/li>\n<li>\u00c0mbit social (PRI)<\/li>\n<li>\u00c0mbit personal i social (SEC)<\/li>\n<li>\u00c0mbit educaci\u00f3 en valors (PRI)<\/li>\n<li>\u00c0mbit coneixement del medi<\/li>\n<li>\u00c0mbit cultura i valors (SEC)<\/li>\n<li>\u00c0mbit educaci\u00f3 f\u00edsica<\/li>\n<\/ul>\n<p><img loading=\"lazy\" decoding=\"async\" class=\"wp-image-8368 alignnone\" src=\"https:\/\/agora.xtec.cat\/ceipbarceloimatas\/wp-content\/uploads\/usu1324\/2024\/05\/MAPA-araArt.png\" alt=\"\" width=\"746\" height=\"472\" srcset=\"https:\/\/agora.xtec.cat\/ceipbarceloimatas\/wp-content\/uploads\/usu1324\/2024\/05\/MAPA-araArt.png 926w, https:\/\/agora.xtec.cat\/ceipbarceloimatas\/wp-content\/uploads\/usu1324\/2024\/05\/MAPA-araArt-300x190.png 300w, https:\/\/agora.xtec.cat\/ceipbarceloimatas\/wp-content\/uploads\/usu1324\/2024\/05\/MAPA-araArt-768x486.png 768w\" sizes=\"auto, (max-width: 746px) 100vw, 746px\" \/><\/p>\n<p>L&#8217;escola <strong>JOSEP BARCEL\u00d3 I MATAS<\/strong>, inicia el projecte\u00a0<span style=\"font-family: inherit; font-size: 1em;\">el curs 2022-2023, amb molta il\u00b7lusi\u00f3, per\u00f2 tamb\u00e9, amb moltes incerteses. Sabem que \u00e9s una gran oportunitat per a nosaltres i l&#8217;hem d&#8217;aprofitar.\u00a0<\/span><\/p>\n<p>S&#8217;ha apostat per recuperar la part instrumental. Fa anys que el centre ha deixat de treballar-ho, a m\u00e9s, i aprofitant que tenim tan a prop <strong>l&#8217;escola de m\u00fasica &#8221; L&#8217;ENERGIA&#8221;<\/strong>\u00a0 hem decidit establir una alian\u00e7a\u00a0 i treballar plegats.<\/p>\n<p>Paral\u00b7lelament, refor\u00e7arem i crearem l\u00ednia d&#8217;escola posant especial \u00e8mfasi en el treball art\u00edstic. Com?<\/p>\n<p>&#8211; Incloent l&#8217;educaci\u00f3 art\u00edstica en les situacions d&#8217;aprenentatge que formulem.<\/p>\n<p>&#8211; Aprofitant els treballs realitzats i el producte final per decorar els diferents espais de l&#8217;escola .<\/p>\n<p>&#8211; Establint una graella guia que orienti al claustre a saber qu\u00e8, quan i com s&#8217;han de tenir acabades les tasques.<\/p>\n<p>&#8211; Fent que l&#8217;escola es vesteixi de gala cada dia, que estigui maca i vistosa!!!<\/p>\n<p>&#8211; I, especialment que els nostres infants gaudeixin i aprenguin molt i molt!!<\/p>\n<p style=\"text-align: left;\"><strong>EL M\u00d3N EST\u00c0 CANVIANT!!<\/strong><\/p>\n<p style=\"text-align: left;\"><strong>CAL OBSERVAR, REFLEXIONAR I BUSCAR LA CREATIVITAT EN TOT ALL\u00d2 QUE FEM,<\/strong><\/p>\n<p style=\"text-align: left;\"><strong>ELS CANVIS METODOL\u00d2GICS S\u00d3N NECESSARIS, PERQU\u00c8 SI VOLEM, PODEM !!!<\/strong><\/p>\n<p><strong>\u00a0 \u00a0 \u00a0 \u00a0 \u00a0 \u00a0 \u00a0 \u00a0 \u00a0 \u00a0 \u00a0 \u00a0 \u00a0 \u00a0 \u00a0 \u00a0 \u00a0 \u00a0 \u00a0<\/strong><\/p>\n","protected":false},"excerpt":{"rendered":"<p>El Departament d\u2019Educaci\u00f3 crea el Programa d&#8217;innovaci\u00f3 pedag\u00f2gica \u201caraArt\u201d amb la finalitat de fomentar i posar en valor projectes art\u00edstics [&hellip;]<\/p>\n","protected":false},"author":8,"featured_media":0,"parent":1402,"menu_order":0,"comment_status":"closed","ping_status":"closed","template":"","meta":{"_bbp_topic_count":0,"_bbp_reply_count":0,"_bbp_total_topic_count":0,"_bbp_total_reply_count":0,"_bbp_voice_count":0,"_bbp_anonymous_reply_count":0,"_bbp_topic_count_hidden":0,"_bbp_reply_count_hidden":0,"_bbp_forum_subforum_count":0,"site-sidebar-layout":"no-sidebar","site-content-layout":"","ast-site-content-layout":"default","site-content-style":"default","site-sidebar-style":"default","ast-global-header-display":"","ast-banner-title-visibility":"","ast-main-header-display":"","ast-hfb-above-header-display":"","ast-hfb-below-header-display":"","ast-hfb-mobile-header-display":"","site-post-title":"","ast-breadcrumbs-content":"","ast-featured-img":"","footer-sml-layout":"","theme-transparent-header-meta":"","adv-header-id-meta":"","stick-header-meta":"","header-above-stick-meta":"","header-main-stick-meta":"","header-below-stick-meta":"","astra-migrate-meta-layouts":"set","ast-page-background-enabled":"default","ast-page-background-meta":{"desktop":{"background-color":"var(--ast-global-color-4)","background-image":"","background-repeat":"repeat","background-position":"center center","background-size":"auto","background-attachment":"scroll","background-type":"","background-media":"","overlay-type":"","overlay-color":"","overlay-opacity":"","overlay-gradient":""},"tablet":{"background-color":"","background-image":"","background-repeat":"repeat","background-position":"center center","background-size":"auto","background-attachment":"scroll","background-type":"","background-media":"","overlay-type":"","overlay-color":"","overlay-opacity":"","overlay-gradient":""},"mobile":{"background-color":"","background-image":"","background-repeat":"repeat","background-position":"center center","background-size":"auto","background-attachment":"scroll","background-type":"","background-media":"","overlay-type":"","overlay-color":"","overlay-opacity":"","overlay-gradient":""}},"ast-content-background-meta":{"desktop":{"background-color":"var(--ast-global-color-5)","background-image":"","background-repeat":"repeat","background-position":"center center","background-size":"auto","background-attachment":"scroll","background-type":"","background-media":"","overlay-type":"","overlay-color":"","overlay-opacity":"","overlay-gradient":""},"tablet":{"background-color":"var(--ast-global-color-5)","background-image":"","background-repeat":"repeat","background-position":"center center","background-size":"auto","background-attachment":"scroll","background-type":"","background-media":"","overlay-type":"","overlay-color":"","overlay-opacity":"","overlay-gradient":""},"mobile":{"background-color":"var(--ast-global-color-5)","background-image":"","background-repeat":"repeat","background-position":"center center","background-size":"auto","background-attachment":"scroll","background-type":"","background-media":"","overlay-type":"","overlay-color":"","overlay-opacity":"","overlay-gradient":""}},"footnotes":""},"class_list":["post-8283","page","type-page","status-publish","hentry"],"post_mailing_queue_ids":[],"_links":{"self":[{"href":"https:\/\/agora.xtec.cat\/ceipbarceloimatas\/wp-json\/wp\/v2\/pages\/8283","targetHints":{"allow":["GET"]}}],"collection":[{"href":"https:\/\/agora.xtec.cat\/ceipbarceloimatas\/wp-json\/wp\/v2\/pages"}],"about":[{"href":"https:\/\/agora.xtec.cat\/ceipbarceloimatas\/wp-json\/wp\/v2\/types\/page"}],"author":[{"embeddable":true,"href":"https:\/\/agora.xtec.cat\/ceipbarceloimatas\/wp-json\/wp\/v2\/users\/8"}],"replies":[{"embeddable":true,"href":"https:\/\/agora.xtec.cat\/ceipbarceloimatas\/wp-json\/wp\/v2\/comments?post=8283"}],"version-history":[{"count":6,"href":"https:\/\/agora.xtec.cat\/ceipbarceloimatas\/wp-json\/wp\/v2\/pages\/8283\/revisions"}],"predecessor-version":[{"id":9134,"href":"https:\/\/agora.xtec.cat\/ceipbarceloimatas\/wp-json\/wp\/v2\/pages\/8283\/revisions\/9134"}],"up":[{"embeddable":true,"href":"https:\/\/agora.xtec.cat\/ceipbarceloimatas\/wp-json\/wp\/v2\/pages\/1402"}],"wp:attachment":[{"href":"https:\/\/agora.xtec.cat\/ceipbarceloimatas\/wp-json\/wp\/v2\/media?parent=8283"}],"curies":[{"name":"wp","href":"https:\/\/api.w.org\/{rel}","templated":true}]}}