{"id":4392,"date":"2020-11-18T16:09:01","date_gmt":"2020-11-18T15:09:01","guid":{"rendered":"http:\/\/agora.xtec.cat\/ceipbarceloimatas\/?page_id=4392"},"modified":"2025-02-18T11:27:59","modified_gmt":"2025-02-18T10:27:59","slug":"normativa-biblioteca","status":"publish","type":"page","link":"https:\/\/agora.xtec.cat\/ceipbarceloimatas\/documentacio\/normativa\/normativa-biblioteca\/","title":{"rendered":"Normativa biblioteca"},"content":{"rendered":"<h2><\/h2>\n<p><img loading=\"lazy\" decoding=\"async\" class=\"aligncenter wp-image-2982 size-full\" src=\"https:\/\/agora.xtec.cat\/ceipbarceloimatas\/wp-content\/uploads\/usu1324\/2019\/09\/normes-bib-001.jpg\" alt=\"\" width=\"291\" height=\"400\" srcset=\"https:\/\/agora.xtec.cat\/ceipbarceloimatas\/wp-content\/uploads\/usu1324\/2019\/09\/normes-bib-001.jpg 291w, https:\/\/agora.xtec.cat\/ceipbarceloimatas\/wp-content\/uploads\/usu1324\/2019\/09\/normes-bib-001-218x300.jpg 218w\" sizes=\"auto, (max-width: 291px) 100vw, 291px\" \/><\/p>\n<p style=\"font-weight: 400;\"><strong><u>Normes generals de comportament i \u00fas<\/u><\/strong><\/p>\n<p style=\"font-weight: 400;\">1- La biblioteca escolar \u00e9s oberta a tots els alumnes del centre i professors. Tamb\u00e9 es permet l&#8217;acc\u00e9s a la resta de la comunitat educativa: pares, mares, personal administratiu i antics alumnes.<\/p>\n<p style=\"font-weight: 400;\">2- A la biblioteca cal estar en silenci.<\/p>\n<p style=\"font-weight: 400;\">3- Cal respectar l\u2019ordre dels materials que hi ha als prestatges. Els llibres, revistes i altres materials, es poden guardar al seu lloc si se sap segur on van, en cas contrari, es deixaran damunt la taula.<\/p>\n<p style=\"font-weight: 400;\">4- No es pot c\u00f3rrer, jugar ni menjar o beure.<\/p>\n<p style=\"font-weight: 400;\">5- Es respectaran els horaris establerts tant en hores lectives com en hores extraescolars.<\/p>\n<p style=\"font-weight: 400;\">6- Els alumnes no poden estar sols a la biblioteca. Sempre aniran acompanyats pel mestre responsable de l\u2019activitat.<\/p>\n<p style=\"font-weight: 400;\">7- En horari extraescolar, els alumnes de prim\u00e0ria poden anar a la biblioteca a llegir, consultar llibres, fer deures o treballs, utilitzar els ordinadors i demanar llibres en pr\u00e9stec. El servei extraescolar no s\u2019ha de confondre amb un servei de guarderia.<\/p>\n<p style=\"font-weight: 400;\">8- En acabar el dia, les cadires han de quedar sobre les taules i tot el material ben endre\u00e7at.<\/p>\n<p style=\"font-weight: 400;\">9- La porta s\u2019ha de tancar al sortir.<\/p>\n<p style=\"font-weight: 400;\"><strong><u>Servei de pr\u00e9stec pels alumnes<\/u><\/strong><\/p>\n<p style=\"font-weight: 400;\">1- Els alumnes d\u2019educaci\u00f3 prim\u00e0ria poden demanar llibres en pr\u00e9stec. Per fer-ho han de tenir carnet de lector i aquest l\u2019aconsegueixen portant una fotografia de carnet i omplint un full de sol\u00b7licitud amb la signatura dels pares.<\/p>\n<p style=\"font-weight: 400;\">2- El carnet de lector \u00e9s v\u00e0lid per a tots els cursos de prim\u00e0ria.<\/p>\n<p style=\"font-weight: 400;\">3- Els carnets es guardaran a la mateixa biblioteca per evitar que els alumnes els perdin constantment. En acabar sis\u00e8 se l&#8217;emporten.<\/p>\n<p style=\"font-weight: 400;\">4- Es poden demanar en pr\u00e9stec llibres, revistes, contes &#8230; sempre que no estiguin exclosos de pr\u00e9stec com \u00e9s el cas de les enciclop\u00e8dies, diccionaris i alguns llibres de consulta o contes pop up.<\/p>\n<p style=\"font-weight: 400;\">5- En cada pr\u00e9stec es pot agafar un sol llibre o document. Nom\u00e9s si el mestre responsable ho considera adient es podran agafar-ne m\u00e9s.<\/p>\n<p style=\"font-weight: 400;\">6- Els llibres i materials del prestatge de Novetats es poden consultar dins la mateixa biblioteca per\u00f2 no agafar-los en pr\u00e9stec.<\/p>\n<p style=\"font-weight: 400;\">7- El pr\u00e9stec pels alumnes \u00e9s d\u2019un mes i es pot prorrogar.<\/p>\n<p style=\"font-weight: 400;\">8- Si no es tornen els pr\u00e9stecs en el termini indicat l\u2019alumne rebr\u00e0 una nota d\u2019av\u00eds que tornar\u00e0 signada pels pares.<\/p>\n<p style=\"font-weight: 400;\">9- En cas de p\u00e8rdua dels llibres prestats s&#8217;avisar\u00e0 als pares amb una nota i es demanar\u00e0 que portin un llibre a canvi del que s&#8217;hagi perdut.<\/p>\n<p>10- Perdre els llibres reiteradament o tornar-los en mal estat pot ocasionar que a l&#8217;alumne se&#8217;l doni de baixa del servei de \u00a0 \u00a0 \u00a0 \u00a0pr\u00e9stec.<\/p>\n<p style=\"font-weight: 400;\">11- No es fan fotoc\u00f2pies dels llibres als alumnes.<\/p>\n<p style=\"font-weight: 400;\"><strong><u>\u00das dels ordinadors de la biblioteca<\/u><\/strong><\/p>\n<p style=\"font-weight: 400;\">1-La biblioteca disposa d\u2019un ordinador d\u2019\u00fas exclusiu per al mestre de biblioteca des d\u2019on es realitza la tasca de gesti\u00f3.<\/p>\n<p style=\"font-weight: 400;\">2-Tamb\u00e9 es disposa de tres ordinadors m\u00e9s pels alumnes. Aquests es deixen per a fer treballs i cerques d\u2019informaci\u00f3 per\u00f2 no per a jugar.<\/p>\n<p style=\"font-weight: 400;\">3-Si els alumnes ho necessiten es poden connectar a internet.<\/p>\n<p style=\"font-weight: 400;\">4-Els alumnes no poden imprimir a la biblioteca.\u00a0Es recomana portar un pen drive per guardar els treballs.<\/p>\n<p style=\"font-weight: 400;\"><strong><u>Normativa de biblioteca per als professors.<\/u><\/strong><\/p>\n<p style=\"font-weight: 400;\">1-Els mestres poden agafar llibres o revistes en pr\u00e9stec tant a t\u00edtol personal com per a la seva aula. Cal anotar-ho a la graella que hi ha penjada al suro petit de la biblioteca, o b\u00e9, es poden deixar les targetes blaves de pr\u00e9stec damunt la taula posant-hi el seu nom.<\/p>\n<p style=\"font-weight: 400;\">2-Quan retornin els llibres, no els endre\u00e7aran, ho deixaran damunt la taula del bibliotecari informant de qui ho torna.<\/p>\n<p style=\"font-weight: 400;\">3-Els mestres No deixaran MAI nens sols o castigats a la biblioteca.<\/p>\n<p style=\"font-weight: 400;\">4-El mestre que utilitzi la biblioteca amb els seus alumnes ha de deixar-ho tot com ho havia trobat.<\/p>\n<p style=\"font-weight: 400;\">5-Sempre que un mestre ho necessiti pot anar a la biblioteca a buscar algun llibre per\u00f2 cal evitar de no INTERROMPRE quan s\u2019estigui fent l\u2019Hora del Conte.<\/p>\n<p>&nbsp;<\/p>\n","protected":false},"excerpt":{"rendered":"<p>Normes generals de comportament i \u00fas 1- La biblioteca escolar \u00e9s oberta a tots els alumnes del centre i professors. [&hellip;]<\/p>\n","protected":false},"author":1,"featured_media":0,"parent":4517,"menu_order":0,"comment_status":"closed","ping_status":"closed","template":"","meta":{"_bbp_topic_count":0,"_bbp_reply_count":0,"_bbp_total_topic_count":0,"_bbp_total_reply_count":0,"_bbp_voice_count":0,"_bbp_anonymous_reply_count":0,"_bbp_topic_count_hidden":0,"_bbp_reply_count_hidden":0,"_bbp_forum_subforum_count":0,"site-sidebar-layout":"default","site-content-layout":"","ast-site-content-layout":"","site-content-style":"default","site-sidebar-style":"default","ast-global-header-display":"","ast-banner-title-visibility":"","ast-main-header-display":"","ast-hfb-above-header-display":"","ast-hfb-below-header-display":"","ast-hfb-mobile-header-display":"","site-post-title":"","ast-breadcrumbs-content":"","ast-featured-img":"","footer-sml-layout":"","theme-transparent-header-meta":"","adv-header-id-meta":"","stick-header-meta":"","header-above-stick-meta":"","header-main-stick-meta":"","header-below-stick-meta":"","astra-migrate-meta-layouts":"default","ast-page-background-enabled":"default","ast-page-background-meta":{"desktop":{"background-color":"var(--ast-global-color-4)","background-image":"","background-repeat":"repeat","background-position":"center center","background-size":"auto","background-attachment":"scroll","background-type":"","background-media":"","overlay-type":"","overlay-color":"","overlay-opacity":"","overlay-gradient":""},"tablet":{"background-color":"","background-image":"","background-repeat":"repeat","background-position":"center center","background-size":"auto","background-attachment":"scroll","background-type":"","background-media":"","overlay-type":"","overlay-color":"","overlay-opacity":"","overlay-gradient":""},"mobile":{"background-color":"","background-image":"","background-repeat":"repeat","background-position":"center center","background-size":"auto","background-attachment":"scroll","background-type":"","background-media":"","overlay-type":"","overlay-color":"","overlay-opacity":"","overlay-gradient":""}},"ast-content-background-meta":{"desktop":{"background-color":"var(--ast-global-color-5)","background-image":"","background-repeat":"repeat","background-position":"center center","background-size":"auto","background-attachment":"scroll","background-type":"","background-media":"","overlay-type":"","overlay-color":"","overlay-opacity":"","overlay-gradient":""},"tablet":{"background-color":"var(--ast-global-color-5)","background-image":"","background-repeat":"repeat","background-position":"center center","background-size":"auto","background-attachment":"scroll","background-type":"","background-media":"","overlay-type":"","overlay-color":"","overlay-opacity":"","overlay-gradient":""},"mobile":{"background-color":"var(--ast-global-color-5)","background-image":"","background-repeat":"repeat","background-position":"center center","background-size":"auto","background-attachment":"scroll","background-type":"","background-media":"","overlay-type":"","overlay-color":"","overlay-opacity":"","overlay-gradient":""}},"footnotes":""},"class_list":["post-4392","page","type-page","status-publish","hentry"],"post_mailing_queue_ids":[],"_links":{"self":[{"href":"https:\/\/agora.xtec.cat\/ceipbarceloimatas\/wp-json\/wp\/v2\/pages\/4392","targetHints":{"allow":["GET"]}}],"collection":[{"href":"https:\/\/agora.xtec.cat\/ceipbarceloimatas\/wp-json\/wp\/v2\/pages"}],"about":[{"href":"https:\/\/agora.xtec.cat\/ceipbarceloimatas\/wp-json\/wp\/v2\/types\/page"}],"author":[{"embeddable":true,"href":"https:\/\/agora.xtec.cat\/ceipbarceloimatas\/wp-json\/wp\/v2\/users\/1"}],"replies":[{"embeddable":true,"href":"https:\/\/agora.xtec.cat\/ceipbarceloimatas\/wp-json\/wp\/v2\/comments?post=4392"}],"version-history":[{"count":2,"href":"https:\/\/agora.xtec.cat\/ceipbarceloimatas\/wp-json\/wp\/v2\/pages\/4392\/revisions"}],"predecessor-version":[{"id":4394,"href":"https:\/\/agora.xtec.cat\/ceipbarceloimatas\/wp-json\/wp\/v2\/pages\/4392\/revisions\/4394"}],"up":[{"embeddable":true,"href":"https:\/\/agora.xtec.cat\/ceipbarceloimatas\/wp-json\/wp\/v2\/pages\/4517"}],"wp:attachment":[{"href":"https:\/\/agora.xtec.cat\/ceipbarceloimatas\/wp-json\/wp\/v2\/media?parent=4392"}],"curies":[{"name":"wp","href":"https:\/\/api.w.org\/{rel}","templated":true}]}}