{"id":1928,"date":"2017-10-26T16:05:22","date_gmt":"2017-10-26T14:05:22","guid":{"rendered":"http:\/\/agora.xtec.cat\/ceipbarceloimatas\/?page_id=1928"},"modified":"2025-02-19T13:56:20","modified_gmt":"2025-02-19T12:56:20","slug":"ampa","status":"publish","type":"page","link":"https:\/\/agora.xtec.cat\/ceipbarceloimatas\/benvinguda\/ampa\/","title":{"rendered":"AFA"},"content":{"rendered":"\n<figure class=\"wp-block-image aligncenter\"><a href=\"https:\/\/www.instagram.com\/ampa_barcelo_i_matas\/\"><img loading=\"lazy\" decoding=\"async\" width=\"225\" height=\"225\" src=\"https:\/\/agora.xtec.cat\/ceipbarceloimatas\/wp-content\/uploads\/usu1324\/2025\/02\/Instagram_icon.png.png\" alt=\"\" class=\"wp-image-9130\" srcset=\"https:\/\/agora.xtec.cat\/ceipbarceloimatas\/wp-content\/uploads\/usu1324\/2025\/02\/Instagram_icon.png.png 225w, https:\/\/agora.xtec.cat\/ceipbarceloimatas\/wp-content\/uploads\/usu1324\/2025\/02\/Instagram_icon.png-150x150.png 150w\" sizes=\"auto, (max-width: 225px) 100vw, 225px\" \/><\/a><figcaption class=\"wp-element-caption\"><strong><a href=\"https:\/\/www.instagram.com\/ampa_barcelo_i_matas\/\">Accedeix al compte de l&#8217;AFA <\/a><\/strong><\/figcaption><\/figure>\n\n\n<p>L&#8217;Associaci\u00f3 de Fam\u00edlies d&#8217;Alumnes (AFA) de l&#8217;Escola Josep Barcel\u00f3 i Matas \u00e9s una associaci\u00f3 sense \u00e0nim de lucre formada per pares, mares i tutors\/es legals d&#8217;alumnes del centre que, de manera volunt\u00e0ria, dediquen part del seu temps a gestionar serveis i activitats en benefici de l&#8217;alumnat i les fam\u00edlies.<\/p>\n<p>\u00c9s l&#8217;\u00f2rgan de coordinaci\u00f3, relaci\u00f3 i participaci\u00f3 de les fam\u00edlies amb l&#8217;escola. Est\u00e0 reconeguda legalment, t\u00e9 estatuts propis i normes de funcionament, tot aix\u00f2 regulat per llei.<\/p>\n<p>L&#8217;AFA t\u00e9 com a funci\u00f3 b\u00e0sica treballar, conjuntament amb el centre educatiu, en l&#8217;educaci\u00f3 dels vostres fills i filles, tot fomentant la comunicaci\u00f3 i la participaci\u00f3 de les fam\u00edlies. Aix\u00ed mateix, l&#8217;AFA \u00e9s corresponsable de les activitats educatives del centre, planifica i gestiona les activitats extraescolars, s&#8217;encarrega de la venda de xandalls i bates de l&#8217;escola, organitza activitats i festes per la comunitat educativa, etc..<\/p>\n<p>Els membres de l&#8217;AFA representen les fam\u00edlies en el Consell Escolar del centre educatiu.<\/p>\n<p><strong>Podeu contactar amb l&#8217;AFA mitjan\u00e7ant el correu electr\u00f2nic seg\u00fcent:<\/strong><\/p>\n<p><strong>\u00a0 \u00a0 \u00a0 \u00a0 \u00a0\u00a0 <em>ampa<span class=\"\">@bar<\/span>celoimatas.cat<\/em><\/strong><\/p>","protected":false},"excerpt":{"rendered":"<p>L&#8217;Associaci\u00f3 de Fam\u00edlies d&#8217;Alumnes (AFA) de l&#8217;Escola Josep Barcel\u00f3 i Matas \u00e9s una associaci\u00f3 sense \u00e0nim de lucre formada per [&hellip;]<\/p>\n","protected":false},"author":1,"featured_media":0,"parent":1402,"menu_order":0,"comment_status":"closed","ping_status":"closed","template":"","meta":{"_bbp_topic_count":0,"_bbp_reply_count":0,"_bbp_total_topic_count":0,"_bbp_total_reply_count":0,"_bbp_voice_count":0,"_bbp_anonymous_reply_count":0,"_bbp_topic_count_hidden":0,"_bbp_reply_count_hidden":0,"_bbp_forum_subforum_count":0,"site-sidebar-layout":"no-sidebar","site-content-layout":"","ast-site-content-layout":"default","site-content-style":"default","site-sidebar-style":"default","ast-global-header-display":"","ast-banner-title-visibility":"","ast-main-header-display":"","ast-hfb-above-header-display":"","ast-hfb-below-header-display":"","ast-hfb-mobile-header-display":"","site-post-title":"","ast-breadcrumbs-content":"","ast-featured-img":"","footer-sml-layout":"","theme-transparent-header-meta":"","adv-header-id-meta":"","stick-header-meta":"","header-above-stick-meta":"","header-main-stick-meta":"","header-below-stick-meta":"","astra-migrate-meta-layouts":"set","ast-page-background-enabled":"default","ast-page-background-meta":{"desktop":{"background-color":"var(--ast-global-color-4)","background-image":"","background-repeat":"repeat","background-position":"center center","background-size":"auto","background-attachment":"scroll","background-type":"","background-media":"","overlay-type":"","overlay-color":"","overlay-opacity":"","overlay-gradient":""},"tablet":{"background-color":"","background-image":"","background-repeat":"repeat","background-position":"center center","background-size":"auto","background-attachment":"scroll","background-type":"","background-media":"","overlay-type":"","overlay-color":"","overlay-opacity":"","overlay-gradient":""},"mobile":{"background-color":"","background-image":"","background-repeat":"repeat","background-position":"center center","background-size":"auto","background-attachment":"scroll","background-type":"","background-media":"","overlay-type":"","overlay-color":"","overlay-opacity":"","overlay-gradient":""}},"ast-content-background-meta":{"desktop":{"background-color":"var(--ast-global-color-5)","background-image":"","background-repeat":"repeat","background-position":"center center","background-size":"auto","background-attachment":"scroll","background-type":"","background-media":"","overlay-type":"","overlay-color":"","overlay-opacity":"","overlay-gradient":""},"tablet":{"background-color":"var(--ast-global-color-5)","background-image":"","background-repeat":"repeat","background-position":"center center","background-size":"auto","background-attachment":"scroll","background-type":"","background-media":"","overlay-type":"","overlay-color":"","overlay-opacity":"","overlay-gradient":""},"mobile":{"background-color":"var(--ast-global-color-5)","background-image":"","background-repeat":"repeat","background-position":"center center","background-size":"auto","background-attachment":"scroll","background-type":"","background-media":"","overlay-type":"","overlay-color":"","overlay-opacity":"","overlay-gradient":""}},"footnotes":""},"class_list":["post-1928","page","type-page","status-publish","hentry"],"post_mailing_queue_ids":[],"_links":{"self":[{"href":"https:\/\/agora.xtec.cat\/ceipbarceloimatas\/wp-json\/wp\/v2\/pages\/1928","targetHints":{"allow":["GET"]}}],"collection":[{"href":"https:\/\/agora.xtec.cat\/ceipbarceloimatas\/wp-json\/wp\/v2\/pages"}],"about":[{"href":"https:\/\/agora.xtec.cat\/ceipbarceloimatas\/wp-json\/wp\/v2\/types\/page"}],"author":[{"embeddable":true,"href":"https:\/\/agora.xtec.cat\/ceipbarceloimatas\/wp-json\/wp\/v2\/users\/1"}],"replies":[{"embeddable":true,"href":"https:\/\/agora.xtec.cat\/ceipbarceloimatas\/wp-json\/wp\/v2\/comments?post=1928"}],"version-history":[{"count":5,"href":"https:\/\/agora.xtec.cat\/ceipbarceloimatas\/wp-json\/wp\/v2\/pages\/1928\/revisions"}],"predecessor-version":[{"id":9133,"href":"https:\/\/agora.xtec.cat\/ceipbarceloimatas\/wp-json\/wp\/v2\/pages\/1928\/revisions\/9133"}],"up":[{"embeddable":true,"href":"https:\/\/agora.xtec.cat\/ceipbarceloimatas\/wp-json\/wp\/v2\/pages\/1402"}],"wp:attachment":[{"href":"https:\/\/agora.xtec.cat\/ceipbarceloimatas\/wp-json\/wp\/v2\/media?parent=1928"}],"curies":[{"name":"wp","href":"https:\/\/api.w.org\/{rel}","templated":true}]}}