{"id":1403,"date":"2013-10-24T09:19:47","date_gmt":"2013-10-24T09:19:47","guid":{"rendered":"http:\/\/blocs.xtec.cat\/escolabarceloimatas\/?page_id=152"},"modified":"2026-02-06T15:22:30","modified_gmt":"2026-02-06T14:22:30","slug":"claustre","status":"publish","type":"page","link":"https:\/\/agora.xtec.cat\/ceipbarceloimatas\/benvinguda\/claustre\/","title":{"rendered":"Claustre"},"content":{"rendered":"\n<h2 class=\"wp-block-heading has-text-align-center\"><strong>CLAUSTRE DE MESTRES 2025-202<\/strong>6<\/h2>\n\n\n\n<h3 class=\"wp-block-heading has-text-align-center\">Educaci\u00f3 infantil<\/h3>\n\n\n\n<h4 class=\"wp-block-heading has-text-align-center\">Tutories<\/h4>\n\n\n\n<figure class=\"wp-block-table aligncenter\"><table><tbody><tr><td class=\"has-text-align-center\" data-align=\"center\"><strong>I3-A<\/strong><br>S\u00edlvia Carlero<\/td><td class=\"has-text-align-center\" data-align=\"center\"><strong>I3-B<\/strong><br>Clara Rusi\u00f1ol<\/td><\/tr><tr><td class=\"has-text-align-center\" data-align=\"center\"><strong>I4-A<\/strong><br>Esther Castillo<\/td><td class=\"has-text-align-center\" data-align=\"center\"><strong>I4-B<br><\/strong>Imma Velasco<\/td><\/tr><tr><td class=\"has-text-align-center\" data-align=\"center\"><strong>I5-A<br><\/strong>Carme Morales<\/td><td class=\"has-text-align-center\" data-align=\"center\"><strong>I5-B<br><\/strong>&nbsp;Laura Costa<\/td><\/tr><\/tbody><\/table><\/figure>\n\n\n\n<h4 class=\"wp-block-heading has-text-align-center\">Especialistes i suports Educaci\u00f3 Infantil<\/h4>\n\n\n\n<div class=\"wp-block-group is-layout-constrained wp-block-group-is-layout-constrained\">\n<figure class=\"wp-block-table aligncenter\"><table><tbody><tr><td class=\"has-text-align-center\" data-align=\"center\"><strong>Psicomotricitat<\/strong><br>Ona Soler<\/td><td class=\"has-text-align-center\" data-align=\"center\"><strong><strong>TEI<\/strong><\/strong><br>Cristina Garrido <br>\/ Elsa Robledillo<\/td><\/tr><tr><td class=\"has-text-align-center\" data-align=\"center\"><strong>Suport<\/strong><br>Imma C\u00e1ceres<br>Mireia Francesch<br>Azahara Mart\u00ednez<\/td><td class=\"has-text-align-center\" data-align=\"center\"><strong>Angl\u00e8s<br><\/strong>S\u00edlvia Carlero<br>Sergi P\u00e9rez<br>Ferran Sanahuja<\/td><\/tr><tr><td class=\"has-text-align-center\" data-align=\"center\"><strong>M\u00fasica<\/strong> <br>Albert Ristol<\/td><td class=\"has-text-align-center\" data-align=\"center\"><\/td><\/tr><\/tbody><\/table><\/figure>\n\n\n\n<p>&nbsp;<\/p>\n\n\n\n<figure class=\"wp-block-image aligncenter size-large is-resized is-style-rounded\"><a href=\"https:\/\/agora.xtec.cat\/ceipbarceloimatas\/wp-content\/uploads\/usu1324\/2025\/09\/IMG-20250929-WA0008.jpg\"><img loading=\"lazy\" decoding=\"async\" width=\"1024\" height=\"1024\" src=\"https:\/\/agora.xtec.cat\/ceipbarceloimatas\/wp-content\/uploads\/usu1324\/2025\/09\/IMG-20250929-WA0008-1024x1024.jpg\" alt=\"\" class=\"wp-image-9588\" style=\"width:600px\" srcset=\"https:\/\/agora.xtec.cat\/ceipbarceloimatas\/wp-content\/uploads\/usu1324\/2025\/09\/IMG-20250929-WA0008-1024x1024.jpg 1024w, https:\/\/agora.xtec.cat\/ceipbarceloimatas\/wp-content\/uploads\/usu1324\/2025\/09\/IMG-20250929-WA0008-300x300.jpg 300w, https:\/\/agora.xtec.cat\/ceipbarceloimatas\/wp-content\/uploads\/usu1324\/2025\/09\/IMG-20250929-WA0008-150x150.jpg 150w, https:\/\/agora.xtec.cat\/ceipbarceloimatas\/wp-content\/uploads\/usu1324\/2025\/09\/IMG-20250929-WA0008-768x768.jpg 768w, https:\/\/agora.xtec.cat\/ceipbarceloimatas\/wp-content\/uploads\/usu1324\/2025\/09\/IMG-20250929-WA0008-1536x1536.jpg 1536w, https:\/\/agora.xtec.cat\/ceipbarceloimatas\/wp-content\/uploads\/usu1324\/2025\/09\/IMG-20250929-WA0008.jpg 1848w\" sizes=\"auto, (max-width: 1024px) 100vw, 1024px\" \/><\/a><\/figure>\n<\/div>\n\n\n\n<h3 class=\"wp-block-heading has-text-align-center\">Cicle inicial<\/h3>\n\n\n\n<h4 class=\"wp-block-heading has-text-align-center\">Tutories<\/h4>\n\n\n\n<figure class=\"wp-block-table aligncenter\"><table><tbody><tr><td class=\"has-text-align-center\" data-align=\"center\"><strong>1r<br><\/strong>Mireia Font<\/td><td class=\"has-text-align-center\" data-align=\"center\"><\/td><\/tr><tr><td class=\"has-text-align-center\" data-align=\"center\"><strong>2n B<br><\/strong>Cristina Sabater<\/td><td class=\"has-text-align-center\" data-align=\"center\"><strong>2n B <\/strong><br>Aina Mart\u00edn<\/td><\/tr><\/tbody><\/table><\/figure>\n\n\n\n<figure class=\"wp-block-image aligncenter size-large is-resized is-style-rounded\"><a href=\"https:\/\/agora.xtec.cat\/ceipbarceloimatas\/wp-content\/uploads\/usu1324\/2025\/09\/IMG-20250929-WA0011.jpg\"><img loading=\"lazy\" decoding=\"async\" width=\"1024\" height=\"1024\" src=\"https:\/\/agora.xtec.cat\/ceipbarceloimatas\/wp-content\/uploads\/usu1324\/2025\/09\/IMG-20250929-WA0011-1024x1024.jpg\" alt=\"\" class=\"wp-image-9589\" style=\"width:598px\" srcset=\"https:\/\/agora.xtec.cat\/ceipbarceloimatas\/wp-content\/uploads\/usu1324\/2025\/09\/IMG-20250929-WA0011-1024x1024.jpg 1024w, https:\/\/agora.xtec.cat\/ceipbarceloimatas\/wp-content\/uploads\/usu1324\/2025\/09\/IMG-20250929-WA0011-300x300.jpg 300w, https:\/\/agora.xtec.cat\/ceipbarceloimatas\/wp-content\/uploads\/usu1324\/2025\/09\/IMG-20250929-WA0011-150x150.jpg 150w, https:\/\/agora.xtec.cat\/ceipbarceloimatas\/wp-content\/uploads\/usu1324\/2025\/09\/IMG-20250929-WA0011-768x768.jpg 768w, https:\/\/agora.xtec.cat\/ceipbarceloimatas\/wp-content\/uploads\/usu1324\/2025\/09\/IMG-20250929-WA0011-1536x1536.jpg 1536w, https:\/\/agora.xtec.cat\/ceipbarceloimatas\/wp-content\/uploads\/usu1324\/2025\/09\/IMG-20250929-WA0011.jpg 1848w\" sizes=\"auto, (max-width: 1024px) 100vw, 1024px\" \/><\/a><\/figure>\n\n\n\n<h4 class=\"wp-block-heading has-text-align-center\">Cicle Mitj\u00e0<\/h4>\n\n\n\n<h5 class=\"wp-block-heading has-text-align-center\">Tutories<\/h5>\n\n\n\n<figure class=\"wp-block-table aligncenter\"><table><tbody><tr><td class=\"has-text-align-center\" data-align=\"center\"><strong>3r A<br><\/strong>Marta Ariza<\/td><td class=\"has-text-align-center\" data-align=\"center\"><strong>3r B<br><\/strong>Muriel Navarro<\/td><\/tr><tr><td class=\"has-text-align-center\" data-align=\"center\"><strong>4t A<br><\/strong>Anna \u00c1lvarez<\/td><td class=\"has-text-align-center\" data-align=\"center\"><strong>4t B<br><\/strong>Laura Sunyer<\/td><\/tr><\/tbody><\/table><\/figure>\n\n\n\n<figure class=\"wp-block-image aligncenter size-large is-resized is-style-rounded\"><a href=\"https:\/\/agora.xtec.cat\/ceipbarceloimatas\/wp-content\/uploads\/usu1324\/2025\/09\/IMG-20250929-WA0006.jpg\"><img loading=\"lazy\" decoding=\"async\" width=\"1024\" height=\"1024\" src=\"https:\/\/agora.xtec.cat\/ceipbarceloimatas\/wp-content\/uploads\/usu1324\/2025\/09\/IMG-20250929-WA0006-1024x1024.jpg\" alt=\"\" class=\"wp-image-9591\" style=\"width:600px\" srcset=\"https:\/\/agora.xtec.cat\/ceipbarceloimatas\/wp-content\/uploads\/usu1324\/2025\/09\/IMG-20250929-WA0006-1024x1024.jpg 1024w, https:\/\/agora.xtec.cat\/ceipbarceloimatas\/wp-content\/uploads\/usu1324\/2025\/09\/IMG-20250929-WA0006-300x300.jpg 300w, https:\/\/agora.xtec.cat\/ceipbarceloimatas\/wp-content\/uploads\/usu1324\/2025\/09\/IMG-20250929-WA0006-150x150.jpg 150w, https:\/\/agora.xtec.cat\/ceipbarceloimatas\/wp-content\/uploads\/usu1324\/2025\/09\/IMG-20250929-WA0006-768x768.jpg 768w, https:\/\/agora.xtec.cat\/ceipbarceloimatas\/wp-content\/uploads\/usu1324\/2025\/09\/IMG-20250929-WA0006.jpg 1152w\" sizes=\"auto, (max-width: 1024px) 100vw, 1024px\" \/><\/a><\/figure>\n\n\n\n<h4 class=\"wp-block-heading has-text-align-center\">Cicle Superior<\/h4>\n\n\n\n<h5 class=\"wp-block-heading has-text-align-center\">Tutories<\/h5>\n\n\n\n<figure class=\"wp-block-table aligncenter\"><table><tbody><tr><td class=\"has-text-align-center\" data-align=\"center\"><strong>5\u00e8 A<br><\/strong>Carla Verdaguer<\/td><td class=\"has-text-align-center\" data-align=\"center\"><strong>5\u00e8 B<br><\/strong>Paula Viella<\/td><\/tr><tr><td class=\"has-text-align-center\" data-align=\"center\"><strong>6\u00e8 A<br><\/strong>N\u00faria Parnau<\/td><td class=\"has-text-align-center\" data-align=\"center\"><strong>6\u00e8 B<\/strong><br>Miquel Vargas<\/td><\/tr><\/tbody><\/table><\/figure>\n\n\n\n<figure class=\"wp-block-image aligncenter size-large is-resized is-style-rounded\"><a href=\"https:\/\/agora.xtec.cat\/ceipbarceloimatas\/wp-content\/uploads\/usu1324\/2025\/09\/IMG-20250929-WA0014.jpg\"><img loading=\"lazy\" decoding=\"async\" width=\"1024\" height=\"1024\" src=\"https:\/\/agora.xtec.cat\/ceipbarceloimatas\/wp-content\/uploads\/usu1324\/2025\/09\/IMG-20250929-WA0014-1024x1024.jpg\" alt=\"\" class=\"wp-image-9593\" style=\"width:600px\" srcset=\"https:\/\/agora.xtec.cat\/ceipbarceloimatas\/wp-content\/uploads\/usu1324\/2025\/09\/IMG-20250929-WA0014-1024x1024.jpg 1024w, https:\/\/agora.xtec.cat\/ceipbarceloimatas\/wp-content\/uploads\/usu1324\/2025\/09\/IMG-20250929-WA0014-300x300.jpg 300w, https:\/\/agora.xtec.cat\/ceipbarceloimatas\/wp-content\/uploads\/usu1324\/2025\/09\/IMG-20250929-WA0014-150x150.jpg 150w, https:\/\/agora.xtec.cat\/ceipbarceloimatas\/wp-content\/uploads\/usu1324\/2025\/09\/IMG-20250929-WA0014-768x768.jpg 768w, https:\/\/agora.xtec.cat\/ceipbarceloimatas\/wp-content\/uploads\/usu1324\/2025\/09\/IMG-20250929-WA0014-1536x1536.jpg 1536w, https:\/\/agora.xtec.cat\/ceipbarceloimatas\/wp-content\/uploads\/usu1324\/2025\/09\/IMG-20250929-WA0014.jpg 1848w\" sizes=\"auto, (max-width: 1024px) 100vw, 1024px\" \/><\/a><\/figure>\n\n\n\n<h3 class=\"wp-block-heading has-text-align-center\">Especialistes i suports Educaci\u00f3 Prim\u00e0ria<\/h3>\n\n\n\n<figure class=\"wp-block-table aligncenter\"><table><tbody><tr><td class=\"has-text-align-center\" data-align=\"center\"><strong>Angl\u00e8s CI<\/strong><br>Josep Marc\u00f3<br>Sara Cuesta<\/td><td class=\"has-text-align-center\" data-align=\"center\"><strong>Angl\u00e8s CM<br><\/strong>Clara Creixell<\/td><td class=\"has-text-align-center\" data-align=\"center\"><strong>Angl\u00e8s CS<br><\/strong>Sara Cuesta<\/td><\/tr><tr><td class=\"has-text-align-center\" data-align=\"center\"><strong>Pedagogia Terap\u00e8utica<\/strong><br>Mireia Cama<br>Carmen S\u00e1nchez<br>Anna Matas<\/td><td class=\"has-text-align-center\" data-align=\"center\"><strong>Religi\u00f3<\/strong><br>Iona Albert\u00ed<\/td><td class=\"has-text-align-center\" data-align=\"center\"><strong>Biblioteca<br><\/strong>Imma Garcia<br>Josep Marc\u00f3<br>Ver\u00f2nica Guti\u00e9rrez<\/td><\/tr><tr><td class=\"has-text-align-center\" data-align=\"center\"><strong>Religi\u00f3<\/strong><br>Iona Albert\u00ed<\/td><td class=\"has-text-align-center\" data-align=\"center\"><strong>Educaci\u00f3 F\u00edsica<\/strong><br>Jordi Bueso<\/td><td class=\"has-text-align-center\" data-align=\"center\"><strong>TIS<\/strong><br>J\u00falia Vargas<\/td><\/tr><tr><td class=\"has-text-align-center\" data-align=\"center\"><strong>Suport<\/strong><br>Imma Garcia<br>Sergi P\u00e9rez<\/td><td class=\"has-text-align-center\" data-align=\"center\"><strong> Art\u00edstica CI<br><\/strong>Laura Sunyer<br>Marta Reixach<br>Toni Torres<\/td><td class=\"has-text-align-center\" data-align=\"center\"><strong>Rob\u00f2tica<\/strong><br>Ferran Sanahuja<\/td><\/tr><tr><td class=\"has-text-align-center\" data-align=\"center\"><strong>Vetlladors<\/strong><br>Anna Mart\u00edn<br>Juanjo \u00c1lvaro<\/td><td class=\"has-text-align-center\" data-align=\"center\"><strong>Aula Acollida<\/strong><br>Albert Ristol<br>Eva P\u00e9rez<\/td><td class=\"has-text-align-center\" data-align=\"center\"><strong>SIEI +<br><\/strong>Mireia Doporto<br>Marina Pag\u00e8s<\/td><\/tr><\/tbody><\/table><\/figure>\n\n\n\n<h2 class=\"wp-block-heading has-text-align-center\">Equip directiu i PAS<\/h2>\n\n\n\n<p>&nbsp;<\/p>\n\n\n\n<figure class=\"wp-block-table aligncenter\"><table><tbody><tr><td class=\"has-text-align-center\" data-align=\"center\"><strong>Direcci\u00f3<\/strong><br>Cristina Jan\u00f3<\/td><td><strong>Cap d&#8217;estudis<\/strong><br>Ruben Vargas<\/td><\/tr><tr><td class=\"has-text-align-center\" data-align=\"center\"><strong>Secretaria<\/strong><br>Ver\u00f2nica Guti\u00e9rrez<\/td><td><strong>Administraci\u00f3<\/strong><br>Helena Rovira<\/td><\/tr><tr><td class=\"has-text-align-center\" data-align=\"center\"><strong>Consergeria<\/strong><br>Eduard Palomares<\/td><td>&nbsp;<\/td><\/tr><\/tbody><\/table><\/figure>\n\n\n\n<figure class=\"wp-block-image aligncenter size-large is-resized is-style-rounded\"><a href=\"https:\/\/agora.xtec.cat\/ceipbarceloimatas\/wp-content\/uploads\/usu1324\/2025\/09\/IMG-20250929-WA0005.jpg\"><img loading=\"lazy\" decoding=\"async\" width=\"767\" height=\"1024\" src=\"https:\/\/agora.xtec.cat\/ceipbarceloimatas\/wp-content\/uploads\/usu1324\/2025\/09\/IMG-20250929-WA0005-767x1024.jpg\" alt=\"\" class=\"wp-image-9592\" style=\"width:600px\" srcset=\"https:\/\/agora.xtec.cat\/ceipbarceloimatas\/wp-content\/uploads\/usu1324\/2025\/09\/IMG-20250929-WA0005-767x1024.jpg 767w, https:\/\/agora.xtec.cat\/ceipbarceloimatas\/wp-content\/uploads\/usu1324\/2025\/09\/IMG-20250929-WA0005-225x300.jpg 225w, https:\/\/agora.xtec.cat\/ceipbarceloimatas\/wp-content\/uploads\/usu1324\/2025\/09\/IMG-20250929-WA0005-768x1025.jpg 768w, https:\/\/agora.xtec.cat\/ceipbarceloimatas\/wp-content\/uploads\/usu1324\/2025\/09\/IMG-20250929-WA0005-1151x1536.jpg 1151w, https:\/\/agora.xtec.cat\/ceipbarceloimatas\/wp-content\/uploads\/usu1324\/2025\/09\/IMG-20250929-WA0005.jpg 1513w\" sizes=\"auto, (max-width: 767px) 100vw, 767px\" \/><\/a><\/figure>\n\n\n\n<h2 class=\"wp-block-heading has-text-align-center\">Coordinacions<\/h2>\n\n\n\n<figure class=\"wp-block-table aligncenter\"><table><tbody><tr><td class=\"has-text-align-center\" data-align=\"center\"><strong>Educaci\u00f3 Infantil<\/strong><br>Ona Soler<\/td><td class=\"has-text-align-center\" data-align=\"center\"><strong>Cicle Inicial<\/strong><br>Mireia Font<\/td><\/tr><tr><td class=\"has-text-align-center\" data-align=\"center\"><strong>Cicle Mitj\u00e0<\/strong><br>Anna \u00c1lvarez<\/td><td class=\"has-text-align-center\" data-align=\"center\"><strong>Cicle Superior<\/strong><br>N\u00faria Parnau<\/td><\/tr><tr><td class=\"has-text-align-center\" data-align=\"center\"><strong>Riscos Laborals<\/strong><br>Josep Marc\u00f3<\/td><td class=\"has-text-align-center\" data-align=\"center\"><strong>Coordinaci\u00f3 Digital<\/strong><br>Ferran Sanahuja<\/td><\/tr><tr><td class=\"has-text-align-center\" data-align=\"center\"><strong>Coordinaci\u00f3 Llengua i Cohesi\u00f3<\/strong><br>Albert Ristol<\/td><td class=\"has-text-align-center\" data-align=\"center\">&nbsp;<\/td><\/tr><\/tbody><\/table><\/figure>\n\n\n\n<h2 class=\"wp-block-heading has-text-align-center\">Consell Escolar<\/h2>\n\n\n\n<figure class=\"wp-block-table aligncenter\"><table><tbody><tr><td class=\"has-text-align-center\" data-align=\"center\"><strong>Secretaria<\/strong><br>Ver\u00f2nica Guti\u00e9rrez<\/td><td class=\"has-text-align-center\" data-align=\"center\"><strong>Cap d&#8217;estudis<br><\/strong>Ruben Vargas<\/td><\/tr><tr><td class=\"has-text-align-center\" data-align=\"center\"><strong>Mestres <br><\/strong>Carme Morales<br>Ona Soler<br>Esther Castillo<br>S\u00edlvia Carlero<br>Clara Creixell<br>Paula Viella<\/td><td class=\"has-text-align-center\" data-align=\"center\"><strong>Fam\u00edlies<\/strong><br>Carolina S\u00e1nchez<br>Irene D\u00edaz<br>Eva Mart\u00ednez<br>T\u00e0nia Fern\u00e1ndez<br>Jordi Plaja<br>Am\u00e0lia Mofalda<\/td><\/tr><tr><td class=\"has-text-align-center\" data-align=\"center\"><strong>PAS<\/strong><br>Helena Rovira<\/td><td class=\"has-text-align-center\" data-align=\"center\"><strong>Representant Ajuntament<br><\/strong>Llu\u00efsa Teixidor<\/td><\/tr><tr><td class=\"has-text-align-center\" data-align=\"center\"><strong>Presidenta<\/strong><br>Cristina Jan\u00f3<\/td><td class=\"has-text-align-center\" data-align=\"center\">&nbsp;<\/td><\/tr><\/tbody><\/table><\/figure>\n","protected":false},"excerpt":{"rendered":"<p>CLAUSTRE DE MESTRES 2025-2026 Educaci\u00f3 infantil Tutories I3-AS\u00edlvia Carlero I3-BClara Rusi\u00f1ol I4-AEsther Castillo I4-BImma Velasco I5-ACarme Morales I5-B&nbsp;Laura Costa Especialistes [&hellip;]<\/p>\n","protected":false},"author":1,"featured_media":0,"parent":1402,"menu_order":0,"comment_status":"closed","ping_status":"open","template":"","meta":{"_bbp_topic_count":0,"_bbp_reply_count":0,"_bbp_total_topic_count":0,"_bbp_total_reply_count":0,"_bbp_voice_count":0,"_bbp_anonymous_reply_count":0,"_bbp_topic_count_hidden":0,"_bbp_reply_count_hidden":0,"_bbp_forum_subforum_count":0,"site-sidebar-layout":"no-sidebar","site-content-layout":"","ast-site-content-layout":"default","site-content-style":"default","site-sidebar-style":"default","ast-global-header-display":"","ast-banner-title-visibility":"","ast-main-header-display":"","ast-hfb-above-header-display":"","ast-hfb-below-header-display":"","ast-hfb-mobile-header-display":"","site-post-title":"","ast-breadcrumbs-content":"","ast-featured-img":"","footer-sml-layout":"","theme-transparent-header-meta":"default","adv-header-id-meta":"","stick-header-meta":"","header-above-stick-meta":"","header-main-stick-meta":"","header-below-stick-meta":"","astra-migrate-meta-layouts":"set","ast-page-background-enabled":"default","ast-page-background-meta":{"desktop":{"background-color":"var(--ast-global-color-4)","background-image":"","background-repeat":"repeat","background-position":"center center","background-size":"auto","background-attachment":"scroll","background-type":"","background-media":"","overlay-type":"","overlay-color":"","overlay-opacity":"","overlay-gradient":""},"tablet":{"background-color":"","background-image":"","background-repeat":"repeat","background-position":"center center","background-size":"auto","background-attachment":"scroll","background-type":"","background-media":"","overlay-type":"","overlay-color":"","overlay-opacity":"","overlay-gradient":""},"mobile":{"background-color":"","background-image":"","background-repeat":"repeat","background-position":"center center","background-size":"auto","background-attachment":"scroll","background-type":"","background-media":"","overlay-type":"","overlay-color":"","overlay-opacity":"","overlay-gradient":""}},"ast-content-background-meta":{"desktop":{"background-color":"var(--ast-global-color-5)","background-image":"","background-repeat":"repeat","background-position":"center center","background-size":"auto","background-attachment":"scroll","background-type":"","background-media":"","overlay-type":"","overlay-color":"","overlay-opacity":"","overlay-gradient":""},"tablet":{"background-color":"var(--ast-global-color-5)","background-image":"","background-repeat":"repeat","background-position":"center center","background-size":"auto","background-attachment":"scroll","background-type":"","background-media":"","overlay-type":"","overlay-color":"","overlay-opacity":"","overlay-gradient":""},"mobile":{"background-color":"var(--ast-global-color-5)","background-image":"","background-repeat":"repeat","background-position":"center center","background-size":"auto","background-attachment":"scroll","background-type":"","background-media":"","overlay-type":"","overlay-color":"","overlay-opacity":"","overlay-gradient":""}},"footnotes":""},"class_list":["post-1403","page","type-page","status-publish","hentry"],"post_mailing_queue_ids":[],"_links":{"self":[{"href":"https:\/\/agora.xtec.cat\/ceipbarceloimatas\/wp-json\/wp\/v2\/pages\/1403","targetHints":{"allow":["GET"]}}],"collection":[{"href":"https:\/\/agora.xtec.cat\/ceipbarceloimatas\/wp-json\/wp\/v2\/pages"}],"about":[{"href":"https:\/\/agora.xtec.cat\/ceipbarceloimatas\/wp-json\/wp\/v2\/types\/page"}],"author":[{"embeddable":true,"href":"https:\/\/agora.xtec.cat\/ceipbarceloimatas\/wp-json\/wp\/v2\/users\/1"}],"replies":[{"embeddable":true,"href":"https:\/\/agora.xtec.cat\/ceipbarceloimatas\/wp-json\/wp\/v2\/comments?post=1403"}],"version-history":[{"count":6,"href":"https:\/\/agora.xtec.cat\/ceipbarceloimatas\/wp-json\/wp\/v2\/pages\/1403\/revisions"}],"predecessor-version":[{"id":9816,"href":"https:\/\/agora.xtec.cat\/ceipbarceloimatas\/wp-json\/wp\/v2\/pages\/1403\/revisions\/9816"}],"up":[{"embeddable":true,"href":"https:\/\/agora.xtec.cat\/ceipbarceloimatas\/wp-json\/wp\/v2\/pages\/1402"}],"wp:attachment":[{"href":"https:\/\/agora.xtec.cat\/ceipbarceloimatas\/wp-json\/wp\/v2\/media?parent=1403"}],"curies":[{"name":"wp","href":"https:\/\/api.w.org\/{rel}","templated":true}]}}