{"id":1395,"date":"2013-03-08T14:15:37","date_gmt":"2013-03-08T14:15:37","guid":{"rendered":"http:\/\/blocs.xtec.cat\/escolabarceloimatas\/?page_id=5"},"modified":"2025-07-08T11:19:10","modified_gmt":"2025-07-08T09:19:10","slug":"dades-de-lescola","status":"publish","type":"page","link":"https:\/\/agora.xtec.cat\/ceipbarceloimatas\/benvinguda\/dades-de-lescola\/","title":{"rendered":"Dades de l&#8217;escola"},"content":{"rendered":"<p style=\"text-align: center;\"><strong>Escola Josep Barcel\u00f3 i Matas<\/strong><\/p>\n<p style=\"text-align: center;\"><iframe loading=\"lazy\" src=\"https:\/\/maps.google.es\/maps?f=q&amp;source=s_q&amp;hl=es&amp;geocode=&amp;q=Carrer+de+Pals,+75,+Palafrugell&amp;aq=0&amp;oq=c%2F+Pals,+75+Pala&amp;sll=42.488302,-10.634766&amp;sspn=9.169276,22.5&amp;ie=UTF8&amp;hq=&amp;hnear=Carrer+de+Pals,+75,+17200+Palafrugell,+Girona&amp;t=m&amp;z=14&amp;iwloc=A&amp;output=embed\" width=\"425\" height=\"350\" frameborder=\"0\"><\/iframe><br \/>\n<small><a style=\"color: #0000ff; text-align: left;\" href=\"https:\/\/maps.google.es\/maps?f=q&amp;source=embed&amp;hl=es&amp;geocode=&amp;q=Carrer+de+Pals,+75,+Palafrugell&amp;aq=0&amp;oq=c%2F+Pals,+75+Pala&amp;sll=42.488302,-10.634766&amp;sspn=9.169276,22.5&amp;ie=UTF8&amp;hq=&amp;hnear=Carrer+de+Pals,+75,+17200+Palafrugell,+Girona&amp;t=m&amp;z=14&amp;iwloc=A\">Ver mapa m\u00e1s grande<\/a><\/small><\/p>\n<p>Adre\u00e7a:\u00a0 C\/ Pals, 89\u00a0\u00a0 PALAFRUGELL (17200)<br \/>\nTel\u00e8fon:\u00a0 972 30 09 24<br \/>\nCodi de centre:\u00a0 17002491<br \/>\nCorreu electr\u00f2nic:\u00a0 b7002491@xtec.cat<br \/>\nP\u00e0gina web: barceloimatas.cat<\/p>\n<p><strong>Horaris d&#8217;atenci\u00f3 al p\u00fablic (secretaria):<\/strong><\/p>\n<p>De dilluns a divendres<\/p>\n<p>Matins de 9:00 h a 13:30 h<\/p>\n<p>Tardes de 15:00 h a 16:30 h<\/p>\n<p>* Els documents de secretaria (certificats, historials&#8230;) cal sol\u00b7licitar-los amb un m\u00ednim de dos dies d\u2019antelaci\u00f3.<\/p>\n<p><strong>Horaris de classe:<\/strong><\/p>\n<p><strong>Educaci\u00f3 Infantil:<\/strong> de 9:00 h a 13:00 h i de\u00a0 15:00 h a 17:00 h<\/p>\n<p><strong>Educaci\u00f3 Prim\u00e0ria:<\/strong> de 9:00 h a 13:00 h i de\u00a0 15:00 h a 17:00 h<\/p>\n","protected":false},"excerpt":{"rendered":"<p>Escola Josep Barcel\u00f3 i Matas Ver mapa m\u00e1s grande Adre\u00e7a:\u00a0 C\/ Pals, 89\u00a0\u00a0 PALAFRUGELL (17200) Tel\u00e8fon:\u00a0 972 30 09 24 [&hellip;]<\/p>\n","protected":false},"author":1,"featured_media":0,"parent":1402,"menu_order":0,"comment_status":"closed","ping_status":"open","template":"","meta":{"_bbp_topic_count":0,"_bbp_reply_count":0,"_bbp_total_topic_count":0,"_bbp_total_reply_count":0,"_bbp_voice_count":0,"_bbp_anonymous_reply_count":0,"_bbp_topic_count_hidden":0,"_bbp_reply_count_hidden":0,"_bbp_forum_subforum_count":0,"site-sidebar-layout":"no-sidebar","site-content-layout":"","ast-site-content-layout":"default","site-content-style":"default","site-sidebar-style":"default","ast-global-header-display":"","ast-banner-title-visibility":"","ast-main-header-display":"","ast-hfb-above-header-display":"","ast-hfb-below-header-display":"","ast-hfb-mobile-header-display":"","site-post-title":"","ast-breadcrumbs-content":"","ast-featured-img":"","footer-sml-layout":"","theme-transparent-header-meta":"","adv-header-id-meta":"","stick-header-meta":"","header-above-stick-meta":"","header-main-stick-meta":"","header-below-stick-meta":"","astra-migrate-meta-layouts":"set","ast-page-background-enabled":"default","ast-page-background-meta":{"desktop":{"background-color":"var(--ast-global-color-4)","background-image":"","background-repeat":"repeat","background-position":"center center","background-size":"auto","background-attachment":"scroll","background-type":"","background-media":"","overlay-type":"","overlay-color":"","overlay-opacity":"","overlay-gradient":""},"tablet":{"background-color":"","background-image":"","background-repeat":"repeat","background-position":"center center","background-size":"auto","background-attachment":"scroll","background-type":"","background-media":"","overlay-type":"","overlay-color":"","overlay-opacity":"","overlay-gradient":""},"mobile":{"background-color":"","background-image":"","background-repeat":"repeat","background-position":"center center","background-size":"auto","background-attachment":"scroll","background-type":"","background-media":"","overlay-type":"","overlay-color":"","overlay-opacity":"","overlay-gradient":""}},"ast-content-background-meta":{"desktop":{"background-color":"var(--ast-global-color-5)","background-image":"","background-repeat":"repeat","background-position":"center center","background-size":"auto","background-attachment":"scroll","background-type":"","background-media":"","overlay-type":"","overlay-color":"","overlay-opacity":"","overlay-gradient":""},"tablet":{"background-color":"var(--ast-global-color-5)","background-image":"","background-repeat":"repeat","background-position":"center center","background-size":"auto","background-attachment":"scroll","background-type":"","background-media":"","overlay-type":"","overlay-color":"","overlay-opacity":"","overlay-gradient":""},"mobile":{"background-color":"var(--ast-global-color-5)","background-image":"","background-repeat":"repeat","background-position":"center center","background-size":"auto","background-attachment":"scroll","background-type":"","background-media":"","overlay-type":"","overlay-color":"","overlay-opacity":"","overlay-gradient":""}},"footnotes":""},"class_list":["post-1395","page","type-page","status-publish","hentry"],"post_mailing_queue_ids":[],"_links":{"self":[{"href":"https:\/\/agora.xtec.cat\/ceipbarceloimatas\/wp-json\/wp\/v2\/pages\/1395","targetHints":{"allow":["GET"]}}],"collection":[{"href":"https:\/\/agora.xtec.cat\/ceipbarceloimatas\/wp-json\/wp\/v2\/pages"}],"about":[{"href":"https:\/\/agora.xtec.cat\/ceipbarceloimatas\/wp-json\/wp\/v2\/types\/page"}],"author":[{"embeddable":true,"href":"https:\/\/agora.xtec.cat\/ceipbarceloimatas\/wp-json\/wp\/v2\/users\/1"}],"replies":[{"embeddable":true,"href":"https:\/\/agora.xtec.cat\/ceipbarceloimatas\/wp-json\/wp\/v2\/comments?post=1395"}],"version-history":[{"count":6,"href":"https:\/\/agora.xtec.cat\/ceipbarceloimatas\/wp-json\/wp\/v2\/pages\/1395\/revisions"}],"predecessor-version":[{"id":9545,"href":"https:\/\/agora.xtec.cat\/ceipbarceloimatas\/wp-json\/wp\/v2\/pages\/1395\/revisions\/9545"}],"up":[{"embeddable":true,"href":"https:\/\/agora.xtec.cat\/ceipbarceloimatas\/wp-json\/wp\/v2\/pages\/1402"}],"wp:attachment":[{"href":"https:\/\/agora.xtec.cat\/ceipbarceloimatas\/wp-json\/wp\/v2\/media?parent=1395"}],"curies":[{"name":"wp","href":"https:\/\/api.w.org\/{rel}","templated":true}]}}