{"id":110,"date":"2013-08-30T10:37:01","date_gmt":"2013-08-30T10:37:01","guid":{"rendered":"http:\/\/blocs.xtec.cat\/escolabarceloimatas\/?page_id=110"},"modified":"2025-02-18T11:12:50","modified_gmt":"2025-02-18T10:12:50","slug":"normativa-cicle-mitja","status":"publish","type":"page","link":"https:\/\/agora.xtec.cat\/ceipbarceloimatas\/documentacio\/normativa\/normativa-cicle-mitja\/","title":{"rendered":"Normativa Cicle Mitj\u00e0"},"content":{"rendered":"<p><span style=\"font-weight: 400;\">ORGANITZACI\u00d3 GENERAL<\/span><\/p>\n<p><span style=\"font-weight: 400;\">\u00a0<\/span><span style=\"font-weight: 400;\">Entrades i sortides:\u00a0<\/span><\/p>\n<p><span style=\"font-weight: 400;\">A<\/span><span style=\"font-weight: 400;\"> les\u00a0 8:55 i a les 14:55 els mestres responsables del grup baixaran a buscar-lo a les files. A les 12:30 i a les 16:30 el mestre responsable acompanyar\u00e0 al grup fins a la porta.<\/span><\/p>\n<p><span style=\"font-weight: 400;\">Lavabos:\u00a0<\/span><\/p>\n<p><span style=\"font-weight: 400;\">S\u2019aconsella que els\/les alumnes vagin al lavabo abans de venir a l\u2019escola o a l\u2019hora del pati. Durant les classes si hi ha algun cap excepcional es deixar\u00e0 anar i\/o al canvi de classe.\u00a0<\/span><\/p>\n<p><span style=\"font-weight: 400;\">\u00a0<\/span><span style=\"font-weight: 400;\">Menjador: (funcionament)<\/span><\/p>\n<p><span style=\"font-weight: 400;\">Al mat\u00ed l\u2019encarregat\/da anotar\u00e0 en un paper els\/les alumnes que es queden a menjador i ho posar\u00e0 en el sobre\u00a0 que hi ha a l\u2019entrada de la classe.\u00a0<\/span><\/p>\n<p><span style=\"font-weight: 400;\">Un cop sona la sirena a les 12:30, els\/les nens\/es de 3r s\u2019esperen al passad\u00eds\u00a0 i els de 4t van sols al menjador.\u00a0<\/span><\/p>\n<p><span style=\"font-weight: 400;\">\u00a0<\/span><span style=\"font-weight: 400;\">Patis:\u00a0<\/span><\/p>\n<p><span style=\"font-weight: 400;\">Les tutores acompanyaran als alumnes fins al pati. S\u2019ofereixen\u00a0 patis \u201cvius\u201d\u00a0 per dinamitzar les estones de pati.\u00a0<\/span><\/p>\n<p><span style=\"font-weight: 400;\">Es pot castigar algun\/a alumne\/a sense pati si la mestra tutora ho creu convenient.\u00a0<\/span><\/p>\n<p><span style=\"font-weight: 400;\">\u00a0<\/span><span style=\"font-weight: 400;\">Esmorzars:\u00a0<\/span><\/p>\n<p><span style=\"font-weight: 400;\">Es recomana portar un petit esmorzar i que no sigui brioixeria industrial. Per evitar residuos es recomana que no portin tetrabrics ni paper de plata.\u00a0<\/span><\/p>\n<p><span style=\"font-weight: 400;\">El dimecres \u00e9s el dia de l\u2019esmorzar saludable i s\u2019ha de portar fruita.<\/span><\/p>\n<p><span style=\"font-weight: 400;\">Aniversaris:\u00a0<\/span><\/p>\n<p><span style=\"font-weight: 400;\">Es destinar\u00e0 uns 10 minuts a celebrar els aniversaris.<\/span><\/p>\n<p><span style=\"font-weight: 400;\">\u00a0<\/span><span style=\"font-weight: 400;\">Reciclatge\/ Escola verda:\u00a0<\/span><\/p>\n<p><span style=\"font-weight: 400;\">Hi haur\u00e0 un encarregat\/ada que s\u2019ocupar\u00e0 de buidar els contenidors de l\u2019aula als del passad\u00eds corresponent.<\/span><\/p>\n<p><span style=\"font-weight: 400;\">Vigilant verd: encarregat de a l\u2019hora del pati d\u2019avisar a la resta de companys de recollir la brut\u00edcia del terra.<\/span><\/p>\n<p><span style=\"font-weight: 400;\">\u00a0<\/span><span style=\"font-weight: 400;\">Diades i festes: descripci\u00f3 de les activitats que es realitzen.<\/span><\/p>\n<p><span style=\"font-weight: 400;\">\u00a0<\/span><span style=\"font-weight: 400;\">Castanyada: Al mat\u00ed es fa classe normal. A la tarda es fan les paperines i es posen les castanyes en una caixa que indiqui de quin curs s\u00f3n. Es surt al pati a fer jocs. Les castanyes es mengen a la tarda.\u00a0<\/span><\/p>\n<p><span style=\"font-weight: 400;\">\u00a0<\/span><span style=\"font-weight: 400;\">Nadal: Durant el mat\u00ed es fa el\u00a0 ti\u00f3 o l\u2019amic invisible i jocs a la classe. Es realitza un concert de nadales al Teatre Municipal, on participen tots els alumnes de l\u2019escola i \u00e9s obert a les fam\u00edlies.\u00a0<\/span><\/p>\n<p><span style=\"font-weight: 400;\">\u00a0<\/span><span style=\"font-weight: 400;\">Carnestoltes: Durant la setmana de carnestoltes els alumnes de tota l\u2019escola porten les consignes que es demanen. La tarda de l\u2019\u00faltim dia de la setmana es fa una festa al pati amb tots els cursos.\u00a0 Per dijous Gras si el temps acompanya es fa una sortida a la tarda.\u00a0<\/span><\/p>\n<p><span style=\"font-weight: 400;\">\u00a0<\/span><span style=\"font-weight: 400;\">Diada de Sant Jordi: Jocs florals.<\/span><\/p>\n<p><span style=\"font-weight: 400;\">Els alumnes visiten la fira de Sant Jordi.\u00a0<\/span><\/p>\n<p><span style=\"font-weight: 400;\">A la tarda, es lliuren els premis de redacci\u00f3 dels jocs florals, i el de millor lector de la biblioteca.<\/span><\/p>\n<p><span style=\"font-weight: 400;\">\u00a0<\/span><span style=\"font-weight: 400;\">Setmana cultural: S\u2019atura el ritme normal de les classes i es fan tallers. Cada un dels mestres del cicle organitza un taller relacionat amb el tema de la setmana cultural i tots els alumnes van passant per cada un dels tallers. Els grups es fan barrejant alumnes de les classes.<\/span><\/p>\n<p><span style=\"font-weight: 400;\">\u00a0<\/span><span style=\"font-weight: 400;\">Festa final de curs: El dia de final de curs totes les classes realitzen els balls que han preparat a l\u2019hora d\u2019educaci\u00f3 f\u00edsica.\u00a0<\/span><\/p>\n<p><span style=\"font-weight: 400;\">Es fa un esmorzar per cada classe.<\/span><\/p>\n<p><span style=\"font-weight: 400;\">\u00a0<\/span><span style=\"font-weight: 400;\">\u00a0<\/span><\/p>\n<p><span style=\"font-weight: 400;\">Col\u00f2nies:\u00a0<\/span><\/p>\n<p><span style=\"font-weight: 400;\">Es faran cada dos anys.<\/span><\/p>\n<p><span style=\"font-weight: 400;\">\u00a0<\/span><span style=\"font-weight: 400;\">Sortides: (Establertes per nivell)<\/span><\/p>\n<p><span style=\"font-weight: 400;\">\u00a03r\u00a0\u00a0\u00a0\u00a0\u00a0\u00a0\u00a0\u00a0\u00a0\u00a0\u00a0\u00a0\u00a0\u00a0\u00a0\u00a0\u00a0\u00a0\u00a0\u00a0\u00a0\u00a0\u00a0\u00a0\u00a0\u00a0\u00a0\u00a0\u00a0\u00a0\u00a0\u00a0\u00a0\u00a0\u00a0\u00a0\u00a0\u00a0\u00a0\u00a0\u00a0\u00a0\u00a0\u00a0\u00a0\u00a0\u00a0\u00a0\u00a0\u00a0\u00a0<\/span><\/p>\n<p><span style=\"font-weight: 400;\">\u2013 Sortides pel poble:\u00a0<\/span><\/p>\n<p><span style=\"font-weight: 400;\">\u00a0\u00a0\u00a0\u00a0\u00a0\u00a0\u00a0*Ajuntament (alcaldia i urbanisme)<\/span><\/p>\n<p><span style=\"font-weight: 400;\">\u00a0\u00a0\u00a0\u00a0\u00a0\u00a0\u00a0*Policia local<\/span><\/p>\n<p><span style=\"font-weight: 400;\">\u00a0\u00a0\u00a0\u00a0\u00a0\u00a0\u00a0*Biblioteca<\/span><\/p>\n<p><span style=\"font-weight: 400;\">-La Bisbal<\/span><\/p>\n<p><span style=\"font-weight: 400;\">\u2013 Calella \u2013 Llafranc<\/span><\/p>\n<p><span style=\"font-weight: 400;\">4t<\/span><\/p>\n<p><span style=\"font-weight: 400;\">\u00a0\u00a0\u2013 Sortides pel poble:\u00a0<\/span><\/p>\n<p><span style=\"font-weight: 400;\">\u00a0\u00a0\u00a0\u00a0\u00a0\u00a0\u00a0\u00a0\u00a0*Vil\u00e0 Casas<\/span><\/p>\n<p><span style=\"font-weight: 400;\">\u00a0\u00a0\u00a0\u00a0\u00a0\u00a0\u00a0\u00a0\u00a0*Museu del suro<\/span><\/p>\n<p><span style=\"font-weight: 400;\">\u2013 Pujada al castell de Montgr\u00ed i Gola del Ter<\/span><\/p>\n<p><span style=\"font-weight: 400;\">\u2013 Cant\u00e0nia<\/span><\/p>\n<p><span style=\"font-weight: 400;\">\u2013 Girona (museu del cinema)<\/span><\/p>\n<p><span style=\"font-weight: 400;\">\u00a0<\/span><span style=\"font-weight: 400;\">\u00a0<\/span><\/p>\n<p><span style=\"font-weight: 400;\">FUNCIONAMENT D\u2019AULA<\/span><\/p>\n<p><span style=\"font-weight: 400;\">\u00a0<\/span><span style=\"font-weight: 400;\">Material col\u2022lectiu:<\/span><\/p>\n<p><span style=\"font-family: inherit; font-size: 1em;\">Material col\u2022lectiu cobreix: llapis, gomes, bol\u00edgrafs, colors, capses de plastidecors i retoladors, carpetes, una funda de pl\u00e0stic, llibretes, arxivadors, els regles, retoladors gruixuts, capses grans de retoladors de colors i maquinetes.<\/span><\/p>\n<p><span style=\"font-weight: 400;\">\u00a0<\/span><span style=\"font-weight: 400;\">Agenda i deures:\u00a0<\/span><\/p>\n<p><span style=\"font-weight: 400;\">A l\u2019agenda s\u2019anotar\u00e0 els deures pel dia que toqui, entrevistes, els justificants de les faltes d&#8217;assist\u00e8ncia i varis comunicats entre fam\u00edlia i escola.<\/span><\/p>\n<p><span style=\"font-weight: 400;\">De deures es posaran les feines inacabades a classe.\u00a0<\/span><\/p>\n<p><span style=\"font-weight: 400;\">Es recomana estudiar i llegir cada dia.\u00a0<\/span><\/p>\n<p><span style=\"font-weight: 400;\">C\u00e0rrecs:\u00a0<\/span><\/p>\n<p><span style=\"font-weight: 400;\">A inici de curs es triar\u00e0 un delegat a nivell de classe.<\/span><\/p>\n<p><span style=\"font-weight: 400;\">Altres encarregats s\u00f3n: secretari, reciclatge, vigilant de fila, ordre de jocs, ordre de llibres, el de la pissarra, menjador i llista.\u00a0<\/span><\/p>\n<p><span style=\"font-weight: 400;\">\u00a0<\/span><span style=\"font-weight: 400;\">Activitats pr\u00f2pies de cada nivell:\u00a0 (de manera orientativa) Premis, concursos,\u2026<\/span><\/p>\n<p><span style=\"font-weight: 400;\">\u00a0<\/span><\/p>\n<p><span style=\"font-weight: 400;\">CURS activitat<\/span><\/p>\n<p><span style=\"font-weight: 400;\">3r\u00a0<\/span><\/p>\n<p><span style=\"font-weight: 400;\">Els ocells<\/span><\/p>\n<p><span style=\"font-weight: 400;\">Jocs Florals<\/span><\/p>\n<p><span style=\"font-weight: 400;\">Piscina<\/span><\/p>\n<p><span style=\"font-weight: 400;\">Cantata<\/span><\/p>\n<p><span style=\"font-weight: 400;\">\u00a0<\/span><\/p>\n<p><span style=\"font-weight: 400;\">4t\u00a0<\/span><\/p>\n<p><span style=\"font-weight: 400;\">La policia<\/span><\/p>\n<p><span style=\"font-weight: 400;\">Certamen de Lectura\u00a0<\/span><\/p>\n<p><span style=\"font-weight: 400;\">Lectura en Veu Alta<\/span><\/p>\n<p><span style=\"font-weight: 400;\">Jocs Florals\u00a0<\/span><\/p>\n<p><span style=\"font-weight: 400;\">Cant\u00e0nia<\/span><\/p>\n<p><span style=\"font-weight: 400;\">\u00a0<\/span><span style=\"font-weight: 400;\">\u00a0<\/span><\/p>\n<p><span style=\"font-weight: 400;\">ASPECTES PEDAG\u00d2GICS<\/span><\/p>\n<p><span style=\"font-weight: 400;\">\u00a0<\/span><span style=\"font-weight: 400;\">Pla de Lectura: 30 minuts diaris<\/span><\/p>\n<p>&nbsp;<\/p>\n","protected":false},"excerpt":{"rendered":"<p>ORGANITZACI\u00d3 GENERAL \u00a0Entrades i sortides:\u00a0 A les\u00a0 8:55 i a les 14:55 els mestres responsables del grup baixaran a buscar-lo [&hellip;]<\/p>\n","protected":false},"author":1,"featured_media":0,"parent":4517,"menu_order":0,"comment_status":"open","ping_status":"closed","template":"","meta":{"_bbp_topic_count":0,"_bbp_reply_count":0,"_bbp_total_topic_count":0,"_bbp_total_reply_count":0,"_bbp_voice_count":0,"_bbp_anonymous_reply_count":0,"_bbp_topic_count_hidden":0,"_bbp_reply_count_hidden":0,"_bbp_forum_subforum_count":0,"site-sidebar-layout":"default","site-content-layout":"","ast-site-content-layout":"","site-content-style":"default","site-sidebar-style":"default","ast-global-header-display":"","ast-banner-title-visibility":"","ast-main-header-display":"","ast-hfb-above-header-display":"","ast-hfb-below-header-display":"","ast-hfb-mobile-header-display":"","site-post-title":"","ast-breadcrumbs-content":"","ast-featured-img":"","footer-sml-layout":"","theme-transparent-header-meta":"","adv-header-id-meta":"","stick-header-meta":"","header-above-stick-meta":"","header-main-stick-meta":"","header-below-stick-meta":"","astra-migrate-meta-layouts":"default","ast-page-background-enabled":"default","ast-page-background-meta":{"desktop":{"background-color":"var(--ast-global-color-4)","background-image":"","background-repeat":"repeat","background-position":"center center","background-size":"auto","background-attachment":"scroll","background-type":"","background-media":"","overlay-type":"","overlay-color":"","overlay-opacity":"","overlay-gradient":""},"tablet":{"background-color":"","background-image":"","background-repeat":"repeat","background-position":"center center","background-size":"auto","background-attachment":"scroll","background-type":"","background-media":"","overlay-type":"","overlay-color":"","overlay-opacity":"","overlay-gradient":""},"mobile":{"background-color":"","background-image":"","background-repeat":"repeat","background-position":"center center","background-size":"auto","background-attachment":"scroll","background-type":"","background-media":"","overlay-type":"","overlay-color":"","overlay-opacity":"","overlay-gradient":""}},"ast-content-background-meta":{"desktop":{"background-color":"var(--ast-global-color-5)","background-image":"","background-repeat":"repeat","background-position":"center center","background-size":"auto","background-attachment":"scroll","background-type":"","background-media":"","overlay-type":"","overlay-color":"","overlay-opacity":"","overlay-gradient":""},"tablet":{"background-color":"var(--ast-global-color-5)","background-image":"","background-repeat":"repeat","background-position":"center center","background-size":"auto","background-attachment":"scroll","background-type":"","background-media":"","overlay-type":"","overlay-color":"","overlay-opacity":"","overlay-gradient":""},"mobile":{"background-color":"var(--ast-global-color-5)","background-image":"","background-repeat":"repeat","background-position":"center center","background-size":"auto","background-attachment":"scroll","background-type":"","background-media":"","overlay-type":"","overlay-color":"","overlay-opacity":"","overlay-gradient":""}},"footnotes":""},"class_list":["post-110","page","type-page","status-publish","hentry"],"post_mailing_queue_ids":[],"_links":{"self":[{"href":"https:\/\/agora.xtec.cat\/ceipbarceloimatas\/wp-json\/wp\/v2\/pages\/110","targetHints":{"allow":["GET"]}}],"collection":[{"href":"https:\/\/agora.xtec.cat\/ceipbarceloimatas\/wp-json\/wp\/v2\/pages"}],"about":[{"href":"https:\/\/agora.xtec.cat\/ceipbarceloimatas\/wp-json\/wp\/v2\/types\/page"}],"author":[{"embeddable":true,"href":"https:\/\/agora.xtec.cat\/ceipbarceloimatas\/wp-json\/wp\/v2\/users\/1"}],"replies":[{"embeddable":true,"href":"https:\/\/agora.xtec.cat\/ceipbarceloimatas\/wp-json\/wp\/v2\/comments?post=110"}],"version-history":[{"count":3,"href":"https:\/\/agora.xtec.cat\/ceipbarceloimatas\/wp-json\/wp\/v2\/pages\/110\/revisions"}],"predecessor-version":[{"id":4766,"href":"https:\/\/agora.xtec.cat\/ceipbarceloimatas\/wp-json\/wp\/v2\/pages\/110\/revisions\/4766"}],"up":[{"embeddable":true,"href":"https:\/\/agora.xtec.cat\/ceipbarceloimatas\/wp-json\/wp\/v2\/pages\/4517"}],"wp:attachment":[{"href":"https:\/\/agora.xtec.cat\/ceipbarceloimatas\/wp-json\/wp\/v2\/media?parent=110"}],"curies":[{"name":"wp","href":"https:\/\/api.w.org\/{rel}","templated":true}]}}