{"id":895,"date":"2023-05-22T16:38:44","date_gmt":"2023-05-22T14:38:44","guid":{"rendered":"https:\/\/agora.xtec.cat\/ceipbanus\/?page_id=895"},"modified":"2023-06-19T18:42:56","modified_gmt":"2023-06-19T16:42:56","slug":"autoritzacions","status":"publish","type":"page","link":"https:\/\/agora.xtec.cat\/ceipbanus\/autoritzacions\/","title":{"rendered":"Autoritzacions"},"content":{"rendered":"<p>Les autoritzacions s\u00f3n les seg\u00fcents, i han de quedar signades a principi del curs escolar per totes les fam\u00edlies de l&#8217;escola.<\/p>\n<table style=\"border-collapse: collapse; width: 100%;\">\n<tbody>\n<tr>\n<td style=\"width: 25%; text-align: center;\"><a href=\"https:\/\/docs.google.com\/document\/d\/1NMjJ3bdILm0MsTuV9wTVzOJnaftOSAF6\/edit?usp=share_link&amp;ouid=112907767423884018262&amp;rtpof=true&amp;sd=true\">DRET D&#8217;IMATGE<\/a><\/td>\n<td style=\"width: 25%; text-align: center;\"><a href=\"https:\/\/docs.google.com\/document\/d\/1WzHeXujynvH3KyGuAMQMfcjDn0QX3Ss9\/edit?usp=sharing&amp;ouid=112907767423884018262&amp;rtpof=true&amp;sd=true\">SORTIDA AUT\u00d2NOMA DEL CENTRE<\/a><\/td>\n<td style=\"width: 25%; text-align: center;\"><a href=\"https:\/\/docs.google.com\/document\/d\/1mmMHtnKI0dEJcw8RcJbpf4Vp5dDNPud0ZcaW1us1CDw\/edit?usp=sharing\">RECOLLIDA D&#8217;ALUMNES<\/a><\/td>\n<td style=\"width: 25%; text-align: center;\"><a href=\"https:\/\/docs.google.com\/document\/d\/1UGr7Ux3PcgVyKtMh73rjrG8kHJqi7pED\/edit?usp=sharing&amp;ouid=112907767423884018262&amp;rtpof=true&amp;sd=true\">GERMANS ACOMPANYEN<\/a><\/td>\n<\/tr>\n<tr>\n<td style=\"width: 25%; text-align: center;\"><a href=\"https:\/\/docs.google.com\/document\/d\/1gol8p5FYqWM2TlHwbCvnZp6R4KFAews_\/edit?usp=sharing&amp;ouid=112907767423884018262&amp;rtpof=true&amp;sd=true\">ADMINISTRACI\u00d3 DE PARACETAMOL<\/a><\/td>\n<td style=\"width: 25%; text-align: center;\"><a href=\"https:\/\/docs.google.com\/document\/d\/1wxnoroFfBTed2HnXdAKoGDXCKa0ENSwj\/edit?usp=sharing&amp;ouid=112907767423884018262&amp;rtpof=true&amp;sd=true\">ADMINISTRACI\u00d3 DE MEDICAMENTS<\/a><\/td>\n<td style=\"width: 25%; text-align: center;\"><a href=\"https:\/\/drive.google.com\/file\/d\/156T15MypaO9rfwOTLW4UVN0ShG5Kef09\/view?usp=sharing\">RECURSOS DIGITALS<\/a><\/td>\n<td style=\"width: 25%; text-align: center;\"><a href=\"https:\/\/docs.google.com\/document\/d\/1l_vrkTzdPT98DqoLdarZb3r04paq-GyQ\/edit?usp=sharing&amp;ouid=112907767423884018262&amp;rtpof=true&amp;sd=true\"><span style=\"background-color: #ffffff;\">SORTIDES<\/span><\/a><\/td>\n<\/tr>\n<\/tbody>\n<\/table>\n","protected":false},"excerpt":{"rendered":"<p>Les autoritzacions s\u00f3n les seg\u00fcents, i han de quedar signades a principi del curs escolar per totes les fam\u00edlies de l&#8217;escola. DRET D&#8217;IMATGE SORTIDA AUT\u00d2NOMA DEL CENTRE RECOLLIDA D&#8217;ALUMNES GERMANS ACOMPANYEN ADMINISTRACI\u00d3 DE PARACETAMOL ADMINISTRACI\u00d3 DE MEDICAMENTS RECURSOS DIGITALS SORTIDES<\/p>\n","protected":false},"author":1,"featured_media":0,"parent":0,"menu_order":0,"comment_status":"closed","ping_status":"closed","template":"","meta":{"_bbp_topic_count":0,"_bbp_reply_count":0,"_bbp_total_topic_count":0,"_bbp_total_reply_count":0,"_bbp_voice_count":0,"_bbp_anonymous_reply_count":0,"_bbp_topic_count_hidden":0,"_bbp_reply_count_hidden":0,"_bbp_forum_subforum_count":0,"site-sidebar-layout":"default","site-content-layout":"","ast-site-content-layout":"","site-content-style":"default","site-sidebar-style":"default","ast-global-header-display":"","ast-banner-title-visibility":"","ast-main-header-display":"","ast-hfb-above-header-display":"","ast-hfb-below-header-display":"","ast-hfb-mobile-header-display":"","site-post-title":"","ast-breadcrumbs-content":"","ast-featured-img":"","footer-sml-layout":"","theme-transparent-header-meta":"","adv-header-id-meta":"","stick-header-meta":"","header-above-stick-meta":"","header-main-stick-meta":"","header-below-stick-meta":"","astra-migrate-meta-layouts":"default","ast-page-background-enabled":"default","ast-page-background-meta":{"desktop":{"background-color":"var(--ast-global-color-4)","background-image":"","background-repeat":"repeat","background-position":"center center","background-size":"auto","background-attachment":"scroll","background-type":"","background-media":"","overlay-type":"","overlay-color":"","overlay-opacity":"","overlay-gradient":""},"tablet":{"background-color":"","background-image":"","background-repeat":"repeat","background-position":"center center","background-size":"auto","background-attachment":"scroll","background-type":"","background-media":"","overlay-type":"","overlay-color":"","overlay-opacity":"","overlay-gradient":""},"mobile":{"background-color":"","background-image":"","background-repeat":"repeat","background-position":"center center","background-size":"auto","background-attachment":"scroll","background-type":"","background-media":"","overlay-type":"","overlay-color":"","overlay-opacity":"","overlay-gradient":""}},"ast-content-background-meta":{"desktop":{"background-color":"var(--ast-global-color-5)","background-image":"","background-repeat":"repeat","background-position":"center center","background-size":"auto","background-attachment":"scroll","background-type":"","background-media":"","overlay-type":"","overlay-color":"","overlay-opacity":"","overlay-gradient":""},"tablet":{"background-color":"var(--ast-global-color-5)","background-image":"","background-repeat":"repeat","background-position":"center center","background-size":"auto","background-attachment":"scroll","background-type":"","background-media":"","overlay-type":"","overlay-color":"","overlay-opacity":"","overlay-gradient":""},"mobile":{"background-color":"var(--ast-global-color-5)","background-image":"","background-repeat":"repeat","background-position":"center center","background-size":"auto","background-attachment":"scroll","background-type":"","background-media":"","overlay-type":"","overlay-color":"","overlay-opacity":"","overlay-gradient":""}},"footnotes":""},"class_list":["post-895","page","type-page","status-publish","hentry"],"post_mailing_queue_ids":[],"_links":{"self":[{"href":"https:\/\/agora.xtec.cat\/ceipbanus\/wp-json\/wp\/v2\/pages\/895","targetHints":{"allow":["GET"]}}],"collection":[{"href":"https:\/\/agora.xtec.cat\/ceipbanus\/wp-json\/wp\/v2\/pages"}],"about":[{"href":"https:\/\/agora.xtec.cat\/ceipbanus\/wp-json\/wp\/v2\/types\/page"}],"author":[{"embeddable":true,"href":"https:\/\/agora.xtec.cat\/ceipbanus\/wp-json\/wp\/v2\/users\/1"}],"replies":[{"embeddable":true,"href":"https:\/\/agora.xtec.cat\/ceipbanus\/wp-json\/wp\/v2\/comments?post=895"}],"version-history":[{"count":3,"href":"https:\/\/agora.xtec.cat\/ceipbanus\/wp-json\/wp\/v2\/pages\/895\/revisions"}],"predecessor-version":[{"id":1061,"href":"https:\/\/agora.xtec.cat\/ceipbanus\/wp-json\/wp\/v2\/pages\/895\/revisions\/1061"}],"wp:attachment":[{"href":"https:\/\/agora.xtec.cat\/ceipbanus\/wp-json\/wp\/v2\/media?parent=895"}],"curies":[{"name":"wp","href":"https:\/\/api.w.org\/{rel}","templated":true}]}}