{"id":73,"date":"2014-09-18T14:01:51","date_gmt":"2014-09-18T13:01:51","guid":{"rendered":"http:\/\/agora.xtec.cat\/ceipbanus\/?page_id=73"},"modified":"2026-02-25T11:58:36","modified_gmt":"2026-02-25T10:58:36","slug":"menjador-escolar","status":"publish","type":"page","link":"https:\/\/agora.xtec.cat\/ceipbanus\/serveis\/menjador-escolar\/","title":{"rendered":"Servei de menjador escolar"},"content":{"rendered":"<p><a href=\"https:\/\/drive.google.com\/file\/d\/1Jjf7aT2XxIudEVsaM6jZOSf_grpBmLPB\/view?usp=sharing\"><img loading=\"lazy\" decoding=\"async\" class=\"alignnone wp-image-1050\" src=\"https:\/\/agora.xtec.cat\/ceipbanus\/wp-content\/uploads\/usu2337\/2023\/06\/Copia-de-Copia-de-Copia-de-Copia-de-Copia-de-Copia-de-Presentacion-Nutricion-Comida-Ninos-Plan-Alimentacion-Infantil-Organico-Crema-Colorido-1024x576.jpg\" alt=\"\" width=\"240\" height=\"135\" srcset=\"https:\/\/agora.xtec.cat\/ceipbanus\/wp-content\/uploads\/usu2337\/2023\/06\/Copia-de-Copia-de-Copia-de-Copia-de-Copia-de-Copia-de-Presentacion-Nutricion-Comida-Ninos-Plan-Alimentacion-Infantil-Organico-Crema-Colorido-1024x576.jpg 1024w, https:\/\/agora.xtec.cat\/ceipbanus\/wp-content\/uploads\/usu2337\/2023\/06\/Copia-de-Copia-de-Copia-de-Copia-de-Copia-de-Copia-de-Presentacion-Nutricion-Comida-Ninos-Plan-Alimentacion-Infantil-Organico-Crema-Colorido-300x169.jpg 300w, https:\/\/agora.xtec.cat\/ceipbanus\/wp-content\/uploads\/usu2337\/2023\/06\/Copia-de-Copia-de-Copia-de-Copia-de-Copia-de-Copia-de-Presentacion-Nutricion-Comida-Ninos-Plan-Alimentacion-Infantil-Organico-Crema-Colorido-768x432.jpg 768w, https:\/\/agora.xtec.cat\/ceipbanus\/wp-content\/uploads\/usu2337\/2023\/06\/Copia-de-Copia-de-Copia-de-Copia-de-Copia-de-Copia-de-Presentacion-Nutricion-Comida-Ninos-Plan-Alimentacion-Infantil-Organico-Crema-Colorido-1536x864.jpg 1536w, https:\/\/agora.xtec.cat\/ceipbanus\/wp-content\/uploads\/usu2337\/2023\/06\/Copia-de-Copia-de-Copia-de-Copia-de-Copia-de-Copia-de-Presentacion-Nutricion-Comida-Ninos-Plan-Alimentacion-Infantil-Organico-Crema-Colorido.jpg 1920w\" sizes=\"auto, (max-width: 240px) 100vw, 240px\" \/><\/a><a style=\"color: #2795b6;\" href=\"https:\/\/drive.google.com\/file\/d\/1HD9Or5JgQ8QkZcdhEOGc7g0wGbklpOtp\/view?usp=sharing\"> \u00a0 <\/a><a href=\"https:\/\/drive.google.com\/file\/d\/1DiCQEl7_jmHM25EyPNA9M3IraUmhO54Q\/view?usp=sharing\"><img loading=\"lazy\" decoding=\"async\" class=\"alignnone wp-image-1049\" src=\"https:\/\/agora.xtec.cat\/ceipbanus\/wp-content\/uploads\/usu2337\/2023\/06\/Copia-de-Copia-de-Copia-de-Copia-de-Copia-de-Presentacion-Nutricion-Comida-Ninos-Plan-Alimentacion-Infantil-Organico-Crema-Colorido-1024x576.jpg\" alt=\"\" width=\"241\" height=\"135\" srcset=\"https:\/\/agora.xtec.cat\/ceipbanus\/wp-content\/uploads\/usu2337\/2023\/06\/Copia-de-Copia-de-Copia-de-Copia-de-Copia-de-Presentacion-Nutricion-Comida-Ninos-Plan-Alimentacion-Infantil-Organico-Crema-Colorido-1024x576.jpg 1024w, https:\/\/agora.xtec.cat\/ceipbanus\/wp-content\/uploads\/usu2337\/2023\/06\/Copia-de-Copia-de-Copia-de-Copia-de-Copia-de-Presentacion-Nutricion-Comida-Ninos-Plan-Alimentacion-Infantil-Organico-Crema-Colorido-300x169.jpg 300w, https:\/\/agora.xtec.cat\/ceipbanus\/wp-content\/uploads\/usu2337\/2023\/06\/Copia-de-Copia-de-Copia-de-Copia-de-Copia-de-Presentacion-Nutricion-Comida-Ninos-Plan-Alimentacion-Infantil-Organico-Crema-Colorido-768x432.jpg 768w, https:\/\/agora.xtec.cat\/ceipbanus\/wp-content\/uploads\/usu2337\/2023\/06\/Copia-de-Copia-de-Copia-de-Copia-de-Copia-de-Presentacion-Nutricion-Comida-Ninos-Plan-Alimentacion-Infantil-Organico-Crema-Colorido-1536x864.jpg 1536w, https:\/\/agora.xtec.cat\/ceipbanus\/wp-content\/uploads\/usu2337\/2023\/06\/Copia-de-Copia-de-Copia-de-Copia-de-Copia-de-Presentacion-Nutricion-Comida-Ninos-Plan-Alimentacion-Infantil-Organico-Crema-Colorido.jpg 1920w\" sizes=\"auto, (max-width: 241px) 100vw, 241px\" \/><\/a>\u00a0\u00a0<a href=\"https:\/\/drive.google.com\/file\/d\/1WFB2HZ43Fe7Epx_tBTG-84PJQ_0IN7n-\/view?usp=sharing\"><img loading=\"lazy\" decoding=\"async\" class=\"alignnone wp-image-1052\" src=\"https:\/\/agora.xtec.cat\/ceipbanus\/wp-content\/uploads\/usu2337\/2023\/06\/Copia-de-Copia-de-Copia-de-Copia-de-Presentacion-Nutricion-Comida-Ninos-Plan-Alimentacion-Infantil-Organico-Crema-Colorido-1-1024x576.jpg\" alt=\"\" width=\"240\" height=\"135\" srcset=\"https:\/\/agora.xtec.cat\/ceipbanus\/wp-content\/uploads\/usu2337\/2023\/06\/Copia-de-Copia-de-Copia-de-Copia-de-Presentacion-Nutricion-Comida-Ninos-Plan-Alimentacion-Infantil-Organico-Crema-Colorido-1-1024x576.jpg 1024w, https:\/\/agora.xtec.cat\/ceipbanus\/wp-content\/uploads\/usu2337\/2023\/06\/Copia-de-Copia-de-Copia-de-Copia-de-Presentacion-Nutricion-Comida-Ninos-Plan-Alimentacion-Infantil-Organico-Crema-Colorido-1-300x169.jpg 300w, https:\/\/agora.xtec.cat\/ceipbanus\/wp-content\/uploads\/usu2337\/2023\/06\/Copia-de-Copia-de-Copia-de-Copia-de-Presentacion-Nutricion-Comida-Ninos-Plan-Alimentacion-Infantil-Organico-Crema-Colorido-1-768x432.jpg 768w, https:\/\/agora.xtec.cat\/ceipbanus\/wp-content\/uploads\/usu2337\/2023\/06\/Copia-de-Copia-de-Copia-de-Copia-de-Presentacion-Nutricion-Comida-Ninos-Plan-Alimentacion-Infantil-Organico-Crema-Colorido-1-1536x864.jpg 1536w, https:\/\/agora.xtec.cat\/ceipbanus\/wp-content\/uploads\/usu2337\/2023\/06\/Copia-de-Copia-de-Copia-de-Copia-de-Presentacion-Nutricion-Comida-Ninos-Plan-Alimentacion-Infantil-Organico-Crema-Colorido-1.jpg 1920w\" sizes=\"auto, (max-width: 240px) 100vw, 240px\" \/><\/a> \u00a0<a href=\"https:\/\/drive.google.com\/file\/d\/1Yl1S3ZRCL37cDhn_QZiRGTMOH_l81B81\/view?usp=sharing\"><img loading=\"lazy\" decoding=\"async\" class=\"alignnone wp-image-1051\" src=\"https:\/\/agora.xtec.cat\/ceipbanus\/wp-content\/uploads\/usu2337\/2023\/06\/Copia-de-Copia-de-Copia-de-Copia-de-Copia-de-Copia-de-Copia-de-Presentacion-Nutricion-Comida-Ninos-Plan-Alimentacion-Infantil-Organico-Crema-Colorido-1024x576.jpg\" alt=\"\" width=\"239\" height=\"135\" srcset=\"https:\/\/agora.xtec.cat\/ceipbanus\/wp-content\/uploads\/usu2337\/2023\/06\/Copia-de-Copia-de-Copia-de-Copia-de-Copia-de-Copia-de-Copia-de-Presentacion-Nutricion-Comida-Ninos-Plan-Alimentacion-Infantil-Organico-Crema-Colorido-1024x576.jpg 1024w, https:\/\/agora.xtec.cat\/ceipbanus\/wp-content\/uploads\/usu2337\/2023\/06\/Copia-de-Copia-de-Copia-de-Copia-de-Copia-de-Copia-de-Copia-de-Presentacion-Nutricion-Comida-Ninos-Plan-Alimentacion-Infantil-Organico-Crema-Colorido-300x169.jpg 300w, https:\/\/agora.xtec.cat\/ceipbanus\/wp-content\/uploads\/usu2337\/2023\/06\/Copia-de-Copia-de-Copia-de-Copia-de-Copia-de-Copia-de-Copia-de-Presentacion-Nutricion-Comida-Ninos-Plan-Alimentacion-Infantil-Organico-Crema-Colorido-768x432.jpg 768w, https:\/\/agora.xtec.cat\/ceipbanus\/wp-content\/uploads\/usu2337\/2023\/06\/Copia-de-Copia-de-Copia-de-Copia-de-Copia-de-Copia-de-Copia-de-Presentacion-Nutricion-Comida-Ninos-Plan-Alimentacion-Infantil-Organico-Crema-Colorido-1536x864.jpg 1536w, https:\/\/agora.xtec.cat\/ceipbanus\/wp-content\/uploads\/usu2337\/2023\/06\/Copia-de-Copia-de-Copia-de-Copia-de-Copia-de-Copia-de-Copia-de-Presentacion-Nutricion-Comida-Ninos-Plan-Alimentacion-Infantil-Organico-Crema-Colorido.jpg 1920w\" sizes=\"auto, (max-width: 239px) 100vw, 239px\" \/><\/a><\/p>\n<p>&nbsp;<\/p>\n<p><strong>El nostre servei de Menjador \u00e9s <\/strong>de 12.30 a 15h. Preu: 7,54\u20ac. Est\u00e0 gestionat per l&#8217;empresa de c\u00e0tering Barnalleure. Si voleu consultar m\u00e9s informaci\u00f3 sobre l&#8217;empresa cliqueu sobre el logotip:<\/p>\n<p><a href=\"http:\/\/www.barnalleure.cat\"><img loading=\"lazy\" decoding=\"async\" class=\"size-full wp-image-568 aligncenter\" src=\"https:\/\/agora.xtec.cat\/ceipbanus\/wp-content\/uploads\/usu2337\/2023\/01\/LOGO-GRUPBARNALLEURE.jpg\" alt=\"\" width=\"300\" height=\"84\" \/><\/a><\/p>\n<p>Els infants reben una atenci\u00f3 personalitzada atenent la diversitat cultural on tenen a la disposici\u00f3 diferents tipus de men\u00fas: halal, basal, vegetari\u00e0 i dietes especials.<\/p>\n<p>Els monitors\/es que treballen al menjador de l&#8217;escola segueixen el projecte educatiu dins d&#8217;un ambient proper i familiar.<\/p>\n<p>Disposem del correu menjadorescolabanus<span class=\"atwho-query\">@<\/span>gmail.com on es recullen consultes, suggeriments i inquietuds que puguin tenir les fam\u00edlies el qual gestiona i d\u00f3na resposta la coordinadora.<\/p>\n<p><a href=\"https:\/\/drive.google.com\/drive\/u\/0\/folders\/1G1EYLaA2Ofb3gz6d0blJIKEiZ6ZY_r63\">\u00a0\u00a0<\/a><a href=\"https:\/\/drive.google.com\/drive\/folders\/1cmxzE1SG1F7Rqx6EtAE7dB7XPyFmCNBQ?usp=sharing\"><img loading=\"lazy\" decoding=\"async\" class=\"alignnone wp-image-1054\" src=\"https:\/\/agora.xtec.cat\/ceipbanus\/wp-content\/uploads\/usu2337\/2023\/06\/Copia-de-Copia-de-Classroom-Posters-1024x724.jpg\" alt=\"\" width=\"247\" height=\"175\" srcset=\"https:\/\/agora.xtec.cat\/ceipbanus\/wp-content\/uploads\/usu2337\/2023\/06\/Copia-de-Copia-de-Classroom-Posters-1024x724.jpg 1024w, https:\/\/agora.xtec.cat\/ceipbanus\/wp-content\/uploads\/usu2337\/2023\/06\/Copia-de-Copia-de-Classroom-Posters-300x212.jpg 300w, https:\/\/agora.xtec.cat\/ceipbanus\/wp-content\/uploads\/usu2337\/2023\/06\/Copia-de-Copia-de-Classroom-Posters-768x543.jpg 768w, https:\/\/agora.xtec.cat\/ceipbanus\/wp-content\/uploads\/usu2337\/2023\/06\/Copia-de-Copia-de-Classroom-Posters-1536x1086.jpg 1536w, https:\/\/agora.xtec.cat\/ceipbanus\/wp-content\/uploads\/usu2337\/2023\/06\/Copia-de-Copia-de-Classroom-Posters.jpg 2000w\" sizes=\"auto, (max-width: 247px) 100vw, 247px\" \/><\/a> <a href=\"https:\/\/drive.google.com\/drive\/folders\/1F4Twzuc0B6QSPtQfFv5eL8VhI9gn-99G?usp=sharing\"><img loading=\"lazy\" decoding=\"async\" class=\"alignnone wp-image-1055\" src=\"https:\/\/agora.xtec.cat\/ceipbanus\/wp-content\/uploads\/usu2337\/2023\/06\/Copia-de-Classroom-Posters-1024x724.jpg\" alt=\"\" width=\"246\" height=\"174\" srcset=\"https:\/\/agora.xtec.cat\/ceipbanus\/wp-content\/uploads\/usu2337\/2023\/06\/Copia-de-Classroom-Posters-1024x724.jpg 1024w, https:\/\/agora.xtec.cat\/ceipbanus\/wp-content\/uploads\/usu2337\/2023\/06\/Copia-de-Classroom-Posters-300x212.jpg 300w, https:\/\/agora.xtec.cat\/ceipbanus\/wp-content\/uploads\/usu2337\/2023\/06\/Copia-de-Classroom-Posters-768x543.jpg 768w, https:\/\/agora.xtec.cat\/ceipbanus\/wp-content\/uploads\/usu2337\/2023\/06\/Copia-de-Classroom-Posters-1536x1086.jpg 1536w, https:\/\/agora.xtec.cat\/ceipbanus\/wp-content\/uploads\/usu2337\/2023\/06\/Copia-de-Classroom-Posters.jpg 2000w\" sizes=\"auto, (max-width: 246px) 100vw, 246px\" \/><\/a><\/p>\n<p>&nbsp;<\/p>\n<p>&nbsp;<\/p>\n<p>&nbsp;<\/p>\n","protected":false},"excerpt":{"rendered":"<p>\u00a0 \u00a0\u00a0 \u00a0 &nbsp; El nostre servei de Menjador \u00e9s de 12.30 a 15h. Preu: 7,54\u20ac. Est\u00e0 gestionat per l&#8217;empresa de c\u00e0tering Barnalleure. Si voleu consultar m\u00e9s informaci\u00f3 sobre l&#8217;empresa cliqueu sobre el logotip: Els infants reben una atenci\u00f3 personalitzada atenent la diversitat cultural on tenen a la disposici\u00f3 diferents tipus de men\u00fas: halal, basal, [&hellip;]<\/p>\n","protected":false},"author":1,"featured_media":0,"parent":66,"menu_order":30,"comment_status":"closed","ping_status":"closed","template":"page-templates\/side-menu.php","meta":{"_bbp_topic_count":0,"_bbp_reply_count":0,"_bbp_total_topic_count":0,"_bbp_total_reply_count":0,"_bbp_voice_count":0,"_bbp_anonymous_reply_count":0,"_bbp_topic_count_hidden":0,"_bbp_reply_count_hidden":0,"_bbp_forum_subforum_count":0,"site-sidebar-layout":"default","site-content-layout":"","ast-site-content-layout":"","site-content-style":"default","site-sidebar-style":"default","ast-global-header-display":"","ast-banner-title-visibility":"","ast-main-header-display":"","ast-hfb-above-header-display":"","ast-hfb-below-header-display":"","ast-hfb-mobile-header-display":"","site-post-title":"","ast-breadcrumbs-content":"","ast-featured-img":"","footer-sml-layout":"","theme-transparent-header-meta":"","adv-header-id-meta":"","stick-header-meta":"","header-above-stick-meta":"","header-main-stick-meta":"","header-below-stick-meta":"","astra-migrate-meta-layouts":"default","ast-page-background-enabled":"default","ast-page-background-meta":{"desktop":{"background-color":"var(--ast-global-color-4)","background-image":"","background-repeat":"repeat","background-position":"center center","background-size":"auto","background-attachment":"scroll","background-type":"","background-media":"","overlay-type":"","overlay-color":"","overlay-opacity":"","overlay-gradient":""},"tablet":{"background-color":"","background-image":"","background-repeat":"repeat","background-position":"center center","background-size":"auto","background-attachment":"scroll","background-type":"","background-media":"","overlay-type":"","overlay-color":"","overlay-opacity":"","overlay-gradient":""},"mobile":{"background-color":"","background-image":"","background-repeat":"repeat","background-position":"center center","background-size":"auto","background-attachment":"scroll","background-type":"","background-media":"","overlay-type":"","overlay-color":"","overlay-opacity":"","overlay-gradient":""}},"ast-content-background-meta":{"desktop":{"background-color":"var(--ast-global-color-5)","background-image":"","background-repeat":"repeat","background-position":"center center","background-size":"auto","background-attachment":"scroll","background-type":"","background-media":"","overlay-type":"","overlay-color":"","overlay-opacity":"","overlay-gradient":""},"tablet":{"background-color":"var(--ast-global-color-5)","background-image":"","background-repeat":"repeat","background-position":"center center","background-size":"auto","background-attachment":"scroll","background-type":"","background-media":"","overlay-type":"","overlay-color":"","overlay-opacity":"","overlay-gradient":""},"mobile":{"background-color":"var(--ast-global-color-5)","background-image":"","background-repeat":"repeat","background-position":"center center","background-size":"auto","background-attachment":"scroll","background-type":"","background-media":"","overlay-type":"","overlay-color":"","overlay-opacity":"","overlay-gradient":""}},"footnotes":""},"class_list":["post-73","page","type-page","status-publish","hentry"],"post_mailing_queue_ids":[],"_links":{"self":[{"href":"https:\/\/agora.xtec.cat\/ceipbanus\/wp-json\/wp\/v2\/pages\/73","targetHints":{"allow":["GET"]}}],"collection":[{"href":"https:\/\/agora.xtec.cat\/ceipbanus\/wp-json\/wp\/v2\/pages"}],"about":[{"href":"https:\/\/agora.xtec.cat\/ceipbanus\/wp-json\/wp\/v2\/types\/page"}],"author":[{"embeddable":true,"href":"https:\/\/agora.xtec.cat\/ceipbanus\/wp-json\/wp\/v2\/users\/1"}],"replies":[{"embeddable":true,"href":"https:\/\/agora.xtec.cat\/ceipbanus\/wp-json\/wp\/v2\/comments?post=73"}],"version-history":[{"count":6,"href":"https:\/\/agora.xtec.cat\/ceipbanus\/wp-json\/wp\/v2\/pages\/73\/revisions"}],"predecessor-version":[{"id":1570,"href":"https:\/\/agora.xtec.cat\/ceipbanus\/wp-json\/wp\/v2\/pages\/73\/revisions\/1570"}],"up":[{"embeddable":true,"href":"https:\/\/agora.xtec.cat\/ceipbanus\/wp-json\/wp\/v2\/pages\/66"}],"wp:attachment":[{"href":"https:\/\/agora.xtec.cat\/ceipbanus\/wp-json\/wp\/v2\/media?parent=73"}],"curies":[{"name":"wp","href":"https:\/\/api.w.org\/{rel}","templated":true}]}}