{"id":607,"date":"2023-02-28T13:09:42","date_gmt":"2023-02-28T12:09:42","guid":{"rendered":"https:\/\/agora.xtec.cat\/ceipbanus\/?page_id=607"},"modified":"2023-02-28T14:04:41","modified_gmt":"2023-02-28T13:04:41","slug":"fotos-de-grup-curs-22-23","status":"publish","type":"page","link":"https:\/\/agora.xtec.cat\/ceipbanus\/fotos-de-grup-curs-22-23\/","title":{"rendered":"Fotos de Grup Curs 22-23"},"content":{"rendered":"<p>INFANTIL 3<\/p>\n<p><a href=\"https:\/\/agora.xtec.cat\/ceipbanus\/wp-content\/uploads\/usu2337\/2023\/02\/IMG_1197-1-scaled.jpg\"><img loading=\"lazy\" decoding=\"async\" class=\"alignnone size-large wp-image-621\" src=\"https:\/\/agora.xtec.cat\/ceipbanus\/wp-content\/uploads\/usu2337\/2023\/02\/IMG_1197-1-1024x683.jpg\" alt=\"\" width=\"1024\" height=\"683\" srcset=\"https:\/\/agora.xtec.cat\/ceipbanus\/wp-content\/uploads\/usu2337\/2023\/02\/IMG_1197-1-1024x683.jpg 1024w, https:\/\/agora.xtec.cat\/ceipbanus\/wp-content\/uploads\/usu2337\/2023\/02\/IMG_1197-1-300x200.jpg 300w, https:\/\/agora.xtec.cat\/ceipbanus\/wp-content\/uploads\/usu2337\/2023\/02\/IMG_1197-1-768x512.jpg 768w, https:\/\/agora.xtec.cat\/ceipbanus\/wp-content\/uploads\/usu2337\/2023\/02\/IMG_1197-1-1536x1024.jpg 1536w, https:\/\/agora.xtec.cat\/ceipbanus\/wp-content\/uploads\/usu2337\/2023\/02\/IMG_1197-1-2048x1365.jpg 2048w\" sizes=\"auto, (max-width: 1024px) 100vw, 1024px\" \/><\/a><\/p>\n<p>INFANTIL 4<\/p>\n<p><a href=\"https:\/\/agora.xtec.cat\/ceipbanus\/wp-content\/uploads\/usu2337\/2023\/02\/IMG_1177-scaled.jpg\"><img loading=\"lazy\" decoding=\"async\" class=\"alignnone size-large wp-image-613\" src=\"https:\/\/agora.xtec.cat\/ceipbanus\/wp-content\/uploads\/usu2337\/2023\/02\/IMG_1177-1024x683.jpg\" alt=\"\" width=\"1024\" height=\"683\" srcset=\"https:\/\/agora.xtec.cat\/ceipbanus\/wp-content\/uploads\/usu2337\/2023\/02\/IMG_1177-1024x683.jpg 1024w, https:\/\/agora.xtec.cat\/ceipbanus\/wp-content\/uploads\/usu2337\/2023\/02\/IMG_1177-300x200.jpg 300w, https:\/\/agora.xtec.cat\/ceipbanus\/wp-content\/uploads\/usu2337\/2023\/02\/IMG_1177-768x512.jpg 768w, https:\/\/agora.xtec.cat\/ceipbanus\/wp-content\/uploads\/usu2337\/2023\/02\/IMG_1177-1536x1024.jpg 1536w, https:\/\/agora.xtec.cat\/ceipbanus\/wp-content\/uploads\/usu2337\/2023\/02\/IMG_1177-2048x1365.jpg 2048w\" sizes=\"auto, (max-width: 1024px) 100vw, 1024px\" \/><\/a><\/p>\n<p>INFANTIL 5<\/p>\n<p><a href=\"https:\/\/agora.xtec.cat\/ceipbanus\/wp-content\/uploads\/usu2337\/2023\/02\/IMG_1190.jpg\"><img loading=\"lazy\" decoding=\"async\" class=\"alignnone size-large wp-image-620\" src=\"https:\/\/agora.xtec.cat\/ceipbanus\/wp-content\/uploads\/usu2337\/2023\/02\/IMG_1190-1024x683.jpg\" alt=\"\" width=\"1024\" height=\"683\" srcset=\"https:\/\/agora.xtec.cat\/ceipbanus\/wp-content\/uploads\/usu2337\/2023\/02\/IMG_1190-1024x683.jpg 1024w, https:\/\/agora.xtec.cat\/ceipbanus\/wp-content\/uploads\/usu2337\/2023\/02\/IMG_1190-300x200.jpg 300w, https:\/\/agora.xtec.cat\/ceipbanus\/wp-content\/uploads\/usu2337\/2023\/02\/IMG_1190-768x512.jpg 768w, https:\/\/agora.xtec.cat\/ceipbanus\/wp-content\/uploads\/usu2337\/2023\/02\/IMG_1190-1536x1024.jpg 1536w, https:\/\/agora.xtec.cat\/ceipbanus\/wp-content\/uploads\/usu2337\/2023\/02\/IMG_1190-2048x1365.jpg 2048w\" sizes=\"auto, (max-width: 1024px) 100vw, 1024px\" \/><\/a><\/p>\n<p>PRIM\u00c0RIA 1<\/p>\n<p><a href=\"https:\/\/agora.xtec.cat\/ceipbanus\/wp-content\/uploads\/usu2337\/2023\/02\/IMG_1215.jpg\"><img loading=\"lazy\" decoding=\"async\" class=\"alignnone size-large wp-image-622\" src=\"https:\/\/agora.xtec.cat\/ceipbanus\/wp-content\/uploads\/usu2337\/2023\/02\/IMG_1215-1024x683.jpg\" alt=\"\" width=\"1024\" height=\"683\" srcset=\"https:\/\/agora.xtec.cat\/ceipbanus\/wp-content\/uploads\/usu2337\/2023\/02\/IMG_1215-1024x683.jpg 1024w, https:\/\/agora.xtec.cat\/ceipbanus\/wp-content\/uploads\/usu2337\/2023\/02\/IMG_1215-300x200.jpg 300w, https:\/\/agora.xtec.cat\/ceipbanus\/wp-content\/uploads\/usu2337\/2023\/02\/IMG_1215-768x512.jpg 768w, https:\/\/agora.xtec.cat\/ceipbanus\/wp-content\/uploads\/usu2337\/2023\/02\/IMG_1215-1536x1024.jpg 1536w, https:\/\/agora.xtec.cat\/ceipbanus\/wp-content\/uploads\/usu2337\/2023\/02\/IMG_1215-2048x1365.jpg 2048w\" sizes=\"auto, (max-width: 1024px) 100vw, 1024px\" \/><\/a><\/p>\n<p>PRIM\u00c0RIA 2<\/p>\n<p><a href=\"https:\/\/agora.xtec.cat\/ceipbanus\/wp-content\/uploads\/usu2337\/2023\/02\/IMG_1226.jpg\"><img loading=\"lazy\" decoding=\"async\" class=\"alignnone size-large wp-image-623\" src=\"https:\/\/agora.xtec.cat\/ceipbanus\/wp-content\/uploads\/usu2337\/2023\/02\/IMG_1226-1024x683.jpg\" alt=\"\" width=\"1024\" height=\"683\" srcset=\"https:\/\/agora.xtec.cat\/ceipbanus\/wp-content\/uploads\/usu2337\/2023\/02\/IMG_1226-1024x683.jpg 1024w, https:\/\/agora.xtec.cat\/ceipbanus\/wp-content\/uploads\/usu2337\/2023\/02\/IMG_1226-300x200.jpg 300w, https:\/\/agora.xtec.cat\/ceipbanus\/wp-content\/uploads\/usu2337\/2023\/02\/IMG_1226-768x512.jpg 768w, https:\/\/agora.xtec.cat\/ceipbanus\/wp-content\/uploads\/usu2337\/2023\/02\/IMG_1226-1536x1024.jpg 1536w, https:\/\/agora.xtec.cat\/ceipbanus\/wp-content\/uploads\/usu2337\/2023\/02\/IMG_1226-2048x1365.jpg 2048w\" sizes=\"auto, (max-width: 1024px) 100vw, 1024px\" \/><\/a><\/p>\n<p>PRIM\u00c0RIA 3<\/p>\n<p><a href=\"https:\/\/agora.xtec.cat\/ceipbanus\/wp-content\/uploads\/usu2337\/2023\/02\/IMG_1234-1-scaled.jpg\"><img loading=\"lazy\" decoding=\"async\" class=\"alignnone size-large wp-image-624\" src=\"https:\/\/agora.xtec.cat\/ceipbanus\/wp-content\/uploads\/usu2337\/2023\/02\/IMG_1234-1-1024x683.jpg\" alt=\"\" width=\"1024\" height=\"683\" srcset=\"https:\/\/agora.xtec.cat\/ceipbanus\/wp-content\/uploads\/usu2337\/2023\/02\/IMG_1234-1-1024x683.jpg 1024w, https:\/\/agora.xtec.cat\/ceipbanus\/wp-content\/uploads\/usu2337\/2023\/02\/IMG_1234-1-300x200.jpg 300w, https:\/\/agora.xtec.cat\/ceipbanus\/wp-content\/uploads\/usu2337\/2023\/02\/IMG_1234-1-768x512.jpg 768w, https:\/\/agora.xtec.cat\/ceipbanus\/wp-content\/uploads\/usu2337\/2023\/02\/IMG_1234-1-1536x1024.jpg 1536w, https:\/\/agora.xtec.cat\/ceipbanus\/wp-content\/uploads\/usu2337\/2023\/02\/IMG_1234-1-2048x1365.jpg 2048w\" sizes=\"auto, (max-width: 1024px) 100vw, 1024px\" \/><\/a><\/p>\n<p>PRIM\u00c0RIA 4<\/p>\n<p><a href=\"https:\/\/agora.xtec.cat\/ceipbanus\/wp-content\/uploads\/usu2337\/2023\/02\/IMG_1247-1.jpg\"><img loading=\"lazy\" decoding=\"async\" class=\"alignnone size-large wp-image-625\" src=\"https:\/\/agora.xtec.cat\/ceipbanus\/wp-content\/uploads\/usu2337\/2023\/02\/IMG_1247-1-1024x683.jpg\" alt=\"\" width=\"1024\" height=\"683\" srcset=\"https:\/\/agora.xtec.cat\/ceipbanus\/wp-content\/uploads\/usu2337\/2023\/02\/IMG_1247-1-1024x683.jpg 1024w, https:\/\/agora.xtec.cat\/ceipbanus\/wp-content\/uploads\/usu2337\/2023\/02\/IMG_1247-1-300x200.jpg 300w, https:\/\/agora.xtec.cat\/ceipbanus\/wp-content\/uploads\/usu2337\/2023\/02\/IMG_1247-1-768x512.jpg 768w, https:\/\/agora.xtec.cat\/ceipbanus\/wp-content\/uploads\/usu2337\/2023\/02\/IMG_1247-1-1536x1024.jpg 1536w, https:\/\/agora.xtec.cat\/ceipbanus\/wp-content\/uploads\/usu2337\/2023\/02\/IMG_1247-1-2048x1365.jpg 2048w\" sizes=\"auto, (max-width: 1024px) 100vw, 1024px\" \/><\/a><\/p>\n<p>PRIM\u00c0RIA 5<\/p>\n<p><a href=\"https:\/\/agora.xtec.cat\/ceipbanus\/wp-content\/uploads\/usu2337\/2023\/02\/IMG_1254-1-scaled.jpg\"><img loading=\"lazy\" decoding=\"async\" class=\"alignnone size-large wp-image-626\" src=\"https:\/\/agora.xtec.cat\/ceipbanus\/wp-content\/uploads\/usu2337\/2023\/02\/IMG_1254-1-1024x683.jpg\" alt=\"\" width=\"1024\" height=\"683\" srcset=\"https:\/\/agora.xtec.cat\/ceipbanus\/wp-content\/uploads\/usu2337\/2023\/02\/IMG_1254-1-1024x683.jpg 1024w, https:\/\/agora.xtec.cat\/ceipbanus\/wp-content\/uploads\/usu2337\/2023\/02\/IMG_1254-1-300x200.jpg 300w, https:\/\/agora.xtec.cat\/ceipbanus\/wp-content\/uploads\/usu2337\/2023\/02\/IMG_1254-1-768x512.jpg 768w, https:\/\/agora.xtec.cat\/ceipbanus\/wp-content\/uploads\/usu2337\/2023\/02\/IMG_1254-1-1536x1024.jpg 1536w, https:\/\/agora.xtec.cat\/ceipbanus\/wp-content\/uploads\/usu2337\/2023\/02\/IMG_1254-1-2048x1365.jpg 2048w\" sizes=\"auto, (max-width: 1024px) 100vw, 1024px\" \/><\/a><\/p>\n<p>PRIM\u00c0RIA 6<\/p>\n<p><a href=\"https:\/\/agora.xtec.cat\/ceipbanus\/wp-content\/uploads\/usu2337\/2023\/02\/IMG_1275-1-scaled.jpg\"><img loading=\"lazy\" decoding=\"async\" class=\"alignnone size-large wp-image-627\" src=\"https:\/\/agora.xtec.cat\/ceipbanus\/wp-content\/uploads\/usu2337\/2023\/02\/IMG_1275-1-1024x683.jpg\" alt=\"\" width=\"1024\" height=\"683\" srcset=\"https:\/\/agora.xtec.cat\/ceipbanus\/wp-content\/uploads\/usu2337\/2023\/02\/IMG_1275-1-1024x683.jpg 1024w, https:\/\/agora.xtec.cat\/ceipbanus\/wp-content\/uploads\/usu2337\/2023\/02\/IMG_1275-1-300x200.jpg 300w, https:\/\/agora.xtec.cat\/ceipbanus\/wp-content\/uploads\/usu2337\/2023\/02\/IMG_1275-1-768x512.jpg 768w, https:\/\/agora.xtec.cat\/ceipbanus\/wp-content\/uploads\/usu2337\/2023\/02\/IMG_1275-1-1536x1024.jpg 1536w, https:\/\/agora.xtec.cat\/ceipbanus\/wp-content\/uploads\/usu2337\/2023\/02\/IMG_1275-1-2048x1365.jpg 2048w\" sizes=\"auto, (max-width: 1024px) 100vw, 1024px\" \/><\/a><\/p>\n<p>&nbsp;<\/p>\n","protected":false},"excerpt":{"rendered":"<p>INFANTIL 3 INFANTIL 4 INFANTIL 5 PRIM\u00c0RIA 1 PRIM\u00c0RIA 2 PRIM\u00c0RIA 3 PRIM\u00c0RIA 4 PRIM\u00c0RIA 5 PRIM\u00c0RIA 6 &nbsp;<\/p>\n","protected":false},"author":1,"featured_media":0,"parent":0,"menu_order":0,"comment_status":"closed","ping_status":"closed","template":"","meta":{"_bbp_topic_count":0,"_bbp_reply_count":0,"_bbp_total_topic_count":0,"_bbp_total_reply_count":0,"_bbp_voice_count":0,"_bbp_anonymous_reply_count":0,"_bbp_topic_count_hidden":0,"_bbp_reply_count_hidden":0,"_bbp_forum_subforum_count":0,"site-sidebar-layout":"default","site-content-layout":"","ast-site-content-layout":"","site-content-style":"default","site-sidebar-style":"default","ast-global-header-display":"","ast-banner-title-visibility":"","ast-main-header-display":"","ast-hfb-above-header-display":"","ast-hfb-below-header-display":"","ast-hfb-mobile-header-display":"","site-post-title":"","ast-breadcrumbs-content":"","ast-featured-img":"","footer-sml-layout":"","theme-transparent-header-meta":"","adv-header-id-meta":"","stick-header-meta":"","header-above-stick-meta":"","header-main-stick-meta":"","header-below-stick-meta":"","astra-migrate-meta-layouts":"default","ast-page-background-enabled":"default","ast-page-background-meta":{"desktop":{"background-color":"var(--ast-global-color-4)","background-image":"","background-repeat":"repeat","background-position":"center center","background-size":"auto","background-attachment":"scroll","background-type":"","background-media":"","overlay-type":"","overlay-color":"","overlay-opacity":"","overlay-gradient":""},"tablet":{"background-color":"","background-image":"","background-repeat":"repeat","background-position":"center center","background-size":"auto","background-attachment":"scroll","background-type":"","background-media":"","overlay-type":"","overlay-color":"","overlay-opacity":"","overlay-gradient":""},"mobile":{"background-color":"","background-image":"","background-repeat":"repeat","background-position":"center center","background-size":"auto","background-attachment":"scroll","background-type":"","background-media":"","overlay-type":"","overlay-color":"","overlay-opacity":"","overlay-gradient":""}},"ast-content-background-meta":{"desktop":{"background-color":"var(--ast-global-color-5)","background-image":"","background-repeat":"repeat","background-position":"center center","background-size":"auto","background-attachment":"scroll","background-type":"","background-media":"","overlay-type":"","overlay-color":"","overlay-opacity":"","overlay-gradient":""},"tablet":{"background-color":"var(--ast-global-color-5)","background-image":"","background-repeat":"repeat","background-position":"center center","background-size":"auto","background-attachment":"scroll","background-type":"","background-media":"","overlay-type":"","overlay-color":"","overlay-opacity":"","overlay-gradient":""},"mobile":{"background-color":"var(--ast-global-color-5)","background-image":"","background-repeat":"repeat","background-position":"center center","background-size":"auto","background-attachment":"scroll","background-type":"","background-media":"","overlay-type":"","overlay-color":"","overlay-opacity":"","overlay-gradient":""}},"footnotes":""},"class_list":["post-607","page","type-page","status-publish","hentry"],"post_mailing_queue_ids":[],"_links":{"self":[{"href":"https:\/\/agora.xtec.cat\/ceipbanus\/wp-json\/wp\/v2\/pages\/607","targetHints":{"allow":["GET"]}}],"collection":[{"href":"https:\/\/agora.xtec.cat\/ceipbanus\/wp-json\/wp\/v2\/pages"}],"about":[{"href":"https:\/\/agora.xtec.cat\/ceipbanus\/wp-json\/wp\/v2\/types\/page"}],"author":[{"embeddable":true,"href":"https:\/\/agora.xtec.cat\/ceipbanus\/wp-json\/wp\/v2\/users\/1"}],"replies":[{"embeddable":true,"href":"https:\/\/agora.xtec.cat\/ceipbanus\/wp-json\/wp\/v2\/comments?post=607"}],"version-history":[{"count":3,"href":"https:\/\/agora.xtec.cat\/ceipbanus\/wp-json\/wp\/v2\/pages\/607\/revisions"}],"predecessor-version":[{"id":628,"href":"https:\/\/agora.xtec.cat\/ceipbanus\/wp-json\/wp\/v2\/pages\/607\/revisions\/628"}],"wp:attachment":[{"href":"https:\/\/agora.xtec.cat\/ceipbanus\/wp-json\/wp\/v2\/media?parent=607"}],"curies":[{"name":"wp","href":"https:\/\/api.w.org\/{rel}","templated":true}]}}