{"id":28,"date":"2014-09-18T12:29:35","date_gmt":"2014-09-18T11:29:35","guid":{"rendered":"http:\/\/agora.xtec.cat\/ceipbanus\/?page_id=28"},"modified":"2025-11-24T16:21:07","modified_gmt":"2025-11-24T15:21:07","slug":"membres-consell","status":"publish","type":"page","link":"https:\/\/agora.xtec.cat\/ceipbanus\/lescola\/membres-consell\/","title":{"rendered":"Membres del Consell"},"content":{"rendered":"<p><a href=\"https:\/\/agora.xtec.cat\/ceipbanus\/wp-content\/uploads\/usu2337\/2025\/11\/Mapa-Conceptual-Esquema-Doodle-Infantil-Multicolor.jpg\"><img loading=\"lazy\" decoding=\"async\" class=\"alignnone size-full wp-image-1558\" src=\"https:\/\/agora.xtec.cat\/ceipbanus\/wp-content\/uploads\/usu2337\/2025\/11\/Mapa-Conceptual-Esquema-Doodle-Infantil-Multicolor.jpg\" alt=\"\" width=\"1024\" height=\"768\" srcset=\"https:\/\/agora.xtec.cat\/ceipbanus\/wp-content\/uploads\/usu2337\/2025\/11\/Mapa-Conceptual-Esquema-Doodle-Infantil-Multicolor.jpg 1024w, https:\/\/agora.xtec.cat\/ceipbanus\/wp-content\/uploads\/usu2337\/2025\/11\/Mapa-Conceptual-Esquema-Doodle-Infantil-Multicolor-300x225.jpg 300w, https:\/\/agora.xtec.cat\/ceipbanus\/wp-content\/uploads\/usu2337\/2025\/11\/Mapa-Conceptual-Esquema-Doodle-Infantil-Multicolor-768x576.jpg 768w, https:\/\/agora.xtec.cat\/ceipbanus\/wp-content\/uploads\/usu2337\/2025\/11\/Mapa-Conceptual-Esquema-Doodle-Infantil-Multicolor-200x150.jpg 200w\" sizes=\"auto, (max-width: 1024px) 100vw, 1024px\" \/><\/a><\/p>\n<p>&nbsp;<\/p>\n<table border=\"0\" width=\"825\" cellspacing=\"0\">\n<tbody>\n<tr>\n<td width=\"96\"><\/td>\n<td width=\"725\"><span style=\"text-decoration: underline;\"><strong><span class=\"Estilo1 Estilo2\">Funcions del consell escolar<\/span><\/strong><\/span><\/td>\n<\/tr>\n<tr>\n<td><\/td>\n<td>\n<p class=\"Estilo7\">Aprovar els documents program\u00e0tics del centre: Projecte educatiu, Programaci\u00f3 general anual del centre, Normes d&#8217;organitzaci\u00f3 i funcionament, Carta de comprom\u00eds educatiu. Acords de coresponsabilitat i de col\u00b7laboraci\u00f3 amb altres entitats o institucions.<\/p>\n<p class=\"Estilo7\">Participar en les an\u00e0lisis i les avaluacions del funcionament general del centre i con\u00e8ixer l&#8217;evoluci\u00f3 del rendiment escolar i la Mem\u00f2ria avaluativa del curs.<\/p>\n<p class=\"Estilo7\">Aprovar el pressupost econ\u00f2mic del centre i el rendiment de comptes.<\/p>\n<p class=\"Estilo7\">Intervenir en el procediment d&#8217;admissi\u00f3 d&#8217;alumnes.<\/p>\n<p class=\"Estilo7\">Nomenar un representant per a participar en la comissi\u00f3 que ha de valorar els candidats a ocupar el c\u00e0rrec de director.<\/p>\n<p class=\"Estilo7\">Revisar la incoaci\u00f3 de possibles expedients disciplinaris als alumnes i la seva resoluci\u00f3.<\/p>\n<p class=\"Estilo7\">Aprovar les directrius per a la programaci\u00f3 d&#8217;activitats escolars complement\u00e0ries i d&#8217;activitats extraescolars.<\/p>\n<\/td>\n<\/tr>\n<tr>\n<td><\/td>\n<td><\/td>\n<\/tr>\n<tr>\n<td><\/td>\n<td><span class=\"Estilo1 Estilo2\">Previsi\u00f3 de reunions ordin\u00e0ries<\/span><\/td>\n<\/tr>\n<tr>\n<td><\/td>\n<td>\n<p class=\"Estilo7\">\u2022 Aprovar la Programaci\u00f3 General del Curs (PGC): finals octubre.<\/p>\n<p class=\"Estilo7\">\u2022 Aprovar els comptes de la subvenci\u00f3 de l&#8217;ajuntament per a la reutilitzaci\u00f3 dels llibres de text: principis de desembre.<\/p>\n<p class=\"Estilo7\">\u2022 Valorar el funcionament general del centre durant el 1r trimestre i el nivell d&#8217;execuci\u00f3 dels objectius: inicis de gener.<\/p>\n<p><span class=\"Estilo7\">\u2022 Revisar les reclamacions al llistats baremats de sol\u00b7licituds de matr\u00edcula: finals del 2n trimestre.<\/span><\/p>\n<p class=\"Estilo7\">\u2022 Valorar el funcionament general del centre durant el 2n trimestre i el nivell d&#8217;execuci\u00f3 dels objectius: inici del tercer trimestre.<\/p>\n<p class=\"Estilo7\">\u2022 Aprovar la justificaci\u00f3 anual de comptes: com a m\u00e9s tard a mitjans d&#8217;abril.<\/p>\n<p class=\"Estilo7\">\u2022 Analitzar el funcionament del curs, informar la Mem\u00f2ria avaluativa: final de curs.<\/p>\n<\/td>\n<\/tr>\n<\/tbody>\n<\/table>\n","protected":false},"excerpt":{"rendered":"<p>&nbsp; Funcions del consell escolar Aprovar els documents program\u00e0tics del centre: Projecte educatiu, Programaci\u00f3 general anual del centre, Normes d&#8217;organitzaci\u00f3 i funcionament, Carta de comprom\u00eds educatiu. Acords de coresponsabilitat i de col\u00b7laboraci\u00f3 amb altres entitats o institucions. Participar en les an\u00e0lisis i les avaluacions del funcionament general del centre i con\u00e8ixer l&#8217;evoluci\u00f3 del rendiment escolar [&hellip;]<\/p>\n","protected":false},"author":1,"featured_media":0,"parent":22,"menu_order":30,"comment_status":"closed","ping_status":"closed","template":"page-templates\/side-menu.php","meta":{"_bbp_topic_count":0,"_bbp_reply_count":0,"_bbp_total_topic_count":0,"_bbp_total_reply_count":0,"_bbp_voice_count":0,"_bbp_anonymous_reply_count":0,"_bbp_topic_count_hidden":0,"_bbp_reply_count_hidden":0,"_bbp_forum_subforum_count":0,"site-sidebar-layout":"default","site-content-layout":"","ast-site-content-layout":"","site-content-style":"default","site-sidebar-style":"default","ast-global-header-display":"","ast-banner-title-visibility":"","ast-main-header-display":"","ast-hfb-above-header-display":"","ast-hfb-below-header-display":"","ast-hfb-mobile-header-display":"","site-post-title":"","ast-breadcrumbs-content":"","ast-featured-img":"","footer-sml-layout":"","theme-transparent-header-meta":"","adv-header-id-meta":"","stick-header-meta":"","header-above-stick-meta":"","header-main-stick-meta":"","header-below-stick-meta":"","astra-migrate-meta-layouts":"default","ast-page-background-enabled":"default","ast-page-background-meta":{"desktop":{"background-color":"var(--ast-global-color-4)","background-image":"","background-repeat":"repeat","background-position":"center center","background-size":"auto","background-attachment":"scroll","background-type":"","background-media":"","overlay-type":"","overlay-color":"","overlay-opacity":"","overlay-gradient":""},"tablet":{"background-color":"","background-image":"","background-repeat":"repeat","background-position":"center center","background-size":"auto","background-attachment":"scroll","background-type":"","background-media":"","overlay-type":"","overlay-color":"","overlay-opacity":"","overlay-gradient":""},"mobile":{"background-color":"","background-image":"","background-repeat":"repeat","background-position":"center center","background-size":"auto","background-attachment":"scroll","background-type":"","background-media":"","overlay-type":"","overlay-color":"","overlay-opacity":"","overlay-gradient":""}},"ast-content-background-meta":{"desktop":{"background-color":"var(--ast-global-color-5)","background-image":"","background-repeat":"repeat","background-position":"center center","background-size":"auto","background-attachment":"scroll","background-type":"","background-media":"","overlay-type":"","overlay-color":"","overlay-opacity":"","overlay-gradient":""},"tablet":{"background-color":"var(--ast-global-color-5)","background-image":"","background-repeat":"repeat","background-position":"center center","background-size":"auto","background-attachment":"scroll","background-type":"","background-media":"","overlay-type":"","overlay-color":"","overlay-opacity":"","overlay-gradient":""},"mobile":{"background-color":"var(--ast-global-color-5)","background-image":"","background-repeat":"repeat","background-position":"center center","background-size":"auto","background-attachment":"scroll","background-type":"","background-media":"","overlay-type":"","overlay-color":"","overlay-opacity":"","overlay-gradient":""}},"footnotes":""},"class_list":["post-28","page","type-page","status-publish","hentry"],"post_mailing_queue_ids":[],"_links":{"self":[{"href":"https:\/\/agora.xtec.cat\/ceipbanus\/wp-json\/wp\/v2\/pages\/28","targetHints":{"allow":["GET"]}}],"collection":[{"href":"https:\/\/agora.xtec.cat\/ceipbanus\/wp-json\/wp\/v2\/pages"}],"about":[{"href":"https:\/\/agora.xtec.cat\/ceipbanus\/wp-json\/wp\/v2\/types\/page"}],"author":[{"embeddable":true,"href":"https:\/\/agora.xtec.cat\/ceipbanus\/wp-json\/wp\/v2\/users\/1"}],"replies":[{"embeddable":true,"href":"https:\/\/agora.xtec.cat\/ceipbanus\/wp-json\/wp\/v2\/comments?post=28"}],"version-history":[{"count":5,"href":"https:\/\/agora.xtec.cat\/ceipbanus\/wp-json\/wp\/v2\/pages\/28\/revisions"}],"predecessor-version":[{"id":1559,"href":"https:\/\/agora.xtec.cat\/ceipbanus\/wp-json\/wp\/v2\/pages\/28\/revisions\/1559"}],"up":[{"embeddable":true,"href":"https:\/\/agora.xtec.cat\/ceipbanus\/wp-json\/wp\/v2\/pages\/22"}],"wp:attachment":[{"href":"https:\/\/agora.xtec.cat\/ceipbanus\/wp-json\/wp\/v2\/media?parent=28"}],"curies":[{"name":"wp","href":"https:\/\/api.w.org\/{rel}","templated":true}]}}