{"id":26,"date":"2014-09-18T12:24:32","date_gmt":"2014-09-18T11:24:32","guid":{"rendered":"http:\/\/agora.xtec.cat\/ceipbanus\/?page_id=26"},"modified":"2023-01-17T10:52:19","modified_gmt":"2023-01-17T09:52:19","slug":"historia","status":"publish","type":"page","link":"https:\/\/agora.xtec.cat\/ceipbanus\/lescola\/historia\/","title":{"rendered":"Hist\u00f2ria"},"content":{"rendered":"<p class=\"Estilo18\">Som una escola d&#8217;educaci\u00f3 infantil i prim\u00e0ria creada l&#8217;any 1978. Dues idees clau conformen el nostre projecte educatiu:<\/p>\n<ul>\n<li class=\"Estilo18\">\n<div align=\"justify\">Volem ser una escola oberta a les fam\u00edlies, a les seves iniciatives, a la seva participaci\u00f3 en la vida del centre. Mares, pares i mestres tenim una tasca en com\u00fa, ens hem de con\u00e8ixer, hem de col\u00b7laborar i hem d&#8217;afermar la confian\u00e7a m\u00fatua.<\/div>\n<\/li>\n<\/ul>\n<ul>\n<li class=\"Estilo18\">Ens preocupa la millora progressiva de la qualitat de l&#8217;ensenyament. Els mestres hem d&#8217;ajudar a cr\u00e9ixer els alumnes en tots els \u00e0mbits de la personalitat. Per aconseguir-ho hem de mantenir la seva il\u00b7lusi\u00f3 per aprendre, hem de crear un clima d&#8217;afecte dins les classes i, a la vegada hem de reflexionar sobre la nostra pr\u00e0ctica docent, avaluar els nostres m\u00e8todes d&#8217;ensenyament, buscar i experimentar noves accions educatives.<\/li>\n<\/ul>\n","protected":false},"excerpt":{"rendered":"<p>Som una escola d&#8217;educaci\u00f3 infantil i prim\u00e0ria creada l&#8217;any 1978. Dues idees clau conformen el nostre projecte educatiu: Volem ser una escola oberta a les fam\u00edlies, a les seves iniciatives, a la seva participaci\u00f3 en la vida del centre. Mares, pares i mestres tenim una tasca en com\u00fa, ens hem de con\u00e8ixer, hem de col\u00b7laborar [&hellip;]<\/p>\n","protected":false},"author":1,"featured_media":0,"parent":22,"menu_order":20,"comment_status":"closed","ping_status":"closed","template":"page-templates\/side-menu.php","meta":{"_bbp_topic_count":0,"_bbp_reply_count":0,"_bbp_total_topic_count":0,"_bbp_total_reply_count":0,"_bbp_voice_count":0,"_bbp_anonymous_reply_count":0,"_bbp_topic_count_hidden":0,"_bbp_reply_count_hidden":0,"_bbp_forum_subforum_count":0,"site-sidebar-layout":"default","site-content-layout":"","ast-site-content-layout":"","site-content-style":"default","site-sidebar-style":"default","ast-global-header-display":"","ast-banner-title-visibility":"","ast-main-header-display":"","ast-hfb-above-header-display":"","ast-hfb-below-header-display":"","ast-hfb-mobile-header-display":"","site-post-title":"","ast-breadcrumbs-content":"","ast-featured-img":"","footer-sml-layout":"","theme-transparent-header-meta":"","adv-header-id-meta":"","stick-header-meta":"","header-above-stick-meta":"","header-main-stick-meta":"","header-below-stick-meta":"","astra-migrate-meta-layouts":"default","ast-page-background-enabled":"default","ast-page-background-meta":{"desktop":{"background-color":"var(--ast-global-color-4)","background-image":"","background-repeat":"repeat","background-position":"center center","background-size":"auto","background-attachment":"scroll","background-type":"","background-media":"","overlay-type":"","overlay-color":"","overlay-opacity":"","overlay-gradient":""},"tablet":{"background-color":"","background-image":"","background-repeat":"repeat","background-position":"center center","background-size":"auto","background-attachment":"scroll","background-type":"","background-media":"","overlay-type":"","overlay-color":"","overlay-opacity":"","overlay-gradient":""},"mobile":{"background-color":"","background-image":"","background-repeat":"repeat","background-position":"center center","background-size":"auto","background-attachment":"scroll","background-type":"","background-media":"","overlay-type":"","overlay-color":"","overlay-opacity":"","overlay-gradient":""}},"ast-content-background-meta":{"desktop":{"background-color":"var(--ast-global-color-5)","background-image":"","background-repeat":"repeat","background-position":"center center","background-size":"auto","background-attachment":"scroll","background-type":"","background-media":"","overlay-type":"","overlay-color":"","overlay-opacity":"","overlay-gradient":""},"tablet":{"background-color":"var(--ast-global-color-5)","background-image":"","background-repeat":"repeat","background-position":"center center","background-size":"auto","background-attachment":"scroll","background-type":"","background-media":"","overlay-type":"","overlay-color":"","overlay-opacity":"","overlay-gradient":""},"mobile":{"background-color":"var(--ast-global-color-5)","background-image":"","background-repeat":"repeat","background-position":"center center","background-size":"auto","background-attachment":"scroll","background-type":"","background-media":"","overlay-type":"","overlay-color":"","overlay-opacity":"","overlay-gradient":""}},"footnotes":""},"class_list":["post-26","page","type-page","status-publish","hentry"],"post_mailing_queue_ids":[],"_links":{"self":[{"href":"https:\/\/agora.xtec.cat\/ceipbanus\/wp-json\/wp\/v2\/pages\/26","targetHints":{"allow":["GET"]}}],"collection":[{"href":"https:\/\/agora.xtec.cat\/ceipbanus\/wp-json\/wp\/v2\/pages"}],"about":[{"href":"https:\/\/agora.xtec.cat\/ceipbanus\/wp-json\/wp\/v2\/types\/page"}],"author":[{"embeddable":true,"href":"https:\/\/agora.xtec.cat\/ceipbanus\/wp-json\/wp\/v2\/users\/1"}],"replies":[{"embeddable":true,"href":"https:\/\/agora.xtec.cat\/ceipbanus\/wp-json\/wp\/v2\/comments?post=26"}],"version-history":[{"count":1,"href":"https:\/\/agora.xtec.cat\/ceipbanus\/wp-json\/wp\/v2\/pages\/26\/revisions"}],"predecessor-version":[{"id":574,"href":"https:\/\/agora.xtec.cat\/ceipbanus\/wp-json\/wp\/v2\/pages\/26\/revisions\/574"}],"up":[{"embeddable":true,"href":"https:\/\/agora.xtec.cat\/ceipbanus\/wp-json\/wp\/v2\/pages\/22"}],"wp:attachment":[{"href":"https:\/\/agora.xtec.cat\/ceipbanus\/wp-json\/wp\/v2\/media?parent=26"}],"curies":[{"name":"wp","href":"https:\/\/api.w.org\/{rel}","templated":true}]}}