{"id":24,"date":"2014-09-18T12:23:15","date_gmt":"2014-09-18T11:23:15","guid":{"rendered":"http:\/\/agora.xtec.cat\/ceipbanus\/?page_id=24"},"modified":"2023-09-08T16:53:31","modified_gmt":"2023-09-08T14:53:31","slug":"on-som","status":"publish","type":"page","link":"https:\/\/agora.xtec.cat\/ceipbanus\/lescola\/on-som\/","title":{"rendered":"On som"},"content":{"rendered":"<p style=\"color: #666666;\"><strong>Escola Ban\u00fas<\/strong><br \/>\nAv. dels Ban\u00fas, 68, 08921 Santa Coloma de Gramenet<\/p>\n<p>Tel. 93.386.30.71<\/p>\n<p>M\u00f2bil: 630 73 22 99<\/p>\n<p>escolabanus<span class=\"atwho-query\">@xtec.cat<\/span><\/p>\n<p><a href=\"https:\/\/goo.gl\/maps\/z86foycaeLK24t2o7\">ENLLA\u00c7 A GOOGLE MAPS<\/a><\/p>\n<p><a href=\"https:\/\/agora.xtec.cat\/ceipbanus\/wp-content\/uploads\/usu2337\/2023\/05\/mapabanus.jpg\"><img loading=\"lazy\" decoding=\"async\" class=\"alignnone size-large wp-image-883\" src=\"https:\/\/agora.xtec.cat\/ceipbanus\/wp-content\/uploads\/usu2337\/2023\/05\/mapabanus-1024x629.jpg\" alt=\"\" width=\"1024\" height=\"629\" srcset=\"https:\/\/agora.xtec.cat\/ceipbanus\/wp-content\/uploads\/usu2337\/2023\/05\/mapabanus-1024x629.jpg 1024w, https:\/\/agora.xtec.cat\/ceipbanus\/wp-content\/uploads\/usu2337\/2023\/05\/mapabanus-300x184.jpg 300w, https:\/\/agora.xtec.cat\/ceipbanus\/wp-content\/uploads\/usu2337\/2023\/05\/mapabanus-768x472.jpg 768w, https:\/\/agora.xtec.cat\/ceipbanus\/wp-content\/uploads\/usu2337\/2023\/05\/mapabanus.jpg 1248w\" sizes=\"auto, (max-width: 1024px) 100vw, 1024px\" \/><\/a><\/p>\n<p><strong>Com arribar-hi:<\/strong><\/p>\n<p><b>Accsesos amb Metro: <\/b>L\u00ednia 1 vermella: parada &#8220;Santa Coloma&#8221; i parada &#8220;Fondo&#8221;. L\u00ednia 9 nord taronja: parada &#8220;Santa Rosa&#8221;.<\/p>\n<p><strong>Accessos amb bus:<\/strong> V33, B20, B80.<\/p>\n<p><strong>Accessos amb cotxe: <\/strong>procedents de Ronda de Dalt: sortida Potos\u00ed; procedents de Ronda Litoral: sortida Sta.Coloma.<\/p>\n<p>&nbsp;<\/p>\n","protected":false},"excerpt":{"rendered":"<p>Escola Ban\u00fas Av. dels Ban\u00fas, 68, 08921 Santa Coloma de Gramenet Tel. 93.386.30.71 M\u00f2bil: 630 73 22 99 escolabanus@xtec.cat ENLLA\u00c7 A GOOGLE MAPS Com arribar-hi: Accsesos amb Metro: L\u00ednia 1 vermella: parada &#8220;Santa Coloma&#8221; i parada &#8220;Fondo&#8221;. L\u00ednia 9 nord taronja: parada &#8220;Santa Rosa&#8221;. Accessos amb bus: V33, B20, B80. Accessos amb cotxe: procedents de [&hellip;]<\/p>\n","protected":false},"author":1,"featured_media":0,"parent":22,"menu_order":10,"comment_status":"closed","ping_status":"closed","template":"page-templates\/side-menu.php","meta":{"_bbp_topic_count":0,"_bbp_reply_count":0,"_bbp_total_topic_count":0,"_bbp_total_reply_count":0,"_bbp_voice_count":0,"_bbp_anonymous_reply_count":0,"_bbp_topic_count_hidden":0,"_bbp_reply_count_hidden":0,"_bbp_forum_subforum_count":0,"site-sidebar-layout":"default","site-content-layout":"","ast-site-content-layout":"","site-content-style":"default","site-sidebar-style":"default","ast-global-header-display":"","ast-banner-title-visibility":"","ast-main-header-display":"","ast-hfb-above-header-display":"","ast-hfb-below-header-display":"","ast-hfb-mobile-header-display":"","site-post-title":"","ast-breadcrumbs-content":"","ast-featured-img":"","footer-sml-layout":"","theme-transparent-header-meta":"","adv-header-id-meta":"","stick-header-meta":"","header-above-stick-meta":"","header-main-stick-meta":"","header-below-stick-meta":"","astra-migrate-meta-layouts":"default","ast-page-background-enabled":"default","ast-page-background-meta":{"desktop":{"background-color":"var(--ast-global-color-4)","background-image":"","background-repeat":"repeat","background-position":"center center","background-size":"auto","background-attachment":"scroll","background-type":"","background-media":"","overlay-type":"","overlay-color":"","overlay-opacity":"","overlay-gradient":""},"tablet":{"background-color":"","background-image":"","background-repeat":"repeat","background-position":"center center","background-size":"auto","background-attachment":"scroll","background-type":"","background-media":"","overlay-type":"","overlay-color":"","overlay-opacity":"","overlay-gradient":""},"mobile":{"background-color":"","background-image":"","background-repeat":"repeat","background-position":"center center","background-size":"auto","background-attachment":"scroll","background-type":"","background-media":"","overlay-type":"","overlay-color":"","overlay-opacity":"","overlay-gradient":""}},"ast-content-background-meta":{"desktop":{"background-color":"var(--ast-global-color-5)","background-image":"","background-repeat":"repeat","background-position":"center center","background-size":"auto","background-attachment":"scroll","background-type":"","background-media":"","overlay-type":"","overlay-color":"","overlay-opacity":"","overlay-gradient":""},"tablet":{"background-color":"var(--ast-global-color-5)","background-image":"","background-repeat":"repeat","background-position":"center center","background-size":"auto","background-attachment":"scroll","background-type":"","background-media":"","overlay-type":"","overlay-color":"","overlay-opacity":"","overlay-gradient":""},"mobile":{"background-color":"var(--ast-global-color-5)","background-image":"","background-repeat":"repeat","background-position":"center center","background-size":"auto","background-attachment":"scroll","background-type":"","background-media":"","overlay-type":"","overlay-color":"","overlay-opacity":"","overlay-gradient":""}},"footnotes":""},"class_list":["post-24","page","type-page","status-publish","hentry"],"post_mailing_queue_ids":[],"_links":{"self":[{"href":"https:\/\/agora.xtec.cat\/ceipbanus\/wp-json\/wp\/v2\/pages\/24","targetHints":{"allow":["GET"]}}],"collection":[{"href":"https:\/\/agora.xtec.cat\/ceipbanus\/wp-json\/wp\/v2\/pages"}],"about":[{"href":"https:\/\/agora.xtec.cat\/ceipbanus\/wp-json\/wp\/v2\/types\/page"}],"author":[{"embeddable":true,"href":"https:\/\/agora.xtec.cat\/ceipbanus\/wp-json\/wp\/v2\/users\/1"}],"replies":[{"embeddable":true,"href":"https:\/\/agora.xtec.cat\/ceipbanus\/wp-json\/wp\/v2\/comments?post=24"}],"version-history":[{"count":3,"href":"https:\/\/agora.xtec.cat\/ceipbanus\/wp-json\/wp\/v2\/pages\/24\/revisions"}],"predecessor-version":[{"id":1091,"href":"https:\/\/agora.xtec.cat\/ceipbanus\/wp-json\/wp\/v2\/pages\/24\/revisions\/1091"}],"up":[{"embeddable":true,"href":"https:\/\/agora.xtec.cat\/ceipbanus\/wp-json\/wp\/v2\/pages\/22"}],"wp:attachment":[{"href":"https:\/\/agora.xtec.cat\/ceipbanus\/wp-json\/wp\/v2\/media?parent=24"}],"curies":[{"name":"wp","href":"https:\/\/api.w.org\/{rel}","templated":true}]}}