{"id":440,"date":"2016-04-14T12:44:30","date_gmt":"2016-04-14T11:44:30","guid":{"rendered":"http:\/\/agora.xtec.cat\/ceipbaltasar\/?page_id=440"},"modified":"2022-10-27T13:57:12","modified_gmt":"2022-10-27T11:57:12","slug":"escola-verda","status":"publish","type":"page","link":"https:\/\/agora.xtec.cat\/ceipbaltasar\/projecte-educatiu\/escola-verda\/","title":{"rendered":"Escola Verda"},"content":{"rendered":"<div dir=\"ltr\">\n<p><span lang=\"CA\">La nostra escola forma part de la Xarxa per la sostenibilitat de\u00a0 Catalunya.<\/span><\/p>\n<p>El programa Escoles Verdes t\u00e9 la voluntat de millorar l&#8217;escola d&#8217;acord amb els nous reptes de l&#8217;educaci\u00f3 i ho fa a trav\u00e9s de l&#8217;objectiu de sensibilitzar, dinamitzar i donar suport a la comunitat educativa per tal que incorpori els principis i els valors de la sostenibilitat en tots els \u00e0mbits de la vida escolar.<\/p>\n<p><span lang=\"CA\">El programa vol promoure un canvi en la cultura de centre a trav\u00e9s de quatre contextos d&#8217;acci\u00f3: el curr\u00edculum, l&#8217;organitzaci\u00f3 i la participaci\u00f3, la gesti\u00f3 sostenible de recursos i materials i la implicaci\u00f3 en l&#8217;entorn. Aix\u00ed doncs, ent\u00e9n que el proc\u00e9s educatiu que ha de provocar aquest canvi no nom\u00e9s es d\u00f3na a l&#8217;aula, sin\u00f3 tamb\u00e9 en tots els moments i espais de la vida escolar.<\/span><\/p>\n<\/div>\n","protected":false},"excerpt":{"rendered":"<p>La nostra escola forma part de la Xarxa per la sostenibilitat de\u00a0 Catalunya. El programa Escoles Verdes t\u00e9 la voluntat de millorar l&#8217;escola d&#8217;acord amb els nous reptes de l&#8217;educaci\u00f3 i ho fa a trav\u00e9s de l&#8217;objectiu de sensibilitzar, dinamitzar i donar suport a la comunitat educativa per tal que incorpori els principis i els [&hellip;]<\/p>\n","protected":false},"author":1,"featured_media":0,"parent":64,"menu_order":0,"comment_status":"closed","ping_status":"closed","template":"","meta":{"_bbp_topic_count":0,"_bbp_reply_count":0,"_bbp_total_topic_count":0,"_bbp_total_reply_count":0,"_bbp_voice_count":0,"_bbp_anonymous_reply_count":0,"_bbp_topic_count_hidden":0,"_bbp_reply_count_hidden":0,"_bbp_forum_subforum_count":0,"site-sidebar-layout":"default","site-content-layout":"","ast-site-content-layout":"","site-content-style":"default","site-sidebar-style":"default","ast-global-header-display":"","ast-banner-title-visibility":"","ast-main-header-display":"","ast-hfb-above-header-display":"","ast-hfb-below-header-display":"","ast-hfb-mobile-header-display":"","site-post-title":"","ast-breadcrumbs-content":"","ast-featured-img":"","footer-sml-layout":"","theme-transparent-header-meta":"","adv-header-id-meta":"","stick-header-meta":"","header-above-stick-meta":"","header-main-stick-meta":"","header-below-stick-meta":"","astra-migrate-meta-layouts":"default","ast-page-background-enabled":"default","ast-page-background-meta":{"desktop":{"background-color":"var(--ast-global-color-4)","background-image":"","background-repeat":"repeat","background-position":"center center","background-size":"auto","background-attachment":"scroll","background-type":"","background-media":"","overlay-type":"","overlay-color":"","overlay-opacity":"","overlay-gradient":""},"tablet":{"background-color":"","background-image":"","background-repeat":"repeat","background-position":"center center","background-size":"auto","background-attachment":"scroll","background-type":"","background-media":"","overlay-type":"","overlay-color":"","overlay-opacity":"","overlay-gradient":""},"mobile":{"background-color":"","background-image":"","background-repeat":"repeat","background-position":"center center","background-size":"auto","background-attachment":"scroll","background-type":"","background-media":"","overlay-type":"","overlay-color":"","overlay-opacity":"","overlay-gradient":""}},"ast-content-background-meta":{"desktop":{"background-color":"var(--ast-global-color-5)","background-image":"","background-repeat":"repeat","background-position":"center center","background-size":"auto","background-attachment":"scroll","background-type":"","background-media":"","overlay-type":"","overlay-color":"","overlay-opacity":"","overlay-gradient":""},"tablet":{"background-color":"var(--ast-global-color-5)","background-image":"","background-repeat":"repeat","background-position":"center center","background-size":"auto","background-attachment":"scroll","background-type":"","background-media":"","overlay-type":"","overlay-color":"","overlay-opacity":"","overlay-gradient":""},"mobile":{"background-color":"var(--ast-global-color-5)","background-image":"","background-repeat":"repeat","background-position":"center center","background-size":"auto","background-attachment":"scroll","background-type":"","background-media":"","overlay-type":"","overlay-color":"","overlay-opacity":"","overlay-gradient":""}},"footnotes":""},"class_list":["post-440","page","type-page","status-publish","hentry"],"post_mailing_queue_ids":[],"_links":{"self":[{"href":"https:\/\/agora.xtec.cat\/ceipbaltasar\/wp-json\/wp\/v2\/pages\/440","targetHints":{"allow":["GET"]}}],"collection":[{"href":"https:\/\/agora.xtec.cat\/ceipbaltasar\/wp-json\/wp\/v2\/pages"}],"about":[{"href":"https:\/\/agora.xtec.cat\/ceipbaltasar\/wp-json\/wp\/v2\/types\/page"}],"author":[{"embeddable":true,"href":"https:\/\/agora.xtec.cat\/ceipbaltasar\/wp-json\/wp\/v2\/users\/1"}],"replies":[{"embeddable":true,"href":"https:\/\/agora.xtec.cat\/ceipbaltasar\/wp-json\/wp\/v2\/comments?post=440"}],"version-history":[{"count":3,"href":"https:\/\/agora.xtec.cat\/ceipbaltasar\/wp-json\/wp\/v2\/pages\/440\/revisions"}],"predecessor-version":[{"id":8256,"href":"https:\/\/agora.xtec.cat\/ceipbaltasar\/wp-json\/wp\/v2\/pages\/440\/revisions\/8256"}],"up":[{"embeddable":true,"href":"https:\/\/agora.xtec.cat\/ceipbaltasar\/wp-json\/wp\/v2\/pages\/64"}],"wp:attachment":[{"href":"https:\/\/agora.xtec.cat\/ceipbaltasar\/wp-json\/wp\/v2\/media?parent=440"}],"curies":[{"name":"wp","href":"https:\/\/api.w.org\/{rel}","templated":true}]}}