{"id":71,"date":"2014-09-18T12:44:56","date_gmt":"2014-09-18T12:44:56","guid":{"rendered":"http:\/\/agora.xtec.cat\/ceipbalmes\/?page_id=71"},"modified":"2018-05-09T11:57:04","modified_gmt":"2018-05-09T09:57:04","slug":"serveis-digitals","status":"publish","type":"page","link":"https:\/\/agora.xtec.cat\/ceipbalmes\/serveis\/serveis-digitals\/","title":{"rendered":"Serveis digitals"},"content":{"rendered":"<p>L&#8217;oferta de <strong>serveis\u00a0digitals<\/strong>\u00a0constitueix un element\u00a0molt important de l&#8217;engranatge del centre educatiu.<\/p>\n<p>La majoria d&#8217;informacions i circulars de l&#8217;escola es fan arribar a les fam\u00edlies via e-mail. Per tant \u00e9s molt important que\u00a0les fam\u00edlies facilitin un correu electr\u00f2nic al centre i que el consultin amb regularitat.<\/p>\n<p>El centre disposa de xarxa NODES, lloc des del qual les fam\u00edlies poden veure les fotografies, v\u00eddeos i documents que el tutor\/a del grup comparteix.<\/p>\n<p>En aquest enlla\u00e7 podeu visitar els antics <a href=\"http:\/\/agora.xtec.cat\/ceipbalmes\/nivells\/\">blocs<\/a> de l&#8217;escola, per\u00f2 actualment tota la informaci\u00f3 la compartim a trav\u00e9s de la web.<\/p>\n<p>Tamb\u00e9 podeu veure les activitats i sortides que es van realitzant a l&#8217;escola a trav\u00e9s de les xarxes socials <a href=\"https:\/\/www.instagram.com\/balmes_castellbell\/?hl=es\">Instagram<\/a> i <a href=\"https:\/\/www.facebook.com\/jaume.balmes.7505\">Facebook<\/a>.<\/p>\n","protected":false},"excerpt":{"rendered":"<p>L&#8217;oferta de serveis\u00a0digitals\u00a0constitueix un element\u00a0molt important de l&#8217;engranatge del centre educatiu.<br \/>\nLa majoria d&#8217;informacions i circulars de l&#8217;escola es fan arribar a les fam\u00edlies via e-mail. Per tant \u00e9s molt important que\u00a0les fam\u00edlies facilitin un correu electr\u00f2nic al centre i que el consultin amb regularitat.<br \/>\nEl centre&hellip;  <a href=\"https:\/\/agora.xtec.cat\/ceipbalmes\/serveis\/serveis-digitals\/\" title=\"Read Serveis digitals\">Llegeix m\u00e9s\u00bb<\/a><\/p>\n","protected":false},"author":2,"featured_media":0,"parent":66,"menu_order":10,"comment_status":"closed","ping_status":"closed","template":"page-templates\/side-menu.php","meta":{"_bbp_topic_count":0,"_bbp_reply_count":0,"_bbp_total_topic_count":0,"_bbp_total_reply_count":0,"_bbp_voice_count":0,"_bbp_anonymous_reply_count":0,"_bbp_topic_count_hidden":0,"_bbp_reply_count_hidden":0,"_bbp_forum_subforum_count":0,"footnotes":""},"class_list":["post-71","page","type-page","status-publish","hentry"],"post_mailing_queue_ids":[],"_links":{"self":[{"href":"https:\/\/agora.xtec.cat\/ceipbalmes\/wp-json\/wp\/v2\/pages\/71","targetHints":{"allow":["GET"]}}],"collection":[{"href":"https:\/\/agora.xtec.cat\/ceipbalmes\/wp-json\/wp\/v2\/pages"}],"about":[{"href":"https:\/\/agora.xtec.cat\/ceipbalmes\/wp-json\/wp\/v2\/types\/page"}],"author":[{"embeddable":true,"href":"https:\/\/agora.xtec.cat\/ceipbalmes\/wp-json\/wp\/v2\/users\/2"}],"replies":[{"embeddable":true,"href":"https:\/\/agora.xtec.cat\/ceipbalmes\/wp-json\/wp\/v2\/comments?post=71"}],"version-history":[{"count":3,"href":"https:\/\/agora.xtec.cat\/ceipbalmes\/wp-json\/wp\/v2\/pages\/71\/revisions"}],"predecessor-version":[{"id":864,"href":"https:\/\/agora.xtec.cat\/ceipbalmes\/wp-json\/wp\/v2\/pages\/71\/revisions\/864"}],"up":[{"embeddable":true,"href":"https:\/\/agora.xtec.cat\/ceipbalmes\/wp-json\/wp\/v2\/pages\/66"}],"wp:attachment":[{"href":"https:\/\/agora.xtec.cat\/ceipbalmes\/wp-json\/wp\/v2\/media?parent=71"}],"curies":[{"name":"wp","href":"https:\/\/api.w.org\/{rel}","templated":true}]}}