{"id":1743,"date":"2021-11-08T13:41:03","date_gmt":"2021-11-08T12:41:03","guid":{"rendered":"https:\/\/agora.xtec.cat\/ceipbalmes\/?page_id=1743"},"modified":"2025-01-23T13:27:20","modified_gmt":"2025-01-23T12:27:20","slug":"tpv-escola","status":"publish","type":"page","link":"https:\/\/agora.xtec.cat\/ceipbalmes\/lescola\/tpv-escola\/","title":{"rendered":"TPV-ESCOLA"},"content":{"rendered":"<p>L&#8217;escola disposa d&#8217;una plataforma espec\u00edfica pels pagaments escolars anomenada TPVEscola.<\/p>\n<p>Les fam\u00edlies poden accedir-hi mitjan\u00e7ant l&#8217;aplicaci\u00f3 m\u00f2bil gratu\u00efta i tamb\u00e9 via web. S&#8217;hi accedeix amb un codi d\u2019usuari i una <span class=\"f13\">contrasenya<\/span> personalitzable per a la pr\u00f2pia <span class=\"f13\">seguretat.\u00a0<\/span><\/p>\n<p class=\"p4 f14\">Aquelles fam\u00edlies que no s&#8217;instal\u00b7lin l&#8217;app, rebran tots els missatges per correu electr\u00f2nic i poden realitzar els pagaments per la web <a href=\"https:\/\/tpvescola.com\/Default2.aspx\"><strong>TPV ESCOLA<\/strong><\/a>.<\/p>\n","protected":false},"excerpt":{"rendered":"<p>L&#8217;escola disposa d&#8217;una plataforma espec\u00edfica pels pagaments escolars anomenada TPVEscola.<br \/>\nLes fam\u00edlies poden accedir-hi mitjan\u00e7ant l&#8217;aplicaci\u00f3 m\u00f2bil gratu\u00efta i tamb\u00e9 via web. S&#8217;hi accedeix amb un codi d\u2019usuari i una contrasenya personalitzable per a la pr\u00f2pia seguretat.\u00a0<br \/>\nAquelles fam\u00edlies que no s&#8217;instal\u00b7lin l&#8217;app, rebran tots els missatges&hellip;  <a href=\"https:\/\/agora.xtec.cat\/ceipbalmes\/lescola\/tpv-escola\/\" title=\"Read TPV-ESCOLA\">Llegeix m\u00e9s\u00bb<\/a><\/p>\n","protected":false},"author":27,"featured_media":0,"parent":22,"menu_order":8,"comment_status":"closed","ping_status":"closed","template":"","meta":{"_bbp_topic_count":0,"_bbp_reply_count":0,"_bbp_total_topic_count":0,"_bbp_total_reply_count":0,"_bbp_voice_count":0,"_bbp_anonymous_reply_count":0,"_bbp_topic_count_hidden":0,"_bbp_reply_count_hidden":0,"_bbp_forum_subforum_count":0,"footnotes":""},"class_list":["post-1743","page","type-page","status-publish","hentry"],"post_mailing_queue_ids":[],"_links":{"self":[{"href":"https:\/\/agora.xtec.cat\/ceipbalmes\/wp-json\/wp\/v2\/pages\/1743","targetHints":{"allow":["GET"]}}],"collection":[{"href":"https:\/\/agora.xtec.cat\/ceipbalmes\/wp-json\/wp\/v2\/pages"}],"about":[{"href":"https:\/\/agora.xtec.cat\/ceipbalmes\/wp-json\/wp\/v2\/types\/page"}],"author":[{"embeddable":true,"href":"https:\/\/agora.xtec.cat\/ceipbalmes\/wp-json\/wp\/v2\/users\/27"}],"replies":[{"embeddable":true,"href":"https:\/\/agora.xtec.cat\/ceipbalmes\/wp-json\/wp\/v2\/comments?post=1743"}],"version-history":[{"count":6,"href":"https:\/\/agora.xtec.cat\/ceipbalmes\/wp-json\/wp\/v2\/pages\/1743\/revisions"}],"predecessor-version":[{"id":2590,"href":"https:\/\/agora.xtec.cat\/ceipbalmes\/wp-json\/wp\/v2\/pages\/1743\/revisions\/2590"}],"up":[{"embeddable":true,"href":"https:\/\/agora.xtec.cat\/ceipbalmes\/wp-json\/wp\/v2\/pages\/22"}],"wp:attachment":[{"href":"https:\/\/agora.xtec.cat\/ceipbalmes\/wp-json\/wp\/v2\/media?parent=1743"}],"curies":[{"name":"wp","href":"https:\/\/api.w.org\/{rel}","templated":true}]}}