{"id":777,"date":"2018-10-23T10:54:57","date_gmt":"2018-10-23T08:54:57","guid":{"rendered":"http:\/\/agora.xtec.cat\/ceipbaldiribadalona\/?page_id=777"},"modified":"2023-03-07T12:03:20","modified_gmt":"2023-03-07T11:03:20","slug":"treball-per-ambients","status":"publish","type":"page","link":"https:\/\/agora.xtec.cat\/ceipbaldiribadalona\/departaments\/treball-per-ambients\/","title":{"rendered":"&#8211; Els Ambients del Baldiri"},"content":{"rendered":"<p>Els <strong>ambients<\/strong> s\u00f3n diferents espais d&#8217;aprenentatge, de relaci\u00f3 i comunicaci\u00f3 on a partir de diferents propostes els infants poden actuar, observar, experimentar, construir, inventar, imaginar, compartir, relacionar-se, emocionar-se&#8230; i interactuar amb els altres i el m\u00f3n.<\/p>\n<p>Els ambients es realitzen per <strong>comunitats<\/strong> i s\u00f3n de <strong>lliure circulaci\u00f3<\/strong>, aix\u00f2 vol dir que cada infant escull l&#8217;ambient on vol anar. A la comunitat de <strong>Grans<\/strong> tots els ambients estan relacionats amb l&#8217;<strong>Educaci\u00f3 Art\u00edstica.<\/strong><\/p>\n<p><span style=\"color: #ff00ff;\"><strong>Comunitat de Petits<\/strong><\/span>: ambient de <strong>llum i foscor \ud83d\udca1<\/strong>, d&#8217;<strong>art \ud83c\udfa8<\/strong>, de <strong>construccions \ud83c\udfd7 <\/strong><span style=\"font-family: inherit; font-size: 1em;\">i <\/span><strong style=\"font-family: inherit; font-size: 1em;\">aire lliure \ud83c\udfb2 <\/strong><span style=\"font-family: inherit; font-size: 1em;\">.<\/span><\/p>\n<p><strong><span style=\"color: #ff00ff;\">Comunitat de Mitjans<\/span><\/strong>:\u00a0<strong>cuina<\/strong> \ud83c\udf70, <strong>art<\/strong>\u00a0\ud83c\udfa8, <strong>ci\u00e8ncia<\/strong>\u00a0\ud83d\udd2c, <strong>m\u00fasica\u00a0<\/strong>\ud83c\udfb8, <strong>teatre<\/strong>\u00a0\ud83c\udfad\u00a0i <strong>construccions<\/strong>\u00a0\ud83c\udfd7.<\/p>\n<p><strong><span style=\"color: #ff00ff;\">Comunitat de Grans<\/span><\/strong>:la <strong>botigueta del Baldiri \ud83d\udecd<\/strong>, <strong>LifeArt<\/strong> \u267b(amb material reciclat), <strong>Som Artistes\ud83c\udfa8<\/strong> (propostes pl\u00e0stiques inspirades en dones artistes), <strong>Dona-li forma \u2702\u00a0<\/strong> i <strong>TecnoArt \ud83d\udcbb<\/strong> (art digital)<\/p>\n","protected":false},"excerpt":{"rendered":"<p>Els ambients s\u00f3n diferents espais d&#8217;aprenentatge, de relaci\u00f3 i comunicaci\u00f3 on a partir de diferents propostes els infants poden actuar, observar, experimentar, construir, inventar, imaginar, compartir, relacionar-se, emocionar-se&#8230; i interactuar amb els altres i el m\u00f3n. Els ambients es realitzen per comunitats i s\u00f3n de lliure circulaci\u00f3, aix\u00f2 vol dir que cada infant escull l&#8217;ambient [&hellip;]<\/p>\n","protected":false},"author":1,"featured_media":0,"parent":517,"menu_order":0,"comment_status":"closed","ping_status":"closed","template":"page-templates\/side-menu.php","meta":{"_bbp_topic_count":0,"_bbp_reply_count":0,"_bbp_total_topic_count":0,"_bbp_total_reply_count":0,"_bbp_voice_count":0,"_bbp_anonymous_reply_count":0,"_bbp_topic_count_hidden":0,"_bbp_reply_count_hidden":0,"_bbp_forum_subforum_count":0,"site-sidebar-layout":"default","site-content-layout":"","ast-site-content-layout":"","site-content-style":"default","site-sidebar-style":"default","ast-global-header-display":"","ast-banner-title-visibility":"","ast-main-header-display":"","ast-hfb-above-header-display":"","ast-hfb-below-header-display":"","ast-hfb-mobile-header-display":"","site-post-title":"","ast-breadcrumbs-content":"","ast-featured-img":"","footer-sml-layout":"","theme-transparent-header-meta":"","adv-header-id-meta":"","stick-header-meta":"","header-above-stick-meta":"","header-main-stick-meta":"","header-below-stick-meta":"","astra-migrate-meta-layouts":"default","ast-page-background-enabled":"default","ast-page-background-meta":{"desktop":{"background-color":"var(--ast-global-color-4)","background-image":"","background-repeat":"repeat","background-position":"center center","background-size":"auto","background-attachment":"scroll","background-type":"","background-media":"","overlay-type":"","overlay-color":"","overlay-opacity":"","overlay-gradient":""},"tablet":{"background-color":"","background-image":"","background-repeat":"repeat","background-position":"center center","background-size":"auto","background-attachment":"scroll","background-type":"","background-media":"","overlay-type":"","overlay-color":"","overlay-opacity":"","overlay-gradient":""},"mobile":{"background-color":"","background-image":"","background-repeat":"repeat","background-position":"center center","background-size":"auto","background-attachment":"scroll","background-type":"","background-media":"","overlay-type":"","overlay-color":"","overlay-opacity":"","overlay-gradient":""}},"ast-content-background-meta":{"desktop":{"background-color":"var(--ast-global-color-5)","background-image":"","background-repeat":"repeat","background-position":"center center","background-size":"auto","background-attachment":"scroll","background-type":"","background-media":"","overlay-type":"","overlay-color":"","overlay-opacity":"","overlay-gradient":""},"tablet":{"background-color":"var(--ast-global-color-5)","background-image":"","background-repeat":"repeat","background-position":"center center","background-size":"auto","background-attachment":"scroll","background-type":"","background-media":"","overlay-type":"","overlay-color":"","overlay-opacity":"","overlay-gradient":""},"mobile":{"background-color":"var(--ast-global-color-5)","background-image":"","background-repeat":"repeat","background-position":"center center","background-size":"auto","background-attachment":"scroll","background-type":"","background-media":"","overlay-type":"","overlay-color":"","overlay-opacity":"","overlay-gradient":""}},"footnotes":""},"class_list":["post-777","page","type-page","status-publish","hentry"],"post_mailing_queue_ids":[],"_links":{"self":[{"href":"https:\/\/agora.xtec.cat\/ceipbaldiribadalona\/wp-json\/wp\/v2\/pages\/777","targetHints":{"allow":["GET"]}}],"collection":[{"href":"https:\/\/agora.xtec.cat\/ceipbaldiribadalona\/wp-json\/wp\/v2\/pages"}],"about":[{"href":"https:\/\/agora.xtec.cat\/ceipbaldiribadalona\/wp-json\/wp\/v2\/types\/page"}],"author":[{"embeddable":true,"href":"https:\/\/agora.xtec.cat\/ceipbaldiribadalona\/wp-json\/wp\/v2\/users\/1"}],"replies":[{"embeddable":true,"href":"https:\/\/agora.xtec.cat\/ceipbaldiribadalona\/wp-json\/wp\/v2\/comments?post=777"}],"version-history":[{"count":4,"href":"https:\/\/agora.xtec.cat\/ceipbaldiribadalona\/wp-json\/wp\/v2\/pages\/777\/revisions"}],"predecessor-version":[{"id":2263,"href":"https:\/\/agora.xtec.cat\/ceipbaldiribadalona\/wp-json\/wp\/v2\/pages\/777\/revisions\/2263"}],"up":[{"embeddable":true,"href":"https:\/\/agora.xtec.cat\/ceipbaldiribadalona\/wp-json\/wp\/v2\/pages\/517"}],"wp:attachment":[{"href":"https:\/\/agora.xtec.cat\/ceipbaldiribadalona\/wp-json\/wp\/v2\/media?parent=777"}],"curies":[{"name":"wp","href":"https:\/\/api.w.org\/{rel}","templated":true}]}}