{"id":73,"date":"2014-09-18T14:01:51","date_gmt":"2014-09-18T13:01:51","guid":{"rendered":"http:\/\/agora.xtec.cat\/ceipbaldiribadalona\/?page_id=73"},"modified":"2025-02-09T19:48:27","modified_gmt":"2025-02-09T18:48:27","slug":"menjador-escolar","status":"publish","type":"page","link":"https:\/\/agora.xtec.cat\/ceipbaldiribadalona\/serveis\/menjador-escolar\/","title":{"rendered":"Menjador escolar"},"content":{"rendered":"<p>A l&#8217;escola tenim el servei de c\u00e0tering que ens proporciona l&#8217;empresa Saned.<\/p>\n<p><strong>El preu<\/strong>\u00a0\u00e9s el fixat pel Departament d\u2019Educaci\u00f3, que inclou el cost de l\u2019\u00e0pat, el monitoratge i l\u2019IVA. Enguany \u00e9s de\u00a0<b>6\u201995\u20ac \/dia per l&#8217;alumnat eventual i de 6&#8217;33\u20ac per l&#8217;alumnat fixe. <\/b>Disposem de diferents varietats.<\/p>\n<ul>\n<li style=\"list-style-type: none;\">\n<ul>\n<li>Men\u00fa general<\/li>\n<li>Men\u00fa halal<\/li>\n<li>Men\u00fa veg\u00e0<\/li>\n<li>Dietes espec\u00edfiques per l\u2019alumnat que ho necessiti: dieta tova, al\u00b7l\u00e8rgics\u2026<\/li>\n<\/ul>\n<\/li>\n<\/ul>\n<p>El temps de migdia \u00e9s un servei no obligatori per l\u2019alumnat on s\u2019hi inclou tant l\u2019\u00e0mbit alimentari com els h\u00e0bits a taula. A m\u00e9s es fa activitats d\u2019esbarjo dirigides i lliures.<\/p>\n<p>&nbsp;<\/p>\n<ul style=\"list-style-type: square;\">\n<li><strong>Alumnat espor\u00e0dic: <\/strong><\/li>\n<\/ul>\n<p>Els tiquets de men\u00fa de l\u2019alumnat espor\u00e0dic els heu de demanar directament al menjador.<strong><span style=\"text-decoration: underline;\"><em> Cal<\/em><\/span><span style=\"text-decoration: underline;\"><em> avisar a la Gr\u00e0cia (coordinadora de menjador), abans de les 9.30h al tel\u00e8fon 633101904. El pagament es fa en efectiu a la mateixa escola, al despatx de la Gr\u00e0cia.\u00a0<\/em><\/span><\/strong><\/p>\n<ul style=\"list-style-type: square;\">\n<li><strong>Alumnat fixe:<\/strong><\/li>\n<\/ul>\n<p>El dia que no es quedin a dinar, \u00e9s imprescindible que portin un nota signada pel pare, mare o tutor legal, per tal de poder sortir de l\u2019escola soles o sols. En cap cas es permetr\u00e0 la sortida del centre si no existeix aquesta autoritzaci\u00f3. <span style=\"text-decoration: underline;\"><strong>Tamb\u00e9 cal que avisin a la Gr\u00e0cia abans de les 9.30h al 633101904.<\/strong><\/span><\/p>\n<p style=\"text-align: center;\">El men\u00fas del nostre centre us els adjuntem en els seg\u00fcents enlla\u00e7os. Cada mes podreu consultar les actualitzacions.<\/p>\n<table style=\"border-collapse: collapse; width: 100%; height: 96px;\">\n<tbody>\n<tr style=\"height: 32px;\">\n<td style=\"width: 100%; text-align: center; height: 32px;\">MEN\u00da GENERAL \u2013 <a href=\"https:\/\/agora.xtec.cat\/ceipbaldiribadalona\/wp-content\/uploads\/usu911\/2025\/02\/FEBRER-BALDIRI-1.pdf\">FEBRER BALDIRI (1)<\/a><\/td>\n<\/tr>\n<tr style=\"height: 32px;\">\n<td style=\"width: 100%; text-align: center; height: 32px;\">MEN\u00da HALAL i ALTRES VARIETATS \u2013 <a href=\"https:\/\/agora.xtec.cat\/ceipbaldiribadalona\/wp-content\/uploads\/usu911\/2025\/02\/FEBRER-BALDIRI-OPCIO.pdf\">FEBRER BALDIRI OPCIO\u0301<\/a><\/td>\n<\/tr>\n<\/tbody>\n<\/table>\n<h2 style=\"text-align: center;\"><\/h2>\n","protected":false},"excerpt":{"rendered":"<p>A l&#8217;escola tenim el servei de c\u00e0tering que ens proporciona l&#8217;empresa Saned. El preu\u00a0\u00e9s el fixat pel Departament d\u2019Educaci\u00f3, que inclou el cost de l\u2019\u00e0pat, el monitoratge i l\u2019IVA. Enguany \u00e9s de\u00a06\u201995\u20ac \/dia per l&#8217;alumnat eventual i de 6&#8217;33\u20ac per l&#8217;alumnat fixe. Disposem de diferents varietats. Men\u00fa general Men\u00fa halal Men\u00fa veg\u00e0 Dietes espec\u00edfiques per [&hellip;]<\/p>\n","protected":false},"author":1,"featured_media":0,"parent":66,"menu_order":30,"comment_status":"closed","ping_status":"closed","template":"page-templates\/side-menu.php","meta":{"_bbp_topic_count":0,"_bbp_reply_count":0,"_bbp_total_topic_count":0,"_bbp_total_reply_count":0,"_bbp_voice_count":0,"_bbp_anonymous_reply_count":0,"_bbp_topic_count_hidden":0,"_bbp_reply_count_hidden":0,"_bbp_forum_subforum_count":0,"site-sidebar-layout":"default","site-content-layout":"","ast-site-content-layout":"","site-content-style":"default","site-sidebar-style":"default","ast-global-header-display":"","ast-banner-title-visibility":"","ast-main-header-display":"","ast-hfb-above-header-display":"","ast-hfb-below-header-display":"","ast-hfb-mobile-header-display":"","site-post-title":"","ast-breadcrumbs-content":"","ast-featured-img":"","footer-sml-layout":"","theme-transparent-header-meta":"","adv-header-id-meta":"","stick-header-meta":"","header-above-stick-meta":"","header-main-stick-meta":"","header-below-stick-meta":"","astra-migrate-meta-layouts":"default","ast-page-background-enabled":"default","ast-page-background-meta":{"desktop":{"background-color":"var(--ast-global-color-4)","background-image":"","background-repeat":"repeat","background-position":"center center","background-size":"auto","background-attachment":"scroll","background-type":"","background-media":"","overlay-type":"","overlay-color":"","overlay-opacity":"","overlay-gradient":""},"tablet":{"background-color":"","background-image":"","background-repeat":"repeat","background-position":"center center","background-size":"auto","background-attachment":"scroll","background-type":"","background-media":"","overlay-type":"","overlay-color":"","overlay-opacity":"","overlay-gradient":""},"mobile":{"background-color":"","background-image":"","background-repeat":"repeat","background-position":"center center","background-size":"auto","background-attachment":"scroll","background-type":"","background-media":"","overlay-type":"","overlay-color":"","overlay-opacity":"","overlay-gradient":""}},"ast-content-background-meta":{"desktop":{"background-color":"var(--ast-global-color-5)","background-image":"","background-repeat":"repeat","background-position":"center center","background-size":"auto","background-attachment":"scroll","background-type":"","background-media":"","overlay-type":"","overlay-color":"","overlay-opacity":"","overlay-gradient":""},"tablet":{"background-color":"var(--ast-global-color-5)","background-image":"","background-repeat":"repeat","background-position":"center center","background-size":"auto","background-attachment":"scroll","background-type":"","background-media":"","overlay-type":"","overlay-color":"","overlay-opacity":"","overlay-gradient":""},"mobile":{"background-color":"var(--ast-global-color-5)","background-image":"","background-repeat":"repeat","background-position":"center center","background-size":"auto","background-attachment":"scroll","background-type":"","background-media":"","overlay-type":"","overlay-color":"","overlay-opacity":"","overlay-gradient":""}},"footnotes":""},"class_list":["post-73","page","type-page","status-publish","hentry"],"post_mailing_queue_ids":[],"_links":{"self":[{"href":"https:\/\/agora.xtec.cat\/ceipbaldiribadalona\/wp-json\/wp\/v2\/pages\/73","targetHints":{"allow":["GET"]}}],"collection":[{"href":"https:\/\/agora.xtec.cat\/ceipbaldiribadalona\/wp-json\/wp\/v2\/pages"}],"about":[{"href":"https:\/\/agora.xtec.cat\/ceipbaldiribadalona\/wp-json\/wp\/v2\/types\/page"}],"author":[{"embeddable":true,"href":"https:\/\/agora.xtec.cat\/ceipbaldiribadalona\/wp-json\/wp\/v2\/users\/1"}],"replies":[{"embeddable":true,"href":"https:\/\/agora.xtec.cat\/ceipbaldiribadalona\/wp-json\/wp\/v2\/comments?post=73"}],"version-history":[{"count":8,"href":"https:\/\/agora.xtec.cat\/ceipbaldiribadalona\/wp-json\/wp\/v2\/pages\/73\/revisions"}],"predecessor-version":[{"id":2648,"href":"https:\/\/agora.xtec.cat\/ceipbaldiribadalona\/wp-json\/wp\/v2\/pages\/73\/revisions\/2648"}],"up":[{"embeddable":true,"href":"https:\/\/agora.xtec.cat\/ceipbaldiribadalona\/wp-json\/wp\/v2\/pages\/66"}],"wp:attachment":[{"href":"https:\/\/agora.xtec.cat\/ceipbaldiribadalona\/wp-json\/wp\/v2\/media?parent=73"}],"curies":[{"name":"wp","href":"https:\/\/api.w.org\/{rel}","templated":true}]}}