{"id":36,"date":"2014-09-18T12:33:11","date_gmt":"2014-09-18T11:33:11","guid":{"rendered":"http:\/\/agora.xtec.cat\/ceipbaldiribadalona\/?page_id=36"},"modified":"2019-02-20T12:56:55","modified_gmt":"2019-02-20T11:56:55","slug":"material-escolar","status":"publish","type":"page","link":"https:\/\/agora.xtec.cat\/ceipbaldiribadalona\/lescola\/material-escolar\/","title":{"rendered":"Material escolar"},"content":{"rendered":"<p><strong>MATERIAL<\/strong><\/p>\n<p>L&#8217;escola \u00e9s l&#8217;encarregada de subministrar tot el material necessari, en la quantitat oportuna i quan \u00e9s necessita.<\/p>\n<p>Aix\u00f2 \u00e9s possible gr\u00e0cies a una quota \u00fanica que es paga a principi de curs.<\/p>\n<p><strong>LLIBRES<\/strong><\/p>\n<p>Amb la finalitat d&#8217;abaratir els costos l&#8217;escola\u00a0 Baldiri\u00a0 Reixac socialitza l&#8217;\u00fas dels llibres.<\/p>\n<p>Els llibres s\u00f3n propietat de l&#8217;escola, no dels alumnes. L&#8217;escola\u00a0 deixa els llibres en concepte de pr\u00e9stec, als seus alumnes, amb el comprom\u00eds de conservar-los perqu\u00e8 puguin durar m\u00e9s d&#8217;un any. Amb aquest sistema les fam\u00edlies nom\u00e9s ingressen una quarta part dels diners del preu real dels llibres.<\/p>\n","protected":false},"excerpt":{"rendered":"<p>MATERIAL L&#8217;escola \u00e9s l&#8217;encarregada de subministrar tot el material necessari, en la quantitat oportuna i quan \u00e9s necessita. Aix\u00f2 \u00e9s possible gr\u00e0cies a una quota \u00fanica que es paga a principi de curs. LLIBRES Amb la finalitat d&#8217;abaratir els costos l&#8217;escola\u00a0 Baldiri\u00a0 Reixac socialitza l&#8217;\u00fas dels llibres. Els llibres s\u00f3n propietat de l&#8217;escola, no dels [&hellip;]<\/p>\n","protected":false},"author":1,"featured_media":0,"parent":22,"menu_order":90,"comment_status":"closed","ping_status":"closed","template":"page-templates\/side-menu.php","meta":{"_bbp_topic_count":0,"_bbp_reply_count":0,"_bbp_total_topic_count":0,"_bbp_total_reply_count":0,"_bbp_voice_count":0,"_bbp_anonymous_reply_count":0,"_bbp_topic_count_hidden":0,"_bbp_reply_count_hidden":0,"_bbp_forum_subforum_count":0,"site-sidebar-layout":"default","site-content-layout":"","ast-site-content-layout":"","site-content-style":"default","site-sidebar-style":"default","ast-global-header-display":"","ast-banner-title-visibility":"","ast-main-header-display":"","ast-hfb-above-header-display":"","ast-hfb-below-header-display":"","ast-hfb-mobile-header-display":"","site-post-title":"","ast-breadcrumbs-content":"","ast-featured-img":"","footer-sml-layout":"","theme-transparent-header-meta":"","adv-header-id-meta":"","stick-header-meta":"","header-above-stick-meta":"","header-main-stick-meta":"","header-below-stick-meta":"","astra-migrate-meta-layouts":"default","ast-page-background-enabled":"default","ast-page-background-meta":{"desktop":{"background-color":"var(--ast-global-color-4)","background-image":"","background-repeat":"repeat","background-position":"center center","background-size":"auto","background-attachment":"scroll","background-type":"","background-media":"","overlay-type":"","overlay-color":"","overlay-opacity":"","overlay-gradient":""},"tablet":{"background-color":"","background-image":"","background-repeat":"repeat","background-position":"center center","background-size":"auto","background-attachment":"scroll","background-type":"","background-media":"","overlay-type":"","overlay-color":"","overlay-opacity":"","overlay-gradient":""},"mobile":{"background-color":"","background-image":"","background-repeat":"repeat","background-position":"center center","background-size":"auto","background-attachment":"scroll","background-type":"","background-media":"","overlay-type":"","overlay-color":"","overlay-opacity":"","overlay-gradient":""}},"ast-content-background-meta":{"desktop":{"background-color":"var(--ast-global-color-5)","background-image":"","background-repeat":"repeat","background-position":"center center","background-size":"auto","background-attachment":"scroll","background-type":"","background-media":"","overlay-type":"","overlay-color":"","overlay-opacity":"","overlay-gradient":""},"tablet":{"background-color":"var(--ast-global-color-5)","background-image":"","background-repeat":"repeat","background-position":"center center","background-size":"auto","background-attachment":"scroll","background-type":"","background-media":"","overlay-type":"","overlay-color":"","overlay-opacity":"","overlay-gradient":""},"mobile":{"background-color":"var(--ast-global-color-5)","background-image":"","background-repeat":"repeat","background-position":"center center","background-size":"auto","background-attachment":"scroll","background-type":"","background-media":"","overlay-type":"","overlay-color":"","overlay-opacity":"","overlay-gradient":""}},"footnotes":""},"class_list":["post-36","page","type-page","status-publish","hentry"],"post_mailing_queue_ids":[],"_links":{"self":[{"href":"https:\/\/agora.xtec.cat\/ceipbaldiribadalona\/wp-json\/wp\/v2\/pages\/36","targetHints":{"allow":["GET"]}}],"collection":[{"href":"https:\/\/agora.xtec.cat\/ceipbaldiribadalona\/wp-json\/wp\/v2\/pages"}],"about":[{"href":"https:\/\/agora.xtec.cat\/ceipbaldiribadalona\/wp-json\/wp\/v2\/types\/page"}],"author":[{"embeddable":true,"href":"https:\/\/agora.xtec.cat\/ceipbaldiribadalona\/wp-json\/wp\/v2\/users\/1"}],"replies":[{"embeddable":true,"href":"https:\/\/agora.xtec.cat\/ceipbaldiribadalona\/wp-json\/wp\/v2\/comments?post=36"}],"version-history":[{"count":3,"href":"https:\/\/agora.xtec.cat\/ceipbaldiribadalona\/wp-json\/wp\/v2\/pages\/36\/revisions"}],"predecessor-version":[{"id":723,"href":"https:\/\/agora.xtec.cat\/ceipbaldiribadalona\/wp-json\/wp\/v2\/pages\/36\/revisions\/723"}],"up":[{"embeddable":true,"href":"https:\/\/agora.xtec.cat\/ceipbaldiribadalona\/wp-json\/wp\/v2\/pages\/22"}],"wp:attachment":[{"href":"https:\/\/agora.xtec.cat\/ceipbaldiribadalona\/wp-json\/wp\/v2\/media?parent=36"}],"curies":[{"name":"wp","href":"https:\/\/api.w.org\/{rel}","templated":true}]}}