{"id":32,"date":"2014-09-18T12:31:33","date_gmt":"2014-09-18T11:31:33","guid":{"rendered":"http:\/\/agora.xtec.cat\/ceipbaldiribadalona\/?page_id=32"},"modified":"2025-08-27T11:51:18","modified_gmt":"2025-08-27T09:51:18","slug":"calendari-del-curs","status":"publish","type":"page","link":"https:\/\/agora.xtec.cat\/ceipbaldiribadalona\/lescola\/calendari-del-curs\/","title":{"rendered":"Calendari del curs"},"content":{"rendered":"<h4><strong>L&#8217;horari lectiu:<\/strong><\/h4>\n<p><strong> <em>Ed. Infantil<\/em><\/strong><br \/>\nDe 9 a 12:30 hores i de 15 a 16:30 h.<\/p>\n<p><strong><em>Ed. Prim\u00e0ria:<\/em><\/strong><br \/>\nDe 9 a 13 hores i de 15 a 17 h.<\/p>\n<p><strong> L\u2019horari de menjador ser\u00e0 de 13 a 15 h.<\/strong><br \/>\nLes portes es tancaran 10 minuts despr\u00e9s de les hores d\u2019entrada i sortida determinades. Preguem puntualitat.<br \/>\nEn cas d\u2019arribar m\u00e9s tard i sense falta justificada, s\u2019iniciar\u00e0 el protocol de \u201cretard\u201d<\/p>\n<p><em>Per als alumnes que inicien l\u2019escolaritzaci\u00f3 a P3 s\u2019organitza un breu per\u00edode d\u2019adaptaci\u00f3 que suposa una certa modificaci\u00f3 dels horaris dels dos primers dies de classe, i que es fa saber a les fam\u00edlies en les reunions pr\u00e8vies corresponents.<\/em><\/p>\n<p><a href=\"https:\/\/agora.xtec.cat\/ceipbaldiribadalona\/wp-content\/uploads\/usu911\/2025\/08\/Calendari-25-26.png\"><img loading=\"lazy\" decoding=\"async\" class=\"aligncenter wp-image-2661 size-large\" src=\"https:\/\/agora.xtec.cat\/ceipbaldiribadalona\/wp-content\/uploads\/usu911\/2025\/08\/Calendari-25-26-724x1024.png\" alt=\"\" width=\"724\" height=\"1024\" srcset=\"https:\/\/agora.xtec.cat\/ceipbaldiribadalona\/wp-content\/uploads\/usu911\/2025\/08\/Calendari-25-26-724x1024.png 724w, https:\/\/agora.xtec.cat\/ceipbaldiribadalona\/wp-content\/uploads\/usu911\/2025\/08\/Calendari-25-26-212x300.png 212w, https:\/\/agora.xtec.cat\/ceipbaldiribadalona\/wp-content\/uploads\/usu911\/2025\/08\/Calendari-25-26-768x1086.png 768w, https:\/\/agora.xtec.cat\/ceipbaldiribadalona\/wp-content\/uploads\/usu911\/2025\/08\/Calendari-25-26-1086x1536.png 1086w, https:\/\/agora.xtec.cat\/ceipbaldiribadalona\/wp-content\/uploads\/usu911\/2025\/08\/Calendari-25-26.png 1414w\" sizes=\"auto, (max-width: 724px) 100vw, 724px\" \/><\/a><\/p>\n","protected":false},"excerpt":{"rendered":"<p>L&#8217;horari lectiu: Ed. Infantil De 9 a 12:30 hores i de 15 a 16:30 h. Ed. Prim\u00e0ria: De 9 a 13 hores i de 15 a 17 h. L\u2019horari de menjador ser\u00e0 de 13 a 15 h. Les portes es tancaran 10 minuts despr\u00e9s de les hores d\u2019entrada i sortida determinades. Preguem puntualitat. En cas [&hellip;]<\/p>\n","protected":false},"author":1,"featured_media":0,"parent":22,"menu_order":50,"comment_status":"closed","ping_status":"closed","template":"page-templates\/side-menu.php","meta":{"_bbp_topic_count":0,"_bbp_reply_count":0,"_bbp_total_topic_count":0,"_bbp_total_reply_count":0,"_bbp_voice_count":0,"_bbp_anonymous_reply_count":0,"_bbp_topic_count_hidden":0,"_bbp_reply_count_hidden":0,"_bbp_forum_subforum_count":0,"site-sidebar-layout":"default","site-content-layout":"","ast-site-content-layout":"","site-content-style":"default","site-sidebar-style":"default","ast-global-header-display":"","ast-banner-title-visibility":"","ast-main-header-display":"","ast-hfb-above-header-display":"","ast-hfb-below-header-display":"","ast-hfb-mobile-header-display":"","site-post-title":"","ast-breadcrumbs-content":"","ast-featured-img":"","footer-sml-layout":"","theme-transparent-header-meta":"","adv-header-id-meta":"","stick-header-meta":"","header-above-stick-meta":"","header-main-stick-meta":"","header-below-stick-meta":"","astra-migrate-meta-layouts":"default","ast-page-background-enabled":"default","ast-page-background-meta":{"desktop":{"background-color":"var(--ast-global-color-4)","background-image":"","background-repeat":"repeat","background-position":"center center","background-size":"auto","background-attachment":"scroll","background-type":"","background-media":"","overlay-type":"","overlay-color":"","overlay-opacity":"","overlay-gradient":""},"tablet":{"background-color":"","background-image":"","background-repeat":"repeat","background-position":"center center","background-size":"auto","background-attachment":"scroll","background-type":"","background-media":"","overlay-type":"","overlay-color":"","overlay-opacity":"","overlay-gradient":""},"mobile":{"background-color":"","background-image":"","background-repeat":"repeat","background-position":"center center","background-size":"auto","background-attachment":"scroll","background-type":"","background-media":"","overlay-type":"","overlay-color":"","overlay-opacity":"","overlay-gradient":""}},"ast-content-background-meta":{"desktop":{"background-color":"var(--ast-global-color-5)","background-image":"","background-repeat":"repeat","background-position":"center center","background-size":"auto","background-attachment":"scroll","background-type":"","background-media":"","overlay-type":"","overlay-color":"","overlay-opacity":"","overlay-gradient":""},"tablet":{"background-color":"var(--ast-global-color-5)","background-image":"","background-repeat":"repeat","background-position":"center center","background-size":"auto","background-attachment":"scroll","background-type":"","background-media":"","overlay-type":"","overlay-color":"","overlay-opacity":"","overlay-gradient":""},"mobile":{"background-color":"var(--ast-global-color-5)","background-image":"","background-repeat":"repeat","background-position":"center center","background-size":"auto","background-attachment":"scroll","background-type":"","background-media":"","overlay-type":"","overlay-color":"","overlay-opacity":"","overlay-gradient":""}},"footnotes":""},"class_list":["post-32","page","type-page","status-publish","hentry"],"post_mailing_queue_ids":[],"_links":{"self":[{"href":"https:\/\/agora.xtec.cat\/ceipbaldiribadalona\/wp-json\/wp\/v2\/pages\/32","targetHints":{"allow":["GET"]}}],"collection":[{"href":"https:\/\/agora.xtec.cat\/ceipbaldiribadalona\/wp-json\/wp\/v2\/pages"}],"about":[{"href":"https:\/\/agora.xtec.cat\/ceipbaldiribadalona\/wp-json\/wp\/v2\/types\/page"}],"author":[{"embeddable":true,"href":"https:\/\/agora.xtec.cat\/ceipbaldiribadalona\/wp-json\/wp\/v2\/users\/1"}],"replies":[{"embeddable":true,"href":"https:\/\/agora.xtec.cat\/ceipbaldiribadalona\/wp-json\/wp\/v2\/comments?post=32"}],"version-history":[{"count":7,"href":"https:\/\/agora.xtec.cat\/ceipbaldiribadalona\/wp-json\/wp\/v2\/pages\/32\/revisions"}],"predecessor-version":[{"id":2662,"href":"https:\/\/agora.xtec.cat\/ceipbaldiribadalona\/wp-json\/wp\/v2\/pages\/32\/revisions\/2662"}],"up":[{"embeddable":true,"href":"https:\/\/agora.xtec.cat\/ceipbaldiribadalona\/wp-json\/wp\/v2\/pages\/22"}],"wp:attachment":[{"href":"https:\/\/agora.xtec.cat\/ceipbaldiribadalona\/wp-json\/wp\/v2\/media?parent=32"}],"curies":[{"name":"wp","href":"https:\/\/api.w.org\/{rel}","templated":true}]}}