{"id":32,"date":"2014-09-18T12:31:33","date_gmt":"2014-09-18T11:31:33","guid":{"rendered":"http:\/\/agora.xtec.cat\/ceipbacderoda\/?page_id=32"},"modified":"2026-02-25T12:24:40","modified_gmt":"2026-02-25T11:24:40","slug":"calendari-del-curs","status":"publish","type":"page","link":"https:\/\/agora.xtec.cat\/ceipbacderoda\/lescola\/calendari-del-curs\/","title":{"rendered":"Calendari del curs 25-26"},"content":{"rendered":"<h4><strong>Inici de curs:<\/strong><\/h4>\n<ul>\n<li>Inici de curs dilluns 8 de setembre.<\/li>\n<\/ul>\n<h4><strong>Vacances:<\/strong><\/h4>\n<ul>\n<li>Vacances de Nadal: del 20 de desembre de 2025 al 7 de gener de 2026, ambd\u00f3s inclosos.<\/li>\n<li>Setmana Santa: del 28 de mar\u00e7 al 6 d&#8217;abril, ambd\u00f3s inclosos.<\/li>\n<li>Divendres 19 de juny de 2026: acaben les classes al segon cicle d\u2019educaci\u00f3 infantil i a l\u2019educaci\u00f3 prim\u00e0ria.<\/li>\n<\/ul>\n<h4><strong>Dies festius de lliure disposici\u00f3:<\/strong><\/h4>\n<ul>\n<li><span style=\"font-weight: 400;\">Divendres 10 d\u2019octubre (Coincidint amb la festivitat del Pilar)<\/span><\/li>\n<li><span style=\"font-weight: 400;\">Dilluns 3 de novembre (Coincidint amb la festivitat de Tots Sants)<\/span><\/li>\n<li><span style=\"font-weight: 400;\">Dilluns 16 de febrer de 2026 (Carnaval)<\/span><\/li>\n<li><span style=\"font-weight: 400;\">Divendres 22 de maig de 2026 (Coincidint amb la festivitat de la segona Pasqua)<\/span><\/li>\n<\/ul>\n<h4><strong>Jornada compactada:<\/strong><\/h4>\n<ul>\n<li>Divendres 19 de desembre.<\/li>\n<li>Del 8 al 19 de juny de 2026 (ambd\u00f3s inclosos).<\/li>\n<li>Festes locals: dimecres 24 de setembre (La Merc\u00e8) i dilluns 25 de maig (2a Pasqua).<\/li>\n<\/ul>\n<h4><strong>D&#8217;ALTRES DATES D&#8217;INTER\u00c8S:<\/strong><\/h4>\n<p><strong>DANSES TRADICIONALS<\/strong>\u2192 23 d&#8217;abril de 2026.<\/p>\n<p dir=\"ltr\"><strong>JORNADES ESPORTIVES<\/strong> \u2192 7 de maig de 2026.<\/p>\n<p dir=\"ltr\"><strong>ENGLISH DAY<\/strong> \u2192 14 de maig de 2026.<\/p>\n<p dir=\"ltr\"><strong>COMIAT DE SIS\u00c8<\/strong>\u2192 <span style=\"color: #000000;\">dijous 18\u00a0de juny.<\/span><\/p>\n<p dir=\"ltr\"><strong>MICRO MARAT\u00d3<\/strong> \u2192\u00a0<span style=\"color: #000000;\">divendres 19\u00a0de juny.<\/span><\/p>\n<p><b>REUNIONS INICI DE CURS:<\/b><\/p>\n<p><span style=\"font-weight: 400;\">I3 dijous 4 de setembre a les 16:00h<\/span><\/p>\n<p><span style=\"font-weight: 400;\">I4 dijous 18 de setembre a les 16:45h<\/span><\/p>\n<p><span style=\"font-weight: 400;\">I5 dimecres 17 de setembre a les 16:45h<\/span><\/p>\n<p><span style=\"font-weight: 400;\">1r dimarts 16 de setembre a les 16:45h<\/span><\/p>\n<p><span style=\"font-weight: 400;\">2n dilluns 6 d\u2019octubre a les 16:45h<\/span><\/p>\n<p><span style=\"font-weight: 400;\">3r dimarts 30 de setembre a les 16:45h<\/span><\/p>\n<p><span style=\"font-weight: 400;\">4t dimarts 7 d\u2019octubre a les 16:45h\u00a0<\/span><\/p>\n<p><span style=\"font-weight: 400;\">5\u00e8 dijous 2 d\u2019octubre a les 16:45h<\/span><\/p>\n<p><span style=\"font-weight: 400;\">6\u00e8 dijous 25 de setembre a les 16:45 h<\/span><\/p>\n<div>Recordeu que hi haur\u00e0 servei d&#8217;acollida gratu\u00eft per\u00f2 cal estar inscrit al seg\u00fcent enlla\u00e7:<\/div>\n<div><\/div>\n<div>\u00a0<a href=\"https:\/\/7aventura.playoffinformatica.com\/actividad\/143\/Acollida-reunions-inici-de-curs\/\">SERVEI D&#8217;ACOLLIDA REUNIONS INICI DE CURS<\/a><\/div>\n<div><\/div>\n","protected":false},"excerpt":{"rendered":"<p>Inici de curs: Inici de curs dilluns 8 de setembre. Vacances: Vacances de Nadal: del 20 de desembre de 2025 al 7 de gener de 2026, ambd\u00f3s inclosos. Setmana Santa: del 28 de mar\u00e7 al 6 d&#8217;abril, ambd\u00f3s inclosos. Divendres 19 de juny de 2026: acaben les classes al segon cicle d\u2019educaci\u00f3 infantil i a [&hellip;]<\/p>\n","protected":false},"author":1,"featured_media":0,"parent":22,"menu_order":30,"comment_status":"closed","ping_status":"closed","template":"","meta":{"_bbp_topic_count":0,"_bbp_reply_count":0,"_bbp_total_topic_count":0,"_bbp_total_reply_count":0,"_bbp_voice_count":0,"_bbp_anonymous_reply_count":0,"_bbp_topic_count_hidden":0,"_bbp_reply_count_hidden":0,"_bbp_forum_subforum_count":0,"site-sidebar-layout":"default","site-content-layout":"","ast-site-content-layout":"default","site-content-style":"default","site-sidebar-style":"default","ast-global-header-display":"","ast-banner-title-visibility":"","ast-main-header-display":"","ast-hfb-above-header-display":"","ast-hfb-below-header-display":"","ast-hfb-mobile-header-display":"","site-post-title":"","ast-breadcrumbs-content":"","ast-featured-img":"","footer-sml-layout":"","theme-transparent-header-meta":"","adv-header-id-meta":"","stick-header-meta":"","header-above-stick-meta":"","header-main-stick-meta":"","header-below-stick-meta":"","astra-migrate-meta-layouts":"set","ast-page-background-enabled":"default","ast-page-background-meta":{"desktop":{"background-color":"var(--ast-global-color-4)","background-image":"","background-repeat":"repeat","background-position":"center center","background-size":"auto","background-attachment":"scroll","background-type":"","background-media":"","overlay-type":"","overlay-color":"","overlay-opacity":"","overlay-gradient":""},"tablet":{"background-color":"","background-image":"","background-repeat":"repeat","background-position":"center center","background-size":"auto","background-attachment":"scroll","background-type":"","background-media":"","overlay-type":"","overlay-color":"","overlay-opacity":"","overlay-gradient":""},"mobile":{"background-color":"","background-image":"","background-repeat":"repeat","background-position":"center center","background-size":"auto","background-attachment":"scroll","background-type":"","background-media":"","overlay-type":"","overlay-color":"","overlay-opacity":"","overlay-gradient":""}},"ast-content-background-meta":{"desktop":{"background-color":"var(--ast-global-color-5)","background-image":"","background-repeat":"repeat","background-position":"center center","background-size":"auto","background-attachment":"scroll","background-type":"","background-media":"","overlay-type":"","overlay-color":"","overlay-opacity":"","overlay-gradient":""},"tablet":{"background-color":"var(--ast-global-color-5)","background-image":"","background-repeat":"repeat","background-position":"center center","background-size":"auto","background-attachment":"scroll","background-type":"","background-media":"","overlay-type":"","overlay-color":"","overlay-opacity":"","overlay-gradient":""},"mobile":{"background-color":"var(--ast-global-color-5)","background-image":"","background-repeat":"repeat","background-position":"center center","background-size":"auto","background-attachment":"scroll","background-type":"","background-media":"","overlay-type":"","overlay-color":"","overlay-opacity":"","overlay-gradient":""}},"footnotes":""},"class_list":["post-32","page","type-page","status-publish","hentry"],"post_mailing_queue_ids":[],"_links":{"self":[{"href":"https:\/\/agora.xtec.cat\/ceipbacderoda\/wp-json\/wp\/v2\/pages\/32","targetHints":{"allow":["GET"]}}],"collection":[{"href":"https:\/\/agora.xtec.cat\/ceipbacderoda\/wp-json\/wp\/v2\/pages"}],"about":[{"href":"https:\/\/agora.xtec.cat\/ceipbacderoda\/wp-json\/wp\/v2\/types\/page"}],"author":[{"embeddable":true,"href":"https:\/\/agora.xtec.cat\/ceipbacderoda\/wp-json\/wp\/v2\/users\/1"}],"replies":[{"embeddable":true,"href":"https:\/\/agora.xtec.cat\/ceipbacderoda\/wp-json\/wp\/v2\/comments?post=32"}],"version-history":[{"count":6,"href":"https:\/\/agora.xtec.cat\/ceipbacderoda\/wp-json\/wp\/v2\/pages\/32\/revisions"}],"predecessor-version":[{"id":25961,"href":"https:\/\/agora.xtec.cat\/ceipbacderoda\/wp-json\/wp\/v2\/pages\/32\/revisions\/25961"}],"up":[{"embeddable":true,"href":"https:\/\/agora.xtec.cat\/ceipbacderoda\/wp-json\/wp\/v2\/pages\/22"}],"wp:attachment":[{"href":"https:\/\/agora.xtec.cat\/ceipbacderoda\/wp-json\/wp\/v2\/media?parent=32"}],"curies":[{"name":"wp","href":"https:\/\/api.w.org\/{rel}","templated":true}]}}