{"id":3018,"date":"2020-02-14T16:01:06","date_gmt":"2020-02-14T15:01:06","guid":{"rendered":"https:\/\/agora.xtec.cat\/ceipbacderoda\/?page_id=3018"},"modified":"2026-01-29T15:24:52","modified_gmt":"2026-01-29T14:24:52","slug":"equip-huma","status":"publish","type":"page","link":"https:\/\/agora.xtec.cat\/ceipbacderoda\/lescola\/equip-huma\/","title":{"rendered":"Personal del Centre curs 25-26"},"content":{"rendered":"<table style=\"height: 483px; width: 44.3183%;\" width=\"624\">\n<tbody>\n<tr style=\"height: 55px;\">\n<td style=\"height: 55px; width: 97.7456%;\" colspan=\"2\"><strong><span style=\"vertical-align: inherit;\"><span style=\"vertical-align: inherit;\">EDUCACI\u00d3 INFANTIL<\/span><\/span><\/strong><\/td>\n<\/tr>\n<tr style=\"height: 43px;\">\n<td style=\"height: 43px; width: 49.2754%;\"><span style=\"vertical-align: inherit;\"><span style=\"vertical-align: inherit;\">I3 A<\/span><\/span><\/td>\n<td style=\"height: 43px; width: 48.4702%;\"><span style=\"vertical-align: inherit;\"><span style=\"vertical-align: inherit;\">Cristina Melo<\/span><\/span><\/td>\n<\/tr>\n<tr style=\"height: 55px;\">\n<td style=\"height: 55px; width: 49.2754%;\"><span style=\"vertical-align: inherit;\"><span style=\"vertical-align: inherit;\">I3 B<\/span><\/span><\/td>\n<td style=\"height: 55px; width: 48.4702%;\"><span style=\"vertical-align: inherit;\"><span style=\"vertical-align: inherit;\">Mary Gea<\/span><\/span><\/td>\n<\/tr>\n<tr style=\"height: 55px;\">\n<td style=\"height: 55px; width: 49.2754%;\"><span style=\"vertical-align: inherit;\"><span style=\"vertical-align: inherit;\">I4 A<\/span><\/span><\/td>\n<td style=\"height: 55px; width: 48.4702%;\"><span style=\"vertical-align: inherit;\"><span style=\"vertical-align: inherit;\">Marta Gonz\u00e1lez\/ Ana Cord\u00f3n<\/span><\/span><\/td>\n<\/tr>\n<tr style=\"height: 55px;\">\n<td style=\"height: 55px; width: 49.2754%;\"><span style=\"vertical-align: inherit;\"><span style=\"vertical-align: inherit;\">I4 B<\/span><\/span><\/td>\n<td style=\"height: 55px; width: 48.4702%;\"><span style=\"vertical-align: inherit;\"><span style=\"vertical-align: inherit;\">S\u00edlvia Cuevas+Judith Barro<\/span><\/span><\/td>\n<\/tr>\n<tr style=\"height: 55px;\">\n<td style=\"height: 55px; width: 49.2754%;\"><span style=\"vertical-align: inherit;\"><span style=\"vertical-align: inherit;\">I5 A<\/span><\/span><\/td>\n<td style=\"height: 55px; width: 48.4702%;\"><span style=\"vertical-align: inherit;\"><span style=\"vertical-align: inherit;\">Mar\u00eda Barbero\/Elba Alonso<\/span><\/span><\/td>\n<\/tr>\n<tr style=\"height: 55px;\">\n<td style=\"height: 55px; width: 49.2754%;\"><span style=\"vertical-align: inherit;\"><span style=\"vertical-align: inherit;\">I5 B<\/span><\/span><\/td>\n<td style=\"height: 55px; width: 48.4702%;\"><span style=\"vertical-align: inherit;\"><span style=\"vertical-align: inherit;\">Maria Robledo<\/span><\/span><\/td>\n<\/tr>\n<tr style=\"height: 55px;\">\n<td style=\"height: 55px; width: 49.2754%;\"><span style=\"vertical-align: inherit;\"><span style=\"vertical-align: inherit;\">Mestres de Refor\u00e7<\/span><\/span><\/td>\n<td style=\"height: 55px; width: 48.4702%;\"><span style=\"vertical-align: inherit;\"><span style=\"vertical-align: inherit;\">Marta C\u00e1novas (refor\u00e7 I3)+ Anna Esquirol<\/span><\/span><span style=\"vertical-align: inherit;\"><span style=\"vertical-align: inherit;\">Marta Salue\u00f1a <\/span><\/span><span style=\"vertical-align: inherit;\"><span style=\"vertical-align: inherit;\">\u00a0(refor\u00e7 I4 i I5)<\/span><\/span><\/td>\n<\/tr>\n<tr style=\"height: 55px;\">\n<td style=\"height: 55px; width: 49.2754%;\"><span style=\"vertical-align: inherit;\"><span style=\"vertical-align: inherit;\">TEEI<\/span><\/span><\/td>\n<td style=\"height: 55px; width: 48.4702%;\"><span style=\"vertical-align: inherit;\"><span style=\"vertical-align: inherit;\">Sonia Redondo<\/span><\/span><\/td>\n<\/tr>\n<tr>\n<td style=\"width: 49.2754%;\"><span style=\"vertical-align: inherit;\"><span style=\"vertical-align: inherit;\">Coordinadora d&#8217;Educaci\u00f3 Infantil<\/span><\/span><\/td>\n<td style=\"width: 48.4702%;\"><span style=\"vertical-align: inherit;\"><span style=\"vertical-align: inherit;\">Marta C\u00e1novas<\/span><\/span><\/td>\n<\/tr>\n<\/tbody>\n<\/table>\n<table style=\"width: 44.6042%;\">\n<tbody>\n<tr>\n<td style=\"width: 97.7456%;\" colspan=\"2\" width=\"611\"><strong><span style=\"vertical-align: inherit;\"><span style=\"vertical-align: inherit;\">EDUCACI\u00d3 PRIM\u00c0RIA<\/span><\/span><\/strong><\/td>\n<\/tr>\n<tr>\n<td style=\"width: 97.7456%;\" colspan=\"2\" width=\"611\"><strong><span style=\"vertical-align: inherit;\"><span style=\"vertical-align: inherit;\">Cicle Inicial<\/span><\/span><\/strong><\/td>\n<\/tr>\n<tr>\n<td style=\"width: 49.2754%;\" width=\"306\"><span style=\"vertical-align: inherit;\"><span style=\"vertical-align: inherit;\">1rA<\/span><\/span><\/td>\n<td style=\"width: 48.4702%;\" width=\"306\"><span style=\"vertical-align: inherit;\"><span style=\"vertical-align: inherit;\">David Oca\u00f1a<\/span><\/span><\/td>\n<\/tr>\n<tr>\n<td style=\"width: 49.2754%;\" width=\"306\"><span style=\"vertical-align: inherit;\"><span style=\"vertical-align: inherit;\">1rB<\/span><\/span><\/td>\n<td style=\"width: 48.4702%;\" width=\"306\"><span style=\"vertical-align: inherit;\"><span style=\"vertical-align: inherit;\">N\u00faria Mart\u00ednez<\/span><\/span><\/td>\n<\/tr>\n<tr>\n<td style=\"width: 49.2754%;\" width=\"306\"><span style=\"vertical-align: inherit;\"><span style=\"vertical-align: inherit;\">2nA<\/span><\/span><\/td>\n<td style=\"width: 48.4702%;\" width=\"306\"><span style=\"vertical-align: inherit;\"><span style=\"vertical-align: inherit;\">Silvia Bueno<\/span><\/span><\/td>\n<\/tr>\n<tr>\n<td style=\"width: 49.2754%;\" width=\"306\"><span style=\"vertical-align: inherit;\"><span style=\"vertical-align: inherit;\">2nB<\/span><\/span><\/td>\n<td style=\"width: 48.4702%;\" width=\"306\"><span style=\"vertical-align: inherit;\"><span style=\"vertical-align: inherit;\">Susi Monedero<\/span><\/span><\/td>\n<\/tr>\n<tr>\n<td style=\"width: 49.2754%;\" width=\"306\"><span style=\"vertical-align: inherit;\"><span style=\"vertical-align: inherit;\">Coordinadora de CI<\/span><\/span><\/td>\n<td style=\"width: 48.4702%;\" width=\"306\"><span style=\"vertical-align: inherit;\"><span style=\"vertical-align: inherit;\">N\u00faria Mart\u00ednez<\/span><\/span><\/td>\n<\/tr>\n<\/tbody>\n<\/table>\n<table style=\"width: 44.7495%;\">\n<tbody>\n<tr>\n<td style=\"width: 98.0666%;\" colspan=\"2\" width=\"611\"><strong><span style=\"vertical-align: inherit;\"><span style=\"vertical-align: inherit;\">Cicle Mitj\u00e0<\/span><\/span><\/strong><\/td>\n<\/tr>\n<tr>\n<td style=\"width: 49.2754%;\" width=\"306\"><span style=\"vertical-align: inherit;\"><span style=\"vertical-align: inherit;\">3rA<\/span><\/span><\/td>\n<td style=\"width: 48.7912%;\" width=\"306\"><span style=\"vertical-align: inherit;\"><span style=\"vertical-align: inherit;\">Jordi Mariscal<\/span><\/span><\/td>\n<\/tr>\n<tr>\n<td style=\"width: 49.2754%;\" width=\"306\"><span style=\"vertical-align: inherit;\"><span style=\"vertical-align: inherit;\">3rB<\/span><\/span><\/td>\n<td style=\"width: 48.7912%;\" width=\"306\"><span style=\"vertical-align: inherit;\"><span style=\"vertical-align: inherit;\">Ana del R\u00edo<\/span><\/span><\/td>\n<\/tr>\n<tr>\n<td style=\"width: 49.2754%;\" width=\"306\"><span style=\"vertical-align: inherit;\"><span style=\"vertical-align: inherit;\">4tA<\/span><\/span><\/td>\n<td style=\"width: 48.7912%;\" width=\"306\"><span style=\"vertical-align: inherit;\"><span style=\"vertical-align: inherit;\">M\u00f2nica Miquel<\/span><\/span><\/td>\n<\/tr>\n<tr>\n<td style=\"width: 49.2754%;\" width=\"306\"><span style=\"vertical-align: inherit;\"><span style=\"vertical-align: inherit;\">4tB<\/span><\/span><\/td>\n<td style=\"width: 48.7912%;\" width=\"306\"><span style=\"vertical-align: inherit;\"><span style=\"vertical-align: inherit;\">Alba Duch+Marina Vi\u00f1as<\/span><\/span><\/td>\n<\/tr>\n<tr>\n<td style=\"width: 49.2754%;\" width=\"306\"><span style=\"vertical-align: inherit;\"><span style=\"vertical-align: inherit;\">Coordinadora de CM<\/span><\/span><\/td>\n<td style=\"width: 48.7912%;\" width=\"306\"><span style=\"vertical-align: inherit;\"><span style=\"vertical-align: inherit;\">M\u00f2nica Miquel<\/span><\/span><\/td>\n<\/tr>\n<\/tbody>\n<\/table>\n<table style=\"width: 45.0397%; height: 636px;\">\n<tbody>\n<tr style=\"height: 32px;\">\n<td style=\"height: 32px; width: 98.0769%;\" colspan=\"2\" width=\"611\"><strong><span style=\"vertical-align: inherit;\"><span style=\"vertical-align: inherit;\">Cicle Superior<\/span><\/span><\/strong><\/td>\n<\/tr>\n<tr style=\"height: 32px;\">\n<td style=\"height: 32px; width: 47.8022%;\" width=\"306\"><span style=\"vertical-align: inherit;\"><span style=\"vertical-align: inherit;\">5\u00e8A<\/span><\/span><\/td>\n<td style=\"height: 32px; width: 50.2747%;\" width=\"306\"><span style=\"vertical-align: inherit;\"><span style=\"vertical-align: inherit;\">Raquel Viejo<\/span><\/span><\/td>\n<\/tr>\n<tr style=\"height: 32px;\">\n<td style=\"height: 32px; width: 47.8022%;\" width=\"306\"><span style=\"vertical-align: inherit;\"><span style=\"vertical-align: inherit;\">5\u00e8B<\/span><\/span><\/td>\n<td style=\"height: 32px; width: 50.2747%;\" width=\"306\"><span style=\"vertical-align: inherit;\"><span style=\"vertical-align: inherit;\">Laura Pag\u00e9s+Lydia Serra<\/span><\/span><\/td>\n<\/tr>\n<tr style=\"height: 32px;\">\n<td style=\"height: 32px; width: 47.8022%;\" width=\"306\"><span style=\"vertical-align: inherit;\"><span style=\"vertical-align: inherit;\">6\u00e8A<\/span><\/span><\/td>\n<td style=\"height: 32px; width: 50.2747%;\" width=\"306\"><span style=\"vertical-align: inherit;\"><span style=\"vertical-align: inherit;\">Dolors Guillam\u00f3n<\/span><\/span><\/td>\n<\/tr>\n<tr style=\"height: 32px;\">\n<td style=\"height: 32px; width: 47.8022%;\" width=\"306\"><span style=\"vertical-align: inherit;\"><span style=\"vertical-align: inherit;\">6\u00e8B<\/span><\/span><\/td>\n<td style=\"height: 32px; width: 50.2747%;\" width=\"306\"><span style=\"vertical-align: inherit;\"><span style=\"vertical-align: inherit;\">Jordi Casas<\/span><\/span><\/td>\n<\/tr>\n<tr style=\"height: 32px;\">\n<td style=\"height: 32px; width: 47.8022%;\" width=\"306\"><span style=\"vertical-align: inherit;\"><span style=\"vertical-align: inherit;\">Coordinador de CS<\/span><\/span><\/td>\n<td style=\"height: 32px; width: 50.2747%;\" width=\"306\"><span style=\"vertical-align: inherit;\"><span style=\"vertical-align: inherit;\">Jordi Casas<\/span><\/span><\/td>\n<\/tr>\n<tr style=\"height: 32px;\">\n<td style=\"height: 32px; width: 47.8022%;\" width=\"306\"><\/td>\n<td style=\"height: 32px; width: 50.2747%;\" width=\"306\"><\/td>\n<\/tr>\n<tr style=\"height: 32px;\">\n<td style=\"height: 32px; width: 47.8022%;\" width=\"306\"><span style=\"vertical-align: inherit;\"><span style=\"vertical-align: inherit;\">Mestra d&#8217;Aula d&#8217;Acollida<\/span><\/span><\/td>\n<td style=\"height: 32px; width: 50.2747%;\" width=\"306\"><span style=\"vertical-align: inherit;\"><span style=\"vertical-align: inherit;\">M Cristina Mar\u00edn<\/span><\/span><\/td>\n<\/tr>\n<tr style=\"height: 47px;\">\n<td style=\"height: 47px; width: 47.8022%;\"><span style=\"vertical-align: inherit;\"><span style=\"vertical-align: inherit;\">Especialistes d&#8217;Angl\u00e8s<\/span><\/span><\/td>\n<td style=\"height: 47px; width: 50.2747%;\"><span style=\"vertical-align: inherit;\"><span style=\"vertical-align: inherit;\">Ricard P\u00e9rez (petits)\/ Ma Jes\u00fas Delgado (grans).<\/span><\/span><\/td>\n<\/tr>\n<tr style=\"height: 47px;\">\n<td style=\"height: 47px; width: 47.8022%;\"><span style=\"vertical-align: inherit;\"><span style=\"vertical-align: inherit;\">Especialistes de M\u00fasica<\/span><\/span><\/td>\n<td style=\"height: 47px; width: 50.2747%;\"><span style=\"vertical-align: inherit;\"><span style=\"vertical-align: inherit;\">David S\u00e1ez (PRI) i Dani Freixa (INF)<\/span><\/span><\/td>\n<\/tr>\n<tr style=\"height: 47px;\">\n<td style=\"height: 47px; width: 47.8022%;\"><span style=\"vertical-align: inherit;\"><span style=\"vertical-align: inherit;\">Especialistes d&#8217;Educaci\u00f3 F\u00edsica<\/span><\/span><\/td>\n<td style=\"height: 47px; width: 50.2747%;\"><span style=\"vertical-align: inherit;\"><span style=\"vertical-align: inherit;\">Cristina R\u00f3denas (petits) i Jordi Casas (grans)<\/span><\/span><\/td>\n<\/tr>\n<tr style=\"height: 47px;\">\n<td style=\"height: 47px; width: 47.8022%;\"><span style=\"vertical-align: inherit;\"><span style=\"vertical-align: inherit;\">Mestres d&#8217;Educaci\u00f3 Especial i Atenci\u00f3 a la Diversitat<\/span><\/span><\/td>\n<td style=\"height: 47px; width: 50.2747%;\"><span style=\"vertical-align: inherit;\"><span style=\"vertical-align: inherit;\">Clara Sabadell\/Gemma Villanueva<\/span><\/span><\/td>\n<\/tr>\n<tr>\n<td style=\"width: 47.8022%;\"><span style=\"vertical-align: inherit;\"><span style=\"vertical-align: inherit;\">Tutora SIEI (Suport Intensiu d&#8217;Educaci\u00f3 Inclusiva)<\/span><\/span><\/td>\n<td style=\"width: 50.2747%;\"><span style=\"vertical-align: inherit;\"><span style=\"vertical-align: inherit;\">Anna Jim\u00e9nez<\/span><\/span><\/td>\n<\/tr>\n<tr>\n<td style=\"width: 47.8022%;\"><span style=\"vertical-align: inherit;\"><span style=\"vertical-align: inherit;\">Educadora E. Especial<\/span><\/span><\/td>\n<td style=\"width: 50.2747%;\"><span style=\"vertical-align: inherit;\"><span style=\"vertical-align: inherit;\">Eva Vilagrasa<\/span><\/span><\/td>\n<\/tr>\n<tr>\n<td style=\"width: 47.8022%;\"><span style=\"vertical-align: inherit;\"><span style=\"vertical-align: inherit;\">Refor\u00e7 Prim\u00e0ria<\/span><\/span><\/td>\n<td style=\"width: 50.2747%;\"><span style=\"vertical-align: inherit;\"><span style=\"vertical-align: inherit;\">Andrea Vicente<\/span><\/span><\/td>\n<\/tr>\n<tr style=\"height: 32px;\">\n<td style=\"height: 32px; width: 47.8022%;\"><span style=\"vertical-align: inherit;\"><span style=\"vertical-align: inherit;\">Mestra de Religi\u00f3<\/span><\/span><\/td>\n<td style=\"height: 32px; width: 50.2747%;\"><span style=\"vertical-align: inherit;\"><span style=\"vertical-align: inherit;\">Presen Puertas<\/span><\/span><\/td>\n<\/tr>\n<tr>\n<td style=\"width: 47.8022%;\"><span style=\"vertical-align: inherit;\"><span style=\"vertical-align: inherit;\">Coordinador LIC<\/span><\/span><\/td>\n<td style=\"width: 50.2747%;\"><span style=\"vertical-align: inherit;\"><span style=\"vertical-align: inherit;\">Jordi Mariscal<\/span><\/span><\/td>\n<\/tr>\n<tr>\n<td style=\"width: 47.8022%;\"><span style=\"vertical-align: inherit;\"><span style=\"vertical-align: inherit;\">Coordinadora Riscos Laborals<\/span><\/span><\/td>\n<td style=\"width: 50.2747%;\"><span style=\"vertical-align: inherit;\"><span style=\"vertical-align: inherit;\">Gemma Villanueva<\/span><\/span><\/td>\n<\/tr>\n<tr>\n<td style=\"width: 47.8022%;\"><span style=\"vertical-align: inherit;\"><span style=\"vertical-align: inherit;\">Coordinadora TAC<\/span><\/span><\/td>\n<td style=\"width: 50.2747%;\"><span style=\"vertical-align: inherit;\"><span style=\"vertical-align: inherit;\">Dolors Guillam\u00f3n<\/span><\/span><\/td>\n<\/tr>\n<tr>\n<td style=\"width: 47.8022%;\"><span style=\"vertical-align: inherit;\"><span style=\"vertical-align: inherit;\">COCOBE, Coordinadora de Coeducaci\u00f3, Conviv\u00e8ncia i Benestar dels Infants<\/span><\/span><\/td>\n<td style=\"width: 50.2747%;\"><span style=\"vertical-align: inherit;\"><span style=\"vertical-align: inherit;\">Clara Sabadell<\/span><\/span><\/td>\n<\/tr>\n<tr style=\"height: 32px;\">\n<td style=\"height: 32px; width: 47.8022%;\" width=\"306\"><strong><span style=\"vertical-align: inherit;\">EQUIP DIRECTIU<\/span><\/strong><\/td>\n<td style=\"height: 32px; width: 50.2747%;\" width=\"306\"><\/td>\n<\/tr>\n<tr style=\"height: 32px;\">\n<td style=\"height: 32px; width: 47.8022%;\" width=\"306\"><span style=\"vertical-align: inherit;\"><span style=\"vertical-align: inherit;\">CAP D&#8217;ESTUDIS<\/span><\/span><\/td>\n<td style=\"height: 32px; width: 50.2747%;\" width=\"306\"><span style=\"vertical-align: inherit;\"><span style=\"vertical-align: inherit;\">Cristina Garc\u00eda<\/span><\/span><\/td>\n<\/tr>\n<tr style=\"height: 32px;\">\n<td style=\"height: 32px; width: 47.8022%;\" width=\"306\"><span style=\"vertical-align: inherit;\"><span style=\"vertical-align: inherit;\">SECRET\u00c0RIA<\/span><\/span><\/td>\n<td style=\"height: 32px; width: 50.2747%;\" width=\"306\"><span style=\"vertical-align: inherit;\"><span style=\"vertical-align: inherit;\">Cristina R\u00f3denas<\/span><\/span><\/td>\n<\/tr>\n<tr style=\"height: 32px;\">\n<td style=\"height: 32px; width: 47.8022%;\" width=\"306\"><span style=\"vertical-align: inherit;\"><span style=\"vertical-align: inherit;\">DIRECTORA<\/span><\/span><\/td>\n<td style=\"height: 32px; width: 50.2747%;\" width=\"306\"><span style=\"vertical-align: inherit;\"><span style=\"vertical-align: inherit;\">Eva Vela<\/span><\/span><\/td>\n<\/tr>\n<tr style=\"height: 32px;\">\n<td style=\"height: 32px; width: 47.8022%;\" width=\"306\"><span style=\"vertical-align: inherit;\"><span style=\"vertical-align: inherit;\">ADMINISTRATIVA<\/span><\/span><\/td>\n<td style=\"height: 32px; width: 50.2747%;\" width=\"306\"><span style=\"vertical-align: inherit;\"><span style=\"vertical-align: inherit;\">Esther Juncal<\/span><\/span><\/td>\n<\/tr>\n<tr style=\"height: 32px;\">\n<td style=\"height: 32px; width: 47.8022%;\" width=\"306\"><span style=\"vertical-align: inherit;\"><span style=\"vertical-align: inherit;\">CONSERGE<\/span><\/span><\/td>\n<td style=\"height: 32px; width: 50.2747%;\" width=\"306\"><span style=\"vertical-align: inherit;\"><span style=\"vertical-align: inherit;\">Jos\u00e9 Luis Calatrava<\/span><\/span><\/td>\n<\/tr>\n<tr>\n<td style=\"width: 47.8022%;\"><span style=\"vertical-align: inherit;\"><span style=\"vertical-align: inherit;\">COORDINADORA MENJADOR<\/span><\/span><\/td>\n<td style=\"width: 50.2747%;\"><span style=\"vertical-align: inherit;\"><span style=\"vertical-align: inherit;\">Ruth Andreu\u00a0 \u00a0 617679133 <\/span><\/span>espaimigdiabdr@hotmail.com<\/td>\n<\/tr>\n<tr>\n<td style=\"width: 47.8022%;\"><span style=\"vertical-align: inherit;\"><span style=\"vertical-align: inherit;\">COORDINADOR EXTRAESCOLARS<\/span><\/span><\/td>\n<td style=\"width: 50.2747%;\"><span style=\"vertical-align: inherit;\"><span style=\"vertical-align: inherit;\">Miguel \u00c1ngel (Miki) 617679133 <\/span><\/span>bacderodaextraescolars@gmail.com<\/td>\n<\/tr>\n<\/tbody>\n<\/table>\n","protected":false},"excerpt":{"rendered":"<p>EDUCACI\u00d3 INFANTIL I3 A Cristina Melo I3 B Mary Gea I4 A Marta Gonz\u00e1lez\/ Ana Cord\u00f3n I4 B S\u00edlvia Cuevas+Judith Barro I5 A Mar\u00eda Barbero\/Elba Alonso I5 B Maria Robledo Mestres de Refor\u00e7 Marta C\u00e1novas (refor\u00e7 I3)+ Anna EsquirolMarta Salue\u00f1a \u00a0(refor\u00e7 I4 i I5) TEEI Sonia Redondo Coordinadora d&#8217;Educaci\u00f3 Infantil Marta C\u00e1novas EDUCACI\u00d3 PRIM\u00c0RIA Cicle [&hellip;]<\/p>\n","protected":false},"author":1,"featured_media":0,"parent":22,"menu_order":20,"comment_status":"closed","ping_status":"closed","template":"","meta":{"_bbp_topic_count":0,"_bbp_reply_count":0,"_bbp_total_topic_count":0,"_bbp_total_reply_count":0,"_bbp_voice_count":0,"_bbp_anonymous_reply_count":0,"_bbp_topic_count_hidden":0,"_bbp_reply_count_hidden":0,"_bbp_forum_subforum_count":0,"site-sidebar-layout":"default","site-content-layout":"","ast-site-content-layout":"default","site-content-style":"default","site-sidebar-style":"default","ast-global-header-display":"","ast-banner-title-visibility":"","ast-main-header-display":"","ast-hfb-above-header-display":"","ast-hfb-below-header-display":"","ast-hfb-mobile-header-display":"","site-post-title":"","ast-breadcrumbs-content":"","ast-featured-img":"","footer-sml-layout":"","theme-transparent-header-meta":"","adv-header-id-meta":"","stick-header-meta":"","header-above-stick-meta":"","header-main-stick-meta":"","header-below-stick-meta":"","astra-migrate-meta-layouts":"set","ast-page-background-enabled":"default","ast-page-background-meta":{"desktop":{"background-color":"var(--ast-global-color-4)","background-image":"","background-repeat":"repeat","background-position":"center center","background-size":"auto","background-attachment":"scroll","background-type":"","background-media":"","overlay-type":"","overlay-color":"","overlay-opacity":"","overlay-gradient":""},"tablet":{"background-color":"","background-image":"","background-repeat":"repeat","background-position":"center center","background-size":"auto","background-attachment":"scroll","background-type":"","background-media":"","overlay-type":"","overlay-color":"","overlay-opacity":"","overlay-gradient":""},"mobile":{"background-color":"","background-image":"","background-repeat":"repeat","background-position":"center center","background-size":"auto","background-attachment":"scroll","background-type":"","background-media":"","overlay-type":"","overlay-color":"","overlay-opacity":"","overlay-gradient":""}},"ast-content-background-meta":{"desktop":{"background-color":"var(--ast-global-color-5)","background-image":"","background-repeat":"repeat","background-position":"center center","background-size":"auto","background-attachment":"scroll","background-type":"","background-media":"","overlay-type":"","overlay-color":"","overlay-opacity":"","overlay-gradient":""},"tablet":{"background-color":"var(--ast-global-color-5)","background-image":"","background-repeat":"repeat","background-position":"center center","background-size":"auto","background-attachment":"scroll","background-type":"","background-media":"","overlay-type":"","overlay-color":"","overlay-opacity":"","overlay-gradient":""},"mobile":{"background-color":"var(--ast-global-color-5)","background-image":"","background-repeat":"repeat","background-position":"center center","background-size":"auto","background-attachment":"scroll","background-type":"","background-media":"","overlay-type":"","overlay-color":"","overlay-opacity":"","overlay-gradient":""}},"footnotes":""},"class_list":["post-3018","page","type-page","status-publish","hentry"],"post_mailing_queue_ids":[],"_links":{"self":[{"href":"https:\/\/agora.xtec.cat\/ceipbacderoda\/wp-json\/wp\/v2\/pages\/3018","targetHints":{"allow":["GET"]}}],"collection":[{"href":"https:\/\/agora.xtec.cat\/ceipbacderoda\/wp-json\/wp\/v2\/pages"}],"about":[{"href":"https:\/\/agora.xtec.cat\/ceipbacderoda\/wp-json\/wp\/v2\/types\/page"}],"author":[{"embeddable":true,"href":"https:\/\/agora.xtec.cat\/ceipbacderoda\/wp-json\/wp\/v2\/users\/1"}],"replies":[{"embeddable":true,"href":"https:\/\/agora.xtec.cat\/ceipbacderoda\/wp-json\/wp\/v2\/comments?post=3018"}],"version-history":[{"count":6,"href":"https:\/\/agora.xtec.cat\/ceipbacderoda\/wp-json\/wp\/v2\/pages\/3018\/revisions"}],"predecessor-version":[{"id":25836,"href":"https:\/\/agora.xtec.cat\/ceipbacderoda\/wp-json\/wp\/v2\/pages\/3018\/revisions\/25836"}],"up":[{"embeddable":true,"href":"https:\/\/agora.xtec.cat\/ceipbacderoda\/wp-json\/wp\/v2\/pages\/22"}],"wp:attachment":[{"href":"https:\/\/agora.xtec.cat\/ceipbacderoda\/wp-json\/wp\/v2\/media?parent=3018"}],"curies":[{"name":"wp","href":"https:\/\/api.w.org\/{rel}","templated":true}]}}