{"id":2830,"date":"2019-09-19T20:25:55","date_gmt":"2019-09-19T18:25:55","guid":{"rendered":"https:\/\/agora.xtec.cat\/ceipbacderoda\/?page_id=2830"},"modified":"2026-01-08T12:02:25","modified_gmt":"2026-01-08T11:02:25","slug":"documents-2","status":"publish","type":"page","link":"https:\/\/agora.xtec.cat\/ceipbacderoda\/lescola\/documents-2\/","title":{"rendered":"Documents"},"content":{"rendered":"\n<p><\/p>\n\n\n\n<p><\/p>\n\n\n<p><a href=\"https:\/\/drive.google.com\/file\/d\/1i6ZOh883iHidXqvc6K1xhlZb8eKjLbfp\/view?usp=sharing\" target=\"_blank\" rel=\"noopener noreferrer\">DECLARACI\u00d3 RESPONSABLE<\/a><\/p>\n<p><a href=\"https:\/\/agora.xtec.cat\/ceipbacderoda\/wp-content\/uploads\/usu2017\/2021\/05\/Autoritzaci\u00f3-recollir-alumnes-P3-a-2n.pdf\">AUTORITZACI\u00d3 PER RECOLLIR ALUMNAT I3 a 2n<\/a><\/p>\n<p><a href=\"https:\/\/agora.xtec.cat\/ceipbacderoda\/wp-content\/uploads\/usu2017\/2021\/09\/eviccioescolar.pdf\">CRITERIS DE NO ASSIST\u00c8NCIA DE L&#8217;ALUMNAT A L&#8217;ESCOLA A CAUSA DE MALALTIES TRANSMISSIBLES<\/a><\/p>\n<p><a href=\"https:\/\/agora.xtec.cat\/ceipbacderoda\/wp-content\/uploads\/usu2017\/2025\/04\/autoritzacio-paracetamol.pdf\">AUTORITZACI\u00d3 PER A L&#8217;ADMINISTRACI\u00d3 DE PARACETAMOL<\/a><\/p>\n<p><span style=\"color: #993366;\"><a style=\"color: #993366;\" title=\"V\u00cdDEO PROJECTE EDUCATIU DE CENTRE (mar\u00e7 2020)\" href=\"https:\/\/drive.google.com\/file\/d\/16YQlnFjZ_YxaEHFz8hj_5VOy_ukkmYof\/view?usp=sharing\" target=\"_blank\" rel=\"noopener noreferrer\">V\u00cdDEO PROJECTE EDUCATIU DE CENTRE (mar\u00e7 2020)<\/a><\/span><\/p>\n<p><a href=\"https:\/\/agora.xtec.cat\/ceipbacderoda\/wp-content\/uploads\/usu2017\/2025\/10\/PEC-Projecte-Educatiu-de-Centre.pdf\">PEC (PROJECTE EDUCATIU DE CENTRE)<\/a><\/p>\n<p><a href=\"https:\/\/agora.xtec.cat\/ceipbacderoda\/wp-content\/uploads\/usu2017\/2020\/02\/PLC-ESCOLA-BAC-DE-RODA.pdf\">PROJECTE LING\u00dc\u00cdSTIC DE CENTRE<\/a><\/p>\n<p><a href=\"https:\/\/agora.xtec.cat\/ceipbacderoda\/wp-content\/uploads\/usu2017\/2026\/01\/NOFC-25-26-3.pdf\" target=\"_blank\" rel=\"noopener\">NORMES D&#8217;ORGANITZACI\u00d3 I FUNCIONAMENT DE CURS 25-26<\/a><\/p>\n<p><a href=\"https:\/\/agora.xtec.cat\/ceipbacderoda\/wp-content\/uploads\/usu2017\/2025\/10\/NORMES-DORGANITZACIO-I-FUNCIONAMENT-MENJADOR-2025-26-1.pdf\" target=\"_blank\" rel=\"noopener\">NORMES D&#8217;ORGANITZACI\u00d3 I FUNCIONAMENT MENJADOR<\/a><\/p>\n<p><a href=\"https:\/\/agora.xtec.cat\/ceipbacderoda\/wp-content\/uploads\/usu2017\/2023\/03\/CARTA-DE-COMPROMIS-EDUCATIU-2023.pdf\">CARTA DE COMPROM\u00cdS EDUCATIU <\/a><\/p>\n<p><a href=\"http:\/\/blocs.xtec.cat\/menubacderoda\/files\/2015\/11\/Full_autoritzacio_proteccio_dades.pdf\" target=\"_blank\" rel=\"noopener noreferrer\">INFORMACI\u00d3 SOBRE LA PROTECCI\u00d3 DE DADES FULL D&#8217;AUTORITZACI\u00d3<\/a><\/p>\n<p><a href=\"https:\/\/agora.xtec.cat\/ceipbacderoda\/wp-content\/uploads\/usu2017\/2020\/02\/RESULTATS-ENQUESTA.pdf\">RESULTATS ENQUESTA VALORACI\u00d3 DE LES FAM\u00cdLIES<\/a><\/p>\n<p><a href=\"https:\/\/agora.xtec.cat\/ceipbacderoda\/wp-content\/uploads\/usu2017\/2021\/09\/PLA-DACTUACIO-ESCOLA-BAC-DE-RODA.pdf\">PLA D&#8217;ACTUACI\u00d3 ESCOLA BAC DE RODA CURS 21-22<\/a><\/p>\n\n\n\n\n<div data-wp-interactive=\"core\/file\" class=\"wp-block-file\"><object data-wp-bind--hidden=\"!state.hasPdfPreview\" hidden class=\"wp-block-file__embed\" data=\"https:\/\/agora.xtec.cat\/ceipbacderoda\/wp-content\/uploads\/usu2017\/2026\/01\/NOFC-25-26-2.pdf\" type=\"application\/pdf\" style=\"width:100%;height:600px\" aria-label=\"Incrustaci\u00f3 del fitxer NOFC-25-26.\"><\/object><a id=\"wp-block-file--media-39b2d12f-21dd-44b5-af7d-4be426dd1cb3\" href=\"https:\/\/agora.xtec.cat\/ceipbacderoda\/wp-content\/uploads\/usu2017\/2026\/01\/NOFC-25-26-2.pdf\">NOFC-25-26<\/a><a href=\"https:\/\/agora.xtec.cat\/ceipbacderoda\/wp-content\/uploads\/usu2017\/2026\/01\/NOFC-25-26-2.pdf\" class=\"wp-block-file__button wp-element-button\" download aria-describedby=\"wp-block-file--media-39b2d12f-21dd-44b5-af7d-4be426dd1cb3\">Baixa<\/a><\/div>\n\n\n\n\n\n\n\n\n\n<div data-wp-interactive=\"core\/file\" class=\"wp-block-file\"><object data-wp-bind--hidden=\"!state.hasPdfPreview\" hidden class=\"wp-block-file__embed\" data=\"https:\/\/agora.xtec.cat\/ceipbacderoda\/wp-content\/uploads\/usu2017\/2026\/01\/NOFC-25-26-3.pdf\" type=\"application\/pdf\" style=\"width:100%;height:600px\" aria-label=\"Incrustaci\u00f3 del fitxer NOFC-25-26.\"><\/object><a id=\"wp-block-file--media-e994f764-ecc4-4dcc-9d7c-df2889063d1d\" href=\"https:\/\/agora.xtec.cat\/ceipbacderoda\/wp-content\/uploads\/usu2017\/2026\/01\/NOFC-25-26-3.pdf\">NOFC-25-26<\/a><a href=\"https:\/\/agora.xtec.cat\/ceipbacderoda\/wp-content\/uploads\/usu2017\/2026\/01\/NOFC-25-26-3.pdf\" class=\"wp-block-file__button wp-element-button\" download aria-describedby=\"wp-block-file--media-e994f764-ecc4-4dcc-9d7c-df2889063d1d\">Baixa<\/a><\/div>\n","protected":false},"excerpt":{"rendered":"<p>DECLARACI\u00d3 RESPONSABLE AUTORITZACI\u00d3 PER RECOLLIR ALUMNAT I3 a 2n CRITERIS DE NO ASSIST\u00c8NCIA DE L&#8217;ALUMNAT A L&#8217;ESCOLA A CAUSA DE MALALTIES TRANSMISSIBLES AUTORITZACI\u00d3 PER A L&#8217;ADMINISTRACI\u00d3 DE PARACETAMOL V\u00cdDEO PROJECTE EDUCATIU DE CENTRE (mar\u00e7 2020) PEC (PROJECTE EDUCATIU DE CENTRE) PROJECTE LING\u00dc\u00cdSTIC DE CENTRE NORMES D&#8217;ORGANITZACI\u00d3 I FUNCIONAMENT DE CURS 25-26 NORMES D&#8217;ORGANITZACI\u00d3 I FUNCIONAMENT [&hellip;]<\/p>\n","protected":false},"author":3,"featured_media":25271,"parent":22,"menu_order":40,"comment_status":"closed","ping_status":"closed","template":"","meta":{"_bbp_topic_count":0,"_bbp_reply_count":0,"_bbp_total_topic_count":0,"_bbp_total_reply_count":0,"_bbp_voice_count":0,"_bbp_anonymous_reply_count":0,"_bbp_topic_count_hidden":0,"_bbp_reply_count_hidden":0,"_bbp_forum_subforum_count":0,"site-sidebar-layout":"default","site-content-layout":"","ast-site-content-layout":"default","site-content-style":"default","site-sidebar-style":"default","ast-global-header-display":"","ast-banner-title-visibility":"","ast-main-header-display":"","ast-hfb-above-header-display":"","ast-hfb-below-header-display":"","ast-hfb-mobile-header-display":"","site-post-title":"","ast-breadcrumbs-content":"","ast-featured-img":"","footer-sml-layout":"","theme-transparent-header-meta":"","adv-header-id-meta":"","stick-header-meta":"","header-above-stick-meta":"","header-main-stick-meta":"","header-below-stick-meta":"","astra-migrate-meta-layouts":"set","ast-page-background-enabled":"default","ast-page-background-meta":{"desktop":{"background-color":"var(--ast-global-color-4)","background-image":"","background-repeat":"repeat","background-position":"center center","background-size":"auto","background-attachment":"scroll","background-type":"","background-media":"","overlay-type":"","overlay-color":"","overlay-opacity":"","overlay-gradient":""},"tablet":{"background-color":"","background-image":"","background-repeat":"repeat","background-position":"center center","background-size":"auto","background-attachment":"scroll","background-type":"","background-media":"","overlay-type":"","overlay-color":"","overlay-opacity":"","overlay-gradient":""},"mobile":{"background-color":"","background-image":"","background-repeat":"repeat","background-position":"center center","background-size":"auto","background-attachment":"scroll","background-type":"","background-media":"","overlay-type":"","overlay-color":"","overlay-opacity":"","overlay-gradient":""}},"ast-content-background-meta":{"desktop":{"background-color":"var(--ast-global-color-5)","background-image":"","background-repeat":"repeat","background-position":"center center","background-size":"auto","background-attachment":"scroll","background-type":"","background-media":"","overlay-type":"","overlay-color":"","overlay-opacity":"","overlay-gradient":""},"tablet":{"background-color":"var(--ast-global-color-5)","background-image":"","background-repeat":"repeat","background-position":"center center","background-size":"auto","background-attachment":"scroll","background-type":"","background-media":"","overlay-type":"","overlay-color":"","overlay-opacity":"","overlay-gradient":""},"mobile":{"background-color":"var(--ast-global-color-5)","background-image":"","background-repeat":"repeat","background-position":"center center","background-size":"auto","background-attachment":"scroll","background-type":"","background-media":"","overlay-type":"","overlay-color":"","overlay-opacity":"","overlay-gradient":""}},"footnotes":""},"class_list":["post-2830","page","type-page","status-publish","has-post-thumbnail","hentry"],"post_mailing_queue_ids":[],"_links":{"self":[{"href":"https:\/\/agora.xtec.cat\/ceipbacderoda\/wp-json\/wp\/v2\/pages\/2830","targetHints":{"allow":["GET"]}}],"collection":[{"href":"https:\/\/agora.xtec.cat\/ceipbacderoda\/wp-json\/wp\/v2\/pages"}],"about":[{"href":"https:\/\/agora.xtec.cat\/ceipbacderoda\/wp-json\/wp\/v2\/types\/page"}],"author":[{"embeddable":true,"href":"https:\/\/agora.xtec.cat\/ceipbacderoda\/wp-json\/wp\/v2\/users\/3"}],"replies":[{"embeddable":true,"href":"https:\/\/agora.xtec.cat\/ceipbacderoda\/wp-json\/wp\/v2\/comments?post=2830"}],"version-history":[{"count":6,"href":"https:\/\/agora.xtec.cat\/ceipbacderoda\/wp-json\/wp\/v2\/pages\/2830\/revisions"}],"predecessor-version":[{"id":25644,"href":"https:\/\/agora.xtec.cat\/ceipbacderoda\/wp-json\/wp\/v2\/pages\/2830\/revisions\/25644"}],"up":[{"embeddable":true,"href":"https:\/\/agora.xtec.cat\/ceipbacderoda\/wp-json\/wp\/v2\/pages\/22"}],"wp:featuredmedia":[{"embeddable":true,"href":"https:\/\/agora.xtec.cat\/ceipbacderoda\/wp-json\/wp\/v2\/media\/25271"}],"wp:attachment":[{"href":"https:\/\/agora.xtec.cat\/ceipbacderoda\/wp-json\/wp\/v2\/media?parent=2830"}],"curies":[{"name":"wp","href":"https:\/\/api.w.org\/{rel}","templated":true}]}}