{"id":23669,"date":"2024-05-06T13:14:40","date_gmt":"2024-05-06T11:14:40","guid":{"rendered":"https:\/\/agora.xtec.cat\/ceipbacderoda\/?page_id=23669"},"modified":"2025-10-22T11:09:14","modified_gmt":"2025-10-22T09:09:14","slug":"afa","status":"publish","type":"page","link":"https:\/\/agora.xtec.cat\/ceipbacderoda\/afa\/","title":{"rendered":"AFA"},"content":{"rendered":"<p>Us donem la m\u00e9s cordial benvinguda i us oferim la nostra Associaci\u00f3 com a lloc de trobada, intercanvi, debat i sobretot de treball per tal que l&#8217;educaci\u00f3 dels nostres fills\/filles sigui de qualitat. Estem conven\u00e7uts que la uni\u00f3 fa la for\u00e7a i que compartir ens servir\u00e0 per ajudar-los.<\/p>\n<p>Volem promoure l&#8217;associacionisme dels pares i mares dels alumnes del centre en l&#8217;\u00e0mbit social, cultural, aix\u00ed com col\u00b7laborar amb l&#8217;equip docent per garantir la bona qualitat de la formaci\u00f3 educativa dels alumnes. Des de l\u2019AMPA participem en la gesti\u00f3 del centre mitjan\u00e7ant els representants al Consell Escolar del Centre i el contacte directe i fluid amb la direcci\u00f3 del centre.<\/p>\n<p>Ens encarreguem de l\u2019organitzaci\u00f3 de les activitats extra escolars i les festes assenyalades, participant en els actes culturals i l\u00fadics, organitzats pel centre. Tamb\u00e9 fem aportacions econ\u00f2miques a l\u2019escola per tirar endavant projectes com el de reutilitzaci\u00f3 de llibres de text.<\/p>\n<p>Per\u00f2 el m\u00e9s important \u00e9s la implicaci\u00f3 dels pares. Tots els pares i mares tenim coses per aportar i coses per aprendre.<\/p>\n<p>Si vols contactar amb nosaltres escriu-nos a: <strong>ampabacderoda@gmail.com<\/strong><\/p>\n<p>Consulta la proposta d&#8217;activitats extraescolars del curs 2025 &#8211; 2026:<\/p>\n<h2><a href=\"https:\/\/setdaventura.com\/inici\/extraescolars\/bacderoda\/\">EXTRAESCOLARS 7 D&#8217;AVENTURA<\/a><\/h2>\n","protected":false},"excerpt":{"rendered":"<p>Us donem la m\u00e9s cordial benvinguda i us oferim la nostra Associaci\u00f3 com a lloc de trobada, intercanvi, debat i sobretot de treball per tal que l&#8217;educaci\u00f3 dels nostres fills\/filles sigui de qualitat. Estem conven\u00e7uts que la uni\u00f3 fa la for\u00e7a i que compartir ens servir\u00e0 per ajudar-los. Volem promoure l&#8217;associacionisme dels pares i mares [&hellip;]<\/p>\n","protected":false},"author":28,"featured_media":0,"parent":0,"menu_order":0,"comment_status":"closed","ping_status":"closed","template":"","meta":{"_bbp_topic_count":0,"_bbp_reply_count":0,"_bbp_total_topic_count":0,"_bbp_total_reply_count":0,"_bbp_voice_count":0,"_bbp_anonymous_reply_count":0,"_bbp_topic_count_hidden":0,"_bbp_reply_count_hidden":0,"_bbp_forum_subforum_count":0,"site-sidebar-layout":"default","site-content-layout":"","ast-site-content-layout":"default","site-content-style":"default","site-sidebar-style":"default","ast-global-header-display":"","ast-banner-title-visibility":"","ast-main-header-display":"","ast-hfb-above-header-display":"","ast-hfb-below-header-display":"","ast-hfb-mobile-header-display":"","site-post-title":"","ast-breadcrumbs-content":"","ast-featured-img":"","footer-sml-layout":"","theme-transparent-header-meta":"","adv-header-id-meta":"","stick-header-meta":"","header-above-stick-meta":"","header-main-stick-meta":"","header-below-stick-meta":"","astra-migrate-meta-layouts":"set","ast-page-background-enabled":"default","ast-page-background-meta":{"desktop":{"background-color":"var(--ast-global-color-4)","background-image":"","background-repeat":"repeat","background-position":"center center","background-size":"auto","background-attachment":"scroll","background-type":"","background-media":"","overlay-type":"","overlay-color":"","overlay-opacity":"","overlay-gradient":""},"tablet":{"background-color":"","background-image":"","background-repeat":"repeat","background-position":"center center","background-size":"auto","background-attachment":"scroll","background-type":"","background-media":"","overlay-type":"","overlay-color":"","overlay-opacity":"","overlay-gradient":""},"mobile":{"background-color":"","background-image":"","background-repeat":"repeat","background-position":"center center","background-size":"auto","background-attachment":"scroll","background-type":"","background-media":"","overlay-type":"","overlay-color":"","overlay-opacity":"","overlay-gradient":""}},"ast-content-background-meta":{"desktop":{"background-color":"var(--ast-global-color-5)","background-image":"","background-repeat":"repeat","background-position":"center center","background-size":"auto","background-attachment":"scroll","background-type":"","background-media":"","overlay-type":"","overlay-color":"","overlay-opacity":"","overlay-gradient":""},"tablet":{"background-color":"var(--ast-global-color-5)","background-image":"","background-repeat":"repeat","background-position":"center center","background-size":"auto","background-attachment":"scroll","background-type":"","background-media":"","overlay-type":"","overlay-color":"","overlay-opacity":"","overlay-gradient":""},"mobile":{"background-color":"var(--ast-global-color-5)","background-image":"","background-repeat":"repeat","background-position":"center center","background-size":"auto","background-attachment":"scroll","background-type":"","background-media":"","overlay-type":"","overlay-color":"","overlay-opacity":"","overlay-gradient":""}},"footnotes":""},"class_list":["post-23669","page","type-page","status-publish","hentry"],"post_mailing_queue_ids":[],"_links":{"self":[{"href":"https:\/\/agora.xtec.cat\/ceipbacderoda\/wp-json\/wp\/v2\/pages\/23669","targetHints":{"allow":["GET"]}}],"collection":[{"href":"https:\/\/agora.xtec.cat\/ceipbacderoda\/wp-json\/wp\/v2\/pages"}],"about":[{"href":"https:\/\/agora.xtec.cat\/ceipbacderoda\/wp-json\/wp\/v2\/types\/page"}],"author":[{"embeddable":true,"href":"https:\/\/agora.xtec.cat\/ceipbacderoda\/wp-json\/wp\/v2\/users\/28"}],"replies":[{"embeddable":true,"href":"https:\/\/agora.xtec.cat\/ceipbacderoda\/wp-json\/wp\/v2\/comments?post=23669"}],"version-history":[{"count":5,"href":"https:\/\/agora.xtec.cat\/ceipbacderoda\/wp-json\/wp\/v2\/pages\/23669\/revisions"}],"predecessor-version":[{"id":25249,"href":"https:\/\/agora.xtec.cat\/ceipbacderoda\/wp-json\/wp\/v2\/pages\/23669\/revisions\/25249"}],"wp:attachment":[{"href":"https:\/\/agora.xtec.cat\/ceipbacderoda\/wp-json\/wp\/v2\/media?parent=23669"}],"curies":[{"name":"wp","href":"https:\/\/api.w.org\/{rel}","templated":true}]}}