{"id":22,"date":"2014-09-18T12:19:57","date_gmt":"2014-09-18T11:19:57","guid":{"rendered":"http:\/\/agora.xtec.cat\/ceipbacderoda\/?page_id=22"},"modified":"2020-02-14T16:15:28","modified_gmt":"2020-02-14T15:15:28","slug":"lescola","status":"publish","type":"page","link":"https:\/\/agora.xtec.cat\/ceipbacderoda\/lescola\/","title":{"rendered":"L&#8217;ESCOLA"},"content":{"rendered":"<p><strong>TRETS D\u2019IDENTITAT:<\/strong><\/p>\n<p>Som un centre de titularitat p\u00fablica depenent del Departament d\u2019Ensenyament que imparteix el segon cicle d\u2019Educaci\u00f3 Infantil i l\u2019Educaci\u00f3 Prim\u00e0ria. Som una escola de doble l\u00ednia ubicada al barri de Sant Mart\u00ed Proven\u00e7als. L\u2019escola va ser reformada completament l\u2019any 2010, disposem d\u2019unes instal\u00b7lacions \u00e0mplies i lluminoses.<\/p>\n<p>Ens definim com una escola laica, catalana, democr\u00e0tica, coeducativa, inclusiva i compromesa amb l\u2019entorn. On cada infant esdev\u00e9 protagonista del seu proc\u00e9s d\u2019ensenyament-aprenentatge. Defensem una educaci\u00f3 integral de l&#8217;alumnat.<\/p>\n<p>Les pr\u00e0ctiques pedag\u00f2giques del nostre centre s\u2019estan renovant per adaptar-se a una societat canviant. Volem alumnes m\u00e9s competencials, potenciant l&#8217;aprenentatge significatiu.<\/p>\n<p><strong>PILARS PEDAG\u00d2GICS \/ BASES DEL MODEL EDUCATIU:<\/strong><\/p>\n<p>L\u2019atenci\u00f3 educativa de tots els alumnes del nostre centre, es regeix pel principi d\u2019escola inclusiva.<\/p>\n<p>L&#8217;escola t\u00e9 en compte la singularitat i diversitat dels alumnes com un valor a compartir. Es valora la integraci\u00f3 dels alumnes amb altes capacitats, i amb discapacitats o dificultats. Aix\u00ed com els nouvinguts de pa\u00efsos i cultures diferents o situacions socials desfavorides. Tots plegats formem part de la comunitat educativa i, com a tals, convivim i ens respectem.<\/p>\n<p>S\u2019 apliquen metodologies flexibles adaptades als diferents ritmes evolutius, atenent les necessitats educatives individuals i les capacitats intel\u00b7lectuals de cadasc\u00fa.<\/p>\n<p>S&#8217;adapten els Recursos organitzatius per tal d\u2019estimular la capacitat d\u2019aprenentatge, les habilitats i potencialitats personals, aix\u00ed com l\u2019\u00e8xit escolar de tots els alumnes.<\/p>\n<p><strong>OBJECTIUS EDUCATIUS PRIORITARIS:<\/strong><\/p>\n<p>Assolir un aprenentatge competencial.<br \/>\nAfavorir l&#8217;\u00fas de les noves tecnologies.<br \/>\nFomentar el treball col\u00b7laboratiu.<br \/>\nAdequar la funci\u00f3 del professorat, com a agent del proc\u00e9s.<\/p>\n","protected":false},"excerpt":{"rendered":"<p>TRETS D\u2019IDENTITAT: Som un centre de titularitat p\u00fablica depenent del Departament d\u2019Ensenyament que imparteix el segon cicle d\u2019Educaci\u00f3 Infantil i l\u2019Educaci\u00f3 Prim\u00e0ria. Som una escola de doble l\u00ednia ubicada al barri de Sant Mart\u00ed Proven\u00e7als. L\u2019escola va ser reformada completament l\u2019any 2010, disposem d\u2019unes instal\u00b7lacions \u00e0mplies i lluminoses. Ens definim com una escola laica, catalana, [&hellip;]<\/p>\n","protected":false},"author":1,"featured_media":0,"parent":0,"menu_order":0,"comment_status":"closed","ping_status":"closed","template":"page-templates\/side-menu.php","meta":{"_bbp_topic_count":0,"_bbp_reply_count":0,"_bbp_total_topic_count":0,"_bbp_total_reply_count":0,"_bbp_voice_count":0,"_bbp_anonymous_reply_count":0,"_bbp_topic_count_hidden":0,"_bbp_reply_count_hidden":0,"_bbp_forum_subforum_count":0,"site-sidebar-layout":"default","site-content-layout":"","ast-site-content-layout":"","site-content-style":"default","site-sidebar-style":"default","ast-global-header-display":"","ast-banner-title-visibility":"","ast-main-header-display":"","ast-hfb-above-header-display":"","ast-hfb-below-header-display":"","ast-hfb-mobile-header-display":"","site-post-title":"","ast-breadcrumbs-content":"","ast-featured-img":"","footer-sml-layout":"","theme-transparent-header-meta":"","adv-header-id-meta":"","stick-header-meta":"","header-above-stick-meta":"","header-main-stick-meta":"","header-below-stick-meta":"","astra-migrate-meta-layouts":"default","ast-page-background-enabled":"default","ast-page-background-meta":{"desktop":{"background-color":"var(--ast-global-color-4)","background-image":"","background-repeat":"repeat","background-position":"center center","background-size":"auto","background-attachment":"scroll","background-type":"","background-media":"","overlay-type":"","overlay-color":"","overlay-opacity":"","overlay-gradient":""},"tablet":{"background-color":"","background-image":"","background-repeat":"repeat","background-position":"center center","background-size":"auto","background-attachment":"scroll","background-type":"","background-media":"","overlay-type":"","overlay-color":"","overlay-opacity":"","overlay-gradient":""},"mobile":{"background-color":"","background-image":"","background-repeat":"repeat","background-position":"center center","background-size":"auto","background-attachment":"scroll","background-type":"","background-media":"","overlay-type":"","overlay-color":"","overlay-opacity":"","overlay-gradient":""}},"ast-content-background-meta":{"desktop":{"background-color":"var(--ast-global-color-5)","background-image":"","background-repeat":"repeat","background-position":"center center","background-size":"auto","background-attachment":"scroll","background-type":"","background-media":"","overlay-type":"","overlay-color":"","overlay-opacity":"","overlay-gradient":""},"tablet":{"background-color":"var(--ast-global-color-5)","background-image":"","background-repeat":"repeat","background-position":"center center","background-size":"auto","background-attachment":"scroll","background-type":"","background-media":"","overlay-type":"","overlay-color":"","overlay-opacity":"","overlay-gradient":""},"mobile":{"background-color":"var(--ast-global-color-5)","background-image":"","background-repeat":"repeat","background-position":"center center","background-size":"auto","background-attachment":"scroll","background-type":"","background-media":"","overlay-type":"","overlay-color":"","overlay-opacity":"","overlay-gradient":""}},"footnotes":""},"class_list":["post-22","page","type-page","status-publish","hentry"],"post_mailing_queue_ids":[],"_links":{"self":[{"href":"https:\/\/agora.xtec.cat\/ceipbacderoda\/wp-json\/wp\/v2\/pages\/22","targetHints":{"allow":["GET"]}}],"collection":[{"href":"https:\/\/agora.xtec.cat\/ceipbacderoda\/wp-json\/wp\/v2\/pages"}],"about":[{"href":"https:\/\/agora.xtec.cat\/ceipbacderoda\/wp-json\/wp\/v2\/types\/page"}],"author":[{"embeddable":true,"href":"https:\/\/agora.xtec.cat\/ceipbacderoda\/wp-json\/wp\/v2\/users\/1"}],"replies":[{"embeddable":true,"href":"https:\/\/agora.xtec.cat\/ceipbacderoda\/wp-json\/wp\/v2\/comments?post=22"}],"version-history":[{"count":3,"href":"https:\/\/agora.xtec.cat\/ceipbacderoda\/wp-json\/wp\/v2\/pages\/22\/revisions"}],"predecessor-version":[{"id":3036,"href":"https:\/\/agora.xtec.cat\/ceipbacderoda\/wp-json\/wp\/v2\/pages\/22\/revisions\/3036"}],"wp:attachment":[{"href":"https:\/\/agora.xtec.cat\/ceipbacderoda\/wp-json\/wp\/v2\/media?parent=22"}],"curies":[{"name":"wp","href":"https:\/\/api.w.org\/{rel}","templated":true}]}}