{"id":21871,"date":"2023-04-12T12:52:31","date_gmt":"2023-04-12T10:52:31","guid":{"rendered":"https:\/\/agora.xtec.cat\/ceipbacderoda\/?page_id=21871"},"modified":"2023-04-17T15:12:33","modified_gmt":"2023-04-17T13:12:33","slug":"diagnosi","status":"publish","type":"page","link":"https:\/\/agora.xtec.cat\/ceipbacderoda\/estrategia-digital-de-centre\/part-estrategica\/diagnosi\/","title":{"rendered":"DIAGNOSI"},"content":{"rendered":"<p>Despr\u00e9s de passar l&#8217;eina SELFIE PER A DOCENTS,\u00a0 eina elaborada i gestionada des de la Comissi\u00f3 Europea per donar suport a les compet\u00e8ncies digitals dels professors. Vam elaborar aquesta diagnosi. Els resultats de la revisi\u00f3 ens han ajudat a identificar on necessitem m\u00e9s formaci\u00f3 i suport, aix\u00ed com quin \u00e9s el punt de partida de la nostra compet\u00e8ncia digital, tant de docents com de l&#8217;alumnat.<\/p>\n<p><img loading=\"lazy\" decoding=\"async\" class=\"alignleft wp-image-21947\" src=\"https:\/\/agora.xtec.cat\/ceipbacderoda\/wp-content\/uploads\/usu2017\/2023\/04\/Captura.-selfie.png\" alt=\"\" width=\"105\" height=\"85\" srcset=\"https:\/\/agora.xtec.cat\/ceipbacderoda\/wp-content\/uploads\/usu2017\/2023\/04\/Captura.-selfie.png 360w, https:\/\/agora.xtec.cat\/ceipbacderoda\/wp-content\/uploads\/usu2017\/2023\/04\/Captura.-selfie-300x242.png 300w\" sizes=\"auto, (max-width: 105px) 100vw, 105px\" \/><\/p>\n<p style=\"text-align: center;\"><a href=\"https:\/\/agora.xtec.cat\/ceipbacderoda\/wp-content\/uploads\/usu2017\/2023\/03\/DIAGNOSI-MENTORIA.pdf\" target=\"_blank\" rel=\"noopener\">DIAGNOSI, PUNTS FORTS I FEBLES DEL CENTRE<\/a><\/p>\n<p>&nbsp;<\/p>\n","protected":false},"excerpt":{"rendered":"<p>Despr\u00e9s de passar l&#8217;eina SELFIE PER A DOCENTS,\u00a0 eina elaborada i gestionada des de la Comissi\u00f3 Europea per donar suport a les compet\u00e8ncies digitals dels professors. Vam elaborar aquesta diagnosi. Els resultats de la revisi\u00f3 ens han ajudat a identificar on necessitem m\u00e9s formaci\u00f3 i suport, aix\u00ed com quin \u00e9s el punt de partida de [&hellip;]<\/p>\n","protected":false},"author":28,"featured_media":0,"parent":21866,"menu_order":0,"comment_status":"closed","ping_status":"closed","template":"page-templates\/side-menu.php","meta":{"_bbp_topic_count":0,"_bbp_reply_count":0,"_bbp_total_topic_count":0,"_bbp_total_reply_count":0,"_bbp_voice_count":0,"_bbp_anonymous_reply_count":0,"_bbp_topic_count_hidden":0,"_bbp_reply_count_hidden":0,"_bbp_forum_subforum_count":0,"site-sidebar-layout":"default","site-content-layout":"","ast-site-content-layout":"","site-content-style":"default","site-sidebar-style":"default","ast-global-header-display":"","ast-banner-title-visibility":"","ast-main-header-display":"","ast-hfb-above-header-display":"","ast-hfb-below-header-display":"","ast-hfb-mobile-header-display":"","site-post-title":"","ast-breadcrumbs-content":"","ast-featured-img":"","footer-sml-layout":"","theme-transparent-header-meta":"","adv-header-id-meta":"","stick-header-meta":"","header-above-stick-meta":"","header-main-stick-meta":"","header-below-stick-meta":"","astra-migrate-meta-layouts":"default","ast-page-background-enabled":"default","ast-page-background-meta":{"desktop":{"background-color":"var(--ast-global-color-4)","background-image":"","background-repeat":"repeat","background-position":"center center","background-size":"auto","background-attachment":"scroll","background-type":"","background-media":"","overlay-type":"","overlay-color":"","overlay-opacity":"","overlay-gradient":""},"tablet":{"background-color":"","background-image":"","background-repeat":"repeat","background-position":"center center","background-size":"auto","background-attachment":"scroll","background-type":"","background-media":"","overlay-type":"","overlay-color":"","overlay-opacity":"","overlay-gradient":""},"mobile":{"background-color":"","background-image":"","background-repeat":"repeat","background-position":"center center","background-size":"auto","background-attachment":"scroll","background-type":"","background-media":"","overlay-type":"","overlay-color":"","overlay-opacity":"","overlay-gradient":""}},"ast-content-background-meta":{"desktop":{"background-color":"var(--ast-global-color-5)","background-image":"","background-repeat":"repeat","background-position":"center center","background-size":"auto","background-attachment":"scroll","background-type":"","background-media":"","overlay-type":"","overlay-color":"","overlay-opacity":"","overlay-gradient":""},"tablet":{"background-color":"var(--ast-global-color-5)","background-image":"","background-repeat":"repeat","background-position":"center center","background-size":"auto","background-attachment":"scroll","background-type":"","background-media":"","overlay-type":"","overlay-color":"","overlay-opacity":"","overlay-gradient":""},"mobile":{"background-color":"var(--ast-global-color-5)","background-image":"","background-repeat":"repeat","background-position":"center center","background-size":"auto","background-attachment":"scroll","background-type":"","background-media":"","overlay-type":"","overlay-color":"","overlay-opacity":"","overlay-gradient":""}},"footnotes":""},"class_list":["post-21871","page","type-page","status-publish","hentry"],"post_mailing_queue_ids":[],"_links":{"self":[{"href":"https:\/\/agora.xtec.cat\/ceipbacderoda\/wp-json\/wp\/v2\/pages\/21871","targetHints":{"allow":["GET"]}}],"collection":[{"href":"https:\/\/agora.xtec.cat\/ceipbacderoda\/wp-json\/wp\/v2\/pages"}],"about":[{"href":"https:\/\/agora.xtec.cat\/ceipbacderoda\/wp-json\/wp\/v2\/types\/page"}],"author":[{"embeddable":true,"href":"https:\/\/agora.xtec.cat\/ceipbacderoda\/wp-json\/wp\/v2\/users\/28"}],"replies":[{"embeddable":true,"href":"https:\/\/agora.xtec.cat\/ceipbacderoda\/wp-json\/wp\/v2\/comments?post=21871"}],"version-history":[{"count":3,"href":"https:\/\/agora.xtec.cat\/ceipbacderoda\/wp-json\/wp\/v2\/pages\/21871\/revisions"}],"predecessor-version":[{"id":21950,"href":"https:\/\/agora.xtec.cat\/ceipbacderoda\/wp-json\/wp\/v2\/pages\/21871\/revisions\/21950"}],"up":[{"embeddable":true,"href":"https:\/\/agora.xtec.cat\/ceipbacderoda\/wp-json\/wp\/v2\/pages\/21866"}],"wp:attachment":[{"href":"https:\/\/agora.xtec.cat\/ceipbacderoda\/wp-json\/wp\/v2\/media?parent=21871"}],"curies":[{"name":"wp","href":"https:\/\/api.w.org\/{rel}","templated":true}]}}