{"id":21868,"date":"2023-04-12T12:51:32","date_gmt":"2023-04-12T10:51:32","guid":{"rendered":"https:\/\/agora.xtec.cat\/ceipbacderoda\/?page_id=21868"},"modified":"2025-12-16T15:19:25","modified_gmt":"2025-12-16T14:19:25","slug":"cultura-digital-de-centre","status":"publish","type":"page","link":"https:\/\/agora.xtec.cat\/ceipbacderoda\/estrategia-digital-de-centre\/cultura-digital-de-centre\/","title":{"rendered":"Cultura digital de centre"},"content":{"rendered":"\n<p>Aquesta part del document de l\u2019EDC <strong>recull tot el que el centre ja est\u00e0 realitzant en l\u2019\u00e0mbit digital:<\/strong><\/p>\n\n\n\n<ul class=\"wp-block-list\">\n<li><strong><a href=\"https:\/\/agora.xtec.cat\/ceipbacderoda\/wp-content\/uploads\/usu2017\/2023\/03\/ACORDS-DE-CLAUSTRE.pdf\" target=\"_blank\" rel=\"noreferrer noopener\">Acords de Claustre<\/a><\/strong>, despr\u00e9s de fer la formaci\u00f3 sobre l&#8217;Estrat\u00e8gia Digital de Centre i el Disseny de diferents situacions d&#8217;aprenentatge amb tecnologia digital, vam elaborar aquest document.<\/li>\n\n\n\n<li><a href=\"https:\/\/agora.xtec.cat\/ceipbacderoda\/pla-dacollida-digital\/\" target=\"_blank\" rel=\"noreferrer noopener\"><strong>Protocol d&#8217;acollida digital dels docents.<\/strong> <\/a>On recollim aquells aspectes prioritaris que han de con\u00e8ixer els docents que s&#8217;incorporen al nostre Centre.<\/li>\n\n\n\n<li><a href=\"https:\/\/agora.xtec.cat\/ceipbacderoda\/wp-content\/uploads\/usu2017\/2023\/03\/Copia-de-Tasca-M3-LOMLOE-EI-I-PRI-22-23-20.pdf\" target=\"_blank\" rel=\"noreferrer noopener\"><strong>Tenim seq\u00fcenciades totes les activitats<\/strong><\/a> que fem al Centre des d&#8217;EI fins a CS.<\/li>\n\n\n\n<li>Aix\u00ed com la resta de documents de centre (NOFC, autoritzacions, etc&#8230;).<\/li>\n<\/ul>\n\n\n\n<figure class=\"wp-block-image aligncenter\"><img decoding=\"async\" src=\"https:\/\/projectes.xtec.cat\/edc-suport\/wp-content\/uploads\/usu2435\/2021\/03\/edc7.jpg\" alt=\"Elements de la Cultura Digital de Centre\"\/><\/figure>\n\n\n\n<p><\/p>\n","protected":false},"excerpt":{"rendered":"<p>Aquesta part del document de l\u2019EDC recull tot el que el centre ja est\u00e0 realitzant en l\u2019\u00e0mbit digital:<\/p>\n","protected":false},"author":28,"featured_media":0,"parent":19550,"menu_order":0,"comment_status":"closed","ping_status":"closed","template":"","meta":{"_bbp_topic_count":0,"_bbp_reply_count":0,"_bbp_total_topic_count":0,"_bbp_total_reply_count":0,"_bbp_voice_count":0,"_bbp_anonymous_reply_count":0,"_bbp_topic_count_hidden":0,"_bbp_reply_count_hidden":0,"_bbp_forum_subforum_count":0,"site-sidebar-layout":"default","site-content-layout":"","ast-site-content-layout":"default","site-content-style":"default","site-sidebar-style":"default","ast-global-header-display":"","ast-banner-title-visibility":"","ast-main-header-display":"","ast-hfb-above-header-display":"","ast-hfb-below-header-display":"","ast-hfb-mobile-header-display":"","site-post-title":"","ast-breadcrumbs-content":"","ast-featured-img":"","footer-sml-layout":"","theme-transparent-header-meta":"","adv-header-id-meta":"","stick-header-meta":"","header-above-stick-meta":"","header-main-stick-meta":"","header-below-stick-meta":"","astra-migrate-meta-layouts":"set","ast-page-background-enabled":"default","ast-page-background-meta":{"desktop":{"background-color":"var(--ast-global-color-4)","background-image":"","background-repeat":"repeat","background-position":"center center","background-size":"auto","background-attachment":"scroll","background-type":"","background-media":"","overlay-type":"","overlay-color":"","overlay-opacity":"","overlay-gradient":""},"tablet":{"background-color":"","background-image":"","background-repeat":"repeat","background-position":"center center","background-size":"auto","background-attachment":"scroll","background-type":"","background-media":"","overlay-type":"","overlay-color":"","overlay-opacity":"","overlay-gradient":""},"mobile":{"background-color":"","background-image":"","background-repeat":"repeat","background-position":"center center","background-size":"auto","background-attachment":"scroll","background-type":"","background-media":"","overlay-type":"","overlay-color":"","overlay-opacity":"","overlay-gradient":""}},"ast-content-background-meta":{"desktop":{"background-color":"var(--ast-global-color-5)","background-image":"","background-repeat":"repeat","background-position":"center center","background-size":"auto","background-attachment":"scroll","background-type":"","background-media":"","overlay-type":"","overlay-color":"","overlay-opacity":"","overlay-gradient":""},"tablet":{"background-color":"var(--ast-global-color-5)","background-image":"","background-repeat":"repeat","background-position":"center center","background-size":"auto","background-attachment":"scroll","background-type":"","background-media":"","overlay-type":"","overlay-color":"","overlay-opacity":"","overlay-gradient":""},"mobile":{"background-color":"var(--ast-global-color-5)","background-image":"","background-repeat":"repeat","background-position":"center center","background-size":"auto","background-attachment":"scroll","background-type":"","background-media":"","overlay-type":"","overlay-color":"","overlay-opacity":"","overlay-gradient":""}},"footnotes":""},"class_list":["post-21868","page","type-page","status-publish","hentry"],"post_mailing_queue_ids":[],"_links":{"self":[{"href":"https:\/\/agora.xtec.cat\/ceipbacderoda\/wp-json\/wp\/v2\/pages\/21868","targetHints":{"allow":["GET"]}}],"collection":[{"href":"https:\/\/agora.xtec.cat\/ceipbacderoda\/wp-json\/wp\/v2\/pages"}],"about":[{"href":"https:\/\/agora.xtec.cat\/ceipbacderoda\/wp-json\/wp\/v2\/types\/page"}],"author":[{"embeddable":true,"href":"https:\/\/agora.xtec.cat\/ceipbacderoda\/wp-json\/wp\/v2\/users\/28"}],"replies":[{"embeddable":true,"href":"https:\/\/agora.xtec.cat\/ceipbacderoda\/wp-json\/wp\/v2\/comments?post=21868"}],"version-history":[{"count":6,"href":"https:\/\/agora.xtec.cat\/ceipbacderoda\/wp-json\/wp\/v2\/pages\/21868\/revisions"}],"predecessor-version":[{"id":25536,"href":"https:\/\/agora.xtec.cat\/ceipbacderoda\/wp-json\/wp\/v2\/pages\/21868\/revisions\/25536"}],"up":[{"embeddable":true,"href":"https:\/\/agora.xtec.cat\/ceipbacderoda\/wp-json\/wp\/v2\/pages\/19550"}],"wp:attachment":[{"href":"https:\/\/agora.xtec.cat\/ceipbacderoda\/wp-json\/wp\/v2\/media?parent=21868"}],"curies":[{"name":"wp","href":"https:\/\/api.w.org\/{rel}","templated":true}]}}