{"id":19550,"date":"2022-04-26T15:22:14","date_gmt":"2022-04-26T13:22:14","guid":{"rendered":"https:\/\/agora.xtec.cat\/ceipbacderoda\/?page_id=19550"},"modified":"2025-10-21T22:19:04","modified_gmt":"2025-10-21T20:19:04","slug":"estrategia-digital-de-centre","status":"publish","type":"page","link":"https:\/\/agora.xtec.cat\/ceipbacderoda\/estrategia-digital-de-centre\/","title":{"rendered":"ESTRAT\u00c8GIA DIGITAL DE CENTRE"},"content":{"rendered":"\n<p>L\u2019Estrat\u00e8gia Digital de Centre (EDC) \u00e9s un document que recull totes les accions que es realitzen en un centre, i les que es realitzaran a mitj\u00e0 termini, per aconseguir la m\u00e0xima compet\u00e8ncia digital de l\u2019alumnat, del professorat i del centre educatiu. Ha de tenir com a referent el Pla d\u2019educaci\u00f3 digital de Catalunya (PEDC), on s\u2019indica la necessitat d\u2019assolir la fita d\u2019una societat digitalment competent, fent \u00e8mfasi en l\u2019equitat i tenint en compte l\u2019evoluci\u00f3 del context social i tecnol\u00f2gic.<\/p>\n\n\n\n<figure class=\"wp-block-image aligncenter size-full\"><a href=\"https:\/\/www.youtube.com\/watch?time_continue=1&amp;v=uS5UUZIYLPQ&amp;embeds_referring_euri=https%3A%2F%2Fprojectes.xtec.cat%2F&amp;source_ve_path=Mjg2NjY\"><img loading=\"lazy\" decoding=\"async\" width=\"626\" height=\"248\" src=\"https:\/\/agora.xtec.cat\/ceipbacderoda\/wp-content\/uploads\/usu2017\/2025\/10\/edc1.png\" alt=\"\" class=\"wp-image-25233\" srcset=\"https:\/\/agora.xtec.cat\/ceipbacderoda\/wp-content\/uploads\/usu2017\/2025\/10\/edc1.png 626w, https:\/\/agora.xtec.cat\/ceipbacderoda\/wp-content\/uploads\/usu2017\/2025\/10\/edc1-300x119.png 300w\" sizes=\"auto, (max-width: 626px) 100vw, 626px\" \/><\/a><\/figure>\n\n\n\n<div class=\"wp-block-group is-content-justification-center is-nowrap is-layout-flex wp-container-core-group-is-layout-1 wp-block-group-is-layout-flex\">\n<figure class=\"wp-block-image size-full\"><a href=\"https:\/\/agora.xtec.cat\/ceipbacderoda\/estrategia-digital-de-centre\/part-estrategica\/\"><img loading=\"lazy\" decoding=\"async\" width=\"312\" height=\"135\" src=\"https:\/\/agora.xtec.cat\/ceipbacderoda\/wp-content\/uploads\/usu2017\/2025\/10\/edc2.png\" alt=\"\" class=\"wp-image-25234\" srcset=\"https:\/\/agora.xtec.cat\/ceipbacderoda\/wp-content\/uploads\/usu2017\/2025\/10\/edc2.png 312w, https:\/\/agora.xtec.cat\/ceipbacderoda\/wp-content\/uploads\/usu2017\/2025\/10\/edc2-300x130.png 300w\" sizes=\"auto, (max-width: 312px) 100vw, 312px\" \/><\/a><\/figure>\n\n\n\n<figure class=\"wp-block-image size-full is-resized\"><a href=\"https:\/\/agora.xtec.cat\/ceipbacderoda\/estrategia-digital-de-centre\/cultura-digital-de-centre\/\"><img loading=\"lazy\" decoding=\"async\" width=\"311\" height=\"128\" src=\"https:\/\/agora.xtec.cat\/ceipbacderoda\/wp-content\/uploads\/usu2017\/2025\/10\/edc3.png\" alt=\"\" class=\"wp-image-25235\" style=\"width:326px;height:auto\" srcset=\"https:\/\/agora.xtec.cat\/ceipbacderoda\/wp-content\/uploads\/usu2017\/2025\/10\/edc3.png 311w, https:\/\/agora.xtec.cat\/ceipbacderoda\/wp-content\/uploads\/usu2017\/2025\/10\/edc3-300x123.png 300w\" sizes=\"auto, (max-width: 311px) 100vw, 311px\" \/><\/a><\/figure>\n<\/div>\n\n\n\n<p><\/p>\n","protected":false},"excerpt":{"rendered":"<p>L\u2019Estrat\u00e8gia Digital de Centre (EDC) \u00e9s un document que recull totes les accions que es realitzen en un centre, i les que es realitzaran a mitj\u00e0 termini, per aconseguir la m\u00e0xima compet\u00e8ncia digital de l\u2019alumnat, del professorat i del centre educatiu. Ha de tenir com a referent el Pla d\u2019educaci\u00f3 digital de Catalunya (PEDC), on [&hellip;]<\/p>\n","protected":false},"author":28,"featured_media":0,"parent":0,"menu_order":0,"comment_status":"closed","ping_status":"closed","template":"","meta":{"_bbp_topic_count":0,"_bbp_reply_count":0,"_bbp_total_topic_count":0,"_bbp_total_reply_count":0,"_bbp_voice_count":0,"_bbp_anonymous_reply_count":0,"_bbp_topic_count_hidden":0,"_bbp_reply_count_hidden":0,"_bbp_forum_subforum_count":0,"site-sidebar-layout":"default","site-content-layout":"","ast-site-content-layout":"default","site-content-style":"default","site-sidebar-style":"default","ast-global-header-display":"","ast-banner-title-visibility":"","ast-main-header-display":"","ast-hfb-above-header-display":"","ast-hfb-below-header-display":"","ast-hfb-mobile-header-display":"","site-post-title":"","ast-breadcrumbs-content":"","ast-featured-img":"","footer-sml-layout":"","theme-transparent-header-meta":"","adv-header-id-meta":"","stick-header-meta":"","header-above-stick-meta":"","header-main-stick-meta":"","header-below-stick-meta":"","astra-migrate-meta-layouts":"set","ast-page-background-enabled":"default","ast-page-background-meta":{"desktop":{"background-color":"var(--ast-global-color-4)","background-image":"","background-repeat":"repeat","background-position":"center center","background-size":"auto","background-attachment":"scroll","background-type":"","background-media":"","overlay-type":"","overlay-color":"","overlay-opacity":"","overlay-gradient":""},"tablet":{"background-color":"","background-image":"","background-repeat":"repeat","background-position":"center center","background-size":"auto","background-attachment":"scroll","background-type":"","background-media":"","overlay-type":"","overlay-color":"","overlay-opacity":"","overlay-gradient":""},"mobile":{"background-color":"","background-image":"","background-repeat":"repeat","background-position":"center center","background-size":"auto","background-attachment":"scroll","background-type":"","background-media":"","overlay-type":"","overlay-color":"","overlay-opacity":"","overlay-gradient":""}},"ast-content-background-meta":{"desktop":{"background-color":"var(--ast-global-color-5)","background-image":"","background-repeat":"repeat","background-position":"center center","background-size":"auto","background-attachment":"scroll","background-type":"","background-media":"","overlay-type":"","overlay-color":"","overlay-opacity":"","overlay-gradient":""},"tablet":{"background-color":"var(--ast-global-color-5)","background-image":"","background-repeat":"repeat","background-position":"center center","background-size":"auto","background-attachment":"scroll","background-type":"","background-media":"","overlay-type":"","overlay-color":"","overlay-opacity":"","overlay-gradient":""},"mobile":{"background-color":"var(--ast-global-color-5)","background-image":"","background-repeat":"repeat","background-position":"center center","background-size":"auto","background-attachment":"scroll","background-type":"","background-media":"","overlay-type":"","overlay-color":"","overlay-opacity":"","overlay-gradient":""}},"footnotes":""},"class_list":["post-19550","page","type-page","status-publish","hentry"],"post_mailing_queue_ids":[],"_links":{"self":[{"href":"https:\/\/agora.xtec.cat\/ceipbacderoda\/wp-json\/wp\/v2\/pages\/19550","targetHints":{"allow":["GET"]}}],"collection":[{"href":"https:\/\/agora.xtec.cat\/ceipbacderoda\/wp-json\/wp\/v2\/pages"}],"about":[{"href":"https:\/\/agora.xtec.cat\/ceipbacderoda\/wp-json\/wp\/v2\/types\/page"}],"author":[{"embeddable":true,"href":"https:\/\/agora.xtec.cat\/ceipbacderoda\/wp-json\/wp\/v2\/users\/28"}],"replies":[{"embeddable":true,"href":"https:\/\/agora.xtec.cat\/ceipbacderoda\/wp-json\/wp\/v2\/comments?post=19550"}],"version-history":[{"count":6,"href":"https:\/\/agora.xtec.cat\/ceipbacderoda\/wp-json\/wp\/v2\/pages\/19550\/revisions"}],"predecessor-version":[{"id":25243,"href":"https:\/\/agora.xtec.cat\/ceipbacderoda\/wp-json\/wp\/v2\/pages\/19550\/revisions\/25243"}],"wp:attachment":[{"href":"https:\/\/agora.xtec.cat\/ceipbacderoda\/wp-json\/wp\/v2\/media?parent=19550"}],"curies":[{"name":"wp","href":"https:\/\/api.w.org\/{rel}","templated":true}]}}