{"id":87,"date":"2014-09-18T14:28:12","date_gmt":"2014-09-18T14:28:12","guid":{"rendered":"http:\/\/agora.xtec.cat\/ceipausiasmarch\/?page_id=87"},"modified":"2019-07-11T13:31:35","modified_gmt":"2019-07-11T11:31:35","slug":"nivells","status":"publish","type":"page","link":"https:\/\/agora.xtec.cat\/ceipausiasmarch\/nivells\/","title":{"rendered":"Relaci\u00f3 Fam\u00edlia-Escola"},"content":{"rendered":"<p>&nbsp;<\/p>\n<p>&nbsp;<\/p>\n<p>\u00c9s molt important i necessari el contacte continu entre la fam\u00edlia i l&#8217;escola\/tutor. No nom\u00e9s per compartir informaci\u00f3, sin\u00f3 per seguir plegats l&#8217;evoluci\u00f3 i el proc\u00e9s d&#8217;aprenentatge del vostre\/a fill\/a, el\/la nostre\/a alumne\/a.<\/p>\n<h3>REUNIONS PARES I MARES<\/h3>\n<p>Es fa una Reuni\u00f3 General d&#8217;inici de curs (octubre) i una Reuni\u00f3 de fi de curs (juny). S\u00f3n a la tarda, sense assit\u00e8ncia dels alumnes.<\/p>\n<p>Amb les fam\u00edlies de P3 es fa una reuni\u00f3 pr\u00e8via a l&#8217;inici del curs.<\/p>\n<h3>ENTREVISTES PERSONALS<\/h3>\n<p>Les entrevistes, sol\u00b7licitades pel tutor o per la fam\u00edlia, es faran amb cita pr\u00e8via. En cas de no poder assistir-hi i d&#8217;haver-la de suspendre, cal avisar abans i amb temps al tutor.<\/p>\n<h3>COMUNICACIONS FAM\u00cdLIA-ESCOLA<\/h3>\n<p>Cal enviar una nota mitjan\u00e7ant l&#8217;alumne al professor tutor, que s&#8217;encarregar\u00e0 de fer les actuacions corresponents. O b\u00e9, fent una trucada telef\u00f2nica.<\/p>\n<h3>COMUNICACIONS ESCOLA-FAM\u00cdLIA<\/h3>\n<p>L&#8217;escola informa a les fam\u00edlies seguint canals diversos:<\/p>\n<ul>\n<li>lliurament de fulls informatius.<\/li>\n<li>exposant-ho en les vitrines i\/o taulells de l&#8217;escola.<\/li>\n<li>publicant-ho a la p\u00e0gina web de l&#8217;escola.<\/li>\n<li>informes del proc\u00e9s d&#8217;aprenentatge a Prim\u00e0ria tres i a Educaci\u00f3 infantil dos.<\/li>\n<\/ul>\n<h3>ATENCI\u00d3 A LES FAM\u00cdLIES<\/h3>\n<p>Hi ha un horari d&#8217;atenci\u00f3 de l&#8217;equip Directiu i administrativa\u00a0 d&#8217;atenci\u00f3 de les fam\u00edlies.<\/p>\n<p><strong>MODELS DOCUMENTS<\/strong><\/p>\n<ul>\n<li><a href=\"https:\/\/photos.app.goo.gl\/P5rSoQbRPEG2de9r9\" target=\"_blank\" rel=\"noopener noreferrer\">AUTORITZACI\u00d3 RECOLLIDA<\/a><\/li>\n<\/ul>\n<p>&nbsp;<\/p>\n","protected":false},"excerpt":{"rendered":"<p>&nbsp;<br \/>\n&nbsp;<br \/>\n\u00c9s molt important i necessari el contacte continu entre la fam\u00edlia i l&#8217;escola\/tutor. No nom\u00e9s per compartir informaci\u00f3, sin\u00f3 per seguir plegats l&#8217;evoluci\u00f3 i el proc\u00e9s d&#8217;aprenentatge del vostre\/a fill\/a, el\/la nostre\/a alumne\/a.<br \/>\nREUNIONS PARES I MARES<br \/>\nEs fa una Reuni\u00f3 General d&#8217;inici de curs (octubre) i&hellip;  <a href=\"https:\/\/agora.xtec.cat\/ceipausiasmarch\/nivells\/\" title=\"Read Relaci\u00f3 Fam\u00edlia-Escola\">Llegeix m\u00e9s\u00bb<\/a><\/p>\n","protected":false},"author":2,"featured_media":0,"parent":0,"menu_order":0,"comment_status":"closed","ping_status":"closed","template":"","meta":{"_bbp_topic_count":0,"_bbp_reply_count":0,"_bbp_total_topic_count":0,"_bbp_total_reply_count":0,"_bbp_voice_count":0,"_bbp_anonymous_reply_count":0,"_bbp_topic_count_hidden":0,"_bbp_reply_count_hidden":0,"_bbp_forum_subforum_count":0,"footnotes":""},"class_list":["post-87","page","type-page","status-publish","hentry"],"post_mailing_queue_ids":[],"_links":{"self":[{"href":"https:\/\/agora.xtec.cat\/ceipausiasmarch\/wp-json\/wp\/v2\/pages\/87","targetHints":{"allow":["GET"]}}],"collection":[{"href":"https:\/\/agora.xtec.cat\/ceipausiasmarch\/wp-json\/wp\/v2\/pages"}],"about":[{"href":"https:\/\/agora.xtec.cat\/ceipausiasmarch\/wp-json\/wp\/v2\/types\/page"}],"author":[{"embeddable":true,"href":"https:\/\/agora.xtec.cat\/ceipausiasmarch\/wp-json\/wp\/v2\/users\/2"}],"replies":[{"embeddable":true,"href":"https:\/\/agora.xtec.cat\/ceipausiasmarch\/wp-json\/wp\/v2\/comments?post=87"}],"version-history":[{"count":4,"href":"https:\/\/agora.xtec.cat\/ceipausiasmarch\/wp-json\/wp\/v2\/pages\/87\/revisions"}],"predecessor-version":[{"id":1122,"href":"https:\/\/agora.xtec.cat\/ceipausiasmarch\/wp-json\/wp\/v2\/pages\/87\/revisions\/1122"}],"wp:attachment":[{"href":"https:\/\/agora.xtec.cat\/ceipausiasmarch\/wp-json\/wp\/v2\/media?parent=87"}],"curies":[{"name":"wp","href":"https:\/\/api.w.org\/{rel}","templated":true}]}}