{"id":64,"date":"2014-09-18T12:39:08","date_gmt":"2014-09-18T12:39:08","guid":{"rendered":"http:\/\/agora.xtec.cat\/ceipausiasmarch\/?page_id=64"},"modified":"2019-12-16T15:03:25","modified_gmt":"2019-12-16T14:03:26","slug":"projecte-educatiu","status":"publish","type":"page","link":"https:\/\/agora.xtec.cat\/ceipausiasmarch\/projecte-educatiu\/","title":{"rendered":"Projecte educatiu. PLC. NOFCS"},"content":{"rendered":"<p>En aquests moments, a l&#8217;escola estem revisant i actualitzant el nostre PEC. Els fonaments d&#8217;aquest, resumits breument, serien:<\/p>\n<h2>TRETS D&#8217;IDENTITAT<\/h2>\n<p>Escola d&#8217;Educaci\u00f3 Infantil i Prim\u00e0ria ubicada al bell mig del barri de Les Corts. Som una escola catalana, la nostra llengua vehicular d&#8217;aprenentatge i comunicaci\u00f3 \u00e9s el catal\u00e0. El castell\u00e0 s&#8217;introdueix a Prim\u00e0ria i l&#8217;angl\u00e8s a Educaci\u00f3 Infantil.<\/p>\n<p>\u00c9s una escola familiar i acollidora, amb un coneixement acurat del nostre alumnat i llurs fam\u00edlies. Gaudim d&#8217;un excel\u00b7lent clima de treball, respecte i conviv\u00e8ncia. Aix\u00f2 ens permet atendre millor a les necessitats individuals de cada nen.<\/p>\n<p>Volem acompanyar l&#8217;alumnat en el seu desenvolupament i proc\u00e9s de formaci\u00f3, tant a nivell personal com de coneixements, i dotar-los d&#8217;eines i recursos pel seu futur.<\/p>\n<p>Oferim al nostre alumnat un aprenentatge el m\u00e9s significatiu possible, de manera que el que apr\u00e8n sigui compatible amb els seus coneixements previs, ho pugui integrar i ser interioritzat.<\/p>\n<p>Fomentem el treball en valors.<\/p>\n<p>Participem en la vida del barri i la ciutat.<\/p>\n<p>Donem resposta als canvis que exigeix la nostra societat: innovacions, noves tecnologies,..<\/p>\n<h2>BASES DEL MODEL EDUCATIU<\/h2>\n<ul>\n<li>Escola catalana, activa i oberta a les necessitats de la societat actual.<\/li>\n<li>Ambient familiar, acollidor i respectu\u00f3s.<\/li>\n<li>Coneixen\u00e7a i seguiment acurat de cadascun dels nostres alumnes per poder atendre millor la seva individualitat. L&#8217;alumne \u00e9s el centre del seu proc\u00e9s d&#8217;aprenentatge.<\/li>\n<li>Treball en equip amb una organitzaci\u00f3 social de l&#8217;aula com a metodologia que afavoreix l&#8217;aprenentatge, la relaci\u00f3, la col\u00b7laboraci\u00f3 i la coneixen\u00e7a m\u00fatua.<\/li>\n<li>Organitzaci\u00f3 acurada dels recursos humans i materials per a l&#8217;atenci\u00f3 de la diversitat del nostre alumnat.<\/li>\n<li>Educaci\u00f3 en actituds i valors per a conviure en una societat plural i respectuosa. Participaci\u00f3 en campanyes solid\u00e0ries.<\/li>\n<li>Foment de la iniciativa i l&#8217;esfor\u00e7 personal.<\/li>\n<li>Participaci\u00f3 en la vida del nostre entorn.<\/li>\n<li>Aprenentatge significatiu.<\/li>\n<li>\u00das de t\u00e8cniques i estrat\u00e8gies diverses. El mestre t\u00e9 el paper de facilitador.<\/li>\n<li>Participaci\u00f3 i desenvolupament de Projectes de caire divers i innovador. Les noves tecnologies des d&#8217;Educaci\u00f3 Infantil.<\/li>\n<li>Formaci\u00f3 permanent del professorat.<\/li>\n<\/ul>\n<h2>OBJECTIUS EDUCATIUS PRIORITARIS<\/h2>\n<p>Cada alumne ha de desenvolupar al m\u00e0xim les seves capacitats per arribar a ser un adult responsable, amb iniciativa, sensible, tolerant, solidari i feli\u00e7.<\/p>\n<ul>\n<li>Estimular la iniciativa, l&#8217;esfor\u00e7 personal, el sentit cr\u00edtic i l&#8217;autoestima.<\/li>\n<li>Saber treballar de forma individual i en equip.<\/li>\n<li>Educar en actituds i valors.<\/li>\n<li>Educar en la reflexi\u00f3 i en l&#8217;esperit cr\u00edtic i autocr\u00edtic.<\/li>\n<li>Formar en la cooperaci\u00f3 i el sentit de la responsabilitat solid\u00e0ria.<\/li>\n<li>Desenvolupar valors democr\u00e0tics, com la toler\u00e0ncia i el respecte.<\/li>\n<li>Formar persones rigoroses en el treball, aut\u00f2nomes i responsables.<\/li>\n<li>Dotar a l&#8217;alumnat d&#8217;eines i recursos perqu\u00e8 generi estrat\u00e8gies pr\u00f2pies per resoldre situacions quotidianes.<\/li>\n<li>Potenciar el treball per compet\u00e8ncies dins d&#8217;un sistema educatiu inclusiu.<\/li>\n<li>Fomentar el desenvolupament de les capacitats perqu\u00e8 tot l&#8217;alumnat assoleixi de forma satisfact\u00f2ria les compet\u00e8ncies b\u00e0siques.<\/li>\n<\/ul>\n<h2>CRITERIS D&#8217;ORGANITZACI\u00d3 PEDAG\u00d2GICA<\/h2>\n<ul>\n<li>Din\u00e0mica de l&#8217;aula basada en el treball en grups cooperatius.<\/li>\n<li>Grups partits en els \u00e0mbits psicomotriu, ling\u00fc\u00edstic (llengua anglesa i llengua catalana), \u00e0mbit art\u00edstic (pl\u00e0stica i m\u00fasica) i digital.<\/li>\n<li>Atenci\u00f3 individualitzada o en grup redu\u00eft dins l&#8217;horari lectiu i fora, SEP.<\/li>\n<li>Professorat com\u00fa d&#8217;Infantil a Prim\u00e0ria en els \u00e0mbits art\u00edstic, ling\u00fc\u00edstic i digital.<\/li>\n<li>Sessions impartides per dos professionals a l&#8217;aula segons les necessitats dels grups.<\/li>\n<li>\u00das significatiu de les noves tecnologies en totes les \u00e0rees i amb projectes espec\u00edfics en l&#8217;\u00e0mbit art\u00edstic (m\u00fasica), ling\u00fc\u00edstic (llengua anglesa) i matem\u00e0tic.<\/li>\n<li>Treball col\u00b7laboratius en reunions peri\u00f2diques d&#8217;etapa i nivell, amb l&#8217;EAP, d&#8217;atenci\u00f3 a la diversitat, de la comissi\u00f3 social, de la comissi\u00f3 TIC, de la comissi\u00f3 de celebracions i de trasp\u00e0s a la ESO.<\/li>\n<li>Horari diferenciat segons les necessitats de l&#8217;alumnat. A tots els nivells de Prim\u00e0ria trenta minuts de lectura diaris.<\/li>\n<li>Diferents tipus d&#8217;avaluaci\u00f3: formativa, auto i coavaluaci\u00f3.<\/li>\n<\/ul>\n<h2>PROJECTES I ACTIVITATS<\/h2>\n<ul>\n<li>Projecte de matem\u00e0tiques JUMP MATH.<\/li>\n<li>Projectes de llengua catalana APIL-ILEC-Impuls a la lectura.<\/li>\n<li>Apadrinament lectura.<\/li>\n<li>Punt-edu (Biblioteca).<\/li>\n<li>Rob\u00f2tica i Scratch per a aprendre a programar.<\/li>\n<li>M\u00e8toide &#8220;En Flux&#8221; pel treball de la m\u00fasica (m\u00e8tode global+noves tecnologies)<\/li>\n<li>Reciclatge i sostenibilitat.<\/li>\n<li>Programa de reutilitzaci\u00f3 de llibres.<\/li>\n<li>Projecte Aula M\u00f2bil (Col\u00b7legi Professional de l&#8217;Audiovisual de Catalunya).<\/li>\n<li>Programa POIBA.<\/li>\n<li>Programa fruita a l&#8217;escola.<\/li>\n<li>Col\u00b7laboraci\u00f3 en campanyes solid\u00e0ries.<\/li>\n<li>Piscina (des de P4 a 2n): desenvolupament del sentit l\u00fadic i les habilitats coordinatives en un medi diferent a l&#8217;habitual.<\/li>\n<li>Programes en llengua anglesa:\n<ul>\n<li>Angl\u00e8s des de P4 (per l&#8217;especilaista del centre)<\/li>\n<li>Visual i pl\u00e0stica a Educaci\u00f3 Infantil (P3,P4 i P5) en angl\u00e8s.<\/li>\n<li>Descoberta d&#8217;un mateix (psicomotricitat) a Educaci\u00f3 Infantil en angl\u00e8s.<\/li>\n<li>Inform\u00e0tica en angl\u00e8s, des de P4.<\/li>\n<\/ul>\n<\/li>\n<\/ul>\n<p><strong>PROJECTE LING\u00dc\u00cdSTIC\u00a0 \u00a0 \u00a0 \u00a0 \u00a0 \u00a0 \u00a0 \u00a0 \u00a0 \u00a0 \u00a0 \u00a0 \u00a0 \u00a0 \u00a0 \u00a0 \u00a0 \u00a0 \u00a0 \u00a0 \u00a0 \u00a0 \u00a0 \u00a0 \u00a0 \u00a0 \u00a0 \u00a0 \u00a0 \u00a0 <a href=\"http:\/\/&lt;p style=&quot; margin: 12px auto 6px auto; font-family: Helvetica,Arial,Sans-serif; font-style: normal; font-variant: normal; font-weight: normal; font-size: 14px; line-height: normal; font-size-adjust: none; font-stretch: normal; -x-system-font: none; display: block;&quot;&gt; &lt;a title=&quot;View NOFCS Escola Ausias March on Scribd&quot; href=&quot;https:\/\/www.scribd.com\/document\/439955462\/NOFCS-Escola-Ausias-March#from_embed&quot; style=&quot;text-decoration: underline;&quot; &gt;NOFCS Escola Ausias March&lt;\/a&gt; by &lt;a title=&quot;View placacomas's profile on Scribd&quot; href=&quot;https:\/\/www.scribd.com\/user\/242307263\/placacomas#from_embed&quot; style=&quot;text-decoration: underline;&quot; &gt;placacomas&lt;\/a&gt; on Scribd&lt;\/p&gt;&lt;iframe class=&quot;scribd_iframe_embed&quot; title=&quot;NOFCS Escola Ausias March&quot; src=&quot;https:\/\/www.scribd.com\/embeds\/439955462\/content?start_page=1&amp;view_mode=scroll&amp;access_key=key-2mRvYHpcscLgpfiTlaag&amp;show_recommendations=true&quot; data-auto-height=&quot;false&quot; data-aspect-ratio=&quot;0.7080062794348508&quot; scrolling=&quot;no&quot; id=&quot;doc_9675&quot; width=&quot;100%&quot; height=&quot;600&quot; frameborder=&quot;0&quot;&gt;&lt;\/iframe&gt;\" target=\"_blank\" rel=\"noopener noreferrer\">\u00a0 <\/a>\u00a0 \u00a0 \u00a0 \u00a0 \u00a0 \u00a0 \u00a0 \u00a0 \u00a0 \u00a0 \u00a0<a href=\"https:\/\/drive.google.com\/file\/d\/1EiOqNk0idGxB2y3EQuq6divJFm126Xc_\/view?usp=sharing\" target=\"_blank\" rel=\"noopener noreferrer\"> NORMES D&#8217;ORGANITZACI\u00d3 I FUNCIONAMENT DEL CENTRE<\/a><\/strong><\/p>\n<p><a href=\"https:\/\/photos.app.goo.gl\/NpMNczwfcw8jYvnS6\" target=\"_blank\" rel=\"noopener noreferrer\"><img loading=\"lazy\" decoding=\"async\" class=\"alignleft size-medium wp-image-994\" src=\"https:\/\/agora.xtec.cat\/ceipausiasmarch\/wp-content\/uploads\/usu488\/2019\/02\/PROJECTE-LINGUISTIC-001-212x300.jpg\" alt=\"\" width=\"212\" height=\"300\" srcset=\"https:\/\/agora.xtec.cat\/ceipausiasmarch\/wp-content\/uploads\/usu488\/2019\/02\/PROJECTE-LINGUISTIC-001-212x300.jpg 212w, https:\/\/agora.xtec.cat\/ceipausiasmarch\/wp-content\/uploads\/usu488\/2019\/02\/PROJECTE-LINGUISTIC-001-768x1086.jpg 768w, https:\/\/agora.xtec.cat\/ceipausiasmarch\/wp-content\/uploads\/usu488\/2019\/02\/PROJECTE-LINGUISTIC-001-724x1024.jpg 724w, https:\/\/agora.xtec.cat\/ceipausiasmarch\/wp-content\/uploads\/usu488\/2019\/02\/PROJECTE-LINGUISTIC-001.jpg 1191w\" sizes=\"auto, (max-width: 212px) 100vw, 212px\" \/><\/a><br \/>\n<a href=\"https:\/\/drive.google.com\/file\/d\/1EiOqNk0idGxB2y3EQuq6divJFm126Xc_\/view?usp=sharing\" target=\"_blank\" rel=\"noopener noreferrer\"><img loading=\"lazy\" decoding=\"async\" class=\"wp-image-1151 aligncenter\" src=\"https:\/\/agora.xtec.cat\/ceipausiasmarch\/wp-content\/uploads\/usu488\/2019\/12\/NORMES-D_page-0001-212x300.jpg\" alt=\"\" width=\"200\" height=\"282\" srcset=\"https:\/\/agora.xtec.cat\/ceipausiasmarch\/wp-content\/uploads\/usu488\/2019\/12\/NORMES-D_page-0001-212x300.jpg 212w, https:\/\/agora.xtec.cat\/ceipausiasmarch\/wp-content\/uploads\/usu488\/2019\/12\/NORMES-D_page-0001-768x1085.jpg 768w, https:\/\/agora.xtec.cat\/ceipausiasmarch\/wp-content\/uploads\/usu488\/2019\/12\/NORMES-D_page-0001-725x1024.jpg 725w, https:\/\/agora.xtec.cat\/ceipausiasmarch\/wp-content\/uploads\/usu488\/2019\/12\/NORMES-D_page-0001.jpg 1241w\" sizes=\"auto, (max-width: 200px) 100vw, 200px\" \/><\/a><\/p>\n","protected":false},"excerpt":{"rendered":"<p>En aquests moments, a l&#8217;escola estem revisant i actualitzant el nostre PEC. Els fonaments d&#8217;aquest, resumits breument, serien:<br \/>\nTRETS D&#8217;IDENTITAT<br \/>\nEscola d&#8217;Educaci\u00f3 Infantil i Prim\u00e0ria ubicada al bell mig del barri de Les Corts. Som una escola catalana, la nostra llengua vehicular d&#8217;aprenentatge i comunicaci\u00f3 \u00e9s el&hellip;  <a href=\"https:\/\/agora.xtec.cat\/ceipausiasmarch\/projecte-educatiu\/\" title=\"Read Projecte educatiu. PLC. NOFCS\">Llegeix m\u00e9s\u00bb<\/a><\/p>\n","protected":false},"author":2,"featured_media":0,"parent":0,"menu_order":0,"comment_status":"closed","ping_status":"closed","template":"","meta":{"_bbp_topic_count":0,"_bbp_reply_count":0,"_bbp_total_topic_count":0,"_bbp_total_reply_count":0,"_bbp_voice_count":0,"_bbp_anonymous_reply_count":0,"_bbp_topic_count_hidden":0,"_bbp_reply_count_hidden":0,"_bbp_forum_subforum_count":0,"footnotes":""},"class_list":["post-64","page","type-page","status-publish","hentry"],"post_mailing_queue_ids":[],"_links":{"self":[{"href":"https:\/\/agora.xtec.cat\/ceipausiasmarch\/wp-json\/wp\/v2\/pages\/64","targetHints":{"allow":["GET"]}}],"collection":[{"href":"https:\/\/agora.xtec.cat\/ceipausiasmarch\/wp-json\/wp\/v2\/pages"}],"about":[{"href":"https:\/\/agora.xtec.cat\/ceipausiasmarch\/wp-json\/wp\/v2\/types\/page"}],"author":[{"embeddable":true,"href":"https:\/\/agora.xtec.cat\/ceipausiasmarch\/wp-json\/wp\/v2\/users\/2"}],"replies":[{"embeddable":true,"href":"https:\/\/agora.xtec.cat\/ceipausiasmarch\/wp-json\/wp\/v2\/comments?post=64"}],"version-history":[{"count":4,"href":"https:\/\/agora.xtec.cat\/ceipausiasmarch\/wp-json\/wp\/v2\/pages\/64\/revisions"}],"predecessor-version":[{"id":1156,"href":"https:\/\/agora.xtec.cat\/ceipausiasmarch\/wp-json\/wp\/v2\/pages\/64\/revisions\/1156"}],"wp:attachment":[{"href":"https:\/\/agora.xtec.cat\/ceipausiasmarch\/wp-json\/wp\/v2\/media?parent=64"}],"curies":[{"name":"wp","href":"https:\/\/api.w.org\/{rel}","templated":true}]}}