{"id":38,"date":"2014-09-18T12:34:08","date_gmt":"2014-09-18T12:34:08","guid":{"rendered":"http:\/\/agora.xtec.cat\/ceipausiasmarch\/?page_id=38"},"modified":"2017-02-08T11:40:45","modified_gmt":"2017-02-08T10:40:45","slug":"salut","status":"publish","type":"page","link":"https:\/\/agora.xtec.cat\/ceipausiasmarch\/lescola\/salut\/","title":{"rendered":"Salut"},"content":{"rendered":"<h3>Medicaments<\/h3>\n<ul style=\"list-style-type: square;\">\n<li>No es pot administrar cap tipus de medicament sense una autoritzaci\u00f3 degudament complimentada i signada.<\/li>\n<li>Est\u00e0\u00a0 a la vostra disposici\u00f3, a la Consergeria de l&#8217;escola, l&#8217;impr\u00e8s que cal omplir, s&#8217;ha d&#8217;indicar el tipus de medicament, duraci\u00f3 del tractament, dosi i cal adjuntar recepta m\u00e8dica.<\/li>\n<li>Els medicaments mai van a l&#8217;aula es queden en la Consergeria.<\/li>\n<\/ul>\n<h3>Al\u00b7l\u00e8rgies<\/h3>\n<ul style=\"list-style-type: square;\">\n<li>En cas que un alumne tigui algun tipus d&#8217;al\u00b7l\u00e8rgia i\/o intoler\u00e0ncia cal comunicar-ho immediatament a la secretaria de l&#8217;escola.<\/li>\n<\/ul>\n<h3>Malalties<\/h3>\n<ul style=\"list-style-type: square;\">\n<li>En el sup\u00f2sit que un alumne tingui alguna malaltia contagiosa, haur\u00e0 de romandre a casa i la fam\u00edlia ho haur\u00e0 de comunicar al centre.<\/li>\n<li>Quan pugui incorporar-se novament a l&#8217;escola, caldr\u00e0 portar un justificant m\u00e8dic indicant la seva curaci\u00f3.<\/li>\n<\/ul>\n<h3>Polls<\/h3>\n<ul style=\"list-style-type: square;\">\n<li>Es recomana fer-ne un seguiment al llarg de tot el curs i en el cas de detectar-ne fer el tractament adequat immediatament, no portar el\/la nen\/nena per evitar el contagi de la resta de companys i comunicar-ho a l&#8217;escola.<\/li>\n<\/ul>\n<p>&nbsp;<\/p>\n<p>&nbsp;<\/p>\n<p>&nbsp;<\/p>\n<p>&nbsp;<\/p>\n<p>&nbsp;<\/p>\n","protected":false},"excerpt":{"rendered":"<p>Medicaments<\/p>\n<ul style=\"list-style-type: square;\">\n<li>No es pot administrar cap tipus de medicament sense una autoritzaci\u00f3 degudament complimentada i signada.<\/li>\n<li>Est\u00e0\u00a0 a la vostra disposici\u00f3, a la Consergeria de l&#8217;escola, l&#8217;impr\u00e8s que cal omplir, s&#8217;ha d&#8217;indicar el tipus de medicament, duraci\u00f3 del tractament, dosi i cal adjuntar recepta m\u00e8dica.<\/li>\n<li>Els&hellip;  <a href=\"https:\/\/agora.xtec.cat\/ceipausiasmarch\/lescola\/salut\/\" title=\"Read Salut\">Llegeix m\u00e9s\u00bb<\/a><br \/>\n","protected":false},"author":2,"featured_media":0,"parent":22,"menu_order":80,"comment_status":"closed","ping_status":"closed","template":"","meta":{"_bbp_topic_count":0,"_bbp_reply_count":0,"_bbp_total_topic_count":0,"_bbp_total_reply_count":0,"_bbp_voice_count":0,"_bbp_anonymous_reply_count":0,"_bbp_topic_count_hidden":0,"_bbp_reply_count_hidden":0,"_bbp_forum_subforum_count":0,"footnotes":""},"class_list":["post-38","page","type-page","status-publish","hentry"],"post_mailing_queue_ids":[],"_links":{"self":[{"href":"https:\/\/agora.xtec.cat\/ceipausiasmarch\/wp-json\/wp\/v2\/pages\/38","targetHints":{"allow":["GET"]}}],"collection":[{"href":"https:\/\/agora.xtec.cat\/ceipausiasmarch\/wp-json\/wp\/v2\/pages"}],"about":[{"href":"https:\/\/agora.xtec.cat\/ceipausiasmarch\/wp-json\/wp\/v2\/types\/page"}],"author":[{"embeddable":true,"href":"https:\/\/agora.xtec.cat\/ceipausiasmarch\/wp-json\/wp\/v2\/users\/2"}],"replies":[{"embeddable":true,"href":"https:\/\/agora.xtec.cat\/ceipausiasmarch\/wp-json\/wp\/v2\/comments?post=38"}],"version-history":[{"count":4,"href":"https:\/\/agora.xtec.cat\/ceipausiasmarch\/wp-json\/wp\/v2\/pages\/38\/revisions"}],"predecessor-version":[{"id":405,"href":"https:\/\/agora.xtec.cat\/ceipausiasmarch\/wp-json\/wp\/v2\/pages\/38\/revisions\/405"}],"up":[{"embeddable":true,"href":"https:\/\/agora.xtec.cat\/ceipausiasmarch\/wp-json\/wp\/v2\/pages\/22"}],"wp:attachment":[{"href":"https:\/\/agora.xtec.cat\/ceipausiasmarch\/wp-json\/wp\/v2\/media?parent=38"}],"curies":[{"name":"wp","href":"https:\/\/api.w.org\/{rel}","templated":true}]}}