{"id":36,"date":"2014-09-18T12:33:11","date_gmt":"2014-09-18T12:33:11","guid":{"rendered":"http:\/\/agora.xtec.cat\/ceipausiasmarch\/?page_id=36"},"modified":"2018-09-14T15:45:38","modified_gmt":"2018-09-14T13:45:38","slug":"material-escolar","status":"publish","type":"page","link":"https:\/\/agora.xtec.cat\/ceipausiasmarch\/lescola\/material-escolar\/","title":{"rendered":"Material escolar\/Llibres"},"content":{"rendered":"<ul style=\"list-style-type: square;\">\n<li>El material de classe \u00e9s socialitzat, per afavorir el respecte, la conservaci\u00f3 i el compartir el material com\u00fa. Inclou agenda. \u00c9s una quota anual, igual a tots els cicles.<\/li>\n<li>L&#8217;escola disposa d&#8217;un programa de reutilitzaci\u00f3 de llibres de text (Prim\u00e0ria).<\/li>\n<li>Del llibre de Matem\u00e0tiques de P5 a 6\u00e8, se&#8217;n fa c\u00e0rrec l&#8217;escola, com a impuls a la implementaci\u00f3 del m\u00e8tode innovador canadenc (Jump Math).<\/li>\n<li>L&#8217;adquisici\u00f3 dels llibres es pot fer a trav\u00e9s de l&#8217;AMPA de l&#8217;escola.<\/li>\n<li>Amb la introducci\u00f3 de la nova metodologia, treball per projectes, els llibres s&#8217;han redu\u00eft al m\u00ednim.<\/li>\n<\/ul>\n","protected":false},"excerpt":{"rendered":"<ul style=\"list-style-type: square;\">\n<li>El material de classe \u00e9s socialitzat, per afavorir el respecte, la conservaci\u00f3 i el compartir el material com\u00fa. Inclou agenda. \u00c9s una quota anual, igual a tots els cicles.<\/li>\n<li>L&#8217;escola disposa d&#8217;un programa de reutilitzaci\u00f3 de llibres de text (Prim\u00e0ria).<\/li>\n<li>Del llibre de Matem\u00e0tiques de&hellip;  <a href=\"https:\/\/agora.xtec.cat\/ceipausiasmarch\/lescola\/material-escolar\/\" title=\"Read Material escolar\/Llibres\">Llegeix m\u00e9s\u00bb<\/a><br \/>\n","protected":false},"author":2,"featured_media":0,"parent":22,"menu_order":70,"comment_status":"closed","ping_status":"closed","template":"","meta":{"_bbp_topic_count":0,"_bbp_reply_count":0,"_bbp_total_topic_count":0,"_bbp_total_reply_count":0,"_bbp_voice_count":0,"_bbp_anonymous_reply_count":0,"_bbp_topic_count_hidden":0,"_bbp_reply_count_hidden":0,"_bbp_forum_subforum_count":0,"footnotes":""},"class_list":["post-36","page","type-page","status-publish","hentry"],"post_mailing_queue_ids":[],"_links":{"self":[{"href":"https:\/\/agora.xtec.cat\/ceipausiasmarch\/wp-json\/wp\/v2\/pages\/36","targetHints":{"allow":["GET"]}}],"collection":[{"href":"https:\/\/agora.xtec.cat\/ceipausiasmarch\/wp-json\/wp\/v2\/pages"}],"about":[{"href":"https:\/\/agora.xtec.cat\/ceipausiasmarch\/wp-json\/wp\/v2\/types\/page"}],"author":[{"embeddable":true,"href":"https:\/\/agora.xtec.cat\/ceipausiasmarch\/wp-json\/wp\/v2\/users\/2"}],"replies":[{"embeddable":true,"href":"https:\/\/agora.xtec.cat\/ceipausiasmarch\/wp-json\/wp\/v2\/comments?post=36"}],"version-history":[{"count":3,"href":"https:\/\/agora.xtec.cat\/ceipausiasmarch\/wp-json\/wp\/v2\/pages\/36\/revisions"}],"predecessor-version":[{"id":844,"href":"https:\/\/agora.xtec.cat\/ceipausiasmarch\/wp-json\/wp\/v2\/pages\/36\/revisions\/844"}],"up":[{"embeddable":true,"href":"https:\/\/agora.xtec.cat\/ceipausiasmarch\/wp-json\/wp\/v2\/pages\/22"}],"wp:attachment":[{"href":"https:\/\/agora.xtec.cat\/ceipausiasmarch\/wp-json\/wp\/v2\/media?parent=36"}],"curies":[{"name":"wp","href":"https:\/\/api.w.org\/{rel}","templated":true}]}}