{"id":28,"date":"2014-09-18T12:29:35","date_gmt":"2014-09-18T12:29:35","guid":{"rendered":"http:\/\/agora.xtec.cat\/ceipausiasmarch\/?page_id=28"},"modified":"2019-09-09T13:48:47","modified_gmt":"2019-09-09T11:48:47","slug":"consell-escolar","status":"publish","type":"page","link":"https:\/\/agora.xtec.cat\/ceipausiasmarch\/lescola\/consell-escolar\/","title":{"rendered":"Consell Escolar"},"content":{"rendered":"<h3><strong>EQUIP DIRECTIU<\/strong><\/h3>\n<p>Elsa Arn\u00f3 i Navarro<\/p>\n<p>Vicente Fontana\u00a0 Mart\u00edn<\/p>\n<p>Laura Garz\u00f3n\u00a0 Mi\u00f1ana<\/p>\n<p>&nbsp;<\/p>\n<h3><strong>SECTOR PROFESSORAT<\/strong><\/h3>\n<p>Ant\u00f2nia Puig Cadenas<\/p>\n<p>Asun Roman Saiz<\/p>\n<p>Rosa Cabr\u00e9 Barreda<\/p>\n<p>Sara Carbonell Estopa\u00f1an<\/p>\n<p>Assumpta Clotas Figueras<\/p>\n<h3><strong>SECTOR PARES<\/strong><\/h3>\n<p>Meritxell L\u00e1zaro i Vall\u00e9s<\/p>\n<p>Giovanni-Luigi Ribechini<\/p>\n<p>Montserrat Bra\u00f1as i Carballido<\/p>\n<p>Meritxell Giron\u00e9s Badell<\/p>\n<p>Stella Kang<\/p>\n<p>&nbsp;<\/p>\n<h3><strong>AJUNTAMENT<\/strong><\/h3>\n<p>Ramon Vila Rib\u00e9<\/p>\n<p>&nbsp;<\/p>\n<h3><strong>PAS<\/strong><\/h3>\n<p>S\u00f2nia Garc\u00eda Artero<\/p>\n<p>&nbsp;<\/p>\n<p><strong>Comissi\u00f3 Permanent:<\/strong> Elsa Arn\u00f3, Meritxell Giron\u00e9s i Rosa Cabr\u00e9.<\/p>\n<p><strong>Comissi\u00f3 Conviv\u00e8ncia:<\/strong> Vicente Fontana, Sara Carbonell,\u00a0 Meritxell L\u00e1zaro i S\u00f2nia Garc\u00eda.<\/p>\n<p><strong>Comissi\u00f3 Econ\u00f2mica:<\/strong> Laura Garz\u00f3n, Ant\u00f2nia Puig, Giovanni-Luigi Ribechini i Ramon Vila.<\/p>\n<p><strong>Comissi\u00f3 Coeducaci\u00f3:<\/strong> Asun Roman<\/p>\n","protected":false},"excerpt":{"rendered":"<p>EQUIP DIRECTIU<br \/>\nElsa Arn\u00f3 i Navarro<br \/>\nVicente Fontana\u00a0 Mart\u00edn<br \/>\nLaura Garz\u00f3n\u00a0 Mi\u00f1ana<br \/>\n&nbsp;<br \/>\nSECTOR PROFESSORAT<br \/>\nAnt\u00f2nia Puig Cadenas<br \/>\nAsun Roman Saiz<br \/>\nRosa Cabr\u00e9 Barreda<br \/>\nSara Carbonell Estopa\u00f1an<br \/>\nAssumpta Clotas Figueras<br \/>\nSECTOR PARES<br \/>\nMeritxell L\u00e1zaro i Vall\u00e9s<br \/>\nGiovanni-Luigi Ribechini<br \/>\nMontserrat Bra\u00f1as i Carballido<br \/>\nMeritxell Giron\u00e9s Badell<br \/>\nStella Kang<br \/>\n&nbsp;<br \/>\nAJUNTAMENT<br \/>\nRamon Vila Rib\u00e9<br \/>\n&nbsp;<br \/>\nPAS<br \/>\nS\u00f2nia Garc\u00eda Artero<br \/>\n&nbsp;<br \/>\nComissi\u00f3 Permanent: Elsa Arn\u00f3, Meritxell Giron\u00e9s i Rosa Cabr\u00e9.<br \/>\nComissi\u00f3 Conviv\u00e8ncia: Vicente&hellip;  <a href=\"https:\/\/agora.xtec.cat\/ceipausiasmarch\/lescola\/consell-escolar\/\" title=\"Read Consell Escolar\">Llegeix m\u00e9s\u00bb<\/a><\/p>\n","protected":false},"author":2,"featured_media":0,"parent":22,"menu_order":30,"comment_status":"closed","ping_status":"closed","template":"","meta":{"_bbp_topic_count":0,"_bbp_reply_count":0,"_bbp_total_topic_count":0,"_bbp_total_reply_count":0,"_bbp_voice_count":0,"_bbp_anonymous_reply_count":0,"_bbp_topic_count_hidden":0,"_bbp_reply_count_hidden":0,"_bbp_forum_subforum_count":0,"footnotes":""},"class_list":["post-28","page","type-page","status-publish","hentry"],"post_mailing_queue_ids":[],"_links":{"self":[{"href":"https:\/\/agora.xtec.cat\/ceipausiasmarch\/wp-json\/wp\/v2\/pages\/28","targetHints":{"allow":["GET"]}}],"collection":[{"href":"https:\/\/agora.xtec.cat\/ceipausiasmarch\/wp-json\/wp\/v2\/pages"}],"about":[{"href":"https:\/\/agora.xtec.cat\/ceipausiasmarch\/wp-json\/wp\/v2\/types\/page"}],"author":[{"embeddable":true,"href":"https:\/\/agora.xtec.cat\/ceipausiasmarch\/wp-json\/wp\/v2\/users\/2"}],"replies":[{"embeddable":true,"href":"https:\/\/agora.xtec.cat\/ceipausiasmarch\/wp-json\/wp\/v2\/comments?post=28"}],"version-history":[{"count":3,"href":"https:\/\/agora.xtec.cat\/ceipausiasmarch\/wp-json\/wp\/v2\/pages\/28\/revisions"}],"predecessor-version":[{"id":1126,"href":"https:\/\/agora.xtec.cat\/ceipausiasmarch\/wp-json\/wp\/v2\/pages\/28\/revisions\/1126"}],"up":[{"embeddable":true,"href":"https:\/\/agora.xtec.cat\/ceipausiasmarch\/wp-json\/wp\/v2\/pages\/22"}],"wp:attachment":[{"href":"https:\/\/agora.xtec.cat\/ceipausiasmarch\/wp-json\/wp\/v2\/media?parent=28"}],"curies":[{"name":"wp","href":"https:\/\/api.w.org\/{rel}","templated":true}]}}