{"id":26,"date":"2014-09-18T12:24:32","date_gmt":"2014-09-18T12:24:32","guid":{"rendered":"http:\/\/agora.xtec.cat\/ceipausiasmarch\/?page_id=26"},"modified":"2017-02-06T08:46:45","modified_gmt":"2017-02-06T07:46:45","slug":"historia","status":"publish","type":"page","link":"https:\/\/agora.xtec.cat\/ceipausiasmarch\/lescola\/historia\/","title":{"rendered":"Hist\u00f2ria"},"content":{"rendered":"<p><a href=\"http:\/\/agora.xtec.cat\/ceipausiasmarch\/wp-content\/uploads\/usu488\/2014\/09\/FullSizeRender.jpg\"><img loading=\"lazy\" decoding=\"async\" class=\" wp-image-383 aligncenter\" src=\"http:\/\/agora.xtec.cat\/ceipausiasmarch\/wp-content\/uploads\/usu488\/2014\/09\/FullSizeRender-1024x768.jpg\" alt=\"fullsizerender\" width=\"394\" height=\"295\" srcset=\"https:\/\/agora.xtec.cat\/ceipausiasmarch\/wp-content\/uploads\/usu488\/2014\/09\/FullSizeRender-1024x768.jpg 1024w, https:\/\/agora.xtec.cat\/ceipausiasmarch\/wp-content\/uploads\/usu488\/2014\/09\/FullSizeRender-300x225.jpg 300w, https:\/\/agora.xtec.cat\/ceipausiasmarch\/wp-content\/uploads\/usu488\/2014\/09\/FullSizeRender-768x576.jpg 768w, https:\/\/agora.xtec.cat\/ceipausiasmarch\/wp-content\/uploads\/usu488\/2014\/09\/FullSizeRender-200x150.jpg 200w, https:\/\/agora.xtec.cat\/ceipausiasmarch\/wp-content\/uploads\/usu488\/2014\/09\/FullSizeRender.jpg 1632w\" sizes=\"auto, (max-width: 394px) 100vw, 394px\" \/><\/a><\/p>\n<h2><strong>QUI SOM<\/strong><\/h2>\n<p>La nostra escola va iniciar la seva hist\u00f2ria l&#8217;any 1893, amb la voluntat de satisfer les necessitats educatives del que encara era el poble de Les Corts.<\/p>\n<p>Avui situada al bell mig del barri, en el rovell de l&#8217;ou, volem que els nens i nenes creixin en un ambient acollidor i familiar, estimats i motivats i que assoleixin un bon nivell acad\u00e8mic i cultural, adaptat als canvis del nostre temps.<\/p>\n<p>El principal objectiu del nostre equip docent \u00e9s formar persones responsables, competents, solid\u00e0ries i felices.<\/p>\n<h2><strong>COM SOM<\/strong><\/h2>\n<p>Professionals de l&#8217;educaci\u00f3 amb implicaci\u00f3 i experi\u00e8ncia que utilitzem metodologies que estimulen l&#8217;infant i desenvolupen totes les seves capacitats.<\/p>\n<p>En cont\u00ednua formaci\u00f3 per a poder oferir un ensenyament de qualitat i actual.<\/p>\n<p>Eduquem fomentant el respecte i ensenyant a conviure en una societat pluralista i respectuosa.<\/p>\n<p>Estem oberts a l&#8217;entorn i participem en la vida del barri i de la ciutat. Desenvolupem diversos projectes educatius.<\/p>\n<p>&nbsp;<\/p>\n","protected":false},"excerpt":{"rendered":"<p><a href=\"http:\/\/agora.xtec.cat\/ceipausiasmarch\/wp-content\/uploads\/usu488\/2014\/09\/FullSizeRender.jpg\"><\/a><br \/>\nQUI SOM<br \/>\nLa nostra escola va iniciar la seva hist\u00f2ria l&#8217;any 1893, amb la voluntat de satisfer les necessitats educatives del que encara era el poble de Les Corts.<br \/>\nAvui situada al bell mig del barri, en el rovell de l&#8217;ou, volem que els nens i&hellip;  <a href=\"https:\/\/agora.xtec.cat\/ceipausiasmarch\/lescola\/historia\/\" title=\"Read Hist\u00f2ria\">Llegeix m\u00e9s\u00bb<\/a><\/p>\n","protected":false},"author":2,"featured_media":0,"parent":22,"menu_order":20,"comment_status":"closed","ping_status":"closed","template":"","meta":{"_bbp_topic_count":0,"_bbp_reply_count":0,"_bbp_total_topic_count":0,"_bbp_total_reply_count":0,"_bbp_voice_count":0,"_bbp_anonymous_reply_count":0,"_bbp_topic_count_hidden":0,"_bbp_reply_count_hidden":0,"_bbp_forum_subforum_count":0,"footnotes":""},"class_list":["post-26","page","type-page","status-publish","hentry"],"post_mailing_queue_ids":[],"_links":{"self":[{"href":"https:\/\/agora.xtec.cat\/ceipausiasmarch\/wp-json\/wp\/v2\/pages\/26","targetHints":{"allow":["GET"]}}],"collection":[{"href":"https:\/\/agora.xtec.cat\/ceipausiasmarch\/wp-json\/wp\/v2\/pages"}],"about":[{"href":"https:\/\/agora.xtec.cat\/ceipausiasmarch\/wp-json\/wp\/v2\/types\/page"}],"author":[{"embeddable":true,"href":"https:\/\/agora.xtec.cat\/ceipausiasmarch\/wp-json\/wp\/v2\/users\/2"}],"replies":[{"embeddable":true,"href":"https:\/\/agora.xtec.cat\/ceipausiasmarch\/wp-json\/wp\/v2\/comments?post=26"}],"version-history":[{"count":4,"href":"https:\/\/agora.xtec.cat\/ceipausiasmarch\/wp-json\/wp\/v2\/pages\/26\/revisions"}],"predecessor-version":[{"id":385,"href":"https:\/\/agora.xtec.cat\/ceipausiasmarch\/wp-json\/wp\/v2\/pages\/26\/revisions\/385"}],"up":[{"embeddable":true,"href":"https:\/\/agora.xtec.cat\/ceipausiasmarch\/wp-json\/wp\/v2\/pages\/22"}],"wp:attachment":[{"href":"https:\/\/agora.xtec.cat\/ceipausiasmarch\/wp-json\/wp\/v2\/media?parent=26"}],"curies":[{"name":"wp","href":"https:\/\/api.w.org\/{rel}","templated":true}]}}