{"id":236,"date":"2015-11-12T13:33:13","date_gmt":"2015-11-12T12:33:13","guid":{"rendered":"http:\/\/agora.xtec.cat\/ceipausiasmarch\/?page_id=236"},"modified":"2019-09-09T13:44:06","modified_gmt":"2019-09-09T11:44:06","slug":"equip-huma","status":"publish","type":"page","link":"https:\/\/agora.xtec.cat\/ceipausiasmarch\/lescola\/equip-huma\/","title":{"rendered":"Equip hum\u00e0. Curs 2019-2020"},"content":{"rendered":"<h3>EQUIP DIRECTIU<\/h3>\n<ul>\n<li>Direcci\u00f3: Elsa Arn\u00f3<\/li>\n<li>Cap d&#8217;Estudis. Vicente Fontana<\/li>\n<li>Secret\u00e0ria: Laura Garz\u00f3n<\/li>\n<\/ul>\n<h3 style=\"text-align: left;\"><strong>EDUCACI\u00d3 INFANTIL<\/strong><\/h3>\n<ul style=\"list-style-type: square;\">\n<li>Sara Carbonell<\/li>\n<li>Teresa Sanz<\/li>\n<\/ul>\n<h3><strong>CICLE INICIAL<\/strong><\/h3>\n<ul style=\"list-style-type: square;\">\n<li>1r: Eva Garc\u00eda. Coordinadora Ling\u00fc\u00edstica<\/li>\n<li>2n: Ant\u00f2nia Puig. Coordinadora Prim\u00e0ria<\/li>\n<\/ul>\n<h3><strong>CICLE MITJ\u00c0<\/strong><\/h3>\n<ul style=\"list-style-type: square;\">\n<li>3r: Assumpta Clotas<\/li>\n<li>4t: Oscar Serrano<\/li>\n<\/ul>\n<h3><strong>CICLE SUPERIOR<\/strong><\/h3>\n<ul style=\"list-style-type: square;\">\n<li>5\u00e8: Eva Navarro<\/li>\n<li>6\u00e8: N\u00faria Codina<\/li>\n<\/ul>\n<h3><strong>ESPECIALISTES<\/strong><\/h3>\n<ul style=\"list-style-type: square;\">\n<li>Especialista d&#8217;Educaci\u00f3 Especial: Rosa Cabr\u00e9. Coordinadora Ed. Infantil.<\/li>\n<li>Especialista de Llengua Anglesa: Asun Roman. Coordinadora Riscos Laborals.<\/li>\n<li>Especialista de M\u00fasica: Mireia Garc\u00eda<\/li>\n<li>Especialista TIC: Sergi G\u00f3mez<\/li>\n<li>Especialista d&#8217;EF: Vicente Fontana. Cap d&#8217;Estudis.<\/li>\n<li>Especialista de Religi\u00f3: Laura Garz\u00f3n. Secret\u00e0ria.<\/li>\n<li>Tutora d&#8217;Aula d&#8217;Acollida: Elsa Arn\u00f3. Direcci\u00f3.<\/li>\n<li>Suport: Roser Nart.<\/li>\n<\/ul>\n<h3><strong>EQUIP PAS<\/strong><\/h3>\n<ul style=\"list-style-type: square;\">\n<li>Conserge :M\u00aa \u00c0ngels Bosch<\/li>\n<li>Administrativa :S\u00f2nia Garc\u00eda<\/li>\n<\/ul>\n<h3><strong>MENJADOR<\/strong><\/h3>\n<ul style=\"list-style-type: square;\">\n<li>Responsable: Magdalena Hernando.<\/li>\n<\/ul>\n<p>&nbsp;<\/p>\n","protected":false},"excerpt":{"rendered":"<p>EQUIP DIRECTIU<\/p>\n<ul>\n<li>Direcci\u00f3: Elsa Arn\u00f3<\/li>\n<li>Cap d&#8217;Estudis. Vicente Fontana<\/li>\n<li>Secret\u00e0ria: Laura Garz\u00f3n<\/li>\n<\/ul>\n<p>EDUCACI\u00d3 INFANTIL<\/p>\n<ul style=\"list-style-type: square;\">\n<li>Sara Carbonell<\/li>\n<li>Teresa Sanz<\/li>\n<\/ul>\n<p>CICLE INICIAL<\/p>\n<ul style=\"list-style-type: square;\">\n<li>1r: Eva Garc\u00eda. Coordinadora Ling\u00fc\u00edstica<\/li>\n<li>2n: Ant\u00f2nia Puig. Coordinadora Prim\u00e0ria<\/li>\n<\/ul>\n<p>CICLE MITJ\u00c0<\/p>\n<ul style=\"list-style-type: square;\">\n<li>3r: Assumpta Clotas<\/li>\n<li>4t: Oscar Serrano<\/li>\n<\/ul>\n<p>CICLE SUPERIOR<\/p>\n<ul style=\"list-style-type: square;\">\n<li>5\u00e8: Eva Navarro<\/li>\n<li>6\u00e8: N\u00faria Codina<\/li>\n<\/ul>\n<p>ESPECIALISTES<\/p>\n<ul style=\"list-style-type: square;\">\n<li>Especialista d&#8217;Educaci\u00f3 Especial: Rosa Cabr\u00e9.&hellip;  <a href=\"https:\/\/agora.xtec.cat\/ceipausiasmarch\/lescola\/equip-huma\/\" title=\"Read Equip hum\u00e0. Curs 2019-2020\">Llegeix m\u00e9s\u00bb<\/a><br \/>\n","protected":false},"author":1,"featured_media":0,"parent":22,"menu_order":35,"comment_status":"closed","ping_status":"closed","template":"","meta":{"_bbp_topic_count":0,"_bbp_reply_count":0,"_bbp_total_topic_count":0,"_bbp_total_reply_count":0,"_bbp_voice_count":0,"_bbp_anonymous_reply_count":0,"_bbp_topic_count_hidden":0,"_bbp_reply_count_hidden":0,"_bbp_forum_subforum_count":0,"footnotes":""},"class_list":["post-236","page","type-page","status-publish","hentry"],"post_mailing_queue_ids":[],"_links":{"self":[{"href":"https:\/\/agora.xtec.cat\/ceipausiasmarch\/wp-json\/wp\/v2\/pages\/236","targetHints":{"allow":["GET"]}}],"collection":[{"href":"https:\/\/agora.xtec.cat\/ceipausiasmarch\/wp-json\/wp\/v2\/pages"}],"about":[{"href":"https:\/\/agora.xtec.cat\/ceipausiasmarch\/wp-json\/wp\/v2\/types\/page"}],"author":[{"embeddable":true,"href":"https:\/\/agora.xtec.cat\/ceipausiasmarch\/wp-json\/wp\/v2\/users\/1"}],"replies":[{"embeddable":true,"href":"https:\/\/agora.xtec.cat\/ceipausiasmarch\/wp-json\/wp\/v2\/comments?post=236"}],"version-history":[{"count":4,"href":"https:\/\/agora.xtec.cat\/ceipausiasmarch\/wp-json\/wp\/v2\/pages\/236\/revisions"}],"predecessor-version":[{"id":1125,"href":"https:\/\/agora.xtec.cat\/ceipausiasmarch\/wp-json\/wp\/v2\/pages\/236\/revisions\/1125"}],"up":[{"embeddable":true,"href":"https:\/\/agora.xtec.cat\/ceipausiasmarch\/wp-json\/wp\/v2\/pages\/22"}],"wp:attachment":[{"href":"https:\/\/agora.xtec.cat\/ceipausiasmarch\/wp-json\/wp\/v2\/media?parent=236"}],"curies":[{"name":"wp","href":"https:\/\/api.w.org\/{rel}","templated":true}]}}