{"id":801,"date":"2018-07-17T13:20:17","date_gmt":"2018-07-17T11:20:17","guid":{"rendered":"http:\/\/agora.xtec.cat\/ceipauro\/?page_id=801"},"modified":"2019-07-10T18:34:34","modified_gmt":"2019-07-10T16:34:34","slug":"pas-per-tu","status":"publish","type":"page","link":"https:\/\/agora.xtec.cat\/ceipauro\/projectes-descola\/projectes-verds\/pas-per-tu\/","title":{"rendered":"PAS-PER-TU"},"content":{"rendered":"<p>Programa cooperatiu pel foment de la reutilitzaci\u00f3 de llibres de text (PAS-PER-TU).<\/p>\n<hr \/>\n<p><span style=\"text-decoration: underline;\"><span style=\"font-size: 20px;\"><strong>Informaci\u00f3 extreta de la<a href=\"https:\/\/afaauro.org\/comissio-pasxtu\/\"> WEB de l&#8217;AFA AUR\u00d3<\/a><\/strong><\/span><\/span><\/p>\n<div class=\"wpb_text_column wpb_content_element \">\n<div class=\"wpb_wrapper\">\n<p>Coordinem la reutilitzaci\u00f3 i la socialitzaci\u00f3 dels llibres de text, aix\u00ed com la compra conjunta dels quaderns que es fan servir a l\u2019escola. Som de les poques escoles en qu\u00e8 l\u2019AFA coordina directament la reutilitzaci\u00f3 de llibres i la compra dels quaderns.<\/p>\n<p>Aix\u00f2 ens permet estalviar recursos i energia, al donar diversos usos al mateix llibre i no haver de comprar cada any llibres nous.\u00a0A banda, estalviem temps i maldecaps a les fam\u00edlies perqu\u00e8 no cal anar a comprar cap llibre al setembre.\u00a0I finalment, estalviem diners, ja que al fer la compra conjunta de quaderns directament des de l\u2019AFA aconseguim descomptes importants.<\/p>\n<p>Amb aquest projecte tamb\u00e9 conscienciem als infants del valor de les coses i els coresponsabilitzem en la import\u00e0ncia de conservar-les en bon estat.\u00a0Alhora, fomentem el treball cooperatiu amb l\u2019escola, fent cr\u00e9ixer la comunitat de l\u2019Aur\u00f3.<\/p>\n<\/div>\n<\/div>\n<div class=\"vc_empty_space\"><\/div>\n<div class=\"wpb_text_column wpb_content_element \">\n<div class=\"wpb_wrapper\">\n<h3><b>ALGUNS PROJECTES<\/b><\/h3>\n<\/div>\n<\/div>\n<div class=\"q_list circle\">\n<ul>\n<li>Crear la \u201cguia del PasxTu\u201d, per recollir els processos pas a pas i facilitar aix\u00ed la integraci\u00f3 de nous membres a la comissi\u00f3 i la participaci\u00f3 de voluntaris en les tasques puntuals (creaci\u00f3 de lots, neteja de lots o etiquetatge dels llibres).<\/li>\n<li>Continuar posant en valor entre els alumnes i les fam\u00edlies de l\u2019escola que el reaprofitament dels llibres \u00e9s un element d\u2019estalvi ambiental i econ\u00f2mic. Aconseguir fer un c\u00e0lcul del nombre d\u2019arbres i\/o de tones de CO<sub>2<\/sub>\u00a0que estalviem.<\/li>\n<li>Reflexionar sobre la necessitat de comprar llibres i quaderns de treball quan l\u2019escola comen\u00e7a un canvi cap a l\u2019elaboraci\u00f3 de material propi i l\u2019\u00fas dels mitjans digitals a l\u2019aula.<\/li>\n<li>Intentar baixar les quotes fixes, sempre que la compra de llibres continu\u00ef a la baixa.<\/li>\n<\/ul>\n<\/div>\n<div class=\"vc_empty_space\"><\/div>\n<div class=\"wpb_text_column wpb_content_element \">\n<div class=\"wpb_wrapper\">\n<p><i class=\"qode_icon_font_awesome fa fa-envelope-o qode_icon_element\"><\/i>\u00a0Contacta\u2019ns:\u00a0<a href=\"mailto:auro-pasxtu@googlegroups.com\">auro-pasxtu@googlegroups.com<\/a><\/p>\n<\/div>\n<\/div>\n","protected":false},"excerpt":{"rendered":"<p>Programa cooperatiu pel foment de la reutilitzaci\u00f3 de llibres de text (PAS-PER-TU).<\/p>\n<p>Informaci\u00f3 extreta de la<a href=\"https:\/\/afaauro.org\/comissio-pasxtu\/\"> WEB de l&#8217;AFA AUR\u00d3<\/a><\/p>\n<p>Coordinem la reutilitzaci\u00f3 i la socialitzaci\u00f3 dels llibres de text, aix\u00ed com la compra conjunta dels quaderns que es fan servir a l\u2019escola. Som de les&hellip;  <a href=\"https:\/\/agora.xtec.cat\/ceipauro\/projectes-descola\/projectes-verds\/pas-per-tu\/\" title=\"Read PAS-PER-TU\">Llegeix m\u00e9s\u00bb<\/a><\/p>\n","protected":false},"author":1,"featured_media":0,"parent":814,"menu_order":2,"comment_status":"closed","ping_status":"closed","template":"page-templates\/side-menu.php","meta":{"_bbp_topic_count":0,"_bbp_reply_count":0,"_bbp_total_topic_count":0,"_bbp_total_reply_count":0,"_bbp_voice_count":0,"_bbp_anonymous_reply_count":0,"_bbp_topic_count_hidden":0,"_bbp_reply_count_hidden":0,"_bbp_forum_subforum_count":0,"footnotes":""},"class_list":["post-801","page","type-page","status-publish","hentry"],"post_mailing_queue_ids":[],"_links":{"self":[{"href":"https:\/\/agora.xtec.cat\/ceipauro\/wp-json\/wp\/v2\/pages\/801","targetHints":{"allow":["GET"]}}],"collection":[{"href":"https:\/\/agora.xtec.cat\/ceipauro\/wp-json\/wp\/v2\/pages"}],"about":[{"href":"https:\/\/agora.xtec.cat\/ceipauro\/wp-json\/wp\/v2\/types\/page"}],"author":[{"embeddable":true,"href":"https:\/\/agora.xtec.cat\/ceipauro\/wp-json\/wp\/v2\/users\/1"}],"replies":[{"embeddable":true,"href":"https:\/\/agora.xtec.cat\/ceipauro\/wp-json\/wp\/v2\/comments?post=801"}],"version-history":[{"count":2,"href":"https:\/\/agora.xtec.cat\/ceipauro\/wp-json\/wp\/v2\/pages\/801\/revisions"}],"predecessor-version":[{"id":1806,"href":"https:\/\/agora.xtec.cat\/ceipauro\/wp-json\/wp\/v2\/pages\/801\/revisions\/1806"}],"up":[{"embeddable":true,"href":"https:\/\/agora.xtec.cat\/ceipauro\/wp-json\/wp\/v2\/pages\/814"}],"wp:attachment":[{"href":"https:\/\/agora.xtec.cat\/ceipauro\/wp-json\/wp\/v2\/media?parent=801"}],"curies":[{"name":"wp","href":"https:\/\/api.w.org\/{rel}","templated":true}]}}