{"id":77,"date":"2014-09-18T14:05:08","date_gmt":"2014-09-18T12:05:08","guid":{"rendered":"http:\/\/agora.xtec.cat\/ceipauro\/\/?page_id=77"},"modified":"2024-10-07T20:54:57","modified_gmt":"2024-10-07T18:54:57","slug":"acollida","status":"publish","type":"page","link":"https:\/\/agora.xtec.cat\/ceipauro\/serveis\/acollida\/","title":{"rendered":"Acollida"},"content":{"rendered":"<p style=\"color: #666666;\"><span style=\"color: #000000;\"><strong>El servei d&#8217;acollida o b\u00e9 l&#8217;espai d&#8217;inclusi\u00f3 de tarda<\/strong> \u00e9s un servei que ofereix l&#8217;escola i poden utilitzar aquelles families que per diferents motius necessiten que els alumnes facin l&#8217;entrada abans de l&#8217;hora habitual (a les 9 del mat\u00ed), o b\u00e9 s&#8217;hagin de quedar una estona m\u00e9s a la tarda (de 16:30 a 17h).\u00a0<\/span><\/p>\n<p style=\"color: #666666;\"><span style=\"color: #000000;\">L\u2019activitat gira entorn dos grans blocs. L\u2019ambient de deures i l\u2019inclusiu. L\u2019infant podr\u00e0 escollir fer els deures o llegir o podr\u00e0 participar en activitats, dirigides per un t\u00e8cnic, enfocades al desenvolupament integral dels infants amb o sense necessitats educatives, amb especial \u00e8mfasi en la conviv\u00e8ncia, les relacions i les habilitats socials mitjan\u00e7ant l\u2019educaci\u00f3 emocional, l\u2019educaci\u00f3 sensorial i els jocs cooperatius.<\/span><\/p>\n<p style=\"color: #666666;\"><span style=\"color: #000000;\">Per fer \u00fas de l\u2019activitat regular cal haver formalitzat la inscripci\u00f3 especificant la prefer\u00e8ncia de mat\u00ed o tarda, dies i horari desitjat. El <span style=\"text-decoration: underline;\"><em>pagament dels dies puntuals<\/em><\/span> s\u2019ha de fer directament a la coordinadora o responsable. <\/span><\/p>\n<table class=\" aligncenter\" style=\"height: 169px; width: 62%;\">\n<tbody>\n<tr style=\"height: 48px;\">\n<td style=\"width: 453px; border-color: #050505; height: 48px;\"><span style=\"font-size: 16px;\"><strong>L&#8217;horari d&#8217;aquest servei \u00e9s de :<\/strong><\/span><\/p>\n<ul>\n<li><span style=\"font-size: 16px;\">dilluns a divendres de 8h a 9h <\/span><\/li>\n<li><span style=\"font-size: 16px;\">dilluns a divendres de 16:30 a 18h<\/span><\/li>\n<\/ul>\n<\/td>\n<\/tr>\n<\/tbody>\n<\/table>\n<p style=\"color: #666666;\"><span style=\"color: #000000;\">Per poder tenir m\u00e9s informaci\u00f3 o per a qualsevol modificaci\u00f3 de dades, canvi o baixa de l\u2019activitat cal adre\u00e7ar-se:<\/span><\/p>\n<p style=\"color: #666666;\"><span style=\"color: #000000;\"><strong><em>Coordinador d&#8217;activitats<\/em><\/strong>: Toni Marco<\/span><\/p>\n<p style=\"color: #666666;\"><span style=\"color: #000000;\"><strong><em>Horari<\/em><\/strong>: de dilluns a dijous de 16:45 a 19h<\/span><\/p>\n<p style=\"color: #666666;\"><span style=\"color: #000000;\">o podeu trucar al tel 93.453.07.41 \/ 687.925.198 en el mateix horari o contactar a trav\u00e9s de l\u2019e-mail <span style=\"text-decoration: underline; background-color: #ffffff;\"><span>contacta@ae-eixample.cat<\/span><\/span><\/span><\/p>\n<hr \/>\n<p><span style=\"text-decoration: underline;\"><a href=\"https:\/\/www.ae-eixample.cat\/images\/escolar\/insc_acollida.pdf\">ACOLLIDA \/ ESTUDI \/ ESPAI INCLUSI\u00d3 <\/a><\/span><\/p>\n<p>Les inscripcions es realitzaran presencialment. Consulteu els horaris d\u2019atenci\u00f3 al programa d\u2019extraescolars. Per fer \u00fas de l\u2019acollida regular cal omplir el full d\u2019inscripci\u00f3 especificant la prefer\u00e8ncia de mat\u00ed o tarda, dies i horari desitjat. Demaneu-lo al coordinador\/a. El pagament de l\u2019acollida puntual es far\u00e0 directament al responsable d\u2019extraescolars. En cas de fer \u00fas de l\u2019acollida puntual de tarda, cal avisar per escrit, en la mesura que sigui possible, al coordinador\/a i a l\u2019escola.<\/p>\n","protected":false},"excerpt":{"rendered":"<p>El servei d&#8217;acollida o b\u00e9 l&#8217;espai d&#8217;inclusi\u00f3 de tarda \u00e9s un servei que ofereix l&#8217;escola i poden utilitzar aquelles families que per diferents motius necessiten que els alumnes facin l&#8217;entrada abans de l&#8217;hora habitual (a les 9 del mat\u00ed), o b\u00e9 s&#8217;hagin de quedar una&hellip;  <a href=\"https:\/\/agora.xtec.cat\/ceipauro\/serveis\/acollida\/\" title=\"Read Acollida\">Llegeix m\u00e9s\u00bb<\/a><\/p>\n","protected":false},"author":1,"featured_media":0,"parent":66,"menu_order":2,"comment_status":"closed","ping_status":"closed","template":"page-templates\/side-menu.php","meta":{"_bbp_topic_count":0,"_bbp_reply_count":0,"_bbp_total_topic_count":0,"_bbp_total_reply_count":0,"_bbp_voice_count":0,"_bbp_anonymous_reply_count":0,"_bbp_topic_count_hidden":0,"_bbp_reply_count_hidden":0,"_bbp_forum_subforum_count":0,"footnotes":""},"class_list":["post-77","page","type-page","status-publish","hentry"],"post_mailing_queue_ids":[],"_links":{"self":[{"href":"https:\/\/agora.xtec.cat\/ceipauro\/wp-json\/wp\/v2\/pages\/77","targetHints":{"allow":["GET"]}}],"collection":[{"href":"https:\/\/agora.xtec.cat\/ceipauro\/wp-json\/wp\/v2\/pages"}],"about":[{"href":"https:\/\/agora.xtec.cat\/ceipauro\/wp-json\/wp\/v2\/types\/page"}],"author":[{"embeddable":true,"href":"https:\/\/agora.xtec.cat\/ceipauro\/wp-json\/wp\/v2\/users\/1"}],"replies":[{"embeddable":true,"href":"https:\/\/agora.xtec.cat\/ceipauro\/wp-json\/wp\/v2\/comments?post=77"}],"version-history":[{"count":6,"href":"https:\/\/agora.xtec.cat\/ceipauro\/wp-json\/wp\/v2\/pages\/77\/revisions"}],"predecessor-version":[{"id":4299,"href":"https:\/\/agora.xtec.cat\/ceipauro\/wp-json\/wp\/v2\/pages\/77\/revisions\/4299"}],"up":[{"embeddable":true,"href":"https:\/\/agora.xtec.cat\/ceipauro\/wp-json\/wp\/v2\/pages\/66"}],"wp:attachment":[{"href":"https:\/\/agora.xtec.cat\/ceipauro\/wp-json\/wp\/v2\/media?parent=77"}],"curies":[{"name":"wp","href":"https:\/\/api.w.org\/{rel}","templated":true}]}}