{"id":73,"date":"2014-09-18T14:01:51","date_gmt":"2014-09-18T12:01:51","guid":{"rendered":"http:\/\/agora.xtec.cat\/ceipauro\/\/?page_id=73"},"modified":"2026-04-10T16:27:15","modified_gmt":"2026-04-10T14:27:15","slug":"menjador-escolar","status":"publish","type":"page","link":"https:\/\/agora.xtec.cat\/ceipauro\/serveis\/menjador-escolar\/","title":{"rendered":"Espai Migdia"},"content":{"rendered":"\n<p class=\"has-text-align-left\">Benvolgudes fam\u00edlies, us donem la benvinguda a l\u2019Espai Migdia de l\u2019Escola Aur\u00f3.<\/p>\n\n\n\n<p class=\"has-text-align-left\">El servei de l\u2019Espai Migdia \u00e9s gestionat per l\u2019empresa <a href=\"https:\/\/www.7itria.cat\/\" target=\"_blank\" rel=\"noopener noreferrer\">7itria S.L.U<\/a>, que en els darrers anys s&#8217;ha unificat amb <a href=\"https:\/\/fundesplai.org\/coneix\/missio-i-valors\/\" target=\"_blank\" rel=\"noopener noreferrer\">Fundesplai<\/a>. En els seg\u00fcents enlla\u00e7os podreu trobar tota la informaci\u00f3 rellevant sobre l&#8217;empresa que gestiona el servei de menjador i del temps del migdia.<\/p>\n\n\n\n<p class=\"has-text-align-left\">Actualment, les inscripcions al servei es fan a trav\u00e9s d&#8217;una nova App que podeu trobar en el seg\u00fcent enlla\u00e7: <a href=\"https:\/\/activitats.fundesplai.org\/public\/landing\/app-7itria\" target=\"_blank\" rel=\"noopener\">https:\/\/activitats.fundesplai.org\/public\/landing\/app-7itria<\/a><\/p>\n\n\n\n<p class=\"has-text-align-left\">A continuaci\u00f3 us deixem la presentaci\u00f3 de la trobada d\u2019inici de curs amb les fam\u00edlies on presentem l&#8217;empresa, el funcionament del servei i el projecte pedag\u00f2gic de l\u2019Espai Migdia de l&#8217;Escola Aur\u00f3 per aquest curs 25-26.<\/p>\n\n\n<div class=\"wp-block-image\">\n<figure class=\"aligncenter\"><a href=\"https:\/\/agora.xtec.cat\/ceipauro\/wp-content\/uploads\/usu276\/2025\/10\/Presentacio-Espai-Migdia-Auro-7iTRIA-Curs-25-26.pdf\" target=\"_blank\" rel=\"https:\/\/agora.xtec.cat\/ceipauro\/wp-content\/uploads\/usu276\/2025\/10\/Presentacio-Espai-Migdia-Auro-7iTRIA-Curs-25-26.pdf noopener\"><img loading=\"lazy\" decoding=\"async\" width=\"949\" height=\"534\" src=\"https:\/\/agora.xtec.cat\/ceipauro\/wp-content\/uploads\/usu276\/2025\/10\/imatge-presentacio.png\" alt=\"\" class=\"wp-image-4664\" srcset=\"https:\/\/agora.xtec.cat\/ceipauro\/wp-content\/uploads\/usu276\/2025\/10\/imatge-presentacio.png 949w, https:\/\/agora.xtec.cat\/ceipauro\/wp-content\/uploads\/usu276\/2025\/10\/imatge-presentacio-300x169.png 300w, https:\/\/agora.xtec.cat\/ceipauro\/wp-content\/uploads\/usu276\/2025\/10\/imatge-presentacio-768x432.png 768w\" sizes=\"auto, (max-width: 949px) 100vw, 949px\" \/><\/a><\/figure><\/div>\n\n\n<p><span style=\"text-decoration: underline;\"><strong>Coordinaci\u00f3 del servei de l&#8217;Espai Migdia:<\/strong><\/span><\/p>\n\n\n\n<p>El servei de l&#8217;Espai Migdia \u00e9s coordinat per l&#8217;<strong>Iu Gadea Ard\u00e8vol o l&#8217;Estel Franch Bayes.<\/strong><\/p>\n\n\n\n<p>L&#8217;horari d\u2019atenci\u00f3 a les fam\u00edlies de <strong>9 h a 10 h i de 15.30 h a 16.00 h<\/strong> a la secretaria de l\u2019Escola (1r pis). A m\u00e9s a m\u00e9s, ara hi ha un <strong>m\u00f2bil espec\u00edfic pel servei de l&#8217;Espai Migdia<\/strong> on podeu trucar o escriure via whatsapp per a qualsevol aclariment, dubte o comentari relacionat amb l&#8217;Espai Migdia, aquest tel\u00e8fon \u00e9s: <strong>615 090 470<\/strong>, tamb\u00e9 em podeu escriure a trav\u00e9s del correu electr\u00f2nic: <strong>espaimigdia@auroescola.cat<\/strong><\/p>\n\n\n\n<p><span style=\"text-decoration: underline;\"><strong>Cal notificar les abs\u00e8ncies, r\u00e8gims o altres incid\u00e8ncies:<\/strong><\/span><\/p>\n\n\n\n<p>\u00c9s important que a primera hora del mat\u00ed, concretament de<strong> 9 h a 10 h<\/strong>, notifiqueu a trav\u00e9s de correu electr\u00f2nic o a trav\u00e9s de missatge de whatsapp l&#8217;<strong>abs\u00e8ncia<\/strong>, la demanda d&#8217;una <strong>dieta de r\u00e8gim<\/strong> (arr\u00f2s bullit i planxa), una <strong>dieta tova<\/strong> (tema de dents), la <strong>recollida d&#8217;un infant<\/strong> en un horari diferent de l&#8217;habitual o qualsevol altra q\u00fcesti\u00f3 que afectin l&#8217;Espai Migdia, a la coordinaci\u00f3 del servei.<\/p>\n\n\n\n<p><span style=\"text-decoration: underline;\"><strong>Equip pedag\u00f2gic:<\/strong><\/span><\/p>\n\n\n<div class=\"wp-block-image\">\n<figure class=\"aligncenter\"><img loading=\"lazy\" decoding=\"async\" width=\"1152\" height=\"696\" src=\"https:\/\/agora.xtec.cat\/ceipauro\/wp-content\/uploads\/usu276\/2025\/10\/equip-de-monis-25_26.png\" alt=\"\" class=\"wp-image-4661\" srcset=\"https:\/\/agora.xtec.cat\/ceipauro\/wp-content\/uploads\/usu276\/2025\/10\/equip-de-monis-25_26.png 1152w, https:\/\/agora.xtec.cat\/ceipauro\/wp-content\/uploads\/usu276\/2025\/10\/equip-de-monis-25_26-300x181.png 300w, https:\/\/agora.xtec.cat\/ceipauro\/wp-content\/uploads\/usu276\/2025\/10\/equip-de-monis-25_26-1024x619.png 1024w, https:\/\/agora.xtec.cat\/ceipauro\/wp-content\/uploads\/usu276\/2025\/10\/equip-de-monis-25_26-768x464.png 768w\" sizes=\"auto, (max-width: 1152px) 100vw, 1152px\" \/><\/figure><\/div>\n\n\n<p><span style=\"text-decoration: underline;\"><strong>Equip de cuina:<\/strong><\/span><\/p>\n\n\n\n<figure class=\"wp-block-image\"><img loading=\"lazy\" decoding=\"async\" width=\"618\" height=\"255\" src=\"https:\/\/agora.xtec.cat\/ceipauro\/wp-content\/uploads\/usu276\/2025\/10\/equip-de-cuina-25_26-e1761584087206.png\" alt=\"\" class=\"wp-image-4660\" srcset=\"https:\/\/agora.xtec.cat\/ceipauro\/wp-content\/uploads\/usu276\/2025\/10\/equip-de-cuina-25_26-e1761584087206.png 618w, https:\/\/agora.xtec.cat\/ceipauro\/wp-content\/uploads\/usu276\/2025\/10\/equip-de-cuina-25_26-e1761584087206-300x124.png 300w\" sizes=\"auto, (max-width: 618px) 100vw, 618px\" \/><\/figure>\n\n\n\n<p><span style=\"text-decoration: underline;\"><strong>Documentaci\u00f3 rellevant del servei de l\u2019Espai Migdia:<\/strong><\/span><\/p>\n\n\n\n<p>En aquest apartat podeu trobar la seg\u00fcent documentaci\u00f3:<\/p>\n\n\n\n<p><a href=\"https:\/\/agora.xtec.cat\/ceipauro\/wp-content\/uploads\/usu276\/2025\/10\/Pla-de-funcionament-Espai-Migdia-Auro-25-26-7iTRIA.pdf\" target=\"_blank\" rel=\"noopener\">Pla de funcionament Espai Migdia Aur\u00f3 25-26 7iTRIA<\/a><\/p>\n\n\n\n<p><a href=\"https:\/\/agora.xtec.cat\/ceipauro\/wp-content\/uploads\/usu276\/2025\/06\/Annex1_Servim_nos_com_a_casa.pdf\" target=\"_blank\" rel=\"noopener\">Annex 1. Projecte &#8220;Servim-nos com a casa&#8221;<\/a><\/p>\n\n\n\n<p><a href=\"https:\/\/agora.xtec.cat\/ceipauro\/wp-content\/uploads\/usu276\/2025\/06\/Annex2_Decaleg_bones_practique_Servim_nos.pdf\" target=\"_blank\" rel=\"noopener\">Annex 2. Dec\u00e0leg de bones pr\u00e0ctiques sobre el projecte &#8220;Servim-nos com a casa&#8221;<\/a><\/p>\n\n\n\n<p><a href=\"https:\/\/agora.xtec.cat\/ceipauro\/wp-content\/uploads\/usu276\/2025\/06\/Annex3_Protocol_actuacio_monitoratge_Servim_nos.pdf\" target=\"_blank\" rel=\"noopener\">Annex 3. Protocol d&#8217;actuaci\u00f3 per a l&#8217;equip de monitoratge sobre el projecte &#8220;Servim-nos com a casa&#8221;<\/a><\/p>\n\n\n\n<p><a href=\"https:\/\/agora.xtec.cat\/ceipauro\/wp-content\/uploads\/usu276\/2025\/06\/Annex4_Pla_acollida_monitoratge.pdf\" target=\"_blank\" rel=\"noopener\">Annex 4. Pla d&#8217;acollida monitoratge<\/a><\/p>\n\n\n\n<p>Annex 5. Programaci\u00f3 d&#8217;activitats<\/p>\n\n\n\n<p><a href=\"https:\/\/agora.xtec.cat\/ceipauro\/wp-content\/uploads\/usu276\/2025\/10\/Annex-6-Graella-dels-tallers-educatius-del-1r-torn-1r-2n-i-3r-25-26.pdf\" target=\"_blank\" rel=\"noopener\">Annex 6. Graella dels tallers educatius del 1r torn (1r, 2n i 3r) 25-26<\/a><\/p>\n\n\n\n<p><a href=\"https:\/\/agora.xtec.cat\/ceipauro\/wp-content\/uploads\/usu276\/2025\/10\/Annex-7-Graella-dels-tallers-educatius-del-2n-torn-4t-5e-i-6e-25-26.pdf\" target=\"_blank\" rel=\"noopener\">Annex 7. Graella dels tallers educatius del 2n torn (4t, 5\u00e8 i 6\u00e8) 25-26<\/a><\/p>\n\n\n\n<p><a href=\"https:\/\/agora.xtec.cat\/ceipauro\/wp-content\/uploads\/usu276\/2025\/10\/Annex-8.-Exemple-de-graella-de-carrecs-del-menjador.pdf\">Annex 8. Exemple de graella de c\u00e0rrecs del menjador<\/a><\/p>\n\n\n\n<p>Documentaci\u00f3 7itria\/Fundesplai:<\/p>\n\n\n\n<p><a href=\"https:\/\/agora.xtec.cat\/ceipauro\/wp-content\/uploads\/usu276\/2025\/10\/Manual-App.-7iTria-Fundesplai.pdf\" target=\"_blank\" rel=\"noopener\">Manual App. 7iTria\/Fundesplai<\/a><\/p>\n\n\n\n<p><a href=\"https:\/\/agora.xtec.cat\/ceipauro\/wp-content\/uploads\/usu276\/2025\/10\/Cobraments-Espai-Migdia-7itria_Fundesplai-curs-25-26.pdf\" target=\"_blank\" rel=\"noopener\">Cobraments Espai Migdia 7itria_Fundesplai curs 25-26<\/a><\/p>\n\n\n\n<p><span style=\"color: #6aa84f;\">Estel Franch Bayes<\/span><\/p>\n\n\n\n<div><span style=\"color: #6aa84f;\">Coordinadora de l&#8217;Espai Migdia de l&#8217;Escola Aur\u00f3<\/span><\/div>\n\n\n\n<div><span style=\"color: #6aa84f;\">Horari d&#8217;atenci\u00f3 fam\u00edlies: 9h a 10h i de 15.30h a 16.00h<\/span><\/div>\n\n\n\n<div><span style=\"color: #6aa84f;\">615 090 470\u00a0<\/span><\/div>\n\n\n\n<div><a href=\"mailto:espaimigdia@auroescola.cat\">espaimigdia@auroescola.cat<\/a><\/div>\n\n\n\n<p><\/p>\n","protected":false},"excerpt":{"rendered":"<p>Benvolgudes fam\u00edlies, us donem la benvinguda a l\u2019Espai Migdia de l\u2019Escola Aur\u00f3.<\/p>\n<p>El servei de l\u2019Espai Migdia \u00e9s gestionat per l\u2019empresa <a href=\"https:\/\/www.7itria.cat\/\" target=\"_blank\" rel=\"noopener noreferrer\">7itria S.L.U<\/a>, que en els darrers anys s&#8217;ha unificat amb <a href=\"https:\/\/fundesplai.org\/coneix\/missio-i-valors\/\" target=\"_blank\" rel=\"noopener noreferrer\">Fundesplai<\/a>. En els seg\u00fcents enlla\u00e7os podreu trobar&hellip;  <a href=\"https:\/\/agora.xtec.cat\/ceipauro\/serveis\/menjador-escolar\/\" title=\"Read Espai Migdia\">Llegeix m\u00e9s\u00bb<\/a><\/p>\n","protected":false},"author":1,"featured_media":0,"parent":66,"menu_order":1,"comment_status":"closed","ping_status":"closed","template":"page-templates\/side-menu.php","meta":{"_bbp_topic_count":0,"_bbp_reply_count":0,"_bbp_total_topic_count":0,"_bbp_total_reply_count":0,"_bbp_voice_count":0,"_bbp_anonymous_reply_count":0,"_bbp_topic_count_hidden":0,"_bbp_reply_count_hidden":0,"_bbp_forum_subforum_count":0,"footnotes":""},"class_list":["post-73","page","type-page","status-publish","hentry"],"post_mailing_queue_ids":[],"_links":{"self":[{"href":"https:\/\/agora.xtec.cat\/ceipauro\/wp-json\/wp\/v2\/pages\/73","targetHints":{"allow":["GET"]}}],"collection":[{"href":"https:\/\/agora.xtec.cat\/ceipauro\/wp-json\/wp\/v2\/pages"}],"about":[{"href":"https:\/\/agora.xtec.cat\/ceipauro\/wp-json\/wp\/v2\/types\/page"}],"author":[{"embeddable":true,"href":"https:\/\/agora.xtec.cat\/ceipauro\/wp-json\/wp\/v2\/users\/1"}],"replies":[{"embeddable":true,"href":"https:\/\/agora.xtec.cat\/ceipauro\/wp-json\/wp\/v2\/comments?post=73"}],"version-history":[{"count":5,"href":"https:\/\/agora.xtec.cat\/ceipauro\/wp-json\/wp\/v2\/pages\/73\/revisions"}],"predecessor-version":[{"id":4931,"href":"https:\/\/agora.xtec.cat\/ceipauro\/wp-json\/wp\/v2\/pages\/73\/revisions\/4931"}],"up":[{"embeddable":true,"href":"https:\/\/agora.xtec.cat\/ceipauro\/wp-json\/wp\/v2\/pages\/66"}],"wp:attachment":[{"href":"https:\/\/agora.xtec.cat\/ceipauro\/wp-json\/wp\/v2\/media?parent=73"}],"curies":[{"name":"wp","href":"https:\/\/api.w.org\/{rel}","templated":true}]}}