{"id":66,"date":"2014-09-18T12:40:47","date_gmt":"2014-09-18T10:40:47","guid":{"rendered":"http:\/\/agora.xtec.cat\/ceipauro\/\/?page_id=66"},"modified":"2026-04-01T11:11:12","modified_gmt":"2026-04-01T09:11:12","slug":"serveis","status":"publish","type":"page","link":"https:\/\/agora.xtec.cat\/ceipauro\/serveis\/","title":{"rendered":"Serveis"},"content":{"rendered":"\n<p>La missi\u00f3 educativa no es limita a l&#8217;eix curricular, per aix\u00f2 l&#8217;escola Aur\u00f3 tamb\u00e9 compta amb:<\/p>\n\n\n\n<ul class=\"wp-block-list\">\n<li><a href=\"http:\/\/agora.xtec.cat\/ceipauro\/serveis\/menjador-escolar\/\" target=\"_blank\" rel=\"noopener\">Espai Migdia<\/a><\/li>\n\n\n\n<li><a href=\"http:\/\/agora.xtec.cat\/ceipauro\/serveis\/acollida\/\" target=\"_blank\" rel=\"noopener\">L&#8217;acollida matinal \/ espai d&#8217;inclusi\u00f3 a la tarda<\/a><\/li>\n\n\n\n<li><a href=\"http:\/\/agora.xtec.cat\/ceipauro\/serveis\/activitats-extraescolars\/\" target=\"_blank\" rel=\"noopener\">Les activitats extraescolars<\/a><\/li>\n\n\n\n<li><a href=\"http:\/\/agora.xtec.cat\/ceipauro\/serveis\/casal-destiu\/\" target=\"_blank\" rel=\"noopener\">El casal d&#8217;estiu i de Nadal<\/a><\/li>\n<\/ul>\n","protected":false},"excerpt":{"rendered":"<p>La missi\u00f3 educativa no es limita a l&#8217;eix curricular, per aix\u00f2 l&#8217;escola Aur\u00f3 tamb\u00e9 compta amb:<\/p>\n<ul class=\"wp-block-list\">\n<li><a href=\"http:\/\/agora.xtec.cat\/ceipauro\/serveis\/menjador-escolar\/\" target=\"_blank\" rel=\"noopener\">Espai Migdia<\/a><\/li>\n<li><a href=\"http:\/\/agora.xtec.cat\/ceipauro\/serveis\/acollida\/\" target=\"_blank\" rel=\"noopener\">L&#8217;acollida matinal \/ espai d&#8217;inclusi\u00f3 a la tarda<\/a><\/li>\n<li><a href=\"http:\/\/agora.xtec.cat\/ceipauro\/serveis\/activitats-extraescolars\/\" target=\"_blank\" rel=\"noopener\">Les activitats extraescolars<\/a><\/li>\n<li><a href=\"http:\/\/agora.xtec.cat\/ceipauro\/serveis\/casal-destiu\/\" target=\"_blank\" rel=\"noopener\">El casal d&#8217;estiu i de Nadal<\/a><\/li>\n<\/ul>\n","protected":false},"author":1,"featured_media":0,"parent":0,"menu_order":0,"comment_status":"closed","ping_status":"closed","template":"page-templates\/side-menu.php","meta":{"_bbp_topic_count":0,"_bbp_reply_count":0,"_bbp_total_topic_count":0,"_bbp_total_reply_count":0,"_bbp_voice_count":0,"_bbp_anonymous_reply_count":0,"_bbp_topic_count_hidden":0,"_bbp_reply_count_hidden":0,"_bbp_forum_subforum_count":0,"footnotes":""},"class_list":["post-66","page","type-page","status-publish","hentry"],"post_mailing_queue_ids":[],"_links":{"self":[{"href":"https:\/\/agora.xtec.cat\/ceipauro\/wp-json\/wp\/v2\/pages\/66","targetHints":{"allow":["GET"]}}],"collection":[{"href":"https:\/\/agora.xtec.cat\/ceipauro\/wp-json\/wp\/v2\/pages"}],"about":[{"href":"https:\/\/agora.xtec.cat\/ceipauro\/wp-json\/wp\/v2\/types\/page"}],"author":[{"embeddable":true,"href":"https:\/\/agora.xtec.cat\/ceipauro\/wp-json\/wp\/v2\/users\/1"}],"replies":[{"embeddable":true,"href":"https:\/\/agora.xtec.cat\/ceipauro\/wp-json\/wp\/v2\/comments?post=66"}],"version-history":[{"count":5,"href":"https:\/\/agora.xtec.cat\/ceipauro\/wp-json\/wp\/v2\/pages\/66\/revisions"}],"predecessor-version":[{"id":4893,"href":"https:\/\/agora.xtec.cat\/ceipauro\/wp-json\/wp\/v2\/pages\/66\/revisions\/4893"}],"wp:attachment":[{"href":"https:\/\/agora.xtec.cat\/ceipauro\/wp-json\/wp\/v2\/media?parent=66"}],"curies":[{"name":"wp","href":"https:\/\/api.w.org\/{rel}","templated":true}]}}