{"id":64,"date":"2020-02-03T12:39:08","date_gmt":"2020-02-03T11:39:08","guid":{"rendered":"http:\/\/agora.xtec.cat\/ceipauro\/\/?page_id=64"},"modified":"2026-03-30T18:17:29","modified_gmt":"2026-03-30T16:17:29","slug":"projecte-educatiu","status":"publish","type":"page","link":"https:\/\/agora.xtec.cat\/ceipauro\/lescola\/projecte-educatiu\/","title":{"rendered":"Documents de gesti\u00f3 de centre"},"content":{"rendered":"\n<p>Podeu&nbsp; consultar els documents de gesti\u00f3 de l&#8217;Escola Aur\u00f3 clicant damunt de cada document:<\/p>\n\n\n\n<ul class=\"wp-block-list\">\n<li><a href=\"https:\/\/drive.google.com\/file\/d\/1w25zf9t13nKyLpkOCc2fw8nYhfZMYdbm\/view?usp=sharing\" target=\"_blank\" rel=\"noreferrer noopener\"><span style=\"text-decoration: underline;\"><strong>O<\/strong>RGANITZACI\u00d3 DE <strong>C<\/strong>ENTRE<\/span><\/a>: curs 2025-26<\/li>\n\n\n\n<li><a href=\"https:\/\/drive.google.com\/file\/d\/1vis_gX5n9y4d5RnxwHiFrZXDyL-o8GCq\/view?usp=sharing\" target=\"_blank\" rel=\"noreferrer noopener\"><span style=\"text-decoration: underline;\"><strong>PEC<\/strong> (<strong>P<\/strong>rojecte <strong>E<\/strong>ducatiu de <strong>C<\/strong>entre)<\/span><\/a>:&nbsp;<span style=\"font-weight: 400;\"><span style=\"font-weight: 400;\">determina la identitat i car\u00e0cter propi del centre, l&#8217;organitzaci\u00f3, la gesti\u00f3 i el funcionament del centre.<\/span><\/span><\/li>\n\n\n\n<li><a href=\"https:\/\/drive.google.com\/file\/d\/1hrYNiFlJflXheq5SjzY41CT5lVp1DGZD\/view?usp=sharing\" target=\"_blank\" rel=\"noreferrer noopener\"><span style=\"text-decoration: underline;\"><strong>NOFC<\/strong> (<strong>N<\/strong>ormativa d&#8217;<strong>O<\/strong>rganitzaci\u00f3 i <strong>F<\/strong>uncionament de <strong>C<\/strong>entre<\/span>)<\/a>: recull el conjunt d\u2019acords i decisions d\u2019organitzaci\u00f3 i funcionament que s&#8217;adopten per fer possible, en el dia a dia, el treball educatiu i de gesti\u00f3 que permeti assolir els objectius proposats en el PEC.<\/li>\n\n\n\n<li><a href=\"https:\/\/drive.google.com\/file\/d\/1YhhFRC5MkHwDDrW_RgvhecovSapWjSp5\/view?usp=sharing\" target=\"_blank\" rel=\"noreferrer noopener\"><strong><span style=\"text-decoration: underline;\">Pla de conviv\u00e8ncia<\/span><\/strong><span style=\"text-decoration: underline;\">:<\/span><\/a> recull les accions que el centre educatiu desenvolupa per capacitar tot l\u2019alumnat&nbsp; i la resta de la comunitat escolar per a la conviv\u00e8ncia i la gesti\u00f3 positiva dels conflictes<\/li>\n\n\n\n<li><a href=\"https:\/\/drive.google.com\/file\/d\/1B3FEGIIQNdQ2dGL791lSCtZWJ3pcny1q\/view?usp=sharing\" target=\"_blank\" rel=\"noreferrer noopener\"><span style=\"text-decoration: underline;\"><strong>PLC<\/strong>&nbsp;(<strong>P<\/strong>rojecte&nbsp;<strong>L<\/strong>ing\u00fc\u00edstic de&nbsp;<strong>C<\/strong>entre)<\/span><\/a>:&nbsp;recull els aspectes relatius a l&#8217;ensenyament i a l&#8217;\u00fas de les lleng\u00fces a l&#8217;escola. <em>(en proc\u00e9s&nbsp;d&#8217;elaboraci\u00f3)<\/em><\/li>\n\n\n\n<li><a href=\"https:\/\/sites.google.com\/xtec.cat\/escolaauro\/inicio\" target=\"_blank\" rel=\"noopener\"><span style=\"text-decoration: underline;\"><strong>EDC<\/strong>&nbsp;(<strong>E<\/strong>strat\u00e8gia<strong>&nbsp;D<\/strong>igital de&nbsp;<strong>C<\/strong>entre<\/span>): <\/a>recull de totes les accions que es realitzen al centre per aconseguir la m\u00e0xima compet\u00e8ncia digital de tota la comunitat.<\/li>\n\n\n\n<li><strong><span style=\"text-decoration: underline;\">Pla de comunicaci\u00f3<\/span><\/strong>: el trobem dins de l&#8217;EDC<\/li>\n<\/ul>\n\n\n\n<p><\/p>\n","protected":false},"excerpt":{"rendered":"<p>Podeu&nbsp; consultar els documents de gesti\u00f3 de l&#8217;Escola Aur\u00f3 clicant damunt de cada document:<\/p>\n<ul class=\"wp-block-list\">\n<li><a href=\"https:\/\/drive.google.com\/file\/d\/1w25zf9t13nKyLpkOCc2fw8nYhfZMYdbm\/view?usp=sharing\" target=\"_blank\" rel=\"noreferrer noopener\">ORGANITZACI\u00d3 DE CENTRE<\/a>: curs 2025-26<\/li>\n<li><a href=\"https:\/\/drive.google.com\/file\/d\/1vis_gX5n9y4d5RnxwHiFrZXDyL-o8GCq\/view?usp=sharing\" target=\"_blank\" rel=\"noreferrer noopener\">PEC (Projecte Educatiu de Centre)<\/a>:&nbsp;determina la identitat i car\u00e0cter propi del centre, l&#8217;organitzaci\u00f3, la gesti\u00f3 i el funcionament del&hellip;  <a href=\"https:\/\/agora.xtec.cat\/ceipauro\/lescola\/projecte-educatiu\/\" title=\"Read Documents de gesti\u00f3 de centre\">Llegeix m\u00e9s\u00bb<\/a><br \/>\n","protected":false},"author":1,"featured_media":0,"parent":22,"menu_order":4,"comment_status":"closed","ping_status":"closed","template":"page-templates\/side-menu.php","meta":{"_bbp_topic_count":0,"_bbp_reply_count":0,"_bbp_total_topic_count":0,"_bbp_total_reply_count":0,"_bbp_voice_count":0,"_bbp_anonymous_reply_count":0,"_bbp_topic_count_hidden":0,"_bbp_reply_count_hidden":0,"_bbp_forum_subforum_count":0,"footnotes":""},"class_list":["post-64","page","type-page","status-publish","hentry"],"post_mailing_queue_ids":[],"_links":{"self":[{"href":"https:\/\/agora.xtec.cat\/ceipauro\/wp-json\/wp\/v2\/pages\/64","targetHints":{"allow":["GET"]}}],"collection":[{"href":"https:\/\/agora.xtec.cat\/ceipauro\/wp-json\/wp\/v2\/pages"}],"about":[{"href":"https:\/\/agora.xtec.cat\/ceipauro\/wp-json\/wp\/v2\/types\/page"}],"author":[{"embeddable":true,"href":"https:\/\/agora.xtec.cat\/ceipauro\/wp-json\/wp\/v2\/users\/1"}],"replies":[{"embeddable":true,"href":"https:\/\/agora.xtec.cat\/ceipauro\/wp-json\/wp\/v2\/comments?post=64"}],"version-history":[{"count":6,"href":"https:\/\/agora.xtec.cat\/ceipauro\/wp-json\/wp\/v2\/pages\/64\/revisions"}],"predecessor-version":[{"id":4889,"href":"https:\/\/agora.xtec.cat\/ceipauro\/wp-json\/wp\/v2\/pages\/64\/revisions\/4889"}],"up":[{"embeddable":true,"href":"https:\/\/agora.xtec.cat\/ceipauro\/wp-json\/wp\/v2\/pages\/22"}],"wp:attachment":[{"href":"https:\/\/agora.xtec.cat\/ceipauro\/wp-json\/wp\/v2\/media?parent=64"}],"curies":[{"name":"wp","href":"https:\/\/api.w.org\/{rel}","templated":true}]}}