{"id":4844,"date":"2026-03-26T14:36:41","date_gmt":"2026-03-26T13:36:41","guid":{"rendered":"https:\/\/agora.xtec.cat\/ceipauro\/?page_id=4844"},"modified":"2026-03-26T15:06:34","modified_gmt":"2026-03-26T14:06:34","slug":"alimentacioesmorzars-i-menjador","status":"publish","type":"page","link":"https:\/\/agora.xtec.cat\/ceipauro\/lescola\/salut\/alimentacioesmorzars-i-menjador\/","title":{"rendered":"Alimentaci\u00f3: esmorzars i menjador"},"content":{"rendered":"\n<p><strong>ALIMENTACI\u00d3<\/strong><\/p>\n\n\n\n<p>El nostre menjador escolar organitza els<a href=\"http:\/\/agora.xtec.cat\/ceipauro\/serveis\/menjador-escolar\/\"> men\u00fas<\/a> d&#8217;una forma equilibrada amb aliments ecol\u00f2gics. Per con\u00e8ixer l&#8217;evoluci\u00f3 d&#8217;aquesta estona de migdia, us fem arribar un informe trimestral perqu\u00e8 conegueu els h\u00e0bits d&#8217;alimentaci\u00f3, la relaci\u00f3 amb els companys i l&#8217;actitud que tenen els vostres fills i filles en aquesta estona m\u00e9s distesa.<\/p>\n\n\n\n<p><strong>ESMORZEM AMB CALMA<\/strong><\/p>\n\n\n\n<p>Des de l\u2019escola considerem l\u2019esmorzar un espai educatiu on es treballen els h\u00e0bits d\u2019alimentaci\u00f3 i higiene des d\u2019I3 fins a 6\u00e8. Esmorzem amb calma, \u00e9s una iniciativa que hem comen\u00e7at a portar a terme des del curs 24-25, despr\u00e9s d\u2019una mirada atenta i un debat entorn dels temps educatius per part de l\u2019equip docent.<br>Beneficis d\u2019esmorzar amb calma abans de l\u2019esbarjo:<\/p>\n\n\n\n<ul class=\"wp-block-list\">\n<li>Menjar amb calma crea un entorn m\u00e9s favorable per fomentar bons h\u00e0bits alimentaris i d\u2019higiene, reduir l\u2019estr\u00e8s i facilitar una millor digesti\u00f3.<\/li>\n\n\n\n<li>Mantenir els 30 minuts d\u2019esbarjo s\u00f3n essencials per equilibrar les necessitats f\u00edsiques, emocionals i socials dels infants, promovent tant el seu benestar general com la seva capacitat per aprendre. Per tant, s\u2019intentar\u00e0 sempre que es pugui esmorzar a l\u2019aula abans de baixar al pati.<\/li>\n\n\n\n<li>Crear un entorn de vigil\u00e0ncia i suport que faciliti la identificaci\u00f3 i el tractament de trastorns alimentaris. Assegurant-nos que els nostres infants segueixen una dieta el m\u00e9s saludable possible.<\/li>\n\n\n\n<li>En els casos puntuals que els infants no porten esmorzar, es parlar\u00e0 amb la fam\u00edlia, i l\u2019escola li proporcionar\u00e0 una pe\u00e7a de fruita.<\/li>\n\n\n\n<li>L\u2019esmorzar amb calma forma part del desenvolupament integral dels infants. Per tant, menjar amb calma no \u00e9s nom\u00e9s una pausa, sin\u00f3 una part del proc\u00e9s educatiu que contribueix en el desenvolupament integral dels infants.<\/li>\n<\/ul>\n\n\n\n<p>Creiem fermament que esmorzar amb calma t\u00e9 un impacte positiu en el creixement dels nostres infants. Creant un espai per compartir, per fer cohesi\u00f3 de grup, conversa distesa i fomentar els bons h\u00e0bits alimentaris i d\u2019higiene.<\/p>\n\n\n\n<p>Us demanem la vostra col\u00b7laboraci\u00f3 en aquesta tasca portant l\u2019esmorzar en envasos reciclables: tapers, embolcalls sostenibles&#8230; Els divendres \u00e9s el dia de la fruita a la nostra escola, amb la l\u00ednia d&#8217;incentivar un estil de vida saludable. Us demanem que eviteu que els infants portin brioixeria i begudes envasades (com sucs i l\u00e0ctics). Com podem millorar els esmorzars i berenars dels infants?<\/p>\n\n\n\n<p><a href=\"https:\/\/drive.google.com\/file\/d\/1wBxhelsS3hlYOARKrDU-fDrv8EIkb9Cg\/view?usp=sharing\" target=\"_blank\" rel=\"noreferrer noopener\">Millorem els esmorzars i berenars dels infants<\/a><\/p>\n\n\n\n<p><\/p>\n","protected":false},"excerpt":{"rendered":"<p>ALIMENTACI\u00d3<\/p>\n<p>El nostre menjador escolar organitza els<a href=\"http:\/\/agora.xtec.cat\/ceipauro\/serveis\/menjador-escolar\/\"> men\u00fas<\/a> d&#8217;una forma equilibrada amb aliments ecol\u00f2gics. Per con\u00e8ixer l&#8217;evoluci\u00f3 d&#8217;aquesta estona de migdia, us fem arribar un informe trimestral perqu\u00e8 conegueu els h\u00e0bits d&#8217;alimentaci\u00f3, la relaci\u00f3 amb els companys i l&#8217;actitud que tenen els vostres fills i&hellip;  <a href=\"https:\/\/agora.xtec.cat\/ceipauro\/lescola\/salut\/alimentacioesmorzars-i-menjador\/\" title=\"Read Alimentaci\u00f3: esmorzars i menjador\">Llegeix m\u00e9s\u00bb<\/a><\/p>\n","protected":false},"author":1,"featured_media":0,"parent":38,"menu_order":2,"comment_status":"closed","ping_status":"closed","template":"page-templates\/side-menu.php","meta":{"_bbp_topic_count":0,"_bbp_reply_count":0,"_bbp_total_topic_count":0,"_bbp_total_reply_count":0,"_bbp_voice_count":0,"_bbp_anonymous_reply_count":0,"_bbp_topic_count_hidden":0,"_bbp_reply_count_hidden":0,"_bbp_forum_subforum_count":0,"footnotes":""},"class_list":["post-4844","page","type-page","status-publish","hentry"],"post_mailing_queue_ids":[],"_links":{"self":[{"href":"https:\/\/agora.xtec.cat\/ceipauro\/wp-json\/wp\/v2\/pages\/4844","targetHints":{"allow":["GET"]}}],"collection":[{"href":"https:\/\/agora.xtec.cat\/ceipauro\/wp-json\/wp\/v2\/pages"}],"about":[{"href":"https:\/\/agora.xtec.cat\/ceipauro\/wp-json\/wp\/v2\/types\/page"}],"author":[{"embeddable":true,"href":"https:\/\/agora.xtec.cat\/ceipauro\/wp-json\/wp\/v2\/users\/1"}],"replies":[{"embeddable":true,"href":"https:\/\/agora.xtec.cat\/ceipauro\/wp-json\/wp\/v2\/comments?post=4844"}],"version-history":[{"count":5,"href":"https:\/\/agora.xtec.cat\/ceipauro\/wp-json\/wp\/v2\/pages\/4844\/revisions"}],"predecessor-version":[{"id":4853,"href":"https:\/\/agora.xtec.cat\/ceipauro\/wp-json\/wp\/v2\/pages\/4844\/revisions\/4853"}],"up":[{"embeddable":true,"href":"https:\/\/agora.xtec.cat\/ceipauro\/wp-json\/wp\/v2\/pages\/38"}],"wp:attachment":[{"href":"https:\/\/agora.xtec.cat\/ceipauro\/wp-json\/wp\/v2\/media?parent=4844"}],"curies":[{"name":"wp","href":"https:\/\/api.w.org\/{rel}","templated":true}]}}